{"id":918,"date":"2022-12-01T06:49:08","date_gmt":"2022-12-01T06:49:08","guid":{"rendered":"https:\/\/new.110cities.net\/?page_id=918"},"modified":"2024-08-09T22:49:59","modified_gmt":"2024-08-09T15:49:59","slug":"welcome","status":"publish","type":"page","link":"https:\/\/110cities.com\/vi\/welcome\/","title":{"rendered":"Ch\u00e0o m\u1eebng"},"content":{"rendered":"<div style=\"height:40px\" aria-hidden=\"true\" class=\"wp-block-spacer\"><\/div>\n\n\n\n<h2 class=\"wp-block-heading has-text-align-center\">Ch\u00e0o m\u1eebng \u0111\u1ebfn v\u1edbi 110 Th\u00e0nh ph\u1ed1!<\/h2>\n\n\n\n<p class=\"has-text-align-center\">T\u1ea7m nh\u00ecn c\u1ee7a ch\u00fang t\u00f4i l\u00e0 nh\u00ecn th\u1ea5y 110 th\u00e0nh ph\u1ed1 ch\u01b0a \u0111\u01b0\u1ee3c ti\u1ebfp c\u1eadn Ph\u00fac \u00c2m nhi\u1ec1u nh\u1ea5t tr\u00ean th\u1ebf gi\u1edbi, c\u1ea7u nguy\u1ec7n \u0111\u1ec3 h\u00e0ng ng\u00e0n h\u1ed9i th\u00e1nh t\u00f4n vinh \u0110\u1ea5ng Christ \u0111\u01b0\u1ee3c th\u00e0nh l\u1eadp t\u1ea1i \u0111\u00f3!<\/p>\n\n\n\n<p class=\"has-text-align-center\">Ch\u00fang t\u00f4i tin r\u1eb1ng c\u1ea7u nguy\u1ec7n ch\u00ednh l\u00e0 ch\u00eca kh\u00f3a! <br>\u0110\u1ec3 \u0111\u1ea1t \u0111\u01b0\u1ee3c m\u1ee5c \u0111\u00edch n\u00e0y, ch\u00fang ta \u0111ang v\u01b0\u01a1n t\u1edbi trong \u0111\u1ee9c tin \u0111\u1ec3 th\u1ef1c hi\u1ec7n ch\u01b0\u01a1ng tr\u00ecnh n\u00e0y b\u1eb1ng nh\u1eefng l\u1eddi c\u1ea7u nguy\u1ec7n m\u1ea1nh m\u1ebd c\u1ee7a 110 tri\u1ec7u t\u00edn \u0111\u1ed3 - \u0111\u1ec3 c\u00f3 s\u1ef1 \u0111\u1ed9t ph\u00e1, c\u1ea7u nguy\u1ec7n quanh ngai v\u00e0ng, su\u1ed1t ng\u00e0y \u0111\u00eam v\u00e0 tr\u00ean to\u00e0n c\u1ea7u!<\/p>\n\n\n\n<figure class=\"wp-block-embed is-type-video is-provider-youtube wp-block-embed-youtube wp-embed-aspect-16-9 wp-has-aspect-ratio\"><div class=\"wp-block-embed__wrapper\">\n<iframe loading=\"lazy\" title=\"Qu\u1ea3ng c\u00e1o 110 th\u00e0nh ph\u1ed1 - Ti\u1ebfn s\u0129 Jason Hubbard\" width=\"500\" height=\"281\" src=\"https:\/\/www.youtube.com\/embed\/0qIrUkUZ2GA?feature=oembed\" frameborder=\"0\" allow=\"accelerometer; autoplay; clipboard-write; encrypted-media; gyroscope; picture-in-picture; web-share\" referrerpolicy=\"strict-origin-when-cross-origin\" allowfullscreen><\/iframe>\n<\/div><figcaption class=\"wp-element-caption\"><strong>Ti\u1ebfn s\u0129 Jason Hubbard<\/strong><br>Gi\u00e1m \u0111\u1ed1c K\u1ebft n\u1ed1i C\u1ea7u nguy\u1ec7n Qu\u1ed1c t\u1ebf gi\u1edbi thi\u1ec7u 110 Th\u00e0nh ph\u1ed1<\/figcaption><\/figure>","protected":false},"excerpt":{"rendered":"<p>Ch\u00e0o m\u1eebng \u0111\u1ebfn v\u1edbi 110 Th\u00e0nh ph\u1ed1! T\u1ea7m nh\u00ecn c\u1ee7a ch\u00fang t\u00f4i l\u00e0 kh\u00e1m ph\u00e1 110 th\u00e0nh ph\u1ed1 ch\u01b0a \u0111\u01b0\u1ee3c ti\u1ebfp c\u1eadn nhi\u1ec1u nh\u1ea5t...<\/p>","protected":false},"author":19,"featured_media":0,"parent":0,"menu_order":0,"comment_status":"closed","ping_status":"closed","template":"","meta":{"_acf_changed":false,"footnotes":""},"class_list":["post-918","page","type-page","status-publish","hentry"],"acf":[],"ams_acf":[],"_links":{"self":[{"href":"https:\/\/110cities.com\/vi\/wp-json\/wp\/v2\/pages\/918","targetHints":{"allow":["GET"]}}],"collection":[{"href":"https:\/\/110cities.com\/vi\/wp-json\/wp\/v2\/pages"}],"about":[{"href":"https:\/\/110cities.com\/vi\/wp-json\/wp\/v2\/types\/page"}],"author":[{"embeddable":true,"href":"https:\/\/110cities.com\/vi\/wp-json\/wp\/v2\/users\/19"}],"replies":[{"embeddable":true,"href":"https:\/\/110cities.com\/vi\/wp-json\/wp\/v2\/comments?post=918"}],"version-history":[{"count":4,"href":"https:\/\/110cities.com\/vi\/wp-json\/wp\/v2\/pages\/918\/revisions"}],"predecessor-version":[{"id":3528,"href":"https:\/\/110cities.com\/vi\/wp-json\/wp\/v2\/pages\/918\/revisions\/3528"}],"wp:attachment":[{"href":"https:\/\/110cities.com\/vi\/wp-json\/wp\/v2\/media?parent=918"}],"curies":[{"name":"wp","href":"https:\/\/api.w.org\/{rel}","templated":true}]}}