{"id":5847,"date":"2026-04-16T13:22:39","date_gmt":"2026-04-16T06:22:39","guid":{"rendered":"https:\/\/110cities.com\/?page_id=5847"},"modified":"2026-04-16T14:01:23","modified_gmt":"2026-04-16T07:01:23","slug":"24hrs-prayer-guide","status":"publish","type":"page","link":"https:\/\/110cities.com\/vi\/24hrs-prayer-guide\/","title":{"rendered":"H\u01b0\u1edbng d\u1eabn c\u1ea7u nguy\u1ec7n 24 gi\u1edd"},"content":{"rendered":"<p>Ch\u00fang t\u00f4i m\u1eddi b\u1ea1n c\u00f9ng tham gia v\u1edbi h\u00e0ng tri\u1ec7u t\u00edn h\u1eefu C\u01a1 \u0110\u1ed1c tr\u00ean to\u00e0n th\u1ebf gi\u1edbi trong 24 gi\u1edd c\u1ea7u nguy\u1ec7n v\u00e0 th\u1edd ph\u01b0\u1ee3ng hi\u1ec7p nh\u1ea5t - \u0111\u1ec3 c\u1ea7u xin s\u1ef1 ph\u1ee5c h\u01b0ng v\u00e0 cho Tin M\u1eebng lan t\u1ecfa \u0111\u1ebfn t\u1eadn c\u00f9ng tr\u00e1i \u0111\u1ea5t!<\/p>\n\n\n\n<p>During these 24 hours, we will be joining our voices together with churches, houses of prayer and prayer ministries across the world for a fresh outpouring across the worldwide Church!<\/p>\n\n\n\n<p>God releases His power in response to the prayers of His people!<\/p>\n\n\n\n<p>Xem c\u00e1c g\u1ee3i \u00fd c\u1ea7u nguy\u1ec7n v\u00e0 ch\u1ee7 \u0111\u1ec1 Kinh Th\u00e1nh b\u00ean d\u01b0\u1edbi.<\/p>\n\n\n\n<p>Let\u2019s also use this time to Pray for 5 People we know who are not followers of Jesus, using the handy reminder on page 2.<\/p>\n\n\n\n<p>H\u00e3y c\u1ea7u nguy\u1ec7n \u1edf b\u1ea5t c\u1ee9 \u0111\u00e2u b\u1ea1n \u0111ang \u1edf, theo nh\u00f3m, ho\u1eb7c tham gia Ph\u00f2ng C\u1ea7u Nguy\u1ec7n 247 c\u1ee7a Gia \u0111\u00ecnh To\u00e0n c\u1ea7u IPC. <a href=\"https:\/\/www.globalfamily24-7prayer.org\/\" target=\"_blank\" rel=\"noreferrer noopener\">TR\u1ef0C TUY\u1ebeN T\u1ea0I \u0110\u00c2Y<\/a>.<\/p>","protected":false},"excerpt":{"rendered":"<p>We invite you to join millions of Christians around the world in 24-hours of...<\/p>","protected":false},"author":3,"featured_media":5848,"parent":0,"menu_order":0,"comment_status":"closed","ping_status":"closed","template":"","meta":{"_acf_changed":false,"footnotes":""},"class_list":["post-5847","page","type-page","status-publish","has-post-thumbnail","hentry"],"acf":[],"ams_acf":[],"_links":{"self":[{"href":"https:\/\/110cities.com\/vi\/wp-json\/wp\/v2\/pages\/5847","targetHints":{"allow":["GET"]}}],"collection":[{"href":"https:\/\/110cities.com\/vi\/wp-json\/wp\/v2\/pages"}],"about":[{"href":"https:\/\/110cities.com\/vi\/wp-json\/wp\/v2\/types\/page"}],"author":[{"embeddable":true,"href":"https:\/\/110cities.com\/vi\/wp-json\/wp\/v2\/users\/3"}],"replies":[{"embeddable":true,"href":"https:\/\/110cities.com\/vi\/wp-json\/wp\/v2\/comments?post=5847"}],"version-history":[{"count":2,"href":"https:\/\/110cities.com\/vi\/wp-json\/wp\/v2\/pages\/5847\/revisions"}],"predecessor-version":[{"id":5852,"href":"https:\/\/110cities.com\/vi\/wp-json\/wp\/v2\/pages\/5847\/revisions\/5852"}],"wp:featuredmedia":[{"embeddable":true,"href":"https:\/\/110cities.com\/vi\/wp-json\/wp\/v2\/media\/5848"}],"wp:attachment":[{"href":"https:\/\/110cities.com\/vi\/wp-json\/wp\/v2\/media?parent=5847"}],"curies":[{"name":"wp","href":"https:\/\/api.w.org\/{rel}","templated":true}]}}