{"id":4756,"date":"2026-02-16T17:13:47","date_gmt":"2026-02-16T10:13:47","guid":{"rendered":"https:\/\/110cities.com\/?page_id=4756"},"modified":"2026-02-17T11:35:10","modified_gmt":"2026-02-17T04:35:10","slug":"tsunami-worship-anthem","status":"publish","type":"page","link":"https:\/\/110cities.com\/vi\/tsunami-worship-anthem\/","title":{"rendered":"B\u00e0i th\u00e1nh ca th\u1edd ph\u01b0\u1ee3ng s\u00f3ng th\u1ea7n"},"content":{"rendered":"<p>H\u00e3y xem v\u00e0 h\u00e1t theo video b\u00e0i th\u00e1nh ca &quot;Tsunami&quot; b\u1eb1ng ti\u1ebfng Anh v\u1edbi ph\u1ee5 \u0111\u1ec1 d\u1ecbch sang c\u00e1c ng\u00f4n ng\u1eef kh\u00e1c nh\u01b0 ti\u1ebfng \u1ea2 R\u1eadp, Bahasa, Ph\u00e1p, \u0110\u1ee9c, Hindi, H\u00e0n Qu\u1ed1c, Quan Tho\u1ea1i, B\u1ed3 \u0110\u00e0o Nha, Nga v\u00e0 T\u00e2y Ban Nha.<\/p>\n\n\n\n<p>S\u00e1u th\u00e1ng tr\u01b0\u1edbc, t\u1ea1i m\u1ed9t b\u1eefa t\u1ed1i \u1edf Ph\u1ea7n Lan, <a href=\"https:\/\/www.instagram.com\/reel\/DUrBN0vDsnj\/\" target=\"_blank\" rel=\"noreferrer noopener\"><strong>Jason Hubbard<\/strong><\/a> H\u1ecd \u0111\u00e3 y\u00eau c\u1ea7u t\u00f4i vi\u1ebft v\u00e0 s\u1ea3n xu\u1ea5t n\u0103m b\u00e0i qu\u1ed1c ca to\u00e0n c\u1ea7u cho Ng\u00e0y C\u1ea7u nguy\u1ec7n To\u00e0n c\u1ea7u n\u0103m 2026. Ch\u00fang t\u00f4i \u0111\u00e3 c\u00f9ng nhau ph\u1ee5c v\u1ee5 trong v\u00e0i n\u0103m qua trong c\u00f4ng cu\u1ed9c truy\u1ec1n b\u00e1 Ph\u00fac \u00c2m to\u00e0n c\u1ea7u h\u01b0\u1edbng t\u1edbi n\u0103m 2033.<\/p>\n\n\n\n<p>Y\u00eau c\u1ea7u c\u1ee7a Jason t\u00ecnh c\u1edd r\u01a1i v\u00e0o n\u0103m th\u1ee9 7 k\u1ec3 t\u1eeb khi ch\u00fang t\u00f4i th\u00e0nh l\u1eadp.&nbsp;&nbsp;<a href=\"http:\/\/psalmistmission.org\/\" target=\"_blank\" rel=\"noopener\"><strong>S\u1ee9 m\u1ec7nh c\u1ee7a ng\u01b0\u1eddi vi\u1ebft Th\u00e1nh v\u1ecbnh<\/strong><\/a>, V\u1eeba m\u1edbi t\u1ed1t nghi\u1ec7p kh\u00f3a \u0111\u00e0o t\u1ea1o v\u00e0 d\u1ea1y d\u1ed7 cho 121 ng\u01b0\u1eddi h\u01b0\u1edbng d\u1eabn th\u1edd ph\u01b0\u1ee3ng\/nh\u1ea1c s\u0129 t\u1ea1i California - \u0111\u1ebfn t\u1eeb nhi\u1ec1u n\u1ec1n v\u0103n h\u00f3a kh\u00e1c nhau tr\u00ean th\u1ebf gi\u1edbi.<\/p>\n\n\n\n<p>5 ng\u00e0y tr\u01b0\u1edbc \u0111\u00f3, t\u00f4i v\u1eeba m\u1edbi g\u1eb7p g\u1ee1 ban l\u00e3nh \u0111\u1ea1o c\u1ee7a&nbsp;<strong><a href=\"https:\/\/www.youversion.com\/\" target=\"_blank\" rel=\"noopener\">YouVersion<\/a><\/strong>&nbsp;\u1ee8ng d\u1ee5ng Kinh Th\u00e1nh to\u00e0n c\u1ea7u m\u00e0 ch\u00fang t\u00f4i \u0111\u00e3 m\u1eddi tham gia v\u00e0o s\u00e1ng ki\u1ebfn n\u00e0y, \u0111\u00fang v\u00e0o th\u1eddi \u0111i\u1ec3m h\u1ecd \u0111\u1ea1t c\u1ed9t m\u1ed1c 1 t\u1ef7 l\u01b0\u1ee3t t\u1ea3i xu\u1ed1ng.&nbsp;&nbsp;<\/p>\n\n\n\n<p>V\u00e0 b\u00e2y gi\u1edd<strong>&nbsp;v\u00e0o ng\u00e0y 17 th\u00e1ng 2<\/strong>, Trong b\u1ed1i c\u1ea3nh c\u00e1c Ph\u1eadt t\u1eed tr\u00ean kh\u1eafp th\u1ebf gi\u1edbi t\u00ecm ki\u1ebfm s\u1ef1 gi\u00e1c ng\u1ed9 v\u00e0o d\u1ecbp T\u1ebft Nguy\u00ean \u0111\u00e1n, Habakuk 2:14 \u0111\u00e3 tr\u1edf th\u00e0nh ngu\u1ed3n c\u1ea3m h\u1ee9ng Kinh Th\u00e1nh cho vi\u1ec7c s\u00e1ng t\u00e1c b\u00e0i th\u00e1nh ca th\u1edd ph\u01b0\u1ee3ng m\u00e0 ch\u00fang t\u00f4i s\u1eafp ph\u00e1t h\u00e0nh, c\u00f3 t\u00ean g\u1ecdi l\u00e0...&nbsp;<strong><a href=\"https:\/\/distrokid.com\/hyperfollow\/jonshabaglian11\/tsunami-feat-psalmist-mission\" target=\"_blank\" rel=\"noopener\">\u201cS\u00f3ng th\u1ea7n\u201d<\/a>&nbsp;<\/strong>- c\u00e1i \u0111\u00f3&nbsp;<em>\u201cTr\u00e1i \u0111\u1ea5t s\u1ebd tr\u00e0n ng\u1eadp s\u1ef1 hi\u1ec3u bi\u1ebft v\u1ec1 vinh quang c\u1ee7a Ch\u00faa, nh\u01b0 n\u01b0\u1edbc bao ph\u1ee7 bi\u1ec3n c\u1ea3.\u201d<\/em>&nbsp;<\/p>\n\n\n\n<p>V\u1eady l\u00e0 Ch\u00faa \u0111\u00e3 t\u1eadp h\u1ee3p nh\u1eefng ng\u01b0\u1eddi c\u1ea7u thay v\u00e0 nh\u1eefng ng\u01b0\u1eddi vi\u1ebft Th\u00e1nh v\u1ecbnh c\u1ee7a Ng\u00e0i, c\u00f9ng v\u1edbi m\u1ed9t b\u1ed9 m\u00e1y Kinh Th\u00e1nh to\u00e0n c\u1ea7u - t\u1ea5t c\u1ea3 c\u00f9ng nhau trong m\u1ed9t c\u00f4ng vi\u1ec7c th\u1ed1ng nh\u1ea5t t\u1ea1i c\u00e1c ch\u1ee9c v\u1ee5 quan tr\u1ecdng c\u1ee7a Th\u00e2n Th\u1ec3 Ch\u00faa Kit\u00f4, tin t\u01b0\u1edfng v\u00e0o s\u1ef1 m\u1eb7c kh\u1ea3i c\u1ee7a Con Gi\u00e1c Ng\u1ed9 (Ch\u00faa Gi\u00easu Kit\u00f4!) cho h\u00e0ng tri\u1ec7u Ph\u1eadt t\u1eed trong Ng\u00e0y C\u1ea7u Nguy\u1ec7n v\u00e0 Th\u1edd Ph\u01b0\u1ee3ng To\u00e0n C\u1ea7u n\u00e0y!<\/p>\n\n\n\n<p>V\u1eady n\u00ean, xin h\u00e3y c\u00f9ng ch\u00fang t\u00f4i c\u1ea7u nguy\u1ec7n v\u00e0 hi\u1ec7p nh\u1ea5t khi th\u1eddi kh\u1eafc l\u1ecbch s\u1eed n\u00e0y \u0111\u1ebfn v\u00e0o ng\u00e0y 17 th\u00e1ng 2\u2026 B\u1edfi v\u00ec Ch\u00faa kh\u00f4ng mu\u1ed1n b\u1ea5t c\u1ee9 ai ph\u1ea3i h\u01b0 m\u1ea5t!<a href=\"https:\/\/ref.ly\/2%20Pet%203.9;esv?t=biblia\" target=\"_blank\" rel=\"noopener\">2 Phi-e-r\u01a1 3:9<\/a>)<\/p>\n\n\n\n<p><strong>Jon Shabaglian&nbsp;<\/strong><\/p>\n\n\n\n<p><a href=\"https:\/\/www.psalmistmission.com\/\" target=\"_blank\" rel=\"noreferrer noopener\"><strong>S\u1ee9 m\u1ec7nh c\u1ee7a ng\u01b0\u1eddi vi\u1ebft Th\u00e1nh v\u1ecbnh<\/strong><\/a><\/p>","protected":false},"excerpt":{"rendered":"<p>H\u00e3y xem v\u00e0 h\u00e1t theo video b\u00e0i th\u00e1nh ca &quot;Tsunami&quot; b\u1eb1ng ti\u1ebfng Anh c\u00f3 ph\u1ee5 \u0111\u1ec1 t\u1ea1i \u0111\u00e2y...<\/p>","protected":false},"author":3,"featured_media":4836,"parent":0,"menu_order":0,"comment_status":"closed","ping_status":"closed","template":"","meta":{"_acf_changed":false,"footnotes":""},"class_list":["post-4756","page","type-page","status-publish","has-post-thumbnail","hentry"],"acf":[],"ams_acf":[],"_links":{"self":[{"href":"https:\/\/110cities.com\/vi\/wp-json\/wp\/v2\/pages\/4756","targetHints":{"allow":["GET"]}}],"collection":[{"href":"https:\/\/110cities.com\/vi\/wp-json\/wp\/v2\/pages"}],"about":[{"href":"https:\/\/110cities.com\/vi\/wp-json\/wp\/v2\/types\/page"}],"author":[{"embeddable":true,"href":"https:\/\/110cities.com\/vi\/wp-json\/wp\/v2\/users\/3"}],"replies":[{"embeddable":true,"href":"https:\/\/110cities.com\/vi\/wp-json\/wp\/v2\/comments?post=4756"}],"version-history":[{"count":2,"href":"https:\/\/110cities.com\/vi\/wp-json\/wp\/v2\/pages\/4756\/revisions"}],"predecessor-version":[{"id":4837,"href":"https:\/\/110cities.com\/vi\/wp-json\/wp\/v2\/pages\/4756\/revisions\/4837"}],"wp:featuredmedia":[{"embeddable":true,"href":"https:\/\/110cities.com\/vi\/wp-json\/wp\/v2\/media\/4836"}],"wp:attachment":[{"href":"https:\/\/110cities.com\/vi\/wp-json\/wp\/v2\/media?parent=4756"}],"curies":[{"name":"wp","href":"https:\/\/api.w.org\/{rel}","templated":true}]}}