{"id":444,"date":"2022-11-29T07:38:35","date_gmt":"2022-11-29T07:38:35","guid":{"rendered":"https:\/\/new.110cities.net\/?page_id=444"},"modified":"2025-05-16T04:26:33","modified_gmt":"2025-05-15T21:26:33","slug":"prayer-walking-overview","status":"publish","type":"page","link":"https:\/\/110cities.com\/vi\/prayer-walking-overview\/","title":{"rendered":"T\u1ed5ng quan v\u1ec1 \u0111i b\u1ed9 c\u1ea7u nguy\u1ec7n"},"content":{"rendered":"<p>\u0110i b\u1ed9 c\u1ea7u nguy\u1ec7n ch\u1ec9 \u0111\u01a1n gi\u1ea3n l\u00e0 c\u1ea7u nguy\u1ec7n t\u1ea1i ch\u1ed7 v\u1edbi s\u1ef1 hi\u1ec3u bi\u1ebft s\u00e2u s\u1eafc (quan s\u00e1t) v\u00e0 c\u1ea3m h\u1ee9ng (m\u1eb7c kh\u1ea3i). \u0110\u00e2y l\u00e0 m\u1ed9t h\u00ecnh th\u1ee9c c\u1ea7u nguy\u1ec7n c\u00f3 th\u1ec3 nh\u00ecn th\u1ea5y, n\u00f3i ra v\u00e0 di \u0111\u1ed9ng.<\/p>\n\n\n\n<p>T\u00ednh h\u1eefu \u00edch c\u1ee7a n\u00f3 g\u1ed3m hai ph\u1ea7n: 1. \u0110\u1ec3 c\u00f3 \u0111\u01b0\u1ee3c s\u1ef1 th\u0103m d\u00f2 thu\u1ed9c linh v\u00e0 2. \u0110\u1ec3 gi\u1ea3i ph\u00f3ng quy\u1ec1n n\u0103ng c\u1ee7a l\u1eddi \u0110\u1ee9c Ch\u00faa Tr\u1eddi v\u00e0 Th\u00e1nh Linh \u1edf nh\u1eefng n\u01a1i c\u1ee5 th\u1ec3 v\u00e0 cho nh\u1eefng ng\u01b0\u1eddi c\u1ee5 th\u1ec3.<\/p>\n\n\n\n<p><strong><em>\u201cH\u00e3y ch\u1eafc ch\u1eafn r\u1eb1ng Ch\u00faa \u0111\u01b0\u1ee3c gi\u1ea3i quy\u1ebft, v\u00e0 m\u1ecdi ng\u01b0\u1eddi \u0111\u01b0\u1ee3c ban ph\u01b0\u1edbc\u201d (Steve Hawthorne)<\/em><\/strong><\/p>\n\n\n\n<h2 class=\"wp-block-heading\">I. LI\u00caN QUAN \u0110\u1ebeN VI\u1ec6C \u0110I B\u1ed8 C\u1ea6U NGUY\u1ec6N<\/h2>\n\n\n\n<ol class=\"wp-block-list\">\n<li>\u0110i b\u1ed9 -- theo c\u1eb7p ho\u1eb7c ba <\/li>\n\n\n\n<li>Th\u1edd ph\u01b0\u1ee3ng -- ng\u1ee3i ca danh v\u00e0 b\u1ea3n ch\u1ea5t c\u1ee7a \u0110\u1ee9c Ch\u00faa Tr\u1eddi <\/li>\n\n\n\n<li>Quan s\u00e1t -- manh m\u1ed1i b\u00ean ngo\u00e0i (d\u1eef li\u1ec7u t\u1eeb \u0111\u1ecba \u0111i\u1ec3m &amp; khu\u00f4n m\u1eb7t) v\u00e0 d\u1ea5u hi\u1ec7u b\u00ean trong (s\u1ef1 ph\u00e2n bi\u1ec7t t\u1eeb Ch\u00faa)<\/li>\n<\/ol>\n\n\n\n<h2 class=\"wp-block-heading\">II. S\u1ef0 CHU\u1ea8N B\u1eca<\/h2>\n\n\n\n<ol class=\"wp-block-list\">\n<li>H\u00e3y ph\u00f3 th\u00e1c b\u01b0\u1edbc \u0111i cho Ch\u00faa, xin Th\u1ea7n Kh\u00ed d\u1eabn l\u1ed1i<\/li>\n\n\n\n<li>H\u00e3y che ch\u1edf cho m\u00ecnh b\u1eb1ng s\u1ef1 b\u1ea3o v\u1ec7 thi\u00eang li\u00eang (Thi thi\u00ean 91)<\/li>\n\n\n\n<li>K\u1ebft n\u1ed1i v\u1edbi \u0110\u1ee9c Th\u00e1nh Linh (Ro 8:26, 27)<\/li>\n<\/ol>\n\n\n\n<h2 class=\"wp-block-heading\">III. C\u1ea6U NGUY\u1ec6N<\/h2>\n\n\n\n<ol class=\"wp-block-list\">\n<li>Tr\u1ed9n v\u00e0 tr\u1ed9n l\u1eabn cu\u1ed9c tr\u00f2 chuy\u1ec7n v\u1edbi l\u1eddi khen ng\u1ee3i v\u00e0 c\u1ea7u nguy\u1ec7n<\/li>\n\n\n\n<li>Khi b\u1ea1n b\u1eaft \u0111\u1ea7u, ca ng\u1ee3i v\u00e0 ch\u00fac t\u1ee5ng Ch\u00faa<\/li>\n\n\n\n<li>S\u1eed d\u1ee5ng Kinh th\u00e1nh \u0111\u1ec3 gi\u1ea3i ph\u00f3ng ph\u01b0\u1edbc l\u00e0nh c\u1ee7a Ch\u00faa<\/li>\n\n\n\n<li>H\u00e3y c\u1ea7u xin Th\u00e1nh Linh h\u01b0\u1edbng d\u1eabn c\u00e1c b\u01b0\u1edbc c\u1ee7a b\u1ea1n\n<ul class=\"wp-block-list\">\n<li>V\u00e0o v\u00e0 \u0111i b\u1ed9 qua c\u00e1c t\u00f2a nh\u00e0<\/li>\n\n\n\n<li>N\u00e1n l\u1ea1i \u1edf m\u1ed9t n\u01a1i c\u1ee5 th\u1ec3<\/li>\n\n\n\n<li>D\u1eebng l\u1ea1i v\u00e0 c\u1ea7u nguy\u1ec7n cho m\u1ecdi ng\u01b0\u1eddi<\/li>\n<\/ul>\n<\/li>\n<\/ol>\n\n\n\n<h2 class=\"wp-block-heading\">IV. T\u00d3M T\u1eaeT<\/h2>\n\n\n\n<ol class=\"wp-block-list\">\n<li>Glean: ch\u00fang ta \u0111\u00e3 quan s\u00e1t ho\u1eb7c tr\u1ea3i nghi\u1ec7m nh\u1eefng g\u00ec?<\/li>\n\n\n\n<li>Nh\u1eefng \u201ccu\u1ed9c h\u1eb9n th\u1ea7n th\u00e1nh\u201d b\u1ea5t ng\u1edd n\u00e0o?<\/li>\n\n\n\n<li>Ch\u01b0ng c\u1ea5t 2-3 \u0111i\u1ec3m c\u1ea7u nguy\u1ec7n, k\u1ebft th\u00fac b\u1eb1ng l\u1eddi c\u1ea7u nguy\u1ec7n t\u1eadp th\u1ec3<\/li>\n<\/ol>","protected":false},"excerpt":{"rendered":"<p>\u0110i b\u1ed9 c\u1ea7u nguy\u1ec7n ch\u1ec9 \u0111\u01a1n gi\u1ea3n l\u00e0 c\u1ea7u nguy\u1ec7n t\u1ea1i ch\u1ed7 v\u1edbi s\u1ef1 hi\u1ec3u bi\u1ebft s\u00e2u s\u1eafc (quan s\u00e1t) v\u00e0 c\u1ea3m h\u1ee9ng (m\u1eb7c kh\u1ea3i). \u0110\u00f3 l\u00e0...<\/p>","protected":false},"author":19,"featured_media":0,"parent":0,"menu_order":0,"comment_status":"closed","ping_status":"closed","template":"","meta":{"_acf_changed":false,"footnotes":""},"class_list":["post-444","page","type-page","status-publish","hentry"],"acf":[],"ams_acf":[],"_links":{"self":[{"href":"https:\/\/110cities.com\/vi\/wp-json\/wp\/v2\/pages\/444","targetHints":{"allow":["GET"]}}],"collection":[{"href":"https:\/\/110cities.com\/vi\/wp-json\/wp\/v2\/pages"}],"about":[{"href":"https:\/\/110cities.com\/vi\/wp-json\/wp\/v2\/types\/page"}],"author":[{"embeddable":true,"href":"https:\/\/110cities.com\/vi\/wp-json\/wp\/v2\/users\/19"}],"replies":[{"embeddable":true,"href":"https:\/\/110cities.com\/vi\/wp-json\/wp\/v2\/comments?post=444"}],"version-history":[{"count":3,"href":"https:\/\/110cities.com\/vi\/wp-json\/wp\/v2\/pages\/444\/revisions"}],"predecessor-version":[{"id":3822,"href":"https:\/\/110cities.com\/vi\/wp-json\/wp\/v2\/pages\/444\/revisions\/3822"}],"wp:attachment":[{"href":"https:\/\/110cities.com\/vi\/wp-json\/wp\/v2\/media?parent=444"}],"curies":[{"name":"wp","href":"https:\/\/api.w.org\/{rel}","templated":true}]}}