{"id":2936,"date":"2024-01-08T14:32:33","date_gmt":"2024-01-08T07:32:33","guid":{"rendered":"https:\/\/new.110cities.net\/?page_id=2936"},"modified":"2026-01-23T16:46:10","modified_gmt":"2026-01-23T09:46:10","slug":"prayer-guide","status":"publish","type":"page","link":"https:\/\/110cities.com\/vi\/prayer-guide\/","title":{"rendered":"H\u01b0\u1edbng d\u1eabn c\u1ea7u nguy\u1ec7n \u2013 24 gi\u1edd c\u1ea7u nguy\u1ec7n cho th\u1ebf gi\u1edbi Ph\u1eadt gi\u00e1o 2024"},"content":{"rendered":"<p>Ch\u00fang t\u00f4i \u0111ang c\u1ea7u nguy\u1ec7n cho c\u00e1c phong tr\u00e0o Tin M\u1eebng t\u1ea1i c\u00e1c Th\u00e0nh ph\u1ed1 v\u00e0 Khu v\u1ef1c Ph\u1eadt gi\u00e1o n\u00e0y, bao g\u1ed3m c\u1ea3 Trung Qu\u1ed1c. \u0110\u1ee9c Ch\u00faa Tr\u1eddi gi\u1ea3i ph\u00f3ng quy\u1ec1n n\u0103ng c\u1ee7a Ng\u00e0i \u0111\u1ec3 \u0111\u00e1p l\u1ea1i l\u1eddi c\u1ea7u nguy\u1ec7n c\u1ee7a d\u00e2n Ng\u00e0i! Ph\u1eadt gi\u00e1o l\u00e0 v\u1ec1 s\u1ef1 gi\u00e1c ng\u1ed9. Trong Ng\u00e0y C\u1ea7u nguy\u1ec7n To\u00e0n c\u1ea7u n\u00e0y, ch\u00fang ta h\u00e3y c\u1ea7u xin Ch\u00faa x\u00f3a b\u1ecf b\u1ee9c m\u00e0n m\u00f9 qu\u00e1ng che ph\u1ee7 \u0111\u00f4i m\u1eaft c\u1ee7a nh\u1eefng ng\u01b0\u1eddi kh\u00f4ng c\u00f3 \u0111\u1ee9c tin b\u1ecb m\u1eafc k\u1eb9t trong Ph\u1eadt gi\u00e1o \u0111\u1ec3 h\u1ecd c\u00f3 th\u1ec3 nh\u00ecn th\u1ea5y \u00e1nh s\u00e1ng ph\u00fac \u00e2m n\u01a1i khu\u00f4n m\u1eb7t c\u1ee7a Ch\u00faa Gi\u00easu<br>\u0110\u1ea5ng Christ!<\/p>\n\n\n\n<p>2 C\u00f4-rinh-t\u00f4 4:4, 6, \u201cTrong tr\u01b0\u1eddng h\u1ee3p c\u1ee7a h\u1ecd, th\u1ea7n \u0111\u1eddi n\u1ea7y \u0111\u00e3 l\u00e0m m\u00f9 t\u00e2m tr\u00ed nh\u1eefng k\u1ebb ch\u1eb3ng tin, khi\u1ebfn h\u1ecd kh\u00f4ng th\u1ea5y \u00e1nh s\u00e1ng Ph\u00fac \u00c2m vinh hi\u1ec3n c\u1ee7a \u0110\u1ea5ng Christ, l\u00e0 h\u00ecnh \u1ea3nh c\u1ee7a \u0110\u1ee9c Ch\u00faa Tr\u1eddi\u2026 6 V\u00ec Thi\u00ean Ch\u00faa, \u0110\u1ea5ng \u0111\u00e3 ph\u00e1n: \u201cH\u00e3y \u0111\u1ec3 \u00e1nh s\u00e1ng chi\u1ebfu ra t\u1eeb b\u00f3ng t\u1ed1i\u201d, \u0111\u00e3 soi s\u00e1ng t\u00e2m h\u1ed3n ch\u00fang ta \u0111\u1ec3 ban \u00e1nh s\u00e1ng hi\u1ec3u bi\u1ebft v\u1ec1 vinh quang c\u1ee7a Thi\u00ean Ch\u00faa tr\u00ean khu\u00f4n m\u1eb7t c\u1ee7a Ch\u00faa Gi\u00easu Kit\u00f4.<\/p>\n\n\n\n<p>B\u1ea1n c\u00f3 th\u1ec3 t\u00ecm th\u1ea5y c\u00e1c \u0111i\u1ec3m c\u1ea7u nguy\u1ec7n c\u1ee5 th\u1ec3 cho t\u1eebng th\u00e0nh ph\u1ed1 t\u1ea1i 110Cities v\u00e0 c\u0169ng c\u00f3 th\u1ec3 xem video c\u1ea7u nguy\u1ec7n ng\u1eafn cho t\u1eebng th\u00e0nh ph\u1ed1 m\u00e0 b\u1ea1n \u0111ang c\u1ea7u nguy\u1ec7n. Ch\u00fang t\u00f4i khuy\u1ebfn kh\u00edch b\u1ea1n nghi\u00ean c\u1ee9u v\u1ec1 nh\u1eefng th\u00e0nh ph\u1ed1 n\u00e0y v\u00e0 c\u1ea7u nguy\u1ec7n cho &#039;\u0110\u1ed9t ph\u00e1&#039; khi Ch\u00faa d\u1eabn d\u1eaft b\u1ea1n! D\u01b0\u1edbi \u0111\u00e2y l\u00e0 c\u00e1c th\u00e0nh ph\u1ed1 v\u00e0 khu v\u1ef1c d\u01b0\u1edbi \u0111\u00e2y v\u1edbi m\u1ed9t s\u1ed1 \u0111i\u1ec3m c\u1ea7u nguy\u1ec7n!<\/p>\n\n\n\n<h2 class=\"wp-block-heading\">NH\u1ea4N M\u1ea0NH C\u1ea6U NGUY\u1ec6N<\/h2>\n\n\n<div class=\"wp-block-image\">\n<figure class=\"alignright size-full is-resized\"><img loading=\"lazy\" decoding=\"async\" width=\"600\" height=\"600\" src=\"https:\/\/110cities.com\/wp-content\/uploads\/2024\/01\/SocialMedia-V2.jpg\" alt=\"\" class=\"wp-image-2956\" style=\"width:392px;height:auto\" srcset=\"https:\/\/110cities.com\/wp-content\/uploads\/2024\/01\/SocialMedia-V2.jpg 600w, https:\/\/110cities.com\/wp-content\/uploads\/2024\/01\/SocialMedia-V2-350x350.jpg 350w, https:\/\/110cities.com\/wp-content\/uploads\/2024\/01\/SocialMedia-V2-150x150.jpg 150w, https:\/\/110cities.com\/wp-content\/uploads\/2024\/01\/SocialMedia-V2-12x12.jpg 12w\" sizes=\"auto, (max-width: 600px) 100vw, 600px\" \/><\/figure>\n<\/div>\n\n\n<p>H\u00e3y c\u1ea7u nguy\u1ec7n cho Ch\u00faa Gi\u00easu Kit\u00f4 \u0111\u01b0\u1ee3c t\u00f4n cao trong th\u00e0nh ph\u1ed1 n\u00e0y. H\u00e3y c\u1ea7u nguy\u1ec7n cho t\u00ean c\u1ee7a Ng\u00e0i \u0111\u01b0\u1ee3c ti\u1ebft l\u1ed9, \u0111\u00f3n nh\u1eadn v\u00e0 t\u00f4n k\u00ednh gi\u1eefa m\u1ecdi ng\u01b0\u1eddi, b\u1ed9 t\u1ed9c v\u00e0 ng\u00f4n ng\u1eef trong th\u00e0nh ph\u1ed1 n\u00e0y. Thi thi\u00ean 110, Hab 2:14<\/p>\n\n\n\n<p>H\u00e3y c\u1ea7u nguy\u1ec7n cho N\u01b0\u1edbc \u0110\u1ee9c Ch\u00faa Tr\u1eddi \u0111\u1ebfn v\u00e0 \u00fd Ng\u00e0i \u0111\u01b0\u1ee3c n\u00ean t\u1ea1i th\u00e0nh ph\u1ed1 n\u00e0y! Matt. 6:9-10<\/p>\n\n\n\n<p>H\u00e3y c\u1ea7u nguy\u1ec7n Ch\u00faa m\u00f9a g\u1eb7t sai ng\u01b0\u1eddi \u0111i rao gi\u1ea3ng ph\u00fac \u00e2m c\u1ee7a v\u01b0\u01a1ng qu\u1ed1c b\u1eb1ng nh\u1eefng s\u1ef1 th\u1ec3 hi\u1ec7n quy\u1ec1n n\u0103ng v\u00e0 t\u00ecnh y\u00eau! H\u00e3y c\u1ea7u nguy\u1ec7n cho m\u1ed9t h\u1ed9i th\u00e1nh t\u1ea1i gia t\u00f4n vinh \u0110\u1ea5ng Christ \u0111\u01b0\u1ee3c th\u00e0nh l\u1eadp cho m\u1ed7i 1000 ng\u01b0\u1eddi trong th\u00e0nh ph\u1ed1 n\u00e0y! Lu-ca 10:2, Ma-thi-\u01a1 16:18, C\u00f4ng v\u1ee5 4:29-31<\/p>\n\n\n\n<p>H\u00e3y c\u1ea7u nguy\u1ec7n cho Kinh th\u00e1nh \u0111\u01b0\u1ee3c d\u1ecbch sang ng\u00f4n ng\u1eef tr\u00e1i tim c\u1ee7a m\u1ecdi nh\u00f3m ng\u01b0\u1eddi trong th\u00e0nh ph\u1ed1 n\u00e0y. 2 T\u00ea-sa-l\u00f4-ni-ca 3:1<\/p>\n\n\n\n<p>Nyaw - Th\u00e1i Lan<br>Ng\u00f4n ng\u1eef k\u00fd hi\u1ec7u B\u1eafc Tri\u1ec1u Ti\u00ean, Laopang - L\u00e0o<br>Ng\u00f4n ng\u1eef k\u00fd hi\u1ec7u Miyakubo - Nh\u1eadt B\u1ea3n<\/p>\n\n\n\n<p>H\u00e3y c\u1ea7u xin s\u1ef1 tu\u00f4n \u0111\u1ed5 \u0110\u1ee9c Th\u00e1nh Linh tr\u00ean m\u1ecdi x\u00e1c th\u1ecbt trong th\u00e0nh ph\u1ed1 n\u00e0y! H\u00e3y c\u1ea7u nguy\u1ec7n \u0111\u1ec3 \u0110\u1ee9c Th\u00e1nh Linh c\u00e1o tr\u00e1ch t\u1ed9i l\u1ed7i v\u00e0 cho h\u1ecd th\u1ea5y h\u1ecd c\u1ea7n m\u1ed9t \u0110\u1ea5ng C\u1ee9u R\u1ed7i, \u0110\u1ea5ng ch\u1ec9 \u0111\u01b0\u1ee3c t\u00ecm th\u1ea5y trong Ch\u00faa Gi\u00ea-xu Christ. H\u00e3y c\u1ea7u nguy\u1ec7n xin Thi\u00ean Ch\u00faa Cha l\u00f4i k\u00e9o m\u1ecdi ng\u01b0\u1eddi \u0111\u1ebfn v\u1edbi Ch\u00faa Kit\u00f4 qua quy\u1ec1n n\u0103ng c\u1ee7a th\u1eadp gi\u00e1. H\u00e3y c\u1ea7u xin l\u00f2ng nh\u00e2n t\u1eeb c\u1ee7a Ch\u00faa \u0111\u1ec3 d\u1eabn d\u1eaft m\u1ecdi ng\u01b0\u1eddi \u0111\u1ebfn s\u1ef1 \u0103n n\u0103n. C\u00f4ng V\u1ee5 2:17, Gi\u0103ng 16<\/p>\n\n\n\n<p>H\u00e3y c\u1ea7u xin Ch\u00faa tr\u00f3i bu\u1ed9c v\u00e0 ki\u1ec1m ch\u1ebf quy\u1ec1n l\u1ef1c c\u1ee7a b\u00f3ng t\u1ed1i tr\u00ean th\u00e0nh ph\u1ed1 n\u00e0y v\u00e0 n\u1edbi l\u1ecfng quy\u1ec1n n\u0103ng, l\u1ebd th\u1eadt v\u00e0 t\u00ecnh y\u00eau c\u1ee7a Ch\u00faa Th\u00e1nh Th\u1ea7n tr\u00ean ng\u01b0\u1eddi d\u00e2n trong th\u00e0nh ph\u1ed1 n\u00e0y! 2 C\u00f4-rinh-t\u00f4. 4:4-6, Ma-thi-\u01a1 18:18-19<\/p>\n\n\n\n<p>Ch\u00fang t\u00f4i m\u1eddi b\u1ea1n t\u1eadp trung c\u00f9ng ch\u00fang t\u00f4i \u0111\u1eb7c bi\u1ec7t khi ch\u00fang t\u00f4i c\u1ea7u nguy\u1ec7n cho s\u1ef1 \u0111\u1ed9t ph\u00e1 c\u1ee7a V\u01b0\u01a1ng qu\u1ed1c \u1edf B\u00ecnh Nh\u01b0\u1ee1ng, B\u1eafc Tri\u1ec1u Ti\u00ean trong n\u0103m nay.<\/p>\n\n\n\n<h2 class=\"wp-block-heading\">TH\u00c0NH PH\u1ed0 C\u1ea6U NGUY\u1ec6N<\/h2>\n\n\n\n<div class=\"wp-block-columns is-layout-flex wp-container-core-columns-is-layout-9d6595d7 wp-block-columns-is-layout-flex\">\n<div class=\"wp-block-column is-layout-flow wp-block-column-is-layout-flow\">\n<p>Bangkok, Th\u00e1i Lan<br>B\u1eafc Kinh, Trung Qu\u1ed1c<br>Bu-tan<br>Th\u00e0nh \u0110\u00f4, Trung Qu\u1ed1c<br>Tr\u00f9ng Kh\u00e1nh, Trung Qu\u1ed1c<br>Qu\u1ea3ng Ch\u00e2u, Trung Qu\u1ed1c<br>H\u00e0ng Ch\u00e2u, Trung Qu\u1ed1c<br>H\u00e0 N\u1ed9i, Vi\u1ec7t Nam<\/p>\n<\/div>\n\n\n\n<div class=\"wp-block-column is-layout-flow wp-block-column-is-layout-flow\">\n<p>H\u1ed3 Ch\u00ed Minh, Vi\u1ec7t Nam<br>H\u1ed3i H\u1ed9t, Trung Qu\u1ed1c<br>C\u00f4n Minh, Trung Qu\u1ed1c<br>Nam Ninh, Trung Qu\u1ed1c<br>Phn\u00f4m P\u00eanh, Campuchia<br>P&#039;yong yang, B\u1eafc Tri\u1ec1u Ti\u00ean<br>Th\u01b0\u1ee3ng H\u1ea3i, Trung Qu\u1ed1c<br>Th\u1ea9m D\u01b0\u01a1ng, Trung Qu\u1ed1c<\/p>\n<\/div>\n\n\n\n<div class=\"wp-block-column is-layout-flow wp-block-column-is-layout-flow\">\n<p>Th\u00e1i Nguy\u00ean, Trung Qu\u1ed1c<br>Tokyo, Nh\u1eadt B\u1ea3n<br>Ulaanbaatar, M\u00f4ng C\u1ed5<br>Vi\u00eang Ch\u0103n, L\u00e0o<br>V\u0169 H\u00e1n, Trung Qu\u1ed1c<br>T\u00e2y An, Trung Qu\u1ed1c<br>T\u00e2y Ninh, Trung Qu\u1ed1c<br>Yangon, Myanma<\/p>\n<\/div>\n<\/div>\n\n\n\n<div class=\"wp-block-buttons is-layout-flex wp-block-buttons-is-layout-flex\">\n<div class=\"wp-block-button\"><a class=\"wp-block-button__link wp-element-button\" href=\"https:\/\/110cities.com\/wp-content\/uploads\/2026\/01\/GODP-2026-Web.pdf\" target=\"_blank\" rel=\"noreferrer noopener\">T\u1ea3i xu\u1ed1ng H\u01b0\u1edbng d\u1eabn c\u1ea7u nguy\u1ec7n<\/a><\/div>\n<\/div>","protected":false},"excerpt":{"rendered":"<p>Ch\u00fang t\u00f4i c\u1ea7u nguy\u1ec7n cho c\u00e1c phong tr\u00e0o Ph\u00fac \u00c2m t\u1ea1i c\u00e1c th\u00e0nh ph\u1ed1 v\u00e0 khu v\u1ef1c Ph\u1eadt gi\u00e1o n\u00e0y bao g\u1ed3m c\u1ea3 Trung Qu\u1ed1c....<\/p>","protected":false},"author":19,"featured_media":2945,"parent":0,"menu_order":0,"comment_status":"closed","ping_status":"closed","template":"","meta":{"_acf_changed":false,"footnotes":""},"class_list":["post-2936","page","type-page","status-publish","has-post-thumbnail","hentry"],"acf":[],"ams_acf":[],"_links":{"self":[{"href":"https:\/\/110cities.com\/vi\/wp-json\/wp\/v2\/pages\/2936","targetHints":{"allow":["GET"]}}],"collection":[{"href":"https:\/\/110cities.com\/vi\/wp-json\/wp\/v2\/pages"}],"about":[{"href":"https:\/\/110cities.com\/vi\/wp-json\/wp\/v2\/types\/page"}],"author":[{"embeddable":true,"href":"https:\/\/110cities.com\/vi\/wp-json\/wp\/v2\/users\/19"}],"replies":[{"embeddable":true,"href":"https:\/\/110cities.com\/vi\/wp-json\/wp\/v2\/comments?post=2936"}],"version-history":[{"count":13,"href":"https:\/\/110cities.com\/vi\/wp-json\/wp\/v2\/pages\/2936\/revisions"}],"predecessor-version":[{"id":4540,"href":"https:\/\/110cities.com\/vi\/wp-json\/wp\/v2\/pages\/2936\/revisions\/4540"}],"wp:featuredmedia":[{"embeddable":true,"href":"https:\/\/110cities.com\/vi\/wp-json\/wp\/v2\/media\/2945"}],"wp:attachment":[{"href":"https:\/\/110cities.com\/vi\/wp-json\/wp\/v2\/media?parent=2936"}],"curies":[{"name":"wp","href":"https:\/\/api.w.org\/{rel}","templated":true}]}}