{"id":214,"date":"2022-11-16T11:30:16","date_gmt":"2022-11-16T11:30:16","guid":{"rendered":"https:\/\/new.110cities.net\/?page_id=214"},"modified":"2024-08-15T00:52:24","modified_gmt":"2024-08-14T17:52:24","slug":"scriptures","status":"publish","type":"page","link":"https:\/\/110cities.com\/vi\/scriptures\/","title":{"rendered":"Kinh th\u00e1nh \u0111i b\u1ed9 c\u1ea7u nguy\u1ec7n"},"content":{"rendered":"<h3 class=\"has-color-4-color has-text-color wp-block-heading\">CHU\u1ea8N B\u1eca TR\u00c1I TIM<\/h3>\n\n\n\n<p>H\u00c3Y CAM K\u1ebeT b\u01b0\u1edbc \u0111i v\u1edbi Ch\u00faa, xin Th\u00e1nh Linh h\u01b0\u1edbng d\u1eabn<br>CHE che m\u00ecnh b\u1eb1ng s\u1ef1 che ch\u1edf thi\u00eang li\u00eang Thi thi\u00ean 91:1-16<br>K\u1ebeT N\u1ed0I v\u1edbi \u0110\u1ee9c Th\u00e1nh Linh R\u00f4-ma 8:26-27<\/p>\n\n\n\n<h3 class=\"has-color-4-color has-text-color wp-block-heading\">C\u1ea6U NGUY\u1ec6N L\u1edcI CH\u00daA<\/h3>\n\n\n\n<p>Ma-thi-\u01a1 6:9-10<\/p>\n\n\n\n<h3 class=\"has-color-4-color has-text-color wp-block-heading\">TH\u1ea8M QUY\u1ec0N:<\/h3>\n\n\n\n<p>V\u01b0\u1ee3t qua m\u1ecdi &#039;s\u1ee9c m\u1ea1nh c\u1ee7a k\u1ebb th\u00f9&#039; Lu-ca 10:19<br>H\u00e0nh \u0111\u1ed9ng theo k\u1ef7 lu\u1eadt c\u1ee7a h\u1ed9i th\u00e1nh Ma-thi-\u01a1 18:15-20<br>Tr\u1edf th\u00e0nh s\u1ee9 gi\u1ea3 c\u1ee7a s\u1ef1 h\u00f2a gi\u1ea3i trong truy\u1ec1n gi\u00e1o v\u00e0 m\u00f4n \u0111\u1ed3 h\u00f3a Ma-thi-\u01a1 28:19, 2 C\u00f4-rinh-t\u00f4 5:18-20<br>Khi gi\u1ea3ng d\u1ea1y l\u1ebd th\u1eadt ph\u00fac \u00e2m T\u00edt 2:15<br>V\u1ea1ch tr\u1ea7n v\u00e0 \u0111u\u1ed5i qu\u1ef7 2 Cor. 4:4-6<br>&#039;H\u1ee1i \u0110\u1ee9c Gi\u00ea-h\u00f4-va, h\u00e3y chi\u1ebfn \u0111\u1ea5u...&#039; Thi Thi\u00ean 35:1 ESV<br>Kh\u00f4ng c\u00f3 ai gi\u1ed1ng b\u1ea1n. Gi\u00ea-r\u00ea-mi 10:6-7 NKJV<\/p>\n\n\n\n<h3 class=\"has-color-4-color has-text-color wp-block-heading\">T\u1ed0I CAO C\u1ee6A CHRIST TR\u00caN M\u1eccI TH\u00c0NH PH\u1ed0!<\/h3>\n\n\n\n<p>Thi Thi\u00ean 110:1-7 NKJV<br>Thi thi\u00ean 24:1 NKJV<br>Ha-ba-c\u00fac 2:14 NKJV<br>Ma-la-chi 1:11 NKJV<br>Thi thi\u00ean 22:27 NKJV<br>Thi Thi\u00ean 67:1-7 NKJV<br>Ma-thi-\u01a1 28:18 NKJV<br>\u0110a-ni-\u00ean 7:13\u201314 NKJV<br>Kh\u1ea3i Huy\u1ec1n 5:12 NKJV<br>C\u00f4-l\u00f4-se 1:15\u201318 NKJV<\/p>\n\n\n\n<h3 class=\"has-color-4-color has-text-color wp-block-heading\">V\u01af\u01a0NG QU\u1ed0C \u0110\u1ee8C CH\u00daA TR\u1edcI \u0110\u1ebeN M\u1eccI TH\u00c0NH PH\u1ed0!<\/h3>\n\n\n\n<p>Ma-thi-\u01a1 6:9\u201310 NKJV<br>Kh\u1ea3i Huy\u1ec1n 1:5 NKJV<br>Gi\u00ea-r\u00ea-mi 29:7 ESV<br>\u00ca-sai 9:2,6-7 NKJV<\/p>\n\n\n\n<h3 class=\"has-color-4-color has-text-color wp-block-heading\">TUY\u1ec6T V\u1edcI &amp; NI\u1ec0M TIN<\/h3>\n\n\n\n<p>C\u00f4ng V\u1ee5 C\u00e1c S\u1ee9 \u0110\u1ed3 2:16\u201317 NKJV<br>\u00ca Sai 64:1\u20132 NKJV<br>Thi Thi\u00ean 144:5\u20138 ESV<br>Gi\u0103ng 16:8\u201311 NKJV<\/p>\n\n\n\n<h3 class=\"has-color-4-color has-text-color wp-block-heading\">CHA CHO CON M\u00ccNH C\u00c1C N\u01af\u1edaC\u2026<\/h3>\n\n\n\n<p>Thi Thi\u00ean 2:6\u20138 NKJV<\/p>\n\n\n\n<h3 class=\"has-color-4-color has-text-color wp-block-heading\">G\u1eecI NG\u01af\u1edcI LAO \u0110\u1ed8NG MANG L\u1ea0I!<\/h3>\n\n\n\n<p>Ma-thi-\u01a1 9:35\u201338 NKJV<\/p>\n\n\n\n<h3 class=\"has-color-4-color has-text-color wp-block-heading\">M\u1ede M\u1ed8T C\u1eecA CHO TIN L\u00c0NH \u1ede M\u1eccI TH\u00c0NH PH\u1ed0!<\/h3>\n\n\n\n<p>C\u00f4-l\u00f4-se 4:2\u20134 ESV<\/p>\n\n\n\n<h3 class=\"has-color-4-color has-text-color wp-block-heading\">B\u1ece L\u1ee0 B\u1ee4NG<\/h3>\n\n\n\n<p>2 C\u00f4-rinh-t\u00f4 4:4 ESV<\/p>\n\n\n\n<h3 class=\"has-color-4-color has-text-color wp-block-heading\">R\u00c0NG BU\u1ed8C C\u00c1C NGUY\u00caN T\u1eaeC V\u00c0 QUY\u1ec0N L\u1ef0C C\u1ee6A B\u00d3NG \u0110\u00c1<\/h3>\n\n\n\n<p>Ma-thi-\u01a1 18:18\u201320 NKJV<br>Ma-thi-\u01a1 12:28\u201329 NKJV<br>1 Gi\u0103ng 3:8 NKJV<br>C\u00f4-l\u00f4-se 2:15 NKJV<br>Lu-ca 10:19\u201320 NKJV<\/p>\n\n\n\n<h3 class=\"has-color-4-color has-text-color wp-block-heading\">V\u01af\u1ee2T QUA B\u00d3NG T\u1ed0I M\u1ee8C \u0110\u1ed8 CAO<\/h3>\n\n\n\n<p>\u00ca-ph\u00ea-s\u00f4 3:10<br>Nh\u1eadn \u0111\u01b0\u1ee3c s\u1ef1 m\u1eb7c kh\u1ea3i Eph. 1:1-23<br>Nh\u1eadn \u0111\u01b0\u1ee3c s\u1ef1 hi\u1ec7p nh\u1ea5t qua Th\u1eadp t\u1ef1 gi\u00e1 Eph. 2:13-22<br>S\u1ed1ng trong t\u00ecnh y\u00eau, nh\u1edd Th\u1ea7n Kh\u00ed. \u00caph. 3:14-20<br>Ch\u1ea5p nh\u1eadn s\u1ef1 khi\u00eam nh\u01b0\u1eddng Eph. 4:1-6<br>B\u01b0\u1edbc \u0111i trong s\u1ea1ch Eph. 4:20-6:9<br>\u0110\u1ee9ng tr\u01b0\u1edbc b\u00f3ng t\u1ed1i c\u1ea5p cao Eph. 6:10-20<\/p>\n\n\n\n<h3 class=\"has-color-4-color has-text-color wp-block-heading\">NHU C\u1ea6U \u0110\u1ed0I V\u1edaI M\u1ed8T H\u1ed8I TH\u00c1NH, T\u1ed4 CH\u1ee8C HO\u1eb6C PHONG TR\u00c0O TIN L\u00c0NH TH\u00c0NH PH\u1ed0<\/h3>\n\n\n\n<p>\u00caph. 5:8-14, 2 C\u00f4r. 10:3-5, \u00caph. 6:18, Eph 5:8-11, Eph 6:19-20<\/p>\n\n\n\n<h3 class=\"has-color-4-color has-text-color wp-block-heading\">M\u1ec6NH L\u1ec6NH \u0110\u1ec2 S\u1ed0NG TRONG C\u1ed8NG \u0110\u1ed2NG V\u01af\u01a0NG QU\u1ed0C \u0110\u00edch Th\u1ef1c<\/h3>\n\n\n\n<p>\u00ca-ph\u00ea-s\u00f4 4:25, \u00ca-ph\u00ea-s\u00f4 4:26-27, \u00ca-ph\u00ea-s\u00f4 4:29, \u00ca-ph\u00ea-s\u00f4 4:31-32,<br>Eph 5:3, Eph 5:11, Eph 5:18-21, Eph 5:22-33<\/p>\n\n\n\n<p>C\u00e1c li\u00ean k\u1ebft c\u00e2u t\u1eeb \u1ee8ng d\u1ee5ng Kinh th\u00e1nh YouVersion<\/p>\n\n\n\n<div class=\"wp-block-buttons is-layout-flex wp-block-buttons-is-layout-flex\">\n<div class=\"wp-block-button\"><a class=\"wp-block-button__link wp-element-button\" href=\"https:\/\/110cities.com\/wp-content\/uploads\/2022\/11\/Prayer-Walking-Scriptures-110-Cities.pdf\" target=\"_blank\" rel=\"noreferrer noopener\">t\u1ea3i PDF<\/a><\/div>\n<\/div>","protected":false},"excerpt":{"rendered":"<p>S\u1ef0 CHU\u1ea8N B\u1eca TIM H\u00e3y cam k\u1ebft b\u01b0\u1edbc \u0111i theo Ch\u00faa, h\u00e3y c\u1ea7u xin Ch\u00faa Th\u00e1nh Th\u1ea7n h\u01b0\u1edbng d\u1eabn che ch\u1edf ch\u00ednh m\u00ecnh...<\/p>","protected":false},"author":19,"featured_media":0,"parent":0,"menu_order":0,"comment_status":"closed","ping_status":"closed","template":"","meta":{"_acf_changed":false,"footnotes":""},"class_list":["post-214","page","type-page","status-publish","hentry"],"acf":[],"ams_acf":[],"_links":{"self":[{"href":"https:\/\/110cities.com\/vi\/wp-json\/wp\/v2\/pages\/214","targetHints":{"allow":["GET"]}}],"collection":[{"href":"https:\/\/110cities.com\/vi\/wp-json\/wp\/v2\/pages"}],"about":[{"href":"https:\/\/110cities.com\/vi\/wp-json\/wp\/v2\/types\/page"}],"author":[{"embeddable":true,"href":"https:\/\/110cities.com\/vi\/wp-json\/wp\/v2\/users\/19"}],"replies":[{"embeddable":true,"href":"https:\/\/110cities.com\/vi\/wp-json\/wp\/v2\/comments?post=214"}],"version-history":[{"count":18,"href":"https:\/\/110cities.com\/vi\/wp-json\/wp\/v2\/pages\/214\/revisions"}],"predecessor-version":[{"id":3529,"href":"https:\/\/110cities.com\/vi\/wp-json\/wp\/v2\/pages\/214\/revisions\/3529"}],"wp:attachment":[{"href":"https:\/\/110cities.com\/vi\/wp-json\/wp\/v2\/media?parent=214"}],"curies":[{"name":"wp","href":"https:\/\/api.w.org\/{rel}","templated":true}]}}