{"id":1595,"date":"2023-04-13T18:31:55","date_gmt":"2023-04-13T11:31:55","guid":{"rendered":"https:\/\/new.110cities.net\/?page_id=1595"},"modified":"2024-08-02T10:25:40","modified_gmt":"2024-08-02T03:25:40","slug":"email-signup","status":"publish","type":"page","link":"https:\/\/110cities.com\/vi\/email-signup\/","title":{"rendered":"\u0110\u0103ng k\u00fd email"},"content":{"rendered":"<p class=\"has-text-align-center\">N\u1ebfu b\u1ea1n mu\u1ed1n nh\u1eadn th\u00f4ng tin c\u1eadp nh\u1eadt qua email t\u1eeb D\u1ef1 \u00e1n 110 Th\u00e0nh ph\u1ed1, h\u00e3y nh\u1eadp th\u00f4ng tin li\u00ean h\u1ec7 c\u1ee7a b\u1ea1n v\u00e0o bi\u1ec3u m\u1eabu b\u00ean d\u01b0\u1edbi!<\/p>\n\n\n<div data-form-id=\"1546\" id=\"ctct-form-wrapper-0\" class=\"ctct-form-wrapper\"><form class=\"ctct-form ctct-form-1546 comment-form  no-recaptcha ctct-default\" id=\"ctct-form-706339612\" data-doajax=\"off\" style=\"\" action=\"\" method=\"post\" data-trp-original-action=\"\"><p class=\"ctct-form-field ctct-form-field-text ctct-form-field-required\"><span class=\"ctct-label-top\"><label for=\"first_name___7e7a6eef7e0a3734f39d6757b27d474b_0_319715352\">T\u00ean \u0111\u1ea7u ti\u00ean <span class=\"ctct-required-indicatior\" title=\"\u0110\u00e2y l\u00e0 tr\u01b0\u1eddng b\u1eaft bu\u1ed9c\">*<\/span><\/label><\/span><input required aria-required=\"true\"  type=\"text\" id=\"first_name___7e7a6eef7e0a3734f39d6757b27d474b_0_319715352\" name=\"first_name___7e7a6eef7e0a3734f39d6757b27d474b\"  value=\"\" class=\"ctct-text ctct-label-top first_name___7e7a6eef7e0a3734f39d6757b27d474b\" maxlength=\"255\" placeholder=\"\"   \/><\/p><p class=\"ctct-form-field ctct-form-field-text ctct-form-field-required\"><span class=\"ctct-label-top\"><label for=\"last_name___86b6d953df0fd1bff8e02cde526c2b3c_0_3691153527\">H\u1ecd <span class=\"ctct-required-indicatior\" title=\"\u0110\u00e2y l\u00e0 tr\u01b0\u1eddng b\u1eaft bu\u1ed9c\">*<\/span><\/label><\/span><input required aria-required=\"true\"  type=\"text\" id=\"last_name___86b6d953df0fd1bff8e02cde526c2b3c_0_3691153527\" name=\"last_name___86b6d953df0fd1bff8e02cde526c2b3c\"  value=\"\" class=\"ctct-text ctct-label-top last_name___86b6d953df0fd1bff8e02cde526c2b3c\" maxlength=\"255\" placeholder=\"\"   \/><\/p><p class=\"ctct-form-field ctct-form-field-email ctct-form-field-required\"><span class=\"ctct-label-top\"><label for=\"email___3c59495a3edf2d27cd20fc1987544522_0_3937349971\">Email (b\u1eaft bu\u1ed9c) <span class=\"ctct-required-indicatior\" title=\"\u0110\u00e2y l\u00e0 tr\u01b0\u1eddng b\u1eaft bu\u1ed9c\">*<\/span><\/label><\/span><input required aria-required=\"true\"  type=\"email\" id=\"email___3c59495a3edf2d27cd20fc1987544522_0_3937349971\" name=\"email___3c59495a3edf2d27cd20fc1987544522\"  value=\"\" class=\"ctct-email ctct-label-top email___3c59495a3edf2d27cd20fc1987544522\"  placeholder=\"\"   \/><\/p><div class='ctct-list-selector' style='display:none;'><div class=\"ctct-form-field ctct-form-field-checkbox ctct-form-field-required\"><fieldset><legend class=\"ctct-label-top\">Ch\u1ecdn (c\u00e1c) danh s\u00e1ch \u0111\u1ec3 \u0111\u0103ng k\u00fd<\/legend><input type=\"checkbox\" name=\"lists___bf5ab5af2b21fc2aa54b6a3f1b798a37[]\" id=\"lists___bf5ab5af2b21fc2aa54b6a3f1b798a37_0_0\" value=\"1146399056\" class=\"ctct-checkbox ctct-label-right\" checked \/><span class=\"ctct-label-right\"><label for=\"lists___bf5ab5af2b21fc2aa54b6a3f1b798a37_0_0\">110 th\u00e0nh ph\u1ed1<\/label><\/span><\/fieldset><\/div><\/div><div class=\"ctct-optin-hide\" style=\"display:none;\"><p class=\"ctct-form-field ctct-form-field-checkbox\"><span class=\"ctct-input-container\"><input type=\"checkbox\" checked name=\"ctct-opt-in\" class=\"ctct-checkbox ctct-opt-in\" value=\"1\" id=\"ctct-opt-in_0\" \/><label for=\"ctct-opt-in_0\"> V\u00ed d\u1ee5: C\u00f3, t\u00f4i mu\u1ed1n nh\u1eadn email t\u1eeb 110 Th\u00e0nh ph\u1ed1. (B\u1ea1n c\u00f3 th\u1ec3 b\u1ecf \u0111\u0103ng k\u00fd b\u1ea5t c\u1ee9 l\u00fac n\u00e0o)<\/label><\/span><\/p><\/div><!--.ctct-optin-hide --><p class=\"ctct-form-field ctct-form-field-submit\"><input aria-required=\"false\"  type=\"submit\" id=\"ctct-submitted_0_2225523246\" name=\"ctct-submitted\"  value=\"\u0110\u0103ng k\u00fd\" class=\"ctct-submit ctct-label-top ctct-submitted\"     \/><\/p><div class=\"ctct_usage\" style=\"border: 0 none; clip: rect( 0, 0, 0, 0 ); height: 1px; margin: -1px; overflow: hidden; padding: 0; position: absolute; width: 1px;\"><label for=\"ctct_usage_field\">S\u1eed d\u1ee5ng Li\u00ean h\u1ec7 Li\u00ean t\u1ee5c. Xin vui l\u00f2ng \u0111\u1ec3 tr\u1ed1ng ch\u1ed5 n\u00e0y.<\/label><input type=\"text\" value=\"\" id=\"ctct_usage_field\" name=\"ctct_usage_field\" class=\"ctct_usage_field\" tabindex=\"-1\" \/><\/div><input type=\"hidden\" name=\"ctct-id\" value=\"1546\" \/><input type=\"hidden\" name=\"ctct-verify\" value=\"nSY3KgLBUaoYu0QJdAMCifu1g\" \/><input type=\"hidden\" name=\"ctct-instance\" value=\"0\" \/><input type=\"hidden\" name=\"ctct_time\" value=\"1776124607\" \/><input type=\"hidden\" name=\"trp-form-language\" value=\"vi\"\/><\/form><script type=\"text\/javascript\">var ajaxurl = \"https:\/\/110cities.com\/wp-admin\/admin-ajax.php\";<\/script><\/div>","protected":false},"excerpt":{"rendered":"<p>N\u1ebfu b\u1ea1n mu\u1ed1n nh\u1eadn th\u00f4ng tin c\u1eadp nh\u1eadt qua email t\u1eeb \u0111\u1ea7u v\u00e0o c\u1ee7a D\u1ef1 \u00e1n 110 Th\u00e0nh ph\u1ed1...<\/p>","protected":false},"author":19,"featured_media":0,"parent":0,"menu_order":0,"comment_status":"closed","ping_status":"closed","template":"","meta":{"_acf_changed":false,"footnotes":""},"class_list":["post-1595","page","type-page","status-publish","hentry"],"acf":[],"ams_acf":[],"_links":{"self":[{"href":"https:\/\/110cities.com\/vi\/wp-json\/wp\/v2\/pages\/1595","targetHints":{"allow":["GET"]}}],"collection":[{"href":"https:\/\/110cities.com\/vi\/wp-json\/wp\/v2\/pages"}],"about":[{"href":"https:\/\/110cities.com\/vi\/wp-json\/wp\/v2\/types\/page"}],"author":[{"embeddable":true,"href":"https:\/\/110cities.com\/vi\/wp-json\/wp\/v2\/users\/19"}],"replies":[{"embeddable":true,"href":"https:\/\/110cities.com\/vi\/wp-json\/wp\/v2\/comments?post=1595"}],"version-history":[{"count":3,"href":"https:\/\/110cities.com\/vi\/wp-json\/wp\/v2\/pages\/1595\/revisions"}],"predecessor-version":[{"id":3515,"href":"https:\/\/110cities.com\/vi\/wp-json\/wp\/v2\/pages\/1595\/revisions\/3515"}],"wp:attachment":[{"href":"https:\/\/110cities.com\/vi\/wp-json\/wp\/v2\/media?parent=1595"}],"curies":[{"name":"wp","href":"https:\/\/api.w.org\/{rel}","templated":true}]}}