{"id":1072,"date":"2022-12-13T10:42:21","date_gmt":"2022-12-13T10:42:21","guid":{"rendered":"https:\/\/new.110cities.net\/?page_id=1072"},"modified":"2024-08-02T09:29:24","modified_gmt":"2024-08-02T02:29:24","slug":"watch","status":"publish","type":"page","link":"https:\/\/110cities.com\/vi\/watch\/","title":{"rendered":"\u0110\u1ed3ng h\u1ed3"},"content":{"rendered":"<figure class=\"wp-block-embed is-type-video is-provider-youtube wp-block-embed-youtube wp-embed-aspect-16-9 wp-has-aspect-ratio\"><div class=\"wp-block-embed__wrapper\">\n<iframe loading=\"lazy\" title=\"Qu\u1ea3ng c\u00e1o 110 th\u00e0nh ph\u1ed1 - Ti\u1ebfn s\u0129 Jason Hubbard\" width=\"500\" height=\"281\" src=\"https:\/\/www.youtube.com\/embed\/0qIrUkUZ2GA?feature=oembed\" frameborder=\"0\" allow=\"accelerometer; autoplay; clipboard-write; encrypted-media; gyroscope; picture-in-picture; web-share\" referrerpolicy=\"strict-origin-when-cross-origin\" allowfullscreen><\/iframe>\n<\/div><\/figure>\n\n\n\n<p class=\"has-text-align-center\">Ti\u1ebfn s\u0129 Jason Hubbard gi\u1edbi thi\u1ec7u S\u00e1ng ki\u1ebfn C\u1ea7u nguy\u1ec7n \u0110\u1ed9t ph\u00e1 110 Th\u00e0nh ph\u1ed1<\/p>\n\n\n\n<figure class=\"wp-block-embed is-type-video is-provider-youtube wp-block-embed-youtube wp-embed-aspect-16-9 wp-has-aspect-ratio\"><div class=\"wp-block-embed__wrapper\">\n<iframe loading=\"lazy\" title=\"Ti\u1ebfn s\u0129 Jason Hubbard - Gi\u1edbi thi\u1ec7u 110 th\u00e0nh ph\u1ed1\" width=\"500\" height=\"281\" src=\"https:\/\/www.youtube.com\/embed\/Xo3Y9NapYuI?feature=oembed\" frameborder=\"0\" allow=\"accelerometer; autoplay; clipboard-write; encrypted-media; gyroscope; picture-in-picture; web-share\" referrerpolicy=\"strict-origin-when-cross-origin\" allowfullscreen><\/iframe>\n<\/div><\/figure>\n\n\n\n<p class=\"has-text-align-center\">Ti\u1ebfn s\u0129 Jason Hubbard gi\u1edbi thi\u1ec7u S\u00e1ng ki\u1ebfn 110 Th\u00e0nh ph\u1ed1 v\u00e0 c\u00e1c nguy\u00ean t\u1eafc c\u0169ng nh\u01b0 h\u01b0\u1edbng d\u1eabn cho vi\u1ec7c \u0111i b\u1ed9 c\u1ea7u nguy\u1ec7n.<\/p>","protected":false},"excerpt":{"rendered":"<p>Ti\u1ebfn s\u0129 Jason Hubbard gi\u1edbi thi\u1ec7u S\u00e1ng ki\u1ebfn C\u1ea7u nguy\u1ec7n \u0111\u1ed9t ph\u00e1 110 th\u00e0nh ph\u1ed1 Ti\u1ebfn s\u0129 Jason Hubbard gi\u1edbi thi\u1ec7u...<\/p>","protected":false},"author":19,"featured_media":0,"parent":0,"menu_order":0,"comment_status":"closed","ping_status":"closed","template":"","meta":{"_acf_changed":false,"footnotes":""},"class_list":["post-1072","page","type-page","status-publish","hentry"],"acf":[],"ams_acf":[],"_links":{"self":[{"href":"https:\/\/110cities.com\/vi\/wp-json\/wp\/v2\/pages\/1072","targetHints":{"allow":["GET"]}}],"collection":[{"href":"https:\/\/110cities.com\/vi\/wp-json\/wp\/v2\/pages"}],"about":[{"href":"https:\/\/110cities.com\/vi\/wp-json\/wp\/v2\/types\/page"}],"author":[{"embeddable":true,"href":"https:\/\/110cities.com\/vi\/wp-json\/wp\/v2\/users\/19"}],"replies":[{"embeddable":true,"href":"https:\/\/110cities.com\/vi\/wp-json\/wp\/v2\/comments?post=1072"}],"version-history":[{"count":10,"href":"https:\/\/110cities.com\/vi\/wp-json\/wp\/v2\/pages\/1072\/revisions"}],"predecessor-version":[{"id":3512,"href":"https:\/\/110cities.com\/vi\/wp-json\/wp\/v2\/pages\/1072\/revisions\/3512"}],"wp:attachment":[{"href":"https:\/\/110cities.com\/vi\/wp-json\/wp\/v2\/media?parent=1072"}],"curies":[{"name":"wp","href":"https:\/\/api.w.org\/{rel}","templated":true}]}}