{"id":918,"date":"2022-12-01T06:49:08","date_gmt":"2022-12-01T06:49:08","guid":{"rendered":"https:\/\/new.110cities.net\/?page_id=918"},"modified":"2024-08-09T22:49:59","modified_gmt":"2024-08-09T15:49:59","slug":"welcome","status":"publish","type":"page","link":"https:\/\/110cities.com\/ro\/welcome\/","title":{"rendered":"Bine ati venit"},"content":{"rendered":"<div style=\"height:40px\" aria-hidden=\"true\" class=\"wp-block-spacer\"><\/div>\n\n\n\n<h2 class=\"wp-block-heading has-text-align-center\">Bine a\u021bi venit \u00een 110 ora\u0219e!<\/h2>\n\n\n\n<p class=\"has-text-align-center\">Viziunea noastr\u0103 este s\u0103 vedem cele 110 ora\u0219e cele mai neajunse din lume atinse cu Evanghelia, rug\u00e2ndu-ne pentru ca mii de biserici care \u00eenmul\u021besc pe Hristos s\u0103 fie plantate printre ele!<\/p>\n\n\n\n<p class=\"has-text-align-center\">Credem c\u0103 rug\u0103ciunea este cheia! <br>\u00cen acest scop, \u00eentindem m\u00e2na cu credin\u021b\u0103 pentru a acoperi aceast\u0103 activitate cu rug\u0103ciunile puternice a 110 milioane de credincio\u0219i - pentru descoperire, rug\u0103ciune \u00een jurul tronului, non-stop \u0219i pe tot globul!<\/p>\n\n\n\n<figure class=\"wp-block-embed is-type-video is-provider-youtube wp-block-embed-youtube wp-embed-aspect-16-9 wp-has-aspect-ratio\"><div class=\"wp-block-embed__wrapper\">\n<iframe loading=\"lazy\" title=\"Promo\u021bia 110 ora\u0219e - Dr Jason Hubbard\" width=\"500\" height=\"281\" src=\"https:\/\/www.youtube.com\/embed\/0qIrUkUZ2GA?feature=oembed\" frameborder=\"0\" allow=\"accelerometer; autoplay; clipboard-write; encrypted-media; gyroscope; picture-in-picture; web-share\" referrerpolicy=\"strict-origin-when-cross-origin\" allowfullscreen><\/iframe>\n<\/div><figcaption class=\"wp-element-caption\"><strong>Dr Jason Hubbard<\/strong><br>Directorul International Prayer Connect prezint\u0103 110 ora\u0219e<\/figcaption><\/figure>","protected":false},"excerpt":{"rendered":"<p>Bun venit la 110 Ora\u0219e! Viziunea noastr\u0103 este s\u0103 vedem cele 110 ora\u0219e cele mai neatinse...<\/p>","protected":false},"author":19,"featured_media":0,"parent":0,"menu_order":0,"comment_status":"closed","ping_status":"closed","template":"","meta":{"_acf_changed":false,"footnotes":""},"class_list":["post-918","page","type-page","status-publish","hentry"],"acf":[],"ams_acf":[],"_links":{"self":[{"href":"https:\/\/110cities.com\/ro\/wp-json\/wp\/v2\/pages\/918","targetHints":{"allow":["GET"]}}],"collection":[{"href":"https:\/\/110cities.com\/ro\/wp-json\/wp\/v2\/pages"}],"about":[{"href":"https:\/\/110cities.com\/ro\/wp-json\/wp\/v2\/types\/page"}],"author":[{"embeddable":true,"href":"https:\/\/110cities.com\/ro\/wp-json\/wp\/v2\/users\/19"}],"replies":[{"embeddable":true,"href":"https:\/\/110cities.com\/ro\/wp-json\/wp\/v2\/comments?post=918"}],"version-history":[{"count":4,"href":"https:\/\/110cities.com\/ro\/wp-json\/wp\/v2\/pages\/918\/revisions"}],"predecessor-version":[{"id":3528,"href":"https:\/\/110cities.com\/ro\/wp-json\/wp\/v2\/pages\/918\/revisions\/3528"}],"wp:attachment":[{"href":"https:\/\/110cities.com\/ro\/wp-json\/wp\/v2\/media?parent=918"}],"curies":[{"name":"wp","href":"https:\/\/api.w.org\/{rel}","templated":true}]}}