{"id":895,"date":"2022-11-30T11:58:12","date_gmt":"2022-11-30T11:58:12","guid":{"rendered":"https:\/\/new.110cities.net\/?page_id=895"},"modified":"2022-11-30T12:01:58","modified_gmt":"2022-11-30T12:01:58","slug":"join-110","status":"publish","type":"page","link":"https:\/\/110cities.com\/ro\/join-110\/","title":{"rendered":"Al\u0103tura\u021bi-v\u0103 la 110"},"content":{"rendered":"<p>C\u0103ut\u0103m oameni care \u00eemp\u0103rt\u0103\u0219esc viziunea celor 110 ora\u0219e \u0219i sunt preg\u0103ti\u021bi s\u0103 se implice at\u00e2t practic, c\u00e2t \u0219i cu rug\u0103ciune!<\/p>\n\n\n\n<p>Dac\u0103 crede\u021bi c\u0103 acesta a\u021bi putea fi dvs., v\u0103 rug\u0103m s\u0103 citi\u021bi mai departe... \u0219i <a href=\"https:\/\/110cities.com\/ro\/contact\/\">Intra\u021bi \u00een leg\u0103tur\u0103<\/a> pentru a afla mai multe.<\/p>\n\n\n\n<p>A <strong>Campionul de rug\u0103ciune al ora\u0219ului 110<\/strong> are o pasiune pentru un anumit ora\u0219 eviden\u021biat pe noi <a href=\"https:\/\/110cities.com\/ro\/cities\/\">Lista 110 OR\u0102\u0218E<\/a> - unde se afl\u0103 90%+ de Frontier People Groups (FPG-uri).<\/p>\n\n\n\n<p>\u00cen fiecare dintre cele 110 ora\u0219e am dori s\u0103 form\u0103m 2 echipe:<\/p>\n\n\n\n<p>a) Mi\u0219carea pentru Plantarea Bisericii se echipeaz\u0103 cu liderul \u0219i antrenorul lor general, care ofer\u0103 o persoan\u0103 de leg\u0103tur\u0103 sigur\u0103 cu care s\u0103 comunice.<\/p>\n\n\n\n<p>b) ECHIP\u0102 DE RUG\u0102CIUNE ORA\u0218\u0102 - alc\u0103tuit\u0103 pe re\u021bele de rug\u0103ciune la nivel de ora\u0219, re\u021bele biserice\u0219ti, echipe de rug\u0103ciune, Case de rug\u0103ciune, echipe de rug\u0103ciune pentru copii \u0219i tineri, cu un coordonator pentru echipa de rug\u0103ciune din ora\u0219 \u0219i un <strong>campion pentru rug\u0103ciune pentru post\u0103rile de combustibil pentru rug\u0103ciune online<\/strong> care va comunica \u0219i mobiliza rug\u0103ciunea unui public global nevoile \u0219i s\u0103rb\u0103torile din fiecare ora\u0219.<\/p>\n\n\n\n<h3 class=\"wp-block-heading\">Un campion:<\/h3>\n\n\n\n<ul class=\"wp-block-list\">\n<li>Are o povar\u0103 \u0219i o chemare autentic\u0103 de la Dumnezeu c\u0103tre acest ora\u0219 specific<\/li>\n\n\n\n<li>Este o voce recunoscut\u0103 \u0219i respectat\u0103 pentru ora\u0219, cunoscut\u0103 de al\u021bii implica\u021bi \u00een acest ora\u0219 (sau are leg\u0103turi bune printr-o echip\u0103)<\/li>\n\n\n\n<li>De preferin\u021b\u0103 a lucrat sau locuie\u0219te \u00een acel ora\u0219 sau a studiat \u0219i s-a rugat pentru acel ora\u0219 de ani de zile<\/li>\n\n\n\n<li>Este o persoan\u0103 cu cuno\u0219tin\u021be despre nevoile ora\u0219ului, limba, cultura, credin\u021bele, viziunea asupra lumii<\/li>\n\n\n\n<li>Este angajat s\u0103 mijloceasc\u0103 \u0219i s\u0103-i mobilizeze pe al\u021bii s\u0103 se roage<\/li>\n\n\n\n<li>Are o istorie de implicare \u0219i creare de re\u021bele<\/li>\n\n\n\n<li>consider\u0103 c\u0103 concentrarea asupra acestor 110 ora\u0219e este o strategie eficient\u0103; \u201ede\u021bine\u201d viziunea<\/li>\n\n\n\n<li>Este angajat s\u0103 implementeze rug\u0103ciunea pe termen lung pentru mi\u0219c\u0103rile de plantare de biserici.<\/li>\n<\/ul>\n\n\n\n<h3 class=\"wp-block-heading\">Un campion va:<\/h3>\n\n\n\n<ul class=\"wp-block-list\">\n<li>\u00censcrie\u021bi-v\u0103 pentru un interval de rug\u0103ciune de 15 minute folosind site-ul web.<\/li>\n\n\n\n<li>Comunica\u021bi s\u0103pt\u0103m\u00e2nal cu campionul ora\u0219ului la sol \u0219i echipa de mers \u00een rug\u0103ciune sau conexiunea CPM. Am dori s\u0103 avem \u0219tiri despre rug\u0103ciune de la cei din ora\u0219 care se roag\u0103, astfel \u00eenc\u00e2t acestea s\u0103 poat\u0103 fi ad\u0103ugate la combustibilul rug\u0103ciunii de pe site.<\/li>\n\n\n\n<li>Posta\u021bi combustibil pentru rug\u0103ciune cel pu\u021bin o dat\u0103 pe s\u0103pt\u0103m\u00e2n\u0103. Dac\u0103 pute\u021bi posta \u00eentr-o limb\u0103 local\u0103 a ora\u0219ului \u0219i \u00een englez\u0103, acest lucru ar fi de mare ajutor. Fii c\u00e2t mai creativ posibil cu videoclipuri, fotografii, grafice etc. \u0219i rug\u0103ciuni bazate pe Biblie.<\/li>\n\n\n\n<li>Trimite\u021bi mesaje pe re\u021belele sociale \u0219i\/sau c\u0103tre conexiuni \u0219i re\u021bele la fiecare \u0219ase s\u0103pt\u0103m\u00e2ni, cu o invita\u021bie de a v\u0103 \u00eenscrie \u0219i de a v\u0103 ruga pentru ora\u0219.<\/li>\n<\/ul>\n\n\n\n<h3 class=\"wp-block-heading\">Un campion va primi:<\/h3>\n\n\n\n<ul class=\"wp-block-list\">\n<li>Instruire despre cum s\u0103 postezi combustibil pentru rug\u0103ciune pe site \u0219i s\u0103 fii invitat pe canalul de comunicare intern\u0103 pe Slack pentru a primi orice ajutor administrativ din partea echipei.<\/li>\n\n\n\n<li>Acces la o bibliotec\u0103 de rug\u0103ciuni care ar putea fi folosite (t\u0103ia\u021bi \u0219i lipi\u021bi) \u00een combustibilul rug\u0103ciunii pentru a v\u0103 ajuta cu con\u021binut.<\/li>\n\n\n\n<li>O invita\u021bie de a face parte din echipa ora\u0219ului \u0219i sper\u0103m c\u0103 ar fi implicat \u00een cre\u0219terea echipei de rug\u0103ciune a ora\u0219ului, care este legat\u0103 de a sprijini echipele de plantare de biserici.<strong><\/strong><\/li>\n<\/ul>\n\n\n\n<p><strong>Te rog sa faci <a href=\"https:\/\/110cities.com\/ro\/contact\/\">contacta\u0163i-ne<\/a> pentru a afla mai multe!<\/strong><\/p>","protected":false},"excerpt":{"rendered":"<p>C\u0103ut\u0103m persoane care \u00eemp\u0103rt\u0103\u0219esc Viziunea celor 110 Ora\u0219e \u0219i sunt preg\u0103tite...<\/p>","protected":false},"author":19,"featured_media":900,"parent":0,"menu_order":0,"comment_status":"closed","ping_status":"closed","template":"","meta":{"_acf_changed":false,"footnotes":""},"class_list":["post-895","page","type-page","status-publish","has-post-thumbnail","hentry"],"acf":[],"ams_acf":[],"_links":{"self":[{"href":"https:\/\/110cities.com\/ro\/wp-json\/wp\/v2\/pages\/895","targetHints":{"allow":["GET"]}}],"collection":[{"href":"https:\/\/110cities.com\/ro\/wp-json\/wp\/v2\/pages"}],"about":[{"href":"https:\/\/110cities.com\/ro\/wp-json\/wp\/v2\/types\/page"}],"author":[{"embeddable":true,"href":"https:\/\/110cities.com\/ro\/wp-json\/wp\/v2\/users\/19"}],"replies":[{"embeddable":true,"href":"https:\/\/110cities.com\/ro\/wp-json\/wp\/v2\/comments?post=895"}],"version-history":[{"count":4,"href":"https:\/\/110cities.com\/ro\/wp-json\/wp\/v2\/pages\/895\/revisions"}],"predecessor-version":[{"id":3823,"href":"https:\/\/110cities.com\/ro\/wp-json\/wp\/v2\/pages\/895\/revisions\/3823"}],"wp:featuredmedia":[{"embeddable":true,"href":"https:\/\/110cities.com\/ro\/wp-json\/wp\/v2\/media\/900"}],"wp:attachment":[{"href":"https:\/\/110cities.com\/ro\/wp-json\/wp\/v2\/media?parent=895"}],"curies":[{"name":"wp","href":"https:\/\/api.w.org\/{rel}","templated":true}]}}