{"id":5847,"date":"2026-04-16T13:22:39","date_gmt":"2026-04-16T06:22:39","guid":{"rendered":"https:\/\/110cities.com\/?page_id=5847"},"modified":"2026-04-16T14:01:23","modified_gmt":"2026-04-16T07:01:23","slug":"24hrs-prayer-guide","status":"publish","type":"page","link":"https:\/\/110cities.com\/ro\/24hrs-prayer-guide\/","title":{"rendered":"Ghid de rug\u0103ciune 24 de ore"},"content":{"rendered":"<p>V\u0103 invit\u0103m s\u0103 v\u0103 al\u0103tura\u021bi milioanelor de cre\u0219tini din \u00eentreaga lume \u00een 24 de ore de \u00eenchinare \u0219i rug\u0103ciuni unite - pentru trezire spiritual\u0103 \u0219i pentru ca Evanghelia s\u0103 ajung\u0103 la marginile p\u0103m\u00e2ntului!<\/p>\n\n\n\n<p>\u00cen aceste 24 de ore, ne vom uni vocile cu bisericile, casele de rug\u0103ciune \u0219i organiza\u021biile de rug\u0103ciune din \u00eentreaga lume pentru o nou\u0103 rev\u0103rsare \u00een Biserica mondial\u0103!<\/p>\n\n\n\n<p>Dumnezeu \u00ce\u0219i elibereaz\u0103 puterea ca r\u0103spuns la rug\u0103ciunile poporului S\u0103u!<\/p>\n\n\n\n<p>Vede\u021bi mai jos \u00eendrum\u0103rile pentru rug\u0103ciune \u0219i temele scripturale.<\/p>\n\n\n\n<p>S\u0103 folosim acest timp \u0219i pentru a ne ruga pentru 5 persoane pe care le cunoa\u0219tem \u0219i care nu sunt urma\u0219i ai lui Isus, folosind memento-ul util de la pagina 2.<\/p>\n\n\n\n<p>Ruga\u021bi-v\u0103 unde v\u0103 afla\u021bi, \u00een grupuri sau al\u0103tura\u021bi-v\u0103 Camerei de Rug\u0103ciune Global Family 247 a IPC <a href=\"https:\/\/www.globalfamily24-7prayer.org\/\" target=\"_blank\" rel=\"noreferrer noopener\">ONLINE AICI<\/a>.<\/p>","protected":false},"excerpt":{"rendered":"<p>V\u0103 invit\u0103m s\u0103 v\u0103 al\u0103tura\u021bi milioanelor de cre\u0219tini din \u00eentreaga lume \u00een 24 de ore de...<\/p>","protected":false},"author":3,"featured_media":5848,"parent":0,"menu_order":0,"comment_status":"closed","ping_status":"closed","template":"","meta":{"_acf_changed":false,"footnotes":""},"class_list":["post-5847","page","type-page","status-publish","has-post-thumbnail","hentry"],"acf":[],"ams_acf":[],"_links":{"self":[{"href":"https:\/\/110cities.com\/ro\/wp-json\/wp\/v2\/pages\/5847","targetHints":{"allow":["GET"]}}],"collection":[{"href":"https:\/\/110cities.com\/ro\/wp-json\/wp\/v2\/pages"}],"about":[{"href":"https:\/\/110cities.com\/ro\/wp-json\/wp\/v2\/types\/page"}],"author":[{"embeddable":true,"href":"https:\/\/110cities.com\/ro\/wp-json\/wp\/v2\/users\/3"}],"replies":[{"embeddable":true,"href":"https:\/\/110cities.com\/ro\/wp-json\/wp\/v2\/comments?post=5847"}],"version-history":[{"count":2,"href":"https:\/\/110cities.com\/ro\/wp-json\/wp\/v2\/pages\/5847\/revisions"}],"predecessor-version":[{"id":5852,"href":"https:\/\/110cities.com\/ro\/wp-json\/wp\/v2\/pages\/5847\/revisions\/5852"}],"wp:featuredmedia":[{"embeddable":true,"href":"https:\/\/110cities.com\/ro\/wp-json\/wp\/v2\/media\/5848"}],"wp:attachment":[{"href":"https:\/\/110cities.com\/ro\/wp-json\/wp\/v2\/media?parent=5847"}],"curies":[{"name":"wp","href":"https:\/\/api.w.org\/{rel}","templated":true}]}}