{"id":4756,"date":"2026-02-16T17:13:47","date_gmt":"2026-02-16T10:13:47","guid":{"rendered":"https:\/\/110cities.com\/?page_id=4756"},"modified":"2026-02-17T11:35:10","modified_gmt":"2026-02-17T04:35:10","slug":"tsunami-worship-anthem","status":"publish","type":"page","link":"https:\/\/110cities.com\/ro\/tsunami-worship-anthem\/","title":{"rendered":"Imnul de \u00eenchinare la tsunami"},"content":{"rendered":"<p>Urm\u0103ri\u021bi \u0219i c\u00e2nta\u021bi al\u0103turi de videoclipul imnului de \u00eenchinare \u2018Tsunami\u2019 aici, \u00een limba englez\u0103, cu traduceri ale subtitr\u0103rilor \u00een arab\u0103, bahasa, francez\u0103, german\u0103, hindi, coreean\u0103, mandarin\u0103, portughez\u0103, rus\u0103 \u0219i spaniol\u0103.<\/p>\n\n\n\n<p>Acum \u0219ase luni, la o cin\u0103 \u00een Finlanda, <a href=\"https:\/\/www.instagram.com\/reel\/DUrBN0vDsnj\/\" target=\"_blank\" rel=\"noreferrer noopener\"><strong>Jason Hubbard<\/strong><\/a> m-a rugat s\u0103 scriu \u0219i s\u0103 produc cinci imnuri globale pentru Zilele Globale de Rug\u0103ciune din 2026. Am slujit \u00eempreun\u0103 \u00een ultimii ani \u00een avansarea global\u0103 a Evangheliei c\u0103tre 2033.<\/p>\n\n\n\n<p>\u2018Cererea\u2019 lui Jason tocmai a fost \u00een al 7-lea an de la \u00eenfiin\u021bare.&nbsp;&nbsp;<a href=\"http:\/\/psalmistmission.org\/\" target=\"_blank\" rel=\"noopener\"><strong>Misiunea psalmist\u0103<\/strong><\/a>, dup\u0103 ce tocmai au absolvit 121 de lideri de \u00eenchinare\/muzicieni afla\u021bi \u00een training \u0219i ucenicie \u00een California - din multe culturi diferite ale lumii.<\/p>\n\n\n\n<p>Cu 5 zile \u00eenainte, tocmai \u00eent\u00e2lnisem conducerea&nbsp;<strong><a href=\"https:\/\/www.youversion.com\/\" target=\"_blank\" rel=\"noopener\">YouVersion<\/a><\/strong>&nbsp;aplica\u021bia biblic\u0103 global\u0103 pe care am putut s\u0103 o invit\u0103m \u0219i noi \u00een aceast\u0103 ini\u021biativ\u0103, exact c\u00e2nd atingeau pragul de 1 miliard de desc\u0103rc\u0103ri.&nbsp;&nbsp;<\/p>\n\n\n\n<p>\u0218i acum<strong>&nbsp;pe 17 februarie<\/strong>, \u00een timp ce budi\u0219tii din \u00eentreaga lume caut\u0103 iluminarea \u00een Anul Nou Chinezesc, Habacuc 2:14 a devenit combustibilul biblic care a dat putere compozi\u021biei imnului de \u00eenchinare pe care \u00eel lans\u0103m, numit&nbsp;<strong><a href=\"https:\/\/distrokid.com\/hyperfollow\/jonshabaglian11\/tsunami-feat-psalmist-mission\" target=\"_blank\" rel=\"noopener\">\u201cTsunami\u201d<\/a>&nbsp;<\/strong>- asta&nbsp;<em>\u201cP\u0103m\u00e2ntul va fi plin de cunoa\u0219terea slavei Domnului, a\u0219a cum apele acoper\u0103 marea.\u201d<\/em>&nbsp;<\/p>\n\n\n\n<p>A\u0219adar, Domnul i-a adunat pe mijlocitorii \u0219i psalmi\u0219tii S\u0103i, cu un motor scriptural global - to\u021bi \u00eempreun\u0103 \u00eentr-o lucrare unificat\u0103, \u00eempreun\u0103 \u00een func\u021bii cheie ale Trupului lui Hristos, crez\u00e2nd \u00een revela\u021bia Fiului Ilumin\u0103rii (Hristos Isus!) c\u0103tre milioane de budi\u0219ti \u00een aceast\u0103 Zi Global\u0103 de Rug\u0103ciune \u0219i \u00eenchinare!<\/p>\n\n\n\n<p>A\u0219adar, v\u0103 rug\u0103m s\u0103 v\u0103 al\u0103tura\u021bi nou\u0103 \u00een rug\u0103ciune \u0219i acord, \u00een acest moment din ISTORIE care se na\u0219te pe 17 februarie... Pentru c\u0103 Domnul nu voie\u0219te ca nimeni s\u0103 piar\u0103!<a href=\"https:\/\/ref.ly\/2%20Pet%203.9;esv?t=biblia\" target=\"_blank\" rel=\"noopener\">2 Petru 3:9<\/a>)<\/p>\n\n\n\n<p><strong>Jon Shabaglian&nbsp;<\/strong><\/p>\n\n\n\n<p><a href=\"https:\/\/www.psalmistmission.com\/\" target=\"_blank\" rel=\"noreferrer noopener\"><strong>Misiunea psalmist\u0103<\/strong><\/a><\/p>","protected":false},"excerpt":{"rendered":"<p>Urm\u0103ri\u021bi \u0219i c\u00e2nta\u021bi al\u0103turi de videoclipul imnului de \u00eenchinare \u2018Tsunami\u2019 aici, \u00een englez\u0103, cu legenda...<\/p>","protected":false},"author":3,"featured_media":4836,"parent":0,"menu_order":0,"comment_status":"closed","ping_status":"closed","template":"","meta":{"_acf_changed":false,"footnotes":""},"class_list":["post-4756","page","type-page","status-publish","has-post-thumbnail","hentry"],"acf":[],"ams_acf":[],"_links":{"self":[{"href":"https:\/\/110cities.com\/ro\/wp-json\/wp\/v2\/pages\/4756","targetHints":{"allow":["GET"]}}],"collection":[{"href":"https:\/\/110cities.com\/ro\/wp-json\/wp\/v2\/pages"}],"about":[{"href":"https:\/\/110cities.com\/ro\/wp-json\/wp\/v2\/types\/page"}],"author":[{"embeddable":true,"href":"https:\/\/110cities.com\/ro\/wp-json\/wp\/v2\/users\/3"}],"replies":[{"embeddable":true,"href":"https:\/\/110cities.com\/ro\/wp-json\/wp\/v2\/comments?post=4756"}],"version-history":[{"count":2,"href":"https:\/\/110cities.com\/ro\/wp-json\/wp\/v2\/pages\/4756\/revisions"}],"predecessor-version":[{"id":4837,"href":"https:\/\/110cities.com\/ro\/wp-json\/wp\/v2\/pages\/4756\/revisions\/4837"}],"wp:featuredmedia":[{"embeddable":true,"href":"https:\/\/110cities.com\/ro\/wp-json\/wp\/v2\/media\/4836"}],"wp:attachment":[{"href":"https:\/\/110cities.com\/ro\/wp-json\/wp\/v2\/media?parent=4756"}],"curies":[{"name":"wp","href":"https:\/\/api.w.org\/{rel}","templated":true}]}}