{"id":444,"date":"2022-11-29T07:38:35","date_gmt":"2022-11-29T07:38:35","guid":{"rendered":"https:\/\/new.110cities.net\/?page_id=444"},"modified":"2025-05-16T04:26:33","modified_gmt":"2025-05-15T21:26:33","slug":"prayer-walking-overview","status":"publish","type":"page","link":"https:\/\/110cities.com\/ro\/prayer-walking-overview\/","title":{"rendered":"Prezentare general\u0103 a mersului prin rug\u0103ciune"},"content":{"rendered":"<p>Rug\u0103ciunea este pur \u0219i simplu o rug\u0103ciune la fa\u021ba locului, cu perspicacitate (observa\u021bie) \u0219i inspira\u021bie (revela\u021bie). Este o form\u0103 de rug\u0103ciune vizibil\u0103, verbal\u0103 \u0219i mobil\u0103.<\/p>\n\n\n\n<p>Utilitatea sa este dubl\u0103: 1. Pentru a ob\u021bine recunoa\u0219tere spiritual\u0103 \u0219i 2. Pentru a elibera puterea Cuv\u00e2ntului \u0219i a Duhului lui Dumnezeu \u00een anumite locuri \u0219i pentru anumi\u021bi oameni.<\/p>\n\n\n\n<p><strong><em>\u201eFii sigur c\u0103 lui Dumnezeu i se adreseaz\u0103 \u0219i oamenii sunt binecuv\u00e2nta\u021bi\u201d (Steve Hawthorne)<\/em><\/strong><\/p>\n\n\n\n<h2 class=\"wp-block-heading\">I. RUG\u0102CIUNEA IMPLICA<\/h2>\n\n\n\n<ol class=\"wp-block-list\">\n<li>Mersul pe jos -- \u00een perechi sau triple\u021bi <\/li>\n\n\n\n<li>\u00cenchinare -- l\u0103ud\u00e2nd numele \u0219i natura lui Dumnezeu <\/li>\n\n\n\n<li>Privire -- indicii exterioare (date din locuri \u0219i fe\u021be) \u0219i indicii interioare (discern\u0103m\u00e2nt de la Domnul)<\/li>\n<\/ol>\n\n\n\n<h2 class=\"wp-block-heading\">II. PREG\u0102TIREA<\/h2>\n\n\n\n<ol class=\"wp-block-list\">\n<li>\u00cencredin\u021beaz\u0103-\u021bi drumul Domnului, cere Duhului s\u0103 te \u00eendrume<\/li>\n\n\n\n<li>Acoperi\u021bi-v\u0103 cu protec\u021bia divin\u0103 (Ps. 91)<\/li>\n\n\n\n<li>Conecta\u021bi-v\u0103 cu Duhul Sf\u00e2nt (Ro. 8:26, 27)<\/li>\n<\/ol>\n\n\n\n<h2 class=\"wp-block-heading\">III. RUG\u0102CIUNEA<\/h2>\n\n\n\n<ol class=\"wp-block-list\">\n<li>Amesteca\u021bi \u0219i amesteca\u021bi conversa\u021bia cu laudele \u0219i rug\u0103ciunea<\/li>\n\n\n\n<li>C\u00e2nd \u00eencepe\u021bi, l\u0103uda\u021bi \u0219i binecuv\u00e2nta\u021bi pe Domnul<\/li>\n\n\n\n<li>Folosi\u021bi Scriptura pentru a elibera binecuv\u00e2ntarea lui Dumnezeu<\/li>\n\n\n\n<li>Cere\u021bi Duhului s\u0103 v\u0103 \u00eendrume pa\u0219ii\n<ul class=\"wp-block-list\">\n<li>Intr\u0103 \u0219i treci prin cl\u0103diri<\/li>\n\n\n\n<li>Z\u0103bovi\u021bi \u00eentr-un anumit loc<\/li>\n\n\n\n<li>Opre\u0219te-te \u0219i roag\u0103-te pentru oameni<\/li>\n<\/ul>\n<\/li>\n<\/ol>\n\n\n\n<h2 class=\"wp-block-heading\">IV. INFORMARE<\/h2>\n\n\n\n<ol class=\"wp-block-list\">\n<li>Glean: ce am observat sau ce am experimentat?<\/li>\n\n\n\n<li>Vreo \u201enumiri divine\u201d surpriz\u0103?<\/li>\n\n\n\n<li>Distila\u021bi 2-3 puncte de rug\u0103ciune, \u00eenchide\u021bi cu rug\u0103ciunea corporativ\u0103<\/li>\n<\/ol>","protected":false},"excerpt":{"rendered":"<p>Rug\u0103ciunea este pur \u0219i simplu o rug\u0103ciune la fa\u021ba locului, cu perspicacitate (observa\u021bie) \u0219i inspira\u021bie (revela\u021bie). Este...<\/p>","protected":false},"author":19,"featured_media":0,"parent":0,"menu_order":0,"comment_status":"closed","ping_status":"closed","template":"","meta":{"_acf_changed":false,"footnotes":""},"class_list":["post-444","page","type-page","status-publish","hentry"],"acf":[],"ams_acf":[],"_links":{"self":[{"href":"https:\/\/110cities.com\/ro\/wp-json\/wp\/v2\/pages\/444","targetHints":{"allow":["GET"]}}],"collection":[{"href":"https:\/\/110cities.com\/ro\/wp-json\/wp\/v2\/pages"}],"about":[{"href":"https:\/\/110cities.com\/ro\/wp-json\/wp\/v2\/types\/page"}],"author":[{"embeddable":true,"href":"https:\/\/110cities.com\/ro\/wp-json\/wp\/v2\/users\/19"}],"replies":[{"embeddable":true,"href":"https:\/\/110cities.com\/ro\/wp-json\/wp\/v2\/comments?post=444"}],"version-history":[{"count":3,"href":"https:\/\/110cities.com\/ro\/wp-json\/wp\/v2\/pages\/444\/revisions"}],"predecessor-version":[{"id":3822,"href":"https:\/\/110cities.com\/ro\/wp-json\/wp\/v2\/pages\/444\/revisions\/3822"}],"wp:attachment":[{"href":"https:\/\/110cities.com\/ro\/wp-json\/wp\/v2\/media?parent=444"}],"curies":[{"name":"wp","href":"https:\/\/api.w.org\/{rel}","templated":true}]}}