{"id":4342,"date":"2025-10-10T18:42:40","date_gmt":"2025-10-10T11:42:40","guid":{"rendered":"https:\/\/110cities.com\/?page_id=4342"},"modified":"2025-10-10T19:13:37","modified_gmt":"2025-10-10T12:13:37","slug":"discipleship-and-prayer","status":"publish","type":"page","link":"https:\/\/110cities.com\/ro\/discipleship-and-prayer\/","title":{"rendered":"Ucenicie \u0219i rug\u0103ciune"},"content":{"rendered":"<div class=\"wp-block-buttons is-layout-flex wp-block-buttons-is-layout-flex\">\n<div class=\"wp-block-button\"><a class=\"wp-block-button__link wp-element-button\" href=\"https:\/\/110cities.com\/wp-content\/uploads\/2025\/10\/Discipleship-and-Prayer-Dr-Jason-Hubbard.pdf\" target=\"_blank\" rel=\"noreferrer noopener\">DESC\u0102RCA\u021aI ACEST ARTICOL (PDF \u00ceN LIMBA ENGLEZ\u0102)<\/a><\/div>\n<\/div>\n\n\n\n<div style=\"height:20px\" aria-hidden=\"true\" class=\"wp-block-spacer\"><\/div>\n\n\n\n<p>Luni 20<sup>th<\/sup> Octombrie 2025 va marca \u00eemplinirea a 3-a a<sup>a doua<\/sup> anual <a href=\"https:\/\/110cities.com\/ro\/hindu-day-of-prayer\/\"><strong>Ziua global\u0103 de rug\u0103ciune pentru lumea hindus\u0103<\/strong><\/a>.<\/p>\n\n\n\n<p>Cercet\u0103rile ne arat\u0103 c\u0103 80% dintre hindu\u0219i, budi\u0219ti \u0219i musulmani nu cunosc niciun cre\u0219tin. Cu aproximativ 1,25 miliarde de hindu\u0219i \u00een \u00eentreaga lume, hinduismul este a treia cea mai mare religie la nivel global - cu 1 miliard dintre ei numai \u00een India!&nbsp;<\/p>\n\n\n<div class=\"wp-block-image\">\n<figure class=\"alignright size-full is-resized\"><img loading=\"lazy\" decoding=\"async\" width=\"313\" height=\"313\" src=\"https:\/\/110cities.com\/wp-content\/uploads\/2025\/10\/image002.jpg\" alt=\"\" class=\"wp-image-4345\" style=\"width:372px;height:auto\" srcset=\"https:\/\/110cities.com\/wp-content\/uploads\/2025\/10\/image002.jpg 313w, https:\/\/110cities.com\/wp-content\/uploads\/2025\/10\/image002-150x150.jpg 150w, https:\/\/110cities.com\/wp-content\/uploads\/2025\/10\/image002-12x12.jpg 12w\" sizes=\"auto, (max-width: 313px) 100vw, 313px\" \/><\/figure>\n<\/div>\n\n\n<p>\u00centruc\u00e2t Isus ne-a chemat s\u0103 facem ucenici din toate neamurile, sarcina care ne r\u0103m\u00e2ne este imens\u0103 \u0219i trebuie s\u0103 \u00eenceap\u0103 cu rug\u0103ciunea! Dac\u0103 defini\u021bia rug\u0103ciunii este intimitatea cu Dumnezeu \u2013 partea conversa\u021bional\u0103 a celei mai importante rela\u021bii de iubire din via\u021ba noastr\u0103 \u2013 atunci destina\u021bia rug\u0103ciunii este \u00eemplinirea scopurilor Sale!&nbsp;<\/p>\n\n\n\n<p>Dumnezeu a ales s\u0103-\u0218i \u00eendeplineasc\u0103 scopurile prin rug\u0103ciunile poporului S\u0103u. El a r\u00e2nduit rug\u0103ciunea ca fiind canalul prin care \u00ce\u0219i \u00eendepline\u0219te voia.<\/p>\n\n\n\n<p><strong>Una dintre cheile rug\u0103ciunii eficiente este rug\u0103ciunea pentru \u00eemplinirea Marii Trimiteri! <\/strong>&nbsp;<\/p>\n\n\n\n<p>Biblia acord\u0103 o mare importan\u021b\u0103 rolului rug\u0103ciunii \u00een Marea Trimitere. Termenul \u201eMarea Trimitere\u201d se refer\u0103 la porunca final\u0103 dat\u0103 de Isus ucenicilor S\u0103i (\u0219i, prin urmare, bisericii \u00een ansamblu) \u00een timp ce El era fizic pe p\u0103m\u00e2nt. Vrem s\u0103 ne rug\u0103m ca fiecare persoan\u0103 \u0219i familie de pretutindeni s\u0103 aib\u0103 o \u00eent\u00e2lnire autentic\u0103 cu Domnul Isus Hristos prin puterea \u0219i prezen\u021ba Duhului Sf\u00e2nt! \u0218i Isus a spus clar c\u0103 cea mai eficient\u0103 modalitate de a face acest lucru - de a vedea Evanghelia \u00cemp\u0103r\u0103\u021biei proclamat\u0103 \u00eentregii lumi - este prin a face ucenici din fiecare neam!&nbsp;<\/p>\n\n\n\n<p>Isus le-a poruncit ucenicilor S\u0103i s\u0103 mearg\u0103 \u0219i s\u0103 fac\u0103 ucenici din toate neamurile de pe Muntele Arbel - Arbel este cel mai \u00eenalt munte din Galileea. Evanghelia dup\u0103 Matei ne spune c\u0103, dup\u0103 \u00eenvierea lui Isus, El le-a dat instruc\u021biuni ucenicilor S\u0103i s\u0103 mearg\u0103 pe muntele Galileii.<\/p>\n\n\n\n<p>\u00centr-o zi senin\u0103, st\u00e2nd pe v\u00e2rful Arbelului, po\u021bi vedea kilometri \u00eentregi. Privind spre nord, po\u021bi vedea v\u00e2rful Muntelui Hermon, cel mai mare munte din Israel, domin\u00e2nd grani\u021ba dintre Liban, Siria \u0219i Israel. La est, po\u021bi vedea \u00cen\u0103l\u021bimile Golan, lan\u021bul muntos negru, acoperit cu bazalt, care separ\u0103 Israelul de \u021b\u0103rile Siriei \u0219i Iordaniei. Privind spre sud, po\u021bi vedea terenurile agricole fertile din Valea Izreel \u00eentinse ca o p\u0103tur\u0103 petice pe podea, p\u00e2n\u0103 ajunge la dealurile Samariei. Iar privind spre vest, se afl\u0103 c\u00e2mpia de coast\u0103 de l\u00e2ng\u0103 ora\u0219ul antic Cezareea Maritim\u0103, vechiul ora\u0219 portuar construit de regele Irod, de unde apostolul Pavel a pornit spre Roma, duc\u00e2nd Evanghelia cu el \u00een Occident.<\/p>\n\n\n\n<p><strong>Isus avea o viziune - <\/strong>o viziune pentru o mi\u0219care global\u0103 de multiplicare.<strong>&nbsp;<\/strong><\/p>\n\n\n\n<p><strong>El \u0219i-a chemat ucenicii nu doar s\u0103 \u201efac\u0103 ucenici\u201d, ci s\u0103 fac\u0103 ucenici care s\u0103 se \u00eenmul\u021beasc\u0103!<\/strong><\/p>\n\n\n\n<p><a href=\"https:\/\/youtu.be\/aKK9eAyr2H0\" target=\"_blank\" rel=\"noopener\"><strong>Urm\u0103re\u0219te acest videoclip! \u2013 Puterea \u00eenmul\u021birii<\/strong><\/a><\/p>\n\n\n\n<figure class=\"wp-block-embed is-type-video is-provider-youtube wp-block-embed-youtube wp-embed-aspect-16-9 wp-has-aspect-ratio\"><div class=\"wp-block-embed__wrapper\">\n<iframe loading=\"lazy\" title=\"Puterea \u00eenmul\u021birii\" width=\"500\" height=\"281\" src=\"https:\/\/www.youtube.com\/embed\/aKK9eAyr2H0?feature=oembed\" frameborder=\"0\" allow=\"accelerometer; autoplay; clipboard-write; encrypted-media; gyroscope; picture-in-picture; web-share\" referrerpolicy=\"strict-origin-when-cross-origin\" allowfullscreen><\/iframe>\n<\/div><\/figure>\n\n\n\n<p><strong>Matei 28:18-20<\/strong>\u201eToat\u0103 puterea Mi-a fost dat\u0103 \u00een cer \u0219i pe p\u0103m\u00e2nt. Duce\u021bi-v\u0103 \u0219i face\u021bi ucenici din toate neamurile, botez\u00e2ndu-i \u00een numele Tat\u0103lui \u0219i al Fiului \u0219i al Sf\u00e2ntului Duh \u0219i \u00eenv\u0103\u021ba\u021bi-i s\u0103 p\u0103zeasc\u0103 tot ce v-am poruncit. \u0218i iat\u0103, Eu sunt cu voi \u00een toate zilele, p\u00e2n\u0103 la sf\u00e2r\u0219itul veacului.\u201d<\/p>\n\n\n\n<p>\u00cen acest pasaj, vedem mai \u00eent\u00e2i c\u0103 autoritatea este dat\u0103 lui Isus, iar a doua parte de la sf\u00e2r\u0219it - \u201eEu sunt cu voi \u00een toate zilele p\u00e2n\u0103 la sf\u00e2r\u0219itul veacului\u201d.<\/p>\n\n\n<div class=\"wp-block-image\">\n<figure class=\"alignright size-full is-resized\"><img loading=\"lazy\" decoding=\"async\" width=\"331\" height=\"331\" src=\"https:\/\/110cities.com\/wp-content\/uploads\/2025\/10\/image004.jpg\" alt=\"\" class=\"wp-image-4349\" style=\"width:373px;height:auto\" srcset=\"https:\/\/110cities.com\/wp-content\/uploads\/2025\/10\/image004.jpg 331w, https:\/\/110cities.com\/wp-content\/uploads\/2025\/10\/image004-150x150.jpg 150w, https:\/\/110cities.com\/wp-content\/uploads\/2025\/10\/image004-12x12.jpg 12w\" sizes=\"auto, (max-width: 331px) 100vw, 331px\" \/><\/figure>\n<\/div>\n\n\n<p>Adesea ne concentr\u0103m pe a merge, pe a face ucenici, pe a boteza, pe a \u00eenv\u0103\u021ba sau pe mecanismele plant\u0103rii de biserici - dar cuvintele lui Isus \u00eencep \u0219i se termin\u0103 cu El \u00censu\u0219i - cu autoritatea \u0219i prezen\u021ba Lui!<\/p>\n\n\n\n<p>Isus este persoana central\u0103 \u0219i nucleul arz\u0103tor al marii trimiteri - \u0219i ne conect\u0103m cu El - cu autoritatea \u0219i prezen\u021ba Lui - prin rug\u0103ciune!<\/p>\n\n\n\n<p>Rug\u0103ciunea este principala modalitate pe care Dumnezeu ne-a d\u0103ruit-o pentru a p\u0103stra lucrul principal \u00een centru - Isus \u00censu\u0219i! Isus are toat\u0103 autoritatea \u0219i El este cu noi - acesta este \u00eenceputul \u0219i sf\u00e2r\u0219itul Marii Trimiteri!<\/p>\n\n\n\n<p><strong>Care este defini\u021bia unui Discipol?<\/strong><br>Cuv\u00e2ntul discipol \u00eenseamn\u0103 literalmente \u201eurm\u0103torul unui maestru\u201d. Pe vremea lui Hristos, un discipol nu era pur \u0219i simplu un \u00eenv\u0103\u021b\u0103tor al unui mare \u00eenv\u0103\u021b\u0103tor (rabin), ci era un ucenic sau un imitator. Isus i-a chemat pe primii S\u0103i discipoli s\u0103-L urmeze \u0219i s\u0103 fac\u0103 lucrurile pe care le f\u0103cea El \u0219i s\u0103 spun\u0103 lucrurile pe care le spunea El!<\/p>\n\n\n\n<p>O defini\u021bie simpl\u0103 a unui ucenic ar fi cineva care a venit la Isus pentru via\u021ba ve\u0219nic\u0103, L-a revendicat ca M\u00e2ntuitor \u0219i Dumnezeu \u0219i a \u00eenceput o via\u021b\u0103 de urmare a Lui.<\/p>\n\n\n\n<p>Un ucenic este cineva care \u00cel iube\u0219te pe Dumnezeu, iube\u0219te oamenii \u0219i face ucenici care se \u00eenmul\u021besc!&nbsp;<\/p>\n\n\n\n<h2 class=\"wp-block-heading\">Cele 3 semne ale unui Discipol:<\/h2>\n\n\n\n<p>Vrem s\u0103 fim ucenici \u0219i s\u0103 facem ucenici demni de a fi reprodu\u0219i, iar conform spuselor lui Isus, semnele unui ucenic sunt triple:<\/p>\n\n\n\n<h3 class=\"wp-block-heading\">1. R\u0103m\u00e2ne \u00een Cuv\u00e2ntul lui Dumnezeu, Ioan 8:31-32<\/h3>\n\n\n\n<p>\u201eDac\u0103 r\u0103m\u00e2ne\u021bi \u00een cuv\u00e2ntul Meu, sunte\u021bi cu adev\u0103rat ucenicii Mei, <sup>&nbsp;<\/sup>\u0219i ve\u021bi cunoa\u0219te adev\u0103rul, \u0219i adev\u0103rul v\u0103 va face liberi.\u201d<\/p>\n\n\n\n<p>Rug\u0103ciunea este \u00eens\u0103\u0219i s\u00e2ngele vie\u021bii unui ucenic al lui Isus! Isus a fost clar c\u0103 a-L asculta \u2013 a r\u0103m\u00e2ne \u00een cuv\u00e2ntul S\u0103u \u2013 este cel mai important aspect al rug\u0103ciunii. Cuv\u00e2ntul a r\u0103m\u00e2ne implic\u0103 <strong><em>r\u0103mas<\/em><\/strong> \u00een continu\u0103 tov\u0103r\u0103\u0219ie \u0219i rela\u021bie.&nbsp;<br><br>Rug\u0103ciunea este partea conversa\u021bional\u0103 a celei mai importante rela\u021bii de dragoste din via\u021ba noastr\u0103!&nbsp;<\/p>\n\n\n\n<h3 class=\"wp-block-heading\">2. Iube\u0219te a\u0219a cum iube\u0219te Isus, Ioan 13:34-35<\/h3>\n\n\n\n<p>\u201eV\u0103 dau o porunc\u0103 nou\u0103: s\u0103 v\u0103 iubi\u021bi unii pe al\u021bii. Cum v-am iubit Eu, a\u0219a s\u0103 v\u0103 iubi\u021bi \u0219i voi unii pe al\u021bii. Prin aceasta vor cunoa\u0219te to\u021bi c\u0103 sunte\u021bi ucenicii Mei, dac\u0103 ve\u021bi avea dragoste unii pentru al\u021bii.\u201d<\/p>\n\n\n\n<p>Una dintre primele \u0219i cele mai importante modalit\u0103\u021bi prin care iubim a\u0219a cum iube\u0219te Isus este s\u0103 ne rug\u0103m unii pentru al\u021bii! \u00cei cerem lui Dumnezeu s\u0103 fac\u0103 pentru ei ceea ce ei \u00een\u0219i\u0219i nu pot face!<\/p>\n\n\n\n<h3 class=\"wp-block-heading\">3. Aduce roade, Ioan 15:7-8<\/h3>\n\n\n\n<p>\u201eDac\u0103 r\u0103m\u00e2ne\u021bi \u00een Mine \u0219i dac\u0103 r\u0103m\u00e2n cuvintele Mele \u00een voi, cere\u021bi orice vre\u021bi \u0219i vi se va da. Prin aceasta Tat\u0103l Meu este prosl\u0103vit: dac\u0103 aduce\u021bi mult\u0103 road\u0103 \u0219i ve\u021bi fi ucenicii Mei.\u201d<\/p>\n\n\n\n<p>Conform spuselor lui Isus, aducem rod prin perseverare \u0219i rug\u0103ciune. Prin aceasta, Tat\u0103l este glorificat \u0219i noi dovedim c\u0103 suntem ucenicii S\u0103i. &nbsp;<\/p>\n\n\n\n<p>Una dintre cheile \u00eemplinirii Marii Trimiteri este rug\u0103ciunea c\u0103tre Domnul seceri\u0219ului pentru trimiterea de lucr\u0103tori!<\/p>\n\n\n\n<p>El le-a zis: \u201eSeceri\u0219ul este \u00eentr-adev\u0103r <em>este<\/em> grozav, dar muncitorii <em>sunt<\/em> \u201epu\u021bini; ruga\u021bi dar pe Domnul seceri\u0219ului s\u0103 scoat\u0103 lucr\u0103tori la seceri\u0219ul Lui\u201d (Luca 10:2).<\/p>\n\n\n\n<p>Cuv\u00e2ntul pentru rug\u0103ciune folosit \u00een acest context este <em>deomai<\/em>, ceea ce \u00eenseamn\u0103 rug\u0103ciune disperat\u0103! Isus a spus c\u0103 seceri\u0219ul este mult, dar lucr\u0103torii sunt pu\u021bini \u2013 De aceea, ruga\u021bi-v\u0103 \u2013 ruga\u021bi-v\u0103 cu fierbin\u021b\u0103, ruga\u021bi-v\u0103 cu disperare!<\/p>\n\n\n\n<p>Ca lucr\u0103tori, ie\u0219i\u021bi s\u0103 vesti\u021bi Evanghelia \u00cemp\u0103r\u0103\u021biei, \u00eens\u0103 acest lucru se love\u0219te adesea de rezisten\u021b\u0103. Diavolul a \u00eentemeiat fort\u0103re\u021be spirituale peste popoare, ora\u0219e \u0219i na\u021biuni. Pavel ne spune c\u0103 ni s-au dat arme de r\u0103zboi pentru a d\u0103r\u00e2ma fort\u0103re\u021bele \u0219i a vedea o str\u0103pungere. (2 Corinteni 10:4-5)<\/p>\n\n\n\n<h2 class=\"wp-block-heading\">Puterea \u00een rug\u0103ciunea Cuv\u00e2ntului<\/h2>\n\n\n\n<p>Una dintre cele mai puternice arme este Cuv\u00e2ntul lui Dumnezeu, Sabia Duhului. Pavel ne porunce\u0219te \u00een Efeseni 6 s\u0103 st\u0103m neclinti\u021bi, \u00eembr\u0103c\u00e2ndu-ne armura prin credin\u021b\u0103 \u0219i apoi m\u00e2nuind cuv\u00e2ntul S\u0103u prin rug\u0103ciune, rug\u00e2ndu-ne \u00een orice vreme pentru toate popoarele, cu tot felul de rug\u0103ciuni (Efeseni 6:10-19).&nbsp;<\/p>\n\n\n\n<p>Mai \u00eent\u00e2i ne rug\u0103m \u0219i declar\u0103m suprema\u021bia lui Isus asupra popoarelor \u0219i regiunilor. &nbsp;<\/p>\n\n\n\n<p>Prin rug\u0103ciune, \u00cei cerem Tat\u0103lui s\u0103 lege \u0219i s\u0103 \u00eenfr\u00e2neze vr\u0103jma\u0219ul, st\u0103p\u00e2niile \u0219i puterile care au orbit min\u021bile necredincio\u0219ilor.<\/p>\n\n\n\n<p><strong>Ne rug\u0103m pentru u\u0219i deschise, ceruri deschise, drumuri deschise \u0219i coridoare deschise pentru ca Evanghelia s\u0103 poat\u0103 merge mai departe!<\/strong><\/p>\n\n\n\n<p>\u00cei cerem Domnului s\u0103 \u00eenl\u0103ture orbirea pe care dumnezeul acestui veac a pus-o peste necredincio\u0219i, ca ei s\u0103 poat\u0103 vedea lumina Evangheliei \u00een fa\u021ba lui Isus!&nbsp;<\/p>\n\n\n\n<p>\u00cei cerem Tat\u0103lui s\u0103 ne izb\u0103veasc\u0103 de cel r\u0103u, a\u0219a cum Isus a venit s\u0103 distrug\u0103 lucr\u0103rile diavolului<strong>.<\/strong> Pe m\u0103sur\u0103 ce aducem \u00eenchinare \u0219i laude Celui care st\u0103 pe tron \u0219i Mielului, prezen\u021ba \u0219i lumina Lui \u00een mijlocul nostru spulber\u0103 \u00eentunericul spiritual, iar puterea lui Dumnezeu elibereaz\u0103 familiile din toate credin\u021bele de pe p\u0103m\u00e2nt pentru a deveni urma\u0219i din toat\u0103 inima ai lui Isus Hristos!<\/p>\n\n\n\n<figure class=\"wp-block-image size-full\"><img loading=\"lazy\" decoding=\"async\" width=\"1080\" height=\"720\" src=\"https:\/\/110cities.com\/wp-content\/uploads\/2025\/10\/Discipleship-and-Prayer-2.jpg\" alt=\"\" class=\"wp-image-4355\" srcset=\"https:\/\/110cities.com\/wp-content\/uploads\/2025\/10\/Discipleship-and-Prayer-2.jpg 1080w, https:\/\/110cities.com\/wp-content\/uploads\/2025\/10\/Discipleship-and-Prayer-2-350x233.jpg 350w, https:\/\/110cities.com\/wp-content\/uploads\/2025\/10\/Discipleship-and-Prayer-2-768x512.jpg 768w, https:\/\/110cities.com\/wp-content\/uploads\/2025\/10\/Discipleship-and-Prayer-2-18x12.jpg 18w\" sizes=\"auto, (max-width: 1080px) 100vw, 1080px\" \/><\/figure>\n\n\n\n<p>Am v\u0103zut o mare cre\u0219tere a \u00eenchin\u0103rii \u0219i a rug\u0103ciunii de mijlocire, lansate \u00een anii &#039;90 \u0219i p\u00e2n\u0103 \u00een prezent!<\/p>\n\n\n\n<p>Mi\u0219carea Global\u0103 de Rug\u0103ciune a cunoscut o accelerare remarcabil\u0103 - coreenii s-au luptat \u00een rug\u0103ciunea de diminea\u021b\u0103 devreme timp de decenii, Mar\u0219urile pentru Isus au avut loc pe str\u0103zile din \u00eentreaga lume, Ziua Global\u0103 de Rug\u0103ciune a umplut stadioane, oamenii merg\u00e2nd \u00een rug\u0103ciune \u0219i rug\u00e2ndu-se pentru progres \u00een ora\u0219ele-cheie ale lumii, mi\u0219carea indonezian\u0103 a turnurilor de rug\u0103ciune, pasiunea \u0219i focul \u00eent\u00e2lnirilor de rug\u0103ciune latino-americane \u0219i sud-americane, priveghiurile de rug\u0103ciune de noapte cu post pe continentul african, mi\u0219carea de rug\u0103ciune chinuitoare din China \u0219i timpurile de rug\u0103ciune colectiv\u0103 conduse de Duhul Sf\u00e2nt \u00een India, \u00eempreun\u0103 cu expresia proasp\u0103t\u0103 a caselor de rug\u0103ciune \u0219i cult care explodeaz\u0103 \u00een na\u021biuni, iar ast\u0103zi peste o sut\u0103 de milioane de credincio\u0219i \u00een rug\u0103ciune unit\u0103 \u00een patru zile globale de rug\u0103ciune \u00een fiecare an, din 2022!&nbsp;<\/p>\n\n\n\n<p>\u0218i \u00een acest timp, au existat rezultate uimitoare \u00een mi\u0219c\u0103rile misiunilor din \u00eentreaga lume -<\/p>\n\n\n\n<p>Conform cercet\u0103torilor de top ai misiunilor, ucenicii \u0219i bisericile din aceste mi\u0219c\u0103ri au crescut exponen\u021bial, cu o rat\u0103 uluitoare de 23% anual, mult mai rapid dec\u00e2t popula\u021bia global\u0103. Num\u0103rul total de ucenici din aceste mi\u0219c\u0103ri s-a dublat la fiecare 3,5 ani - o m\u0103rturie a puterii \u00eenmul\u021birii divine prin rug\u0103ciune.<\/p>\n\n\n<div class=\"wp-block-image\">\n<figure class=\"alignright size-full is-resized\"><img loading=\"lazy\" decoding=\"async\" width=\"231\" height=\"346\" src=\"https:\/\/110cities.com\/wp-content\/uploads\/2025\/10\/image007.jpg\" alt=\"\" class=\"wp-image-4353\" style=\"width:300px;height:auto\" srcset=\"https:\/\/110cities.com\/wp-content\/uploads\/2025\/10\/image007.jpg 231w, https:\/\/110cities.com\/wp-content\/uploads\/2025\/10\/image007-8x12.jpg 8w\" sizes=\"auto, (max-width: 231px) 100vw, 231px\" \/><\/figure>\n<\/div>\n\n\n<h3 class=\"wp-block-heading\">Aceast\u0103 cre\u0219tere global\u0103 s-a produs \u00een patru etape distincte:<\/h3>\n\n\n\n<ul class=\"wp-block-list\">\n<li>Din 1995 p\u00e2n\u0103 \u00een 2000 - de la 10.000 la peste 100.000 de discipoli<\/li>\n\n\n\n<li>Din 2000 p\u00e2n\u0103 \u00een 2005 - de la 100.000 la peste 1 milion de discipoli<\/li>\n\n\n\n<li>Din 2005 p\u00e2n\u0103 \u00een 2015 - de la 1 milion la peste 10 milioane<\/li>\n\n\n\n<li>Din 2015 p\u00e2n\u0103 \u00een 2024 - num\u0103rul a dep\u0103\u0219it 100 de milioane<\/li>\n<\/ul>\n\n\n\n<p>Pe m\u0103sur\u0103 ce rug\u0103ciunea care \u00cel \u00eenal\u021b\u0103 pe Hristos, bazat\u0103 pe Biblie, hr\u0103nit\u0103 de \u00eenchinare, c\u0103l\u0103uzit\u0103 de Duhul Sf\u00e2nt \u0219i motivat\u0103 de iubire cre\u0219te \u00een na\u021biuni, se fac mai mul\u021bi ucenici, se planteaz\u0103 mai multe biserici, se traduc mai multe Biblii, se manifest\u0103 mai multe semne, minuni \u0219i miracole \u0219i se face mai mult\u0103 dreptate s\u0103racilor, marginaliza\u021bilor, orfanilor \u0219i v\u0103duvelor!<\/p>\n\n\n\n<p>Deci, pe <a href=\"https:\/\/110cities.com\/ro\/hindu-day-of-prayer\/\"><strong>Ziua Mondial\u0103 de Rug\u0103ciune pentru lumea hindus\u0103<\/strong><\/a>, s\u0103 ne \u00een\u0103l\u021b\u0103m rug\u0103ciunile ca pe t\u0103m\u00e2ie \u00eenaintea lui Dumnezeu, care poate face nem\u0103surat mai mult dec\u00e2t tot ce cerem sau chiar ne imagin\u0103m vreodat\u0103, spre Gloria Lui, spre Bucuria noastr\u0103 \u0219i pentru ca mul\u021bimile s\u0103 ajung\u0103 la cunoa\u0219terea m\u00e2ntuitoare a lui Isus \u00een \u00eentreaga lume hindus\u0103!&nbsp;<\/p>\n\n\n\n<p><strong>Dr. Jason Hubbard \u2013 Director<br><\/strong><a href=\"https:\/\/www.linktr.ee\/ipcprayer\" target=\"_blank\" rel=\"noopener\"><strong>Conectare Rug\u0103ciunea Interna\u021bional\u0103<\/strong><\/a><strong><\/strong><\/p>","protected":false},"excerpt":{"rendered":"<p>Luni, 20 octombrie 2025, va marca a 3-a Zi Mondial\u0103 de Rug\u0103ciune pentru...<\/p>","protected":false},"author":3,"featured_media":0,"parent":0,"menu_order":0,"comment_status":"closed","ping_status":"closed","template":"","meta":{"_acf_changed":false,"footnotes":""},"class_list":["post-4342","page","type-page","status-publish","hentry"],"acf":[],"ams_acf":[],"_links":{"self":[{"href":"https:\/\/110cities.com\/ro\/wp-json\/wp\/v2\/pages\/4342","targetHints":{"allow":["GET"]}}],"collection":[{"href":"https:\/\/110cities.com\/ro\/wp-json\/wp\/v2\/pages"}],"about":[{"href":"https:\/\/110cities.com\/ro\/wp-json\/wp\/v2\/types\/page"}],"author":[{"embeddable":true,"href":"https:\/\/110cities.com\/ro\/wp-json\/wp\/v2\/users\/3"}],"replies":[{"embeddable":true,"href":"https:\/\/110cities.com\/ro\/wp-json\/wp\/v2\/comments?post=4342"}],"version-history":[{"count":10,"href":"https:\/\/110cities.com\/ro\/wp-json\/wp\/v2\/pages\/4342\/revisions"}],"predecessor-version":[{"id":4369,"href":"https:\/\/110cities.com\/ro\/wp-json\/wp\/v2\/pages\/4342\/revisions\/4369"}],"wp:attachment":[{"href":"https:\/\/110cities.com\/ro\/wp-json\/wp\/v2\/media?parent=4342"}],"curies":[{"name":"wp","href":"https:\/\/api.w.org\/{rel}","templated":true}]}}