{"id":2936,"date":"2024-01-08T14:32:33","date_gmt":"2024-01-08T07:32:33","guid":{"rendered":"https:\/\/new.110cities.net\/?page_id=2936"},"modified":"2026-01-23T16:46:10","modified_gmt":"2026-01-23T09:46:10","slug":"prayer-guide","status":"publish","type":"page","link":"https:\/\/110cities.com\/ro\/prayer-guide\/","title":{"rendered":"Ghid de rug\u0103ciune \u2013 24 de ore de rug\u0103ciune pentru lumea budist\u0103 2024"},"content":{"rendered":"<p>Ne rug\u0103m pentru mi\u0219c\u0103rile Evangheliei \u00een aceste ora\u0219e \u0219i regiuni budiste, inclusiv China. Dumnezeu \u00ee\u0219i elibereaz\u0103 puterea ca r\u0103spuns la rug\u0103ciunile poporului S\u0103u! Budismul este despre iluminare. \u00cen aceast\u0103 Zi global\u0103 de rug\u0103ciune, s\u0103-i cerem Domnului s\u0103 \u00eendep\u0103rteze v\u0103lul orbirii care este deasupra ochilor necredincio\u0219ilor prin\u0219i \u00een budism, pentru ca ei s\u0103 poat\u0103 vedea lumina Evangheliei \u00een fa\u021ba lui Isus.<br>Hristos!<\/p>\n\n\n\n<p>2 Corinteni 4:4, 6 \u201e\u00cen cazul lor, dumnezeul acestei lumi a orbit min\u021bile necredincio\u0219ilor, ca s\u0103 nu vad\u0103 lumina Evangheliei slavei lui Hristos, care este chipul lui Dumnezeu\u2026 6 C\u0103ci Dumnezeu, care a spus: \u201eL\u0103sa\u021bi lumina s\u0103 str\u0103luceasc\u0103 din \u00eentuneric\u201d, a str\u0103lucit \u00een inimile noastre pentru a da lumina cunoa\u0219terii slavei lui Dumnezeu \u00een fa\u021ba lui Isus Hristos.<\/p>\n\n\n\n<p>Pute\u021bi g\u0103si puncte de rug\u0103ciune specifice pentru fiecare ora\u0219 la 110Cities \u0219i, de asemenea, viziona\u021bi un scurt videoclip de rug\u0103ciune pentru fiecare ora\u0219 pentru care v\u0103 ruga\u021bi. V\u0103 \u00eencuraj\u0103m s\u0103 face\u021bi cercet\u0103ri despre aceste ora\u0219e \u0219i s\u0103 v\u0103 ruga\u021bi pentru \u201eDescoperire\u201d, a\u0219a cum v\u0103 conduce Domnul! Iat\u0103 mai jos ora\u0219ele \u0219i regiunile cu c\u00e2teva puncte de rug\u0103ciune!<\/p>\n\n\n\n<h2 class=\"wp-block-heading\">RUGACIUNEA accent<\/h2>\n\n\n<div class=\"wp-block-image\">\n<figure class=\"alignright size-full is-resized\"><img loading=\"lazy\" decoding=\"async\" width=\"600\" height=\"600\" src=\"https:\/\/110cities.com\/wp-content\/uploads\/2024\/01\/SocialMedia-V2.jpg\" alt=\"\" class=\"wp-image-2956\" style=\"width:392px;height:auto\" srcset=\"https:\/\/110cities.com\/wp-content\/uploads\/2024\/01\/SocialMedia-V2.jpg 600w, https:\/\/110cities.com\/wp-content\/uploads\/2024\/01\/SocialMedia-V2-350x350.jpg 350w, https:\/\/110cities.com\/wp-content\/uploads\/2024\/01\/SocialMedia-V2-150x150.jpg 150w, https:\/\/110cities.com\/wp-content\/uploads\/2024\/01\/SocialMedia-V2-12x12.jpg 12w\" sizes=\"auto, (max-width: 600px) 100vw, 600px\" \/><\/figure>\n<\/div>\n\n\n<p>Roag\u0103-te ca Isus Hristos s\u0103 fie \u00een\u0103l\u021bat \u00een acest ora\u0219. Ruga\u021bi-v\u0103 pentru ca numele Lui s\u0103 fie descoperit, primit \u0219i venerat \u00een r\u00e2ndul fiec\u0103rui popor, trib \u0219i limb\u0103 din acest ora\u0219. Psalmul 110, Hab 2:14<\/p>\n\n\n\n<p>Ruga\u021bi-v\u0103 pentru ca \u00cemp\u0103r\u0103\u021bia lui Dumnezeu s\u0103 vin\u0103 \u0219i voin\u021ba Lui s\u0103 se fac\u0103 \u00een acest ora\u0219! Matt. 6:9-10<\/p>\n\n\n\n<p>Roag\u0103-te Domnului Seceri\u0219ului s\u0103 trimit\u0103 lucr\u0103tori pentru a proclama Evanghelia \u00eemp\u0103r\u0103\u021biei cu demonstra\u021bii de putere \u0219i dragoste! Ruga\u021bi-v\u0103 pentru ca o biseric\u0103 de cas\u0103 care s\u0103-l \u00eenal\u021be pe Hristos s\u0103 fie plantat\u0103 pentru fiecare 1000 de oameni din acest ora\u0219! Luca 10:2, Matei 16:18, Fapte 4:29-31<\/p>\n\n\n\n<p>Ruga\u021bi-v\u0103 ca Biblia s\u0103 fie tradus\u0103 \u00een limbajul inimii fiec\u0103rui grup de oameni din acest ora\u0219. 2 Tes 3:1<\/p>\n\n\n\n<p>Nyaw - Thailanda<br>Limba semnelor din Coreea de Nord, Laopang - Laos<br>Limba semnelor Miyakubo - Japonia<\/p>\n\n\n\n<p>Ruga\u021bi-v\u0103 pentru rev\u0103rsarea Duhului Sf\u00e2nt peste orice f\u0103ptur\u0103 din acest ora\u0219! Ruga\u021bi-v\u0103 ca Duhul Sf\u00e2nt s\u0103 conving\u0103 de p\u0103cat \u0219i s\u0103 le arate nevoia lor de un M\u00e2ntuitor, g\u0103sit doar \u00een Isus Hristos. Ruga\u021bi-v\u0103 ca Dumnezeu Tat\u0103l s\u0103 atrag\u0103 pe to\u021bi oamenii la Hristos prin puterea crucii. Ruga\u021bi-v\u0103 ca bun\u0103tatea lui Dumnezeu s\u0103-i conduc\u0103 pe to\u021bi la poc\u0103in\u021b\u0103. Fapte 2:17, Ioan 16<\/p>\n\n\n\n<p>Ruga\u021bi-v\u0103 ca Dumnezeu s\u0103 lege \u0219i s\u0103 \u00eenfr\u00e2neze puterile \u00eentunericului asupra acestui ora\u0219 \u0219i s\u0103 piard\u0103 puterea, adev\u0103rul \u0219i dragostea Duhului Sf\u00e2nt asupra popoarelor acestui ora\u0219! 2 Cor. 4:4-6, Matei 18:18-19<\/p>\n\n\n\n<p>V\u0103 invit\u0103m s\u0103 v\u0103 concentra\u021bi cu noi \u00een special c\u00e2nd ne rug\u0103m pentru progresul Regatului \u00een Phenian, Coreea de Nord, anul acesta.<\/p>\n\n\n\n<h2 class=\"wp-block-heading\">ORASE DE RUGACIUNE<\/h2>\n\n\n\n<div class=\"wp-block-columns is-layout-flex wp-container-core-columns-is-layout-9d6595d7 wp-block-columns-is-layout-flex\">\n<div class=\"wp-block-column is-layout-flow wp-block-column-is-layout-flow\">\n<p>Bangkok, Tailanda<br>Beijing, China<br>Bhutan<br>Chengdu, China<br>Chongquing, China<br>Guangzhou, China<br>Hangzhou, China<br>Hanoi, Vietnam<\/p>\n<\/div>\n\n\n\n<div class=\"wp-block-column is-layout-flow wp-block-column-is-layout-flow\">\n<p>Ho Chi Minh, Vietnam<br>Hohhot, China<br>Kunming, China<br>Nanning, China<br>Phnom Pehn, Cambodgia<br>P&#039;yong yang, Coreea de Nord<br>Shanghai, China<br>Shenyang, China<\/p>\n<\/div>\n\n\n\n<div class=\"wp-block-column is-layout-flow wp-block-column-is-layout-flow\">\n<p>Taiyuan, China<br>Tokyo, Japonia<br>Ulaanbaatar, Mongolia<br>Vientiane, Laos<br>Wuhan, China<br>Xian, China<br>Xining, China<br>Yangon, Myanmar<\/p>\n<\/div>\n<\/div>\n\n\n\n<div class=\"wp-block-buttons is-layout-flex wp-block-buttons-is-layout-flex\">\n<div class=\"wp-block-button\"><a class=\"wp-block-button__link wp-element-button\" href=\"https:\/\/110cities.com\/wp-content\/uploads\/2026\/01\/GODP-2026-Web.pdf\" target=\"_blank\" rel=\"noreferrer noopener\">Desc\u0103rca\u021bi Ghidul de rug\u0103ciune<\/a><\/div>\n<\/div>","protected":false},"excerpt":{"rendered":"<p>Ne rug\u0103m pentru mi\u0219c\u0103rile Evanghelice din aceste ora\u0219e \u0219i regiuni budiste, inclusiv China...<\/p>","protected":false},"author":19,"featured_media":2945,"parent":0,"menu_order":0,"comment_status":"closed","ping_status":"closed","template":"","meta":{"_acf_changed":false,"footnotes":""},"class_list":["post-2936","page","type-page","status-publish","has-post-thumbnail","hentry"],"acf":[],"ams_acf":[],"_links":{"self":[{"href":"https:\/\/110cities.com\/ro\/wp-json\/wp\/v2\/pages\/2936","targetHints":{"allow":["GET"]}}],"collection":[{"href":"https:\/\/110cities.com\/ro\/wp-json\/wp\/v2\/pages"}],"about":[{"href":"https:\/\/110cities.com\/ro\/wp-json\/wp\/v2\/types\/page"}],"author":[{"embeddable":true,"href":"https:\/\/110cities.com\/ro\/wp-json\/wp\/v2\/users\/19"}],"replies":[{"embeddable":true,"href":"https:\/\/110cities.com\/ro\/wp-json\/wp\/v2\/comments?post=2936"}],"version-history":[{"count":13,"href":"https:\/\/110cities.com\/ro\/wp-json\/wp\/v2\/pages\/2936\/revisions"}],"predecessor-version":[{"id":4540,"href":"https:\/\/110cities.com\/ro\/wp-json\/wp\/v2\/pages\/2936\/revisions\/4540"}],"wp:featuredmedia":[{"embeddable":true,"href":"https:\/\/110cities.com\/ro\/wp-json\/wp\/v2\/media\/2945"}],"wp:attachment":[{"href":"https:\/\/110cities.com\/ro\/wp-json\/wp\/v2\/media?parent=2936"}],"curies":[{"name":"wp","href":"https:\/\/api.w.org\/{rel}","templated":true}]}}