{"id":214,"date":"2022-11-16T11:30:16","date_gmt":"2022-11-16T11:30:16","guid":{"rendered":"https:\/\/new.110cities.net\/?page_id=214"},"modified":"2024-08-15T00:52:24","modified_gmt":"2024-08-14T17:52:24","slug":"scriptures","status":"publish","type":"page","link":"https:\/\/110cities.com\/ro\/scriptures\/","title":{"rendered":"Rug\u0103ciune umbl\u00e2nd Scripturi"},"content":{"rendered":"<h3 class=\"has-color-4-color has-text-color wp-block-heading\">PREG\u0102TIREA INIMII<\/h3>\n\n\n\n<p>\u00ceNSCRIE\u021aI-v\u0103 umblarea Domnului, cere\u021bi Duhului s\u0103 v\u0103 ghideze<br>Acoperi\u021bi-v\u0103 cu protec\u021bia divin\u0103 Psalmul 91:1-16<br>CONECTA\u021aI-V\u0102 cu Duhul Sf\u00e2nt Romani 8:26-27<\/p>\n\n\n\n<h3 class=\"has-color-4-color has-text-color wp-block-heading\">RUGA\u021aI-V\u0102 RUGACIUNEA DOMNULUI<\/h3>\n\n\n\n<p>Matei 6:9-10<\/p>\n\n\n\n<h3 class=\"has-color-4-color has-text-color wp-block-heading\">AUTORITATE:<\/h3>\n\n\n\n<p>Peste toat\u0103 \u201eputerea vr\u0103jma\u0219ului\u201d Luca 10:19<br>S\u0103 ac\u0163ioneze conform disciplinei bisericii Matei 18:15-20<br>A fi ambasadori ai reconcilierii \u00een evanghelizare \u0219i ucenicie Matei 28:19, 2 Cor. 5:18-20<br>\u00cen predarea adev\u0103rului Evangheliei Tit 2:15<br>Expune\u021bi \u0219i scoate\u021bi demonii 2 Cor. 4:4-6<br>\u201eLupt\u0103, Doamne\u2026\u201d Psalmul 35:1 ESV<br>Nu exist\u0103 nimeni ca Tine. Ieremia 10:6-7 NKJV<\/p>\n\n\n\n<h3 class=\"has-color-4-color has-text-color wp-block-heading\">SUPREMA\u021aIA LUI HRISTOS PENTRU FIECARE ORA\u0218!<\/h3>\n\n\n\n<p>Psalmul 110:1-7 NKJV<br>Psalmul 24:1 NKJV<br>Habacuc 2:14 NKJV<br>Maleahi 1:11 NKJV<br>Psalmul 22:27 NKJV<br>Psalmul 67:1-7 NKJV<br>Matei 28:18 NKJV<br>Daniel 7:13\u201314 NKJV<br>Apocalipsa 5:12 NKJV<br>Coloseni 1:15\u201318 NKJV<\/p>\n\n\n\n<h3 class=\"has-color-4-color has-text-color wp-block-heading\">\u00ceMP\u0102RA\u021aIA LUI DUMNEZEU S\u0102 VENE \u00ceN FIECARE ORA\u0218!<\/h3>\n\n\n\n<p>Matei 6:9\u201310 NKJV<br>Apocalipsa 1:5 NKJV<br>Ieremia 29:7 ESV<br>Isaia 9:2,6-7 NKJV<\/p>\n\n\n\n<h3 class=\"has-color-4-color has-text-color wp-block-heading\">REV\u0102RSARE \u0218I CONVINGIE<\/h3>\n\n\n\n<p>Fapte 2:16\u201317 NKJV<br>Isaia 64:1\u20132 NKJV<br>Psalmul 144:5\u20138 ESV<br>Ioan 16:8\u201311 NKJV<\/p>\n\n\n\n<h3 class=\"has-color-4-color has-text-color wp-block-heading\">TAT\u0102L S\u0102 D\u0102 FIUL S\u0102U NA\u021aiunile\u2026<\/h3>\n\n\n\n<p>Psalmul 2:6\u20138 NKJV<\/p>\n\n\n\n<h3 class=\"has-color-4-color has-text-color wp-block-heading\">TRIMIT\u0102 MUNC\u0102TORI!<\/h3>\n\n\n\n<p>Matei 9:35\u201338 NKJV<\/p>\n\n\n\n<h3 class=\"has-color-4-color has-text-color wp-block-heading\">DESCHIDE O U\u0218\u0102 PENTRU EVANGHELIE \u00ceN FIECARE ORA\u0218!<\/h3>\n\n\n\n<p>Coloseni 4:2\u20134 ESV<\/p>\n\n\n\n<h3 class=\"has-color-4-color has-text-color wp-block-heading\">ELIM\u0102 ORBIREA<\/h3>\n\n\n\n<p>2 Corinteni 4:4 ESV<\/p>\n\n\n\n<h3 class=\"has-color-4-color has-text-color wp-block-heading\">LEAG\u0102 PRINCIPITATILE \u0218I PUTERILE \u00ceNTUNERCULUI<\/h3>\n\n\n\n<p>Matei 18:18\u201320 NKJV<br>Matei 12:28\u201329 NKJV<br>1 Ioan 3:8 NKJV<br>Coloseni 2:15 NKJV<br>Luca 10:19\u201320 NKJV<\/p>\n\n\n\n<h3 class=\"has-color-4-color has-text-color wp-block-heading\">DEP\u0102\u0218IREA \u00ceNTUNEREI LA NIVEL \u00ceNALT<\/h3>\n\n\n\n<p>Efeseni 3:10<br>Primirea revela\u021biei Ef. 1:1-23<br>Primirea unit\u0103\u021bii prin Cruce Ef. 2:13-22<br>Tr\u0103ind \u00een dragoste, prin Duhul. Efes. 3:14-20<br>\u00cembr\u0103\u021bi\u0219\u00e2nd smerenia Ef. 4:1-6<br>Merg\u00e2nd \u00een puritate Ef. 4:20-6:9<br>St\u00e2nd \u00eempotriva \u00eentunericului la nivel \u00eenalt Ef. 6:10-20<\/p>\n\n\n\n<h3 class=\"has-color-4-color has-text-color wp-block-heading\">IMPERATIV PENTRU O CONGREGA\u021aIE, O ORGANIZA\u021aIE SAU MI\u0218CARE EVANGHELIC\u0102 ORA\u0218\u0102<\/h3>\n\n\n\n<p>Efes. 5:8-14, 2 Cor. 10:3-5, Efes. 6:18, Ef 5:8-11, Ef 6:19-20<\/p>\n\n\n\n<h3 class=\"has-color-4-color has-text-color wp-block-heading\">IMPERATIVE PENTRU A TRAI IN COMUNITATEA REGATULUI AUTENTICO<\/h3>\n\n\n\n<p>Ef 4:25, Ef 4:26-27, Ef 4:29, Ef 4:31-32,<br>Ef 5:3, Ef 5:11, Ef 5:18-21, Ef 5:22-33<\/p>\n\n\n\n<p>Link-uri de versuri din aplica\u021bia YouVersion Bible<\/p>\n\n\n\n<div class=\"wp-block-buttons is-layout-flex wp-block-buttons-is-layout-flex\">\n<div class=\"wp-block-button\"><a class=\"wp-block-button__link wp-element-button\" href=\"https:\/\/110cities.com\/wp-content\/uploads\/2022\/11\/Prayer-Walking-Scriptures-110-Cities.pdf\" target=\"_blank\" rel=\"noreferrer noopener\">Desc\u0103rca\u021bi PDF<\/a><\/div>\n<\/div>","protected":false},"excerpt":{"rendered":"<p>PREG\u0102TIREA INIMII \u00ceNREGISTREAZ\u0102-\u021aI umblarea Domnului, roag\u0103 Duhul s\u0103 te c\u0103l\u0103uzeasc\u0103, ACOPERE-TE...<\/p>","protected":false},"author":19,"featured_media":0,"parent":0,"menu_order":0,"comment_status":"closed","ping_status":"closed","template":"","meta":{"_acf_changed":false,"footnotes":""},"class_list":["post-214","page","type-page","status-publish","hentry"],"acf":[],"ams_acf":[],"_links":{"self":[{"href":"https:\/\/110cities.com\/ro\/wp-json\/wp\/v2\/pages\/214","targetHints":{"allow":["GET"]}}],"collection":[{"href":"https:\/\/110cities.com\/ro\/wp-json\/wp\/v2\/pages"}],"about":[{"href":"https:\/\/110cities.com\/ro\/wp-json\/wp\/v2\/types\/page"}],"author":[{"embeddable":true,"href":"https:\/\/110cities.com\/ro\/wp-json\/wp\/v2\/users\/19"}],"replies":[{"embeddable":true,"href":"https:\/\/110cities.com\/ro\/wp-json\/wp\/v2\/comments?post=214"}],"version-history":[{"count":18,"href":"https:\/\/110cities.com\/ro\/wp-json\/wp\/v2\/pages\/214\/revisions"}],"predecessor-version":[{"id":3529,"href":"https:\/\/110cities.com\/ro\/wp-json\/wp\/v2\/pages\/214\/revisions\/3529"}],"wp:attachment":[{"href":"https:\/\/110cities.com\/ro\/wp-json\/wp\/v2\/media?parent=214"}],"curies":[{"name":"wp","href":"https:\/\/api.w.org\/{rel}","templated":true}]}}