{"id":918,"date":"2022-12-01T06:49:08","date_gmt":"2022-12-01T06:49:08","guid":{"rendered":"https:\/\/new.110cities.net\/?page_id=918"},"modified":"2024-08-09T22:49:59","modified_gmt":"2024-08-09T15:49:59","slug":"welcome","status":"publish","type":"page","link":"https:\/\/110cities.com\/pt\/welcome\/","title":{"rendered":"Bem-vindo"},"content":{"rendered":"<div style=\"height:40px\" aria-hidden=\"true\" class=\"wp-block-spacer\"><\/div>\n\n\n\n<h2 class=\"wp-block-heading has-text-align-center\">Bem-vindo a 110 cidades!<\/h2>\n\n\n\n<p class=\"has-text-align-center\">Nossa vis\u00e3o \u00e9 ver as 110 cidades mais inalcan\u00e7\u00e1veis do mundo alcan\u00e7adas com o Evangelho, orando para que milhares de igrejas multiplicadoras que exaltam a Cristo sejam plantadas entre elas!<\/p>\n\n\n\n<p class=\"has-text-align-center\">Acreditamos que a ora\u00e7\u00e3o \u00e9 fundamental! <br>Para esse fim, estamos estendendo a m\u00e3o com f\u00e9 para cobrir esse alcance com as ora\u00e7\u00f5es poderosas de 110 milh\u00f5es de crentes - por avan\u00e7o, orando ao redor do trono, o tempo todo e ao redor do mundo!<\/p>\n\n\n\n<figure class=\"wp-block-embed is-type-video is-provider-youtube wp-block-embed-youtube wp-embed-aspect-16-9 wp-has-aspect-ratio\"><div class=\"wp-block-embed__wrapper\">\n<iframe loading=\"lazy\" title=\"Promo\u00e7\u00e3o 110 Cidades - Dr. Jason Hubbard\" width=\"500\" height=\"281\" src=\"https:\/\/www.youtube.com\/embed\/0qIrUkUZ2GA?feature=oembed\" frameborder=\"0\" allow=\"accelerometer; autoplay; clipboard-write; encrypted-media; gyroscope; picture-in-picture; web-share\" referrerpolicy=\"strict-origin-when-cross-origin\" allowfullscreen><\/iframe>\n<\/div><figcaption class=\"wp-element-caption\"><strong>Doutor Jason Hubbard<\/strong><br>Diretor da International Prayer Connect apresenta 110 cidades<\/figcaption><\/figure>","protected":false},"excerpt":{"rendered":"<p>Bem-vindos ao 110 Cities! Nossa vis\u00e3o \u00e9 ver as 110 cidades mais inalcan\u00e7\u00e1veis...<\/p>","protected":false},"author":19,"featured_media":0,"parent":0,"menu_order":0,"comment_status":"closed","ping_status":"closed","template":"","meta":{"_acf_changed":false,"footnotes":""},"class_list":["post-918","page","type-page","status-publish","hentry"],"acf":[],"ams_acf":[],"_links":{"self":[{"href":"https:\/\/110cities.com\/pt\/wp-json\/wp\/v2\/pages\/918","targetHints":{"allow":["GET"]}}],"collection":[{"href":"https:\/\/110cities.com\/pt\/wp-json\/wp\/v2\/pages"}],"about":[{"href":"https:\/\/110cities.com\/pt\/wp-json\/wp\/v2\/types\/page"}],"author":[{"embeddable":true,"href":"https:\/\/110cities.com\/pt\/wp-json\/wp\/v2\/users\/19"}],"replies":[{"embeddable":true,"href":"https:\/\/110cities.com\/pt\/wp-json\/wp\/v2\/comments?post=918"}],"version-history":[{"count":4,"href":"https:\/\/110cities.com\/pt\/wp-json\/wp\/v2\/pages\/918\/revisions"}],"predecessor-version":[{"id":3528,"href":"https:\/\/110cities.com\/pt\/wp-json\/wp\/v2\/pages\/918\/revisions\/3528"}],"wp:attachment":[{"href":"https:\/\/110cities.com\/pt\/wp-json\/wp\/v2\/media?parent=918"}],"curies":[{"name":"wp","href":"https:\/\/api.w.org\/{rel}","templated":true}]}}