{"id":895,"date":"2022-11-30T11:58:12","date_gmt":"2022-11-30T11:58:12","guid":{"rendered":"https:\/\/new.110cities.net\/?page_id=895"},"modified":"2022-11-30T12:01:58","modified_gmt":"2022-11-30T12:01:58","slug":"join-110","status":"publish","type":"page","link":"https:\/\/110cities.com\/pt\/join-110\/","title":{"rendered":"Junte-se a 110"},"content":{"rendered":"<p>Procuramos pessoas que compartilhem da Vis\u00e3o 110 Cidades e que estejam preparadas para se envolver tanto na pr\u00e1tica quanto na ora\u00e7\u00e3o!<\/p>\n\n\n\n<p>Se voc\u00ea acha que pode ser voc\u00ea, continue lendo\u2026 e <a href=\"https:\/\/110cities.com\/pt\/contact\/\">entrar em contato<\/a> descobrir mais.<\/p>\n\n\n\n<p>UMA <strong>110 City Campe\u00e3o de Ora\u00e7\u00e3o<\/strong> tem paix\u00e3o por uma cidade espec\u00edfica destacada em nosso <a href=\"https:\/\/110cities.com\/pt\/cities\/\">lista de 110 CIDADES<\/a> - onde est\u00e3o localizados 90%+ de Frontier People Groups (FPGs).<\/p>\n\n\n\n<p>Em cada uma das 110 cidades gostar\u00edamos de formar 2 equipes:<\/p>\n\n\n\n<p>a) As equipes do Movimento de Planta\u00e7\u00e3o de Igrejas com seu l\u00edder geral e treinador, que fornecem uma ponte segura para se comunicar.<\/p>\n\n\n\n<p>b) EQUIPE DE ORA\u00c7\u00c3O DA CIDADE - composta pelas redes de ora\u00e7\u00e3o da cidade, redes de igrejas, equipes de caminhada de ora\u00e7\u00e3o, Casas de Ora\u00e7\u00e3o, equipes de ora\u00e7\u00e3o infanto-juvenil, com um coordenador para a equipe de ora\u00e7\u00e3o da cidade e um <strong>campe\u00e3o de ora\u00e7\u00e3o pelos posts de combust\u00edvel de ora\u00e7\u00e3o online<\/strong> que ir\u00e1 comunicar e mobilizar a ora\u00e7\u00e3o para uma audi\u00eancia global as necessidades e celebra\u00e7\u00f5es em cada cidade.<\/p>\n\n\n\n<h3 class=\"wp-block-heading\">Um campe\u00e3o:<\/h3>\n\n\n\n<ul class=\"wp-block-list\">\n<li>Tem um fardo genu\u00edno e um chamado de Deus para esta cidade espec\u00edfica<\/li>\n\n\n\n<li>\u00c9 uma voz reconhecida e respeitada pela cidade, conhecida por outras pessoas envolvidas com esta cidade (ou tem boas conex\u00f5es por meio de uma equipe)<\/li>\n\n\n\n<li>De prefer\u00eancia, trabalhou ou mora nessa cidade ou estuda e ora por essa cidade h\u00e1 anos<\/li>\n\n\n\n<li>\u00c9 uma pessoa com conhecimento sobre as necessidades da cidade, idioma, cultura, cren\u00e7as, vis\u00e3o de mundo<\/li>\n\n\n\n<li>Est\u00e1 empenhado em interceder e mobilizar outros para orar<\/li>\n\n\n\n<li>Tem um hist\u00f3rico de envolvimento e networking<\/li>\n\n\n\n<li>Considera que a concentra\u00e7\u00e3o nestas 110 cidades \u00e9 uma estrat\u00e9gia eficaz; \u201cpossui\u201d a vis\u00e3o<\/li>\n\n\n\n<li>Est\u00e1 comprometido com a implementa\u00e7\u00e3o de ora\u00e7\u00e3o de longo prazo para os movimentos de planta\u00e7\u00e3o de igrejas.<\/li>\n<\/ul>\n\n\n\n<h3 class=\"wp-block-heading\">Um Campe\u00e3o ir\u00e1:<\/h3>\n\n\n\n<ul class=\"wp-block-list\">\n<li>Inscreva-se para um per\u00edodo de ora\u00e7\u00e3o de 15 minutos usando o site.<\/li>\n\n\n\n<li>Comunique-se semanalmente com o campe\u00e3o local da cidade e a equipe de caminhada de ora\u00e7\u00e3o ou conex\u00e3o CPM. Gostar\u00edamos de ter not\u00edcias de ora\u00e7\u00e3o daqueles que est\u00e3o orando na cidade, para que isso possa ser adicionado ao combust\u00edvel de ora\u00e7\u00e3o no site.<\/li>\n\n\n\n<li>Poste o combust\u00edvel da ora\u00e7\u00e3o pelo menos uma vez por semana. Se voc\u00ea puder postar em um idioma local da cidade e em ingl\u00eas, isso seria muito \u00fatil. Seja o mais criativo poss\u00edvel com v\u00eddeos, fotos, gr\u00e1ficos etc. e ora\u00e7\u00f5es baseadas na B\u00edblia.<\/li>\n\n\n\n<li>Envie mensagens nas m\u00eddias sociais e\/ou para conex\u00f5es e redes a cada seis semanas com um convite para se inscrever e orar pela cidade.<\/li>\n<\/ul>\n\n\n\n<h3 class=\"wp-block-heading\">Um Campe\u00e3o receber\u00e1:<\/h3>\n\n\n\n<ul class=\"wp-block-list\">\n<li>Treinamento sobre como postar combust\u00edvel de ora\u00e7\u00e3o no site e ser convidado para o canal de comunica\u00e7\u00e3o interna no Slack para receber qualquer ajuda administrativa da equipe.<\/li>\n\n\n\n<li>Acesso a uma biblioteca de ora\u00e7\u00f5es que podem ser usadas (cortar e colar) em seu combust\u00edvel de ora\u00e7\u00e3o para ajud\u00e1-lo com o conte\u00fado.<\/li>\n\n\n\n<li>Um convite para fazer parte da equipe da cidade e, esperan\u00e7osamente, estar envolvido no crescimento da equipe de ora\u00e7\u00e3o da cidade, que est\u00e1 ligada para apoiar as equipes de planta\u00e7\u00e3o de igrejas.<strong><\/strong><\/li>\n<\/ul>\n\n\n\n<p><strong>Por favor fa\u00e7a <a href=\"https:\/\/110cities.com\/pt\/contact\/\">Contate-Nos<\/a> descobrir mais!<\/strong><\/p>","protected":false},"excerpt":{"rendered":"<p>Procuramos pessoas que partilhem a Vis\u00e3o 110 Cidades e que estejam preparadas...<\/p>","protected":false},"author":19,"featured_media":900,"parent":0,"menu_order":0,"comment_status":"closed","ping_status":"closed","template":"","meta":{"_acf_changed":false,"footnotes":""},"class_list":["post-895","page","type-page","status-publish","has-post-thumbnail","hentry"],"acf":[],"ams_acf":[],"_links":{"self":[{"href":"https:\/\/110cities.com\/pt\/wp-json\/wp\/v2\/pages\/895","targetHints":{"allow":["GET"]}}],"collection":[{"href":"https:\/\/110cities.com\/pt\/wp-json\/wp\/v2\/pages"}],"about":[{"href":"https:\/\/110cities.com\/pt\/wp-json\/wp\/v2\/types\/page"}],"author":[{"embeddable":true,"href":"https:\/\/110cities.com\/pt\/wp-json\/wp\/v2\/users\/19"}],"replies":[{"embeddable":true,"href":"https:\/\/110cities.com\/pt\/wp-json\/wp\/v2\/comments?post=895"}],"version-history":[{"count":4,"href":"https:\/\/110cities.com\/pt\/wp-json\/wp\/v2\/pages\/895\/revisions"}],"predecessor-version":[{"id":3823,"href":"https:\/\/110cities.com\/pt\/wp-json\/wp\/v2\/pages\/895\/revisions\/3823"}],"wp:featuredmedia":[{"embeddable":true,"href":"https:\/\/110cities.com\/pt\/wp-json\/wp\/v2\/media\/900"}],"wp:attachment":[{"href":"https:\/\/110cities.com\/pt\/wp-json\/wp\/v2\/media?parent=895"}],"curies":[{"name":"wp","href":"https:\/\/api.w.org\/{rel}","templated":true}]}}