{"id":4756,"date":"2026-02-16T17:13:47","date_gmt":"2026-02-16T10:13:47","guid":{"rendered":"https:\/\/110cities.com\/?page_id=4756"},"modified":"2026-02-17T11:35:10","modified_gmt":"2026-02-17T04:35:10","slug":"tsunami-worship-anthem","status":"publish","type":"page","link":"https:\/\/110cities.com\/pt\/tsunami-worship-anthem\/","title":{"rendered":"Hino de adora\u00e7\u00e3o ao tsunami"},"content":{"rendered":"<p>Assista e cante junto com o v\u00eddeo do hino de adora\u00e7\u00e3o &#039;Tsunami&#039; aqui em ingl\u00eas, com legendas traduzidas para \u00e1rabe, bahasa, franc\u00eas, alem\u00e3o, hindi, coreano, mandarim, portugu\u00eas, russo e espanhol.<\/p>\n\n\n\n<p>Seis meses atr\u00e1s, em um jantar na Finl\u00e2ndia, <a href=\"https:\/\/www.instagram.com\/reel\/DUrBN0vDsnj\/\" target=\"_blank\" rel=\"noreferrer noopener\"><strong>Jason Hubbard<\/strong><\/a> Fui convidado a escrever e produzir cinco hinos globais para os Dias Globais de Ora\u00e7\u00e3o de 2026. Est\u00e1vamos trabalhando juntos nos \u00faltimos anos no avan\u00e7o global do Evangelho rumo a 2033.<\/p>\n\n\n\n<p>O pedido de Jason coincidiu com o nosso s\u00e9timo anivers\u00e1rio de funda\u00e7\u00e3o.&nbsp;&nbsp;<a href=\"http:\/\/psalmistmission.org\/\" target=\"_blank\" rel=\"noopener\"><strong>Miss\u00e3o Salmista<\/strong><\/a>, tendo acabado de formar 121 l\u00edderes de louvor\/m\u00fasicos em treinamento e discipulado na Calif\u00f3rnia - de muitas culturas diferentes do mundo.<\/p>\n\n\n\n<p>Cinco dias antes, eu havia acabado de me encontrar com a lideran\u00e7a de&nbsp;<strong><a href=\"https:\/\/www.youversion.com\/\" target=\"_blank\" rel=\"noopener\">YouVersion<\/a><\/strong>&nbsp;O aplicativo b\u00edblico global que conseguimos convidar para esta iniciativa tamb\u00e9m aconteceu justamente quando eles estavam atingindo a marca de 1 bilh\u00e3o de downloads.&nbsp;&nbsp;<\/p>\n\n\n\n<p>E agora<strong>&nbsp;em 17 de fevereiro<\/strong>, \u00c0 medida que budistas de todo o mundo buscam a ilumina\u00e7\u00e3o no Ano Novo Chin\u00eas, Habacuque 2:14 tornou-se a inspira\u00e7\u00e3o b\u00edblica que motivou a composi\u00e7\u00e3o do hino de adora\u00e7\u00e3o que estamos lan\u00e7ando, intitulado&nbsp;<strong><a href=\"https:\/\/distrokid.com\/hyperfollow\/jonshabaglian11\/tsunami-feat-psalmist-mission\" target=\"_blank\" rel=\"noopener\">\u201cTsunami\u201d<\/a>&nbsp;<\/strong>- que&nbsp;<em>\u201cA terra se encher\u00e1 do conhecimento da gl\u00f3ria do Senhor, como as \u00e1guas cobrem o mar.\u201d<\/em>&nbsp;<\/p>\n\n\n\n<p>Assim, o Senhor reuniu Seus intercessores e salmistas, com um motor b\u00edblico global - todos juntos em uma obra unificada em fun\u00e7\u00f5es-chave do Corpo de Cristo, crendo na revela\u00e7\u00e3o do Filho da Ilumina\u00e7\u00e3o (Cristo Jesus!) a milh\u00f5es de budistas neste Dia Mundial de Ora\u00e7\u00e3o e Adora\u00e7\u00e3o!<\/p>\n\n\n\n<p>Portanto, junte-se a n\u00f3s em ora\u00e7\u00e3o e concord\u00e2ncia, pois este momento da HIST\u00d3RIA acontecer\u00e1 em 17 de fevereiro\u2026 Porque o Senhor n\u00e3o quer que ningu\u00e9m pere\u00e7a!<a href=\"https:\/\/ref.ly\/2%20Pet%203.9;esv?t=biblia\" target=\"_blank\" rel=\"noopener\">2 Pedro 3:9<\/a>)<\/p>\n\n\n\n<p><strong>Jon Shabaglian&nbsp;<\/strong><\/p>\n\n\n\n<p><a href=\"https:\/\/www.psalmistmission.com\/\" target=\"_blank\" rel=\"noreferrer noopener\"><strong>Miss\u00e3o Salmista<\/strong><\/a><\/p>","protected":false},"excerpt":{"rendered":"<p>Assista e cante junto com o v\u00eddeo do hino de adora\u00e7\u00e3o &#039;Tsunami&#039; aqui em ingl\u00eas com legendas...<\/p>","protected":false},"author":3,"featured_media":4836,"parent":0,"menu_order":0,"comment_status":"closed","ping_status":"closed","template":"","meta":{"_acf_changed":false,"footnotes":""},"class_list":["post-4756","page","type-page","status-publish","has-post-thumbnail","hentry"],"acf":[],"ams_acf":[],"_links":{"self":[{"href":"https:\/\/110cities.com\/pt\/wp-json\/wp\/v2\/pages\/4756","targetHints":{"allow":["GET"]}}],"collection":[{"href":"https:\/\/110cities.com\/pt\/wp-json\/wp\/v2\/pages"}],"about":[{"href":"https:\/\/110cities.com\/pt\/wp-json\/wp\/v2\/types\/page"}],"author":[{"embeddable":true,"href":"https:\/\/110cities.com\/pt\/wp-json\/wp\/v2\/users\/3"}],"replies":[{"embeddable":true,"href":"https:\/\/110cities.com\/pt\/wp-json\/wp\/v2\/comments?post=4756"}],"version-history":[{"count":2,"href":"https:\/\/110cities.com\/pt\/wp-json\/wp\/v2\/pages\/4756\/revisions"}],"predecessor-version":[{"id":4837,"href":"https:\/\/110cities.com\/pt\/wp-json\/wp\/v2\/pages\/4756\/revisions\/4837"}],"wp:featuredmedia":[{"embeddable":true,"href":"https:\/\/110cities.com\/pt\/wp-json\/wp\/v2\/media\/4836"}],"wp:attachment":[{"href":"https:\/\/110cities.com\/pt\/wp-json\/wp\/v2\/media?parent=4756"}],"curies":[{"name":"wp","href":"https:\/\/api.w.org\/{rel}","templated":true}]}}