{"id":444,"date":"2022-11-29T07:38:35","date_gmt":"2022-11-29T07:38:35","guid":{"rendered":"https:\/\/new.110cities.net\/?page_id=444"},"modified":"2025-05-16T04:26:33","modified_gmt":"2025-05-15T21:26:33","slug":"prayer-walking-overview","status":"publish","type":"page","link":"https:\/\/110cities.com\/pt\/prayer-walking-overview\/","title":{"rendered":"Vis\u00e3o geral da caminhada de ora\u00e7\u00e3o"},"content":{"rendered":"<p>Caminhada de ora\u00e7\u00e3o \u00e9 simplesmente orar in loco, com percep\u00e7\u00e3o (observa\u00e7\u00e3o) e inspira\u00e7\u00e3o (revela\u00e7\u00e3o). \u00c9 uma forma de ora\u00e7\u00e3o vis\u00edvel, verbal e m\u00f3vel.<\/p>\n\n\n\n<p>Sua utilidade \u00e9 dupla: 1. Obter reconhecimento espiritual e 2. Liberar o poder da palavra e do Esp\u00edrito de Deus em lugares espec\u00edficos e para pessoas espec\u00edficas.<\/p>\n\n\n\n<p><strong><em>\u201cCertifique-se de que Deus seja abordado e as pessoas sejam aben\u00e7oadas\u201d (Steve Hawthorne)<\/em><\/strong><\/p>\n\n\n\n<h2 class=\"wp-block-heading\">I. A CAMINHADA DE ORA\u00c7\u00c3O ENVOLVE<\/h2>\n\n\n\n<ol class=\"wp-block-list\">\n<li>Andando - em pares ou trig\u00eameos <\/li>\n\n\n\n<li>Adorando - exaltando os nomes e a natureza de Deus <\/li>\n\n\n\n<li>Observando - pistas externas (dados de lugares e rostos) e pistas internas (discernimento do Senhor)<\/li>\n<\/ol>\n\n\n\n<h2 class=\"wp-block-heading\">II. PREPARA\u00c7\u00c3O<\/h2>\n\n\n\n<ol class=\"wp-block-list\">\n<li>Entregue sua caminhada ao Senhor, pe\u00e7a ao Esp\u00edrito para gui\u00e1-lo<\/li>\n\n\n\n<li>Cubra-se com a prote\u00e7\u00e3o divina (Sl. 91)<\/li>\n\n\n\n<li>Conecte-se com o Esp\u00edrito Santo (Ro. 8:26, 27)<\/li>\n<\/ol>\n\n\n\n<h2 class=\"wp-block-heading\">III. CAMINHADA DE ORA\u00c7\u00c3O<\/h2>\n\n\n\n<ol class=\"wp-block-list\">\n<li>Misture e misture conversa com louvor e ora\u00e7\u00e3o<\/li>\n\n\n\n<li>Ao come\u00e7ar, exalte e aben\u00e7oe o Senhor<\/li>\n\n\n\n<li>Use as Escrituras para liberar a b\u00ean\u00e7\u00e3o de Deus<\/li>\n\n\n\n<li>Pe\u00e7a ao Esp\u00edrito para dirigir seus passos\n<ul class=\"wp-block-list\">\n<li>Entre e caminhe pelos edif\u00edcios<\/li>\n\n\n\n<li>Permanecer em um determinado lugar<\/li>\n\n\n\n<li>Pare e ore pelas pessoas<\/li>\n<\/ul>\n<\/li>\n<\/ol>\n\n\n\n<h2 class=\"wp-block-heading\">IV. DESCONTINUAR<\/h2>\n\n\n\n<ol class=\"wp-block-list\">\n<li>Glean: o que observamos ou experimentamos?<\/li>\n\n\n\n<li>Algum \u201ccompromisso divino\u201d surpresa?<\/li>\n\n\n\n<li>Destilar 2-3 pontos de ora\u00e7\u00e3o, fechar com ora\u00e7\u00e3o corporativa<\/li>\n<\/ol>","protected":false},"excerpt":{"rendered":"<p>Caminhada de ora\u00e7\u00e3o \u00e9 simplesmente orar em um local com percep\u00e7\u00e3o (observa\u00e7\u00e3o) e inspira\u00e7\u00e3o (revela\u00e7\u00e3o). \u00c9...<\/p>","protected":false},"author":19,"featured_media":0,"parent":0,"menu_order":0,"comment_status":"closed","ping_status":"closed","template":"","meta":{"_acf_changed":false,"footnotes":""},"class_list":["post-444","page","type-page","status-publish","hentry"],"acf":[],"ams_acf":[],"_links":{"self":[{"href":"https:\/\/110cities.com\/pt\/wp-json\/wp\/v2\/pages\/444","targetHints":{"allow":["GET"]}}],"collection":[{"href":"https:\/\/110cities.com\/pt\/wp-json\/wp\/v2\/pages"}],"about":[{"href":"https:\/\/110cities.com\/pt\/wp-json\/wp\/v2\/types\/page"}],"author":[{"embeddable":true,"href":"https:\/\/110cities.com\/pt\/wp-json\/wp\/v2\/users\/19"}],"replies":[{"embeddable":true,"href":"https:\/\/110cities.com\/pt\/wp-json\/wp\/v2\/comments?post=444"}],"version-history":[{"count":3,"href":"https:\/\/110cities.com\/pt\/wp-json\/wp\/v2\/pages\/444\/revisions"}],"predecessor-version":[{"id":3822,"href":"https:\/\/110cities.com\/pt\/wp-json\/wp\/v2\/pages\/444\/revisions\/3822"}],"wp:attachment":[{"href":"https:\/\/110cities.com\/pt\/wp-json\/wp\/v2\/media?parent=444"}],"curies":[{"name":"wp","href":"https:\/\/api.w.org\/{rel}","templated":true}]}}