{"id":4342,"date":"2025-10-10T18:42:40","date_gmt":"2025-10-10T11:42:40","guid":{"rendered":"https:\/\/110cities.com\/?page_id=4342"},"modified":"2025-10-10T19:13:37","modified_gmt":"2025-10-10T12:13:37","slug":"discipleship-and-prayer","status":"publish","type":"page","link":"https:\/\/110cities.com\/pt\/discipleship-and-prayer\/","title":{"rendered":"Discipulado e Ora\u00e7\u00e3o"},"content":{"rendered":"<div class=\"wp-block-buttons is-layout-flex wp-block-buttons-is-layout-flex\">\n<div class=\"wp-block-button\"><a class=\"wp-block-button__link wp-element-button\" href=\"https:\/\/110cities.com\/wp-content\/uploads\/2025\/10\/Discipleship-and-Prayer-Dr-Jason-Hubbard.pdf\" target=\"_blank\" rel=\"noreferrer noopener\">BAIXE ESTE ARTIGO (PDF EM INGL\u00caS)<\/a><\/div>\n<\/div>\n\n\n\n<div style=\"height:20px\" aria-hidden=\"true\" class=\"wp-block-spacer\"><\/div>\n\n\n\n<p>Segunda-feira, 20<sup>\u00ba<\/sup> Outubro de 2025 marcar\u00e1 nosso 3\u00ba anivers\u00e1rio.<sup>rd<\/sup> anual <a href=\"https:\/\/110cities.com\/pt\/hindu-day-of-prayer\/\"><strong>Dia Global de Ora\u00e7\u00e3o pelo Mundo Hindu<\/strong><\/a>.<\/p>\n\n\n\n<p>Pesquisas indicam que 80% dos hindus, budistas e mu\u00e7ulmanos n\u00e3o conhecem um \u00fanico crist\u00e3o. Com aproximadamente 1,25 bilh\u00e3o de hindus em todo o mundo, o hindu\u00edsmo se destaca como a terceira maior religi\u00e3o global \u2013 sendo que 1 bilh\u00e3o deles s\u00f3 na \u00cdndia!&nbsp;<\/p>\n\n\n<div class=\"wp-block-image\">\n<figure class=\"alignright size-full is-resized\"><img loading=\"lazy\" decoding=\"async\" width=\"313\" height=\"313\" src=\"https:\/\/110cities.com\/wp-content\/uploads\/2025\/10\/image002.jpg\" alt=\"\" class=\"wp-image-4345\" style=\"width:372px;height:auto\" srcset=\"https:\/\/110cities.com\/wp-content\/uploads\/2025\/10\/image002.jpg 313w, https:\/\/110cities.com\/wp-content\/uploads\/2025\/10\/image002-150x150.jpg 150w, https:\/\/110cities.com\/wp-content\/uploads\/2025\/10\/image002-12x12.jpg 12w\" sizes=\"auto, (max-width: 313px) 100vw, 313px\" \/><\/figure>\n<\/div>\n\n\n<p>Assim como Jesus nos chamou para fazer disc\u00edpulos de todas as na\u00e7\u00f5es, a tarefa que ainda temos pela frente \u00e9 imensa e deve come\u00e7ar com a ora\u00e7\u00e3o! Se a defini\u00e7\u00e3o de ora\u00e7\u00e3o \u00e9 intimidade com Deus \u2013 a parte conversacional do relacionamento de amor mais importante em nossas vidas \u2013 ent\u00e3o o objetivo da ora\u00e7\u00e3o \u00e9 o cumprimento dos Seus prop\u00f3sitos!&nbsp;<\/p>\n\n\n\n<p>Deus escolheu realizar Seus prop\u00f3sitos por meio das ora\u00e7\u00f5es de Seu povo. Ele instituiu a ora\u00e7\u00e3o como o canal atrav\u00e9s do qual executa Sua vontade.<\/p>\n\n\n\n<p><strong>Uma das chaves para uma ora\u00e7\u00e3o eficaz \u00e9 orar pelo cumprimento da Grande Comiss\u00e3o! <\/strong>&nbsp;<\/p>\n\n\n\n<p>A B\u00edblia d\u00e1 grande import\u00e2ncia ao papel da ora\u00e7\u00e3o na Grande Comiss\u00e3o. O termo &quot;Grande Comiss\u00e3o&quot; refere-se \u00e0 ordem final de Jesus aos seus disc\u00edpulos (e, portanto, \u00e0 igreja como um todo) enquanto Ele estava fisicamente na Terra. Queremos orar para que cada pessoa e fam\u00edlia, em todos os lugares, tenha um encontro aut\u00eantico com o Senhor Jesus Cristo pelo poder e presen\u00e7a do Esp\u00edrito Santo! E Jesus disse claramente que a maneira mais eficaz de fazer isso \u2014 ver o Evangelho do Reino proclamado a todo o mundo \u2014 \u00e9 fazendo disc\u00edpulos de todas as na\u00e7\u00f5es!&nbsp;<\/p>\n\n\n\n<p>Jesus ordenou aos seus disc\u00edpulos que fossem do Monte Arbel, o monte mais alto da Galileia, e fizessem disc\u00edpulos de todas as na\u00e7\u00f5es. O Evangelho de Mateus conta que, ap\u00f3s a ressurrei\u00e7\u00e3o de Jesus, Ele instruiu os seus disc\u00edpulos a irem para o monte na Galileia.<\/p>\n\n\n\n<p>Em um dia claro, do alto do Monte Arbel, a vista se estende por quil\u00f4metros. Olhando para o norte, avista-se o pico do Monte Hermon, a maior montanha de Israel, que se ergue imponente sobre as fronteiras entre o L\u00edbano, a S\u00edria e Israel. A leste, avistam-se as Colinas de Gol\u00e3, a cordilheira plana de basalto negro que separa Israel da S\u00edria e da Jord\u00e2nia. Ao sul, as f\u00e9rteis terras agr\u00edcolas do Vale de Jezreel se estendem como uma colcha de retalhos at\u00e9 alcan\u00e7arem as colinas onduladas da Samaria. E a oeste, estende-se a plan\u00edcie costeira ao lado da antiga cidade de Cesareia Mar\u00edtima, o antigo porto constru\u00eddo pelo Rei Herodes, de onde o Ap\u00f3stolo Paulo partiu para Roma, levando o Evangelho para o Ocidente.<\/p>\n\n\n\n<p><strong>Jesus estava transmitindo uma vis\u00e3o. <\/strong>Uma vis\u00e3o para um movimento global de multiplica\u00e7\u00e3o.<strong>&nbsp;<\/strong><\/p>\n\n\n\n<p><strong>Ele chamou seus disc\u00edpulos n\u00e3o apenas para &#039;fazer disc\u00edpulos&#039;, mas para fazer disc\u00edpulos que se multipliquem!<\/strong><\/p>\n\n\n\n<p><a href=\"https:\/\/youtu.be\/aKK9eAyr2H0\" target=\"_blank\" rel=\"noopener\"><strong>Assista a este v\u00eddeo! \u2013 O poder da multiplica\u00e7\u00e3o<\/strong><\/a><\/p>\n\n\n\n<figure class=\"wp-block-embed is-type-video is-provider-youtube wp-block-embed-youtube wp-embed-aspect-16-9 wp-has-aspect-ratio\"><div class=\"wp-block-embed__wrapper\">\n<iframe loading=\"lazy\" title=\"O Poder da Multiplica\u00e7\u00e3o\" width=\"500\" height=\"281\" src=\"https:\/\/www.youtube.com\/embed\/aKK9eAyr2H0?feature=oembed\" frameborder=\"0\" allow=\"accelerometer; autoplay; clipboard-write; encrypted-media; gyroscope; picture-in-picture; web-share\" referrerpolicy=\"strict-origin-when-cross-origin\" allowfullscreen><\/iframe>\n<\/div><\/figure>\n\n\n\n<p><strong>Mateus 28:18-20<\/strong>, \u201cToda a autoridade me foi dada no c\u00e9u e na terra. Portanto, v\u00e3o e fa\u00e7am disc\u00edpulos de todas as na\u00e7\u00f5es, batizando-os em nome do Pai e do Filho e do Esp\u00edrito Santo, ensinando-os a obedecer a tudo o que eu lhes ordenei. E eu estarei sempre com voc\u00eas, at\u00e9 o fim dos tempos.\u201d<\/p>\n\n\n\n<p>Neste trecho, vemos primeiro que a autoridade \u00e9 dada a Jesus, e a segunda parte no final: &quot;Estarei convosco todos os dias, at\u00e9 \u00e0 consuma\u00e7\u00e3o dos s\u00e9culos&quot;.<\/p>\n\n\n<div class=\"wp-block-image\">\n<figure class=\"alignright size-full is-resized\"><img loading=\"lazy\" decoding=\"async\" width=\"331\" height=\"331\" src=\"https:\/\/110cities.com\/wp-content\/uploads\/2025\/10\/image004.jpg\" alt=\"\" class=\"wp-image-4349\" style=\"width:373px;height:auto\" srcset=\"https:\/\/110cities.com\/wp-content\/uploads\/2025\/10\/image004.jpg 331w, https:\/\/110cities.com\/wp-content\/uploads\/2025\/10\/image004-150x150.jpg 150w, https:\/\/110cities.com\/wp-content\/uploads\/2025\/10\/image004-12x12.jpg 12w\" sizes=\"auto, (max-width: 331px) 100vw, 331px\" \/><\/figure>\n<\/div>\n\n\n<p>Frequentemente, focamos no ir, em fazer disc\u00edpulos, em batizar, em ensinar ou na mec\u00e2nica de plantar igrejas \u2013 mas as palavras de Jesus come\u00e7am e terminam com Ele mesmo \u2013 Sua autoridade e Sua presen\u00e7a!<\/p>\n\n\n\n<p>Jesus \u00e9 a figura central e o cora\u00e7\u00e3o pulsante da Grande Comiss\u00e3o \u2013 e nos conectamos com Ele \u2013 com Sua autoridade e Sua presen\u00e7a \u2013 por meio da ora\u00e7\u00e3o!<\/p>\n\n\n\n<p>A ora\u00e7\u00e3o \u00e9 o principal meio que Deus nos deu para manter o essencial no centro de tudo: Jesus! Jesus tem toda a autoridade e est\u00e1 conosco \u2014 esse \u00e9 o princ\u00edpio e o fim da Grande Comiss\u00e3o!<\/p>\n\n\n\n<p><strong>Qual \u00e9 a defini\u00e7\u00e3o de um disc\u00edpulo?<\/strong><br>A palavra disc\u00edpulo significa literalmente &quot;seguidor de um mestre&quot;. Na \u00e9poca de Cristo, um disc\u00edpulo n\u00e3o era simplesmente algu\u00e9m que aprendia com um grande mestre (rabino), mas sim um aprendiz ou um imitador. Jesus chamou seus primeiros disc\u00edpulos para segui-lo, fazer o que Ele fazia e dizer o que Ele dizia!<\/p>\n\n\n\n<p>Uma defini\u00e7\u00e3o simples de disc\u00edpulo seria algu\u00e9m que veio a Jesus para a vida eterna, o reconheceu como Salvador e Deus e embarcou numa vida de seguimento a Ele.<\/p>\n\n\n\n<p>Um disc\u00edpulo \u00e9 algu\u00e9m que ama a Deus, ama as pessoas e faz disc\u00edpulos que se multiplicam!&nbsp;<\/p>\n\n\n\n<h2 class=\"wp-block-heading\">As 3 marcas de um disc\u00edpulo:<\/h2>\n\n\n\n<p>Queremos ser disc\u00edpulos e formar disc\u00edpulos que sejam dignos de serem reproduzidos, e, segundo Jesus, as marcas de um disc\u00edpulo s\u00e3o tr\u00edplices:<\/p>\n\n\n\n<h3 class=\"wp-block-heading\">1. Permanece na Palavra de Deus, Jo\u00e3o 8:31-32<\/h3>\n\n\n\n<p>\u201cSe voc\u00eas permanecerem na minha palavra, verdadeiramente ser\u00e3o meus disc\u00edpulos, <sup>&nbsp;<\/sup>e conhecereis a verdade, e a verdade vos libertar\u00e1.\u201d<\/p>\n\n\n\n<p>A ora\u00e7\u00e3o \u00e9 a pr\u00f3pria ess\u00eancia da vida de um disc\u00edpulo de Jesus! Jesus foi claro ao afirmar que ouvi-lo \u2013 permanecer em sua palavra \u2013 \u00e9 o aspecto mais importante da ora\u00e7\u00e3o. A palavra &quot;permanecer&quot; implica... <strong><em>restante<\/em><\/strong> Em constante comunh\u00e3o e relacionamento.&nbsp;<br><br>A ora\u00e7\u00e3o \u00e9 a parte conversacional do relacionamento amoroso mais importante em nossas vidas!&nbsp;<\/p>\n\n\n\n<h3 class=\"wp-block-heading\">2. Ama como Jesus ama, Jo\u00e3o 13:34-35<\/h3>\n\n\n\n<p>\u201cUm novo mandamento vos dou: que vos ameis uns aos outros. Assim como eu vos amei, que tamb\u00e9m vos ameis uns aos outros. Nisto todos conhecer\u00e3o que sois meus disc\u00edpulos: se vos amardes uns aos outros.\u201d<\/p>\n\n\n\n<p>Uma das primeiras e mais importantes maneiras de amarmos como Jesus ama \u00e9 orando uns pelos outros! Pedimos a Deus que fa\u00e7a por eles o que eles n\u00e3o podem fazer por si mesmos!<\/p>\n\n\n\n<h3 class=\"wp-block-heading\">3. D\u00e1 frutos, Jo\u00e3o 15:7-8<\/h3>\n\n\n\n<p>\u201cSe voc\u00eas permanecerem em mim, e as minhas palavras permanecerem em voc\u00eas, pe\u00e7am o que quiserem, e lhes ser\u00e1 concedido. Meu Pai \u00e9 glorificado nisto: que voc\u00eas deem muito fruto; e assim mostrar\u00e3o que s\u00e3o meus disc\u00edpulos.\u201d<\/p>\n\n\n\n<p>Segundo Jesus, damos frutos permanecendo em ora\u00e7\u00e3o e pedindo em ora\u00e7\u00e3o. Com isso, o Pai \u00e9 glorificado e provamos ser seus disc\u00edpulos. &nbsp;<\/p>\n\n\n\n<p>Uma das chaves para o cumprimento da Grande Comiss\u00e3o \u00e9 orar ao Senhor da Seara para que trabalhadores sejam enviados!<\/p>\n\n\n\n<p>Ele lhes disse: \u201cA colheita verdadeiramente <em>\u00e9<\/em> \u00f3timo, mas os trabalhadores <em>s\u00e3o<\/em> poucos; portanto, pe\u00e7am ao Senhor da colheita que envie trabalhadores para a sua colheita\u201d (Lucas 10:2).<\/p>\n\n\n\n<p>A palavra para ora\u00e7\u00e3o usada neste contexto \u00e9 <em>deomai<\/em>, O que significa ora\u00e7\u00e3o desesperada! Jesus disse que a colheita \u00e9 grande, mas os trabalhadores s\u00e3o poucos \u2013 Portanto, orem \u2013 orem fervorosamente, orem com desespero!<\/p>\n\n\n\n<p>Como obreiros, saiam para proclamar o Evangelho do Reino, pois muitas vezes encontrar\u00e3o resist\u00eancia. O diabo estabeleceu fortalezas espirituais sobre povos, cidades e na\u00e7\u00f5es. Paulo nos diz que recebemos armas de guerra para demolir fortalezas e alcan\u00e7ar a vit\u00f3ria (2 Cor\u00edntios 10:4-5).<\/p>\n\n\n\n<h2 class=\"wp-block-heading\">O poder de orar com a Palavra<\/h2>\n\n\n\n<p>Uma das armas mais poderosas \u00e9 a Palavra de Deus, a Espada do Esp\u00edrito. Paulo nos ordena em Ef\u00e9sios 6 a permanecermos firmes, revestindo-nos da armadura da f\u00e9 e, ent\u00e3o, a usarmos a sua palavra por meio da ora\u00e7\u00e3o, orando em todo o tempo, por todos os povos, com todo tipo de ora\u00e7\u00e3o (Ef 6:10-19).&nbsp;<\/p>\n\n\n\n<p>Primeiramente, oramos e declaramos a supremacia de Jesus sobre os povos e as regi\u00f5es. &nbsp;<\/p>\n\n\n\n<p>Por meio da ora\u00e7\u00e3o, pedimos ao Pai que amarre e refreie o inimigo, os principados e potestades que cegaram as mentes dos incr\u00e9dulos.<\/p>\n\n\n\n<p><strong>Oramos para que as portas, os c\u00e9us, as estradas e os corredores se abram, para que o Evangelho possa avan\u00e7ar!<\/strong><\/p>\n\n\n\n<p>Pedimos ao Senhor que remova a cegueira que o deus desta era colocou sobre os incr\u00e9dulos, para que eles possam ver a luz do Evangelho na face de Jesus!&nbsp;<\/p>\n\n\n\n<p>Pedimos ao Pai que nos livre do maligno, assim como Jesus veio para destruir as obras do diabo.<strong>.<\/strong> Ao oferecermos nossa adora\u00e7\u00e3o e louvor \u00c0quele que est\u00e1 assentado no trono e ao Cordeiro, Sua presen\u00e7a e luz em nosso meio dissipam as trevas espirituais, e o poder de Deus liberta fam\u00edlias de todas as cren\u00e7as na terra para se tornarem seguidores de Jesus Cristo de todo o cora\u00e7\u00e3o!<\/p>\n\n\n\n<figure class=\"wp-block-image size-full\"><img loading=\"lazy\" decoding=\"async\" width=\"1080\" height=\"720\" src=\"https:\/\/110cities.com\/wp-content\/uploads\/2025\/10\/Discipleship-and-Prayer-2.jpg\" alt=\"\" class=\"wp-image-4355\" srcset=\"https:\/\/110cities.com\/wp-content\/uploads\/2025\/10\/Discipleship-and-Prayer-2.jpg 1080w, https:\/\/110cities.com\/wp-content\/uploads\/2025\/10\/Discipleship-and-Prayer-2-350x233.jpg 350w, https:\/\/110cities.com\/wp-content\/uploads\/2025\/10\/Discipleship-and-Prayer-2-768x512.jpg 768w, https:\/\/110cities.com\/wp-content\/uploads\/2025\/10\/Discipleship-and-Prayer-2-18x12.jpg 18w\" sizes=\"auto, (max-width: 1080px) 100vw, 1080px\" \/><\/figure>\n\n\n\n<p>Temos visto um grande aumento na adora\u00e7\u00e3o e na ora\u00e7\u00e3o intercess\u00f3ria desde a d\u00e9cada de 90 at\u00e9 os dias de hoje!<\/p>\n\n\n\n<p>O Movimento Global de Ora\u00e7\u00e3o tem experimentado uma acelera\u00e7\u00e3o not\u00e1vel: os coreanos t\u00eam se dedicado \u00e0 ora\u00e7\u00e3o matinal h\u00e1 d\u00e9cadas, Marchas por Jesus ocorreram nas ruas ao redor do mundo, o Dia Mundial de Ora\u00e7\u00e3o lotou est\u00e1dios, pessoas caminharam em ora\u00e7\u00e3o e oraram por uma vit\u00f3ria nas principais cidades do mundo, houve o movimento das torres de ora\u00e7\u00e3o na Indon\u00e9sia, a paix\u00e3o e o fervor dos encontros de ora\u00e7\u00e3o na Am\u00e9rica Latina e do Sul, as vig\u00edlias de ora\u00e7\u00e3o com jejum durante toda a noite em todo o continente africano, o intenso movimento de ora\u00e7\u00e3o na China e os momentos de ora\u00e7\u00e3o coletiva guiados pelo Esp\u00edrito em toda a \u00cdndia, juntamente com a prolifera\u00e7\u00e3o de casas de ora\u00e7\u00e3o e adora\u00e7\u00e3o em diversas na\u00e7\u00f5es, e hoje, mais de cem milh\u00f5es de fi\u00e9is unidos em ora\u00e7\u00e3o nos quatro dias globais de ora\u00e7\u00e3o a cada ano desde 2022!&nbsp;<\/p>\n\n\n\n<p>E durante esse per\u00edodo, houve resultados surpreendentes nos deslocamentos mission\u00e1rios ao redor do mundo.<\/p>\n\n\n\n<p>Segundo os principais pesquisadores mission\u00e1rios, o n\u00famero de disc\u00edpulos e igrejas nesses movimentos cresceu exponencialmente a uma taxa impressionante de 23% ao ano, muito mais r\u00e1pido que a popula\u00e7\u00e3o mundial. O n\u00famero total de disc\u00edpulos nesses movimentos dobrou a cada 3,5 anos \u2014 um testemunho do poder da multiplica\u00e7\u00e3o divina por meio da ora\u00e7\u00e3o.<\/p>\n\n\n<div class=\"wp-block-image\">\n<figure class=\"alignright size-full is-resized\"><img loading=\"lazy\" decoding=\"async\" width=\"231\" height=\"346\" src=\"https:\/\/110cities.com\/wp-content\/uploads\/2025\/10\/image007.jpg\" alt=\"\" class=\"wp-image-4353\" style=\"width:300px;height:auto\" srcset=\"https:\/\/110cities.com\/wp-content\/uploads\/2025\/10\/image007.jpg 231w, https:\/\/110cities.com\/wp-content\/uploads\/2025\/10\/image007-8x12.jpg 8w\" sizes=\"auto, (max-width: 231px) 100vw, 231px\" \/><\/figure>\n<\/div>\n\n\n<h3 class=\"wp-block-heading\">Esse crescimento global ocorreu em quatro fases distintas:<\/h3>\n\n\n\n<ul class=\"wp-block-list\">\n<li>De 1995 a 2000 - de 10.000 para mais de 100.000 disc\u00edpulos<\/li>\n\n\n\n<li>De 2000 a 2005 - de 100.000 para mais de 1 milh\u00e3o de disc\u00edpulos<\/li>\n\n\n\n<li>De 2005 a 2015 - de 1 milh\u00e3o para mais de 10 milh\u00f5es<\/li>\n\n\n\n<li>De 2015 a 2024, esse n\u00famero ultrapassou os 100 milh\u00f5es.<\/li>\n<\/ul>\n\n\n\n<p>\u00c0 medida que a ora\u00e7\u00e3o que exalta a Cristo, fundamentada na B\u00edblia, alimentada pela adora\u00e7\u00e3o, guiada pelo Esp\u00edrito e motivada pelo amor aumenta nas na\u00e7\u00f5es, mais disc\u00edpulos est\u00e3o sendo feitos, mais igrejas est\u00e3o sendo fundadas, mais B\u00edblias est\u00e3o sendo traduzidas, mais sinais, maravilhas e milagres est\u00e3o sendo realizados e mais justi\u00e7a est\u00e1 sendo feita aos pobres, aos marginalizados, aos \u00f3rf\u00e3os e \u00e0s vi\u00favas!<\/p>\n\n\n\n<p>Ent\u00e3o, no <a href=\"https:\/\/110cities.com\/pt\/hindu-day-of-prayer\/\"><strong>Dia Mundial de Ora\u00e7\u00e3o para o mundo hindu<\/strong><\/a>, Elevemos nossas ora\u00e7\u00f5es como incenso diante de Deus, que pode fazer infinitamente mais do que tudo o que pedimos ou sequer imaginamos, para a Sua gl\u00f3ria, para a nossa alegria e para que multid\u00f5es cheguem ao conhecimento salvador de Jesus em todo o mundo hindu!&nbsp;<\/p>\n\n\n\n<p><strong>Dr. Jason Hubbard \u2013 Diretor<br><\/strong><a href=\"https:\/\/www.linktr.ee\/ipcprayer\" target=\"_blank\" rel=\"noopener\"><strong>Conex\u00e3o Internacional de Ora\u00e7\u00e3o<\/strong><\/a><strong><\/strong><\/p>","protected":false},"excerpt":{"rendered":"<p>Na segunda-feira, 20 de outubro de 2025, realizaremos nosso 3\u00ba Dia Mundial de Ora\u00e7\u00e3o anual por...<\/p>","protected":false},"author":3,"featured_media":0,"parent":0,"menu_order":0,"comment_status":"closed","ping_status":"closed","template":"","meta":{"_acf_changed":false,"footnotes":""},"class_list":["post-4342","page","type-page","status-publish","hentry"],"acf":[],"ams_acf":[],"_links":{"self":[{"href":"https:\/\/110cities.com\/pt\/wp-json\/wp\/v2\/pages\/4342","targetHints":{"allow":["GET"]}}],"collection":[{"href":"https:\/\/110cities.com\/pt\/wp-json\/wp\/v2\/pages"}],"about":[{"href":"https:\/\/110cities.com\/pt\/wp-json\/wp\/v2\/types\/page"}],"author":[{"embeddable":true,"href":"https:\/\/110cities.com\/pt\/wp-json\/wp\/v2\/users\/3"}],"replies":[{"embeddable":true,"href":"https:\/\/110cities.com\/pt\/wp-json\/wp\/v2\/comments?post=4342"}],"version-history":[{"count":10,"href":"https:\/\/110cities.com\/pt\/wp-json\/wp\/v2\/pages\/4342\/revisions"}],"predecessor-version":[{"id":4369,"href":"https:\/\/110cities.com\/pt\/wp-json\/wp\/v2\/pages\/4342\/revisions\/4369"}],"wp:attachment":[{"href":"https:\/\/110cities.com\/pt\/wp-json\/wp\/v2\/media?parent=4342"}],"curies":[{"name":"wp","href":"https:\/\/api.w.org\/{rel}","templated":true}]}}