{"id":3423,"date":"2024-04-09T13:32:25","date_gmt":"2024-04-09T06:32:25","guid":{"rendered":"https:\/\/new.110cities.net\/?page_id=3423"},"modified":"2024-08-14T23:32:53","modified_gmt":"2024-08-14T16:32:53","slug":"jewish-day-of-prayer","status":"publish","type":"page","link":"https:\/\/110cities.com\/pt\/jewish-day-of-prayer\/","title":{"rendered":"Dia Judaico de Ora\u00e7\u00e3o"},"content":{"rendered":"<p>Conte\u00fado em breve...<\/p>","protected":false},"excerpt":{"rendered":"<p>Conte\u00fado em breve...<\/p>","protected":false},"author":19,"featured_media":0,"parent":0,"menu_order":0,"comment_status":"closed","ping_status":"closed","template":"","meta":{"_acf_changed":false,"footnotes":""},"class_list":["post-3423","page","type-page","status-publish","hentry"],"acf":[],"ams_acf":[],"_links":{"self":[{"href":"https:\/\/110cities.com\/pt\/wp-json\/wp\/v2\/pages\/3423","targetHints":{"allow":["GET"]}}],"collection":[{"href":"https:\/\/110cities.com\/pt\/wp-json\/wp\/v2\/pages"}],"about":[{"href":"https:\/\/110cities.com\/pt\/wp-json\/wp\/v2\/types\/page"}],"author":[{"embeddable":true,"href":"https:\/\/110cities.com\/pt\/wp-json\/wp\/v2\/users\/19"}],"replies":[{"embeddable":true,"href":"https:\/\/110cities.com\/pt\/wp-json\/wp\/v2\/comments?post=3423"}],"version-history":[{"count":4,"href":"https:\/\/110cities.com\/pt\/wp-json\/wp\/v2\/pages\/3423\/revisions"}],"predecessor-version":[{"id":3561,"href":"https:\/\/110cities.com\/pt\/wp-json\/wp\/v2\/pages\/3423\/revisions\/3561"}],"wp:attachment":[{"href":"https:\/\/110cities.com\/pt\/wp-json\/wp\/v2\/media?parent=3423"}],"curies":[{"name":"wp","href":"https:\/\/api.w.org\/{rel}","templated":true}]}}