{"id":2936,"date":"2024-01-08T14:32:33","date_gmt":"2024-01-08T07:32:33","guid":{"rendered":"https:\/\/new.110cities.net\/?page_id=2936"},"modified":"2026-01-23T16:46:10","modified_gmt":"2026-01-23T09:46:10","slug":"prayer-guide","status":"publish","type":"page","link":"https:\/\/110cities.com\/pt\/prayer-guide\/","title":{"rendered":"Guia de Ora\u00e7\u00e3o \u2013 24 Horas de Ora\u00e7\u00e3o para o Mundo Budista 2024"},"content":{"rendered":"<p>Estamos orando por movimentos do Evangelho nessas cidades e regi\u00f5es budistas, incluindo a China. Deus libera seu poder em resposta \u00e0s ora\u00e7\u00f5es de seu povo! O budismo \u00e9 sobre ilumina\u00e7\u00e3o. Neste Dia Global de Ora\u00e7\u00e3o, vamos pedir ao Senhor para remover o v\u00e9u da cegueira que est\u00e1 sobre os olhos dos descrentes presos no budismo para que eles possam ver a luz do evangelho no rosto de Jesus<br>Cristo!<\/p>\n\n\n\n<p>2 Cor\u00edntios 4:4, 6, \u201cNo caso deles, o deus deste s\u00e9culo cegou o entendimento dos descrentes, para que n\u00e3o vejam a luz do evangelho da gl\u00f3ria de Cristo, o qual \u00e9 a imagem de Deus\u2026 6 Porque Deus, que disse: Das trevas resplande\u00e7a a luz, \u00e9 quem resplandeceu em nossos cora\u00e7\u00f5es, para ilumina\u00e7\u00e3o do conhecimento da gl\u00f3ria de Deus, na face de Jesus Cristo.<\/p>\n\n\n\n<p>Voc\u00ea pode encontrar pontos de ora\u00e7\u00e3o espec\u00edficos para cada cidade em 110Cities e tamb\u00e9m assistir a um pequeno v\u00eddeo de ora\u00e7\u00e3o para cada cidade pela qual voc\u00ea est\u00e1 orando. N\u00f3s o encorajamos a pesquisar sobre essas cidades e orar por &quot;Breakthrough&quot; conforme o Senhor o guia! Aqui est\u00e3o as cidades e regi\u00f5es abaixo com alguns pontos de ora\u00e7\u00e3o!<\/p>\n\n\n\n<h2 class=\"wp-block-heading\">\u00caNFASE DE ORA\u00c7\u00c3O<\/h2>\n\n\n<div class=\"wp-block-image\">\n<figure class=\"alignright size-full is-resized\"><img loading=\"lazy\" decoding=\"async\" width=\"600\" height=\"600\" src=\"https:\/\/110cities.com\/wp-content\/uploads\/2024\/01\/SocialMedia-V2.jpg\" alt=\"\" class=\"wp-image-2956\" style=\"width:392px;height:auto\" srcset=\"https:\/\/110cities.com\/wp-content\/uploads\/2024\/01\/SocialMedia-V2.jpg 600w, https:\/\/110cities.com\/wp-content\/uploads\/2024\/01\/SocialMedia-V2-350x350.jpg 350w, https:\/\/110cities.com\/wp-content\/uploads\/2024\/01\/SocialMedia-V2-150x150.jpg 150w, https:\/\/110cities.com\/wp-content\/uploads\/2024\/01\/SocialMedia-V2-12x12.jpg 12w\" sizes=\"auto, (max-width: 600px) 100vw, 600px\" \/><\/figure>\n<\/div>\n\n\n<p>Ore para que Jesus Cristo seja exaltado nesta cidade. Ore para que seu nome seja revelado, recebido e reverenciado entre todos os povos, tribos e l\u00ednguas desta cidade. Salmo 110, Hab 2:14<\/p>\n\n\n\n<p>Ore para que o Reino de Deus venha e que sua vontade seja feita nesta cidade! Mateus 6:9-10<\/p>\n\n\n\n<p>Ore ao Senhor da Colheita para enviar trabalhadores para proclamar o evangelho do reino com demonstra\u00e7\u00f5es de poder e amor! Ore para que uma igreja dom\u00e9stica que exalte a Cristo seja plantada para cada 1000 pessoas nesta cidade! Lucas 10:2, Mateus 16:18, Atos 4:29-31<\/p>\n\n\n\n<p>Ore para que a B\u00edblia seja traduzida para a l\u00edngua do cora\u00e7\u00e3o de cada grupo de pessoas nesta cidade. 2 Tessalonicenses 3:1<\/p>\n\n\n\n<p>Nyaw - Tail\u00e2ndia<br>L\u00edngua de sinais da Coreia do Norte, Laopang - Laos<br>L\u00edngua de Sinais Miyakubo - Jap\u00e3o<\/p>\n\n\n\n<p>Ore pelo derramamento do Esp\u00edrito Santo sobre toda a carne nesta cidade! Ore para que o Esp\u00edrito Santo os conven\u00e7a do pecado e mostre a eles a necessidade de um Salvador, encontrado somente em Jesus Cristo. Ore para que Deus Pai atraia todos os homens a Cristo atrav\u00e9s do poder da cruz. Ore para que a bondade de Deus leve todos ao arrependimento. Atos 2:17, Jo\u00e3o 16<\/p>\n\n\n\n<p>Ore para que Deus amarre e restrinja os poderes das trevas sobre esta cidade e libere o poder, a verdade e o amor do Esp\u00edrito Santo sobre os povos desta cidade! 2 Cor. 4:4-6, Mateus 18:18-19<\/p>\n\n\n\n<p>Gostar\u00edamos de convid\u00e1-lo a se concentrar conosco especialmente enquanto oramos pelo avan\u00e7o do Reino em Pyongyang, Coreia do Norte, neste ano.<\/p>\n\n\n\n<h2 class=\"wp-block-heading\">CIDADES DE ORA\u00c7\u00c3O<\/h2>\n\n\n\n<div class=\"wp-block-columns is-layout-flex wp-container-core-columns-is-layout-9d6595d7 wp-block-columns-is-layout-flex\">\n<div class=\"wp-block-column is-layout-flow wp-block-column-is-layout-flow\">\n<p>Bangkok, Tail\u00e2ndia<br>Pequim, China<br>But\u00e3o<br>Chengdu, China<br>Chongqing, China<br>Guangzhou, China<br>Hangzhou, China<br>Han\u00f3i, Vietn\u00e3<\/p>\n<\/div>\n\n\n\n<div class=\"wp-block-column is-layout-flow wp-block-column-is-layout-flow\">\n<p>Ho Chi Minh, Vietn\u00e3<br>Hohot, China<br>Kunming, China<br>Nanning, China<br>Phnom Pehn, Camboja<br>P&#039;yong yang, Coreia do Norte<br>Xangai, China<br>Shenyang, China<\/p>\n<\/div>\n\n\n\n<div class=\"wp-block-column is-layout-flow wp-block-column-is-layout-flow\">\n<p>Taiyuan, China<br>T\u00f3quio, Jap\u00e3o<br>Ulan Bator, Mong\u00f3lia<br>Vienciana, Laos<br>Wuhan, China<br>Xian, China<br>Xining, China<br>Yangon, Mianmar<\/p>\n<\/div>\n<\/div>\n\n\n\n<div class=\"wp-block-buttons is-layout-flex wp-block-buttons-is-layout-flex\">\n<div class=\"wp-block-button\"><a class=\"wp-block-button__link wp-element-button\" href=\"https:\/\/110cities.com\/wp-content\/uploads\/2026\/01\/GODP-2026-Web.pdf\" target=\"_blank\" rel=\"noreferrer noopener\">Baixe o Guia de Ora\u00e7\u00e3o<\/a><\/div>\n<\/div>","protected":false},"excerpt":{"rendered":"<p>Estamos orando pelos movimentos evang\u00e9licos nessas cidades e regi\u00f5es budistas, incluindo a China...<\/p>","protected":false},"author":19,"featured_media":2945,"parent":0,"menu_order":0,"comment_status":"closed","ping_status":"closed","template":"","meta":{"_acf_changed":false,"footnotes":""},"class_list":["post-2936","page","type-page","status-publish","has-post-thumbnail","hentry"],"acf":[],"ams_acf":[],"_links":{"self":[{"href":"https:\/\/110cities.com\/pt\/wp-json\/wp\/v2\/pages\/2936","targetHints":{"allow":["GET"]}}],"collection":[{"href":"https:\/\/110cities.com\/pt\/wp-json\/wp\/v2\/pages"}],"about":[{"href":"https:\/\/110cities.com\/pt\/wp-json\/wp\/v2\/types\/page"}],"author":[{"embeddable":true,"href":"https:\/\/110cities.com\/pt\/wp-json\/wp\/v2\/users\/19"}],"replies":[{"embeddable":true,"href":"https:\/\/110cities.com\/pt\/wp-json\/wp\/v2\/comments?post=2936"}],"version-history":[{"count":13,"href":"https:\/\/110cities.com\/pt\/wp-json\/wp\/v2\/pages\/2936\/revisions"}],"predecessor-version":[{"id":4540,"href":"https:\/\/110cities.com\/pt\/wp-json\/wp\/v2\/pages\/2936\/revisions\/4540"}],"wp:featuredmedia":[{"embeddable":true,"href":"https:\/\/110cities.com\/pt\/wp-json\/wp\/v2\/media\/2945"}],"wp:attachment":[{"href":"https:\/\/110cities.com\/pt\/wp-json\/wp\/v2\/media?parent=2936"}],"curies":[{"name":"wp","href":"https:\/\/api.w.org\/{rel}","templated":true}]}}