{"id":918,"date":"2022-12-01T06:49:08","date_gmt":"2022-12-01T06:49:08","guid":{"rendered":"https:\/\/new.110cities.net\/?page_id=918"},"modified":"2024-08-09T22:49:59","modified_gmt":"2024-08-09T15:49:59","slug":"welcome","status":"publish","type":"page","link":"https:\/\/110cities.com\/it\/welcome\/","title":{"rendered":"Ben arrivato"},"content":{"rendered":"<div style=\"height:40px\" aria-hidden=\"true\" class=\"wp-block-spacer\"><\/div>\n\n\n\n<h2 class=\"wp-block-heading has-text-align-center\">Benvenuto in 110 citt\u00e0!<\/h2>\n\n\n\n<p class=\"has-text-align-center\">La nostra visione \u00e8 quella di vedere le 110 citt\u00e0 meno raggiunte al mondo raggiunte dal Vangelo, pregando affinch\u00e9 migliaia di chiese che esaltino Cristo si moltiplichino tra loro!<\/p>\n\n\n\n<p class=\"has-text-align-center\">Crediamo che la preghiera sia fondamentale! <br>A tal fine, ci stiamo impegnando con fede per coprire questa iniziativa con le potenti preghiere di 110 milioni di credenti: per la svolta, pregando attorno al trono, 24 ore su 24 e in tutto il mondo!<\/p>\n\n\n\n<figure class=\"wp-block-embed is-type-video is-provider-youtube wp-block-embed-youtube wp-embed-aspect-16-9 wp-has-aspect-ratio\"><div class=\"wp-block-embed__wrapper\">\n<iframe loading=\"lazy\" title=\"Promozione 110 citt\u00e0 - Dr Jason Hubbard\" width=\"500\" height=\"281\" src=\"https:\/\/www.youtube.com\/embed\/0qIrUkUZ2GA?feature=oembed\" frameborder=\"0\" allow=\"accelerometer; autoplay; clipboard-write; encrypted-media; gyroscope; picture-in-picture; web-share\" referrerpolicy=\"strict-origin-when-cross-origin\" allowfullscreen><\/iframe>\n<\/div><figcaption class=\"wp-element-caption\"><strong>Il dottor Jason Hubbard<\/strong><br>Il direttore di International Prayer Connect presenta 110 citt\u00e0<\/figcaption><\/figure>","protected":false},"excerpt":{"rendered":"<p>Benvenuti a 110 Cities! La nostra visione \u00e8 vedere le 110 citt\u00e0 meno raggiunte...<\/p>","protected":false},"author":19,"featured_media":0,"parent":0,"menu_order":0,"comment_status":"closed","ping_status":"closed","template":"","meta":{"_acf_changed":false,"footnotes":""},"class_list":["post-918","page","type-page","status-publish","hentry"],"acf":[],"ams_acf":[],"_links":{"self":[{"href":"https:\/\/110cities.com\/it\/wp-json\/wp\/v2\/pages\/918","targetHints":{"allow":["GET"]}}],"collection":[{"href":"https:\/\/110cities.com\/it\/wp-json\/wp\/v2\/pages"}],"about":[{"href":"https:\/\/110cities.com\/it\/wp-json\/wp\/v2\/types\/page"}],"author":[{"embeddable":true,"href":"https:\/\/110cities.com\/it\/wp-json\/wp\/v2\/users\/19"}],"replies":[{"embeddable":true,"href":"https:\/\/110cities.com\/it\/wp-json\/wp\/v2\/comments?post=918"}],"version-history":[{"count":4,"href":"https:\/\/110cities.com\/it\/wp-json\/wp\/v2\/pages\/918\/revisions"}],"predecessor-version":[{"id":3528,"href":"https:\/\/110cities.com\/it\/wp-json\/wp\/v2\/pages\/918\/revisions\/3528"}],"wp:attachment":[{"href":"https:\/\/110cities.com\/it\/wp-json\/wp\/v2\/media?parent=918"}],"curies":[{"name":"wp","href":"https:\/\/api.w.org\/{rel}","templated":true}]}}