{"id":895,"date":"2022-11-30T11:58:12","date_gmt":"2022-11-30T11:58:12","guid":{"rendered":"https:\/\/new.110cities.net\/?page_id=895"},"modified":"2022-11-30T12:01:58","modified_gmt":"2022-11-30T12:01:58","slug":"join-110","status":"publish","type":"page","link":"https:\/\/110cities.com\/it\/join-110\/","title":{"rendered":"Unisciti a 110"},"content":{"rendered":"<p>Cerchiamo persone che condividano la visione delle 110 citt\u00e0 e siano pronte a farsi coinvolgere sia nella pratica che nella preghiera!<\/p>\n\n\n\n<p>Se pensi che potresti essere tu, continua a leggere... e <a href=\"https:\/\/110cities.com\/it\/contact\/\">mettersi in contatto<\/a> scoprire di pi\u00f9.<\/p>\n\n\n\n<p>UN <strong>110 Citt\u00e0 Preghiera Campione<\/strong> ha una passione per una citt\u00e0 specifica evidenziata sul nostro <a href=\"https:\/\/110cities.com\/it\/cities\/\">Elenco 110 CITT\u00c0<\/a> - dove si trova il 90%+ dei Frontier People Groups (FPG).<\/p>\n\n\n\n<p>In ognuna delle 110 citt\u00e0 vorremmo formare 2 squadre:<\/p>\n\n\n\n<p>a) Il Movimento per la Fondazione di Chiese fa squadra con il suo leader generale e allenatore che fornisce una persona ponte sicura con cui comunicare.<\/p>\n\n\n\n<p>b) GRUPPO DI PREGHIERA CITTADINO - composto da reti di preghiera cittadine, reti di chiese, gruppi di cammino di preghiera, case di preghiera, gruppi di preghiera per bambini e giovani, con un coordinatore del gruppo di preghiera della citt\u00e0 e un <strong>campione per la preghiera per i post di carburante per la preghiera online<\/strong> che comunicher\u00e0 e mobiliter\u00e0 la preghiera a un pubblico globale i bisogni e le celebrazioni in ogni citt\u00e0.<\/p>\n\n\n\n<h3 class=\"wp-block-heading\">Un campione:<\/h3>\n\n\n\n<ul class=\"wp-block-list\">\n<li>Ha un vero fardello e una chiamata di Dio a questa specifica citt\u00e0<\/li>\n\n\n\n<li>\u00c8 una voce riconosciuta e rispettata per la citt\u00e0, conosciuta da altri coinvolti con questa citt\u00e0 (o ha buoni collegamenti attraverso una squadra)<\/li>\n\n\n\n<li>Preferibilmente ha lavorato o abita in quella citt\u00e0 o ha studiato e pregato per quella citt\u00e0 per anni<\/li>\n\n\n\n<li>\u00c8 una persona che conosce i bisogni della citt\u00e0, la lingua, la cultura, le credenze, la visione del mondo<\/li>\n\n\n\n<li>Si impegna nell&#039;intercessione e nel mobilitare gli altri alla preghiera<\/li>\n\n\n\n<li>Ha una storia di coinvolgimento e networking<\/li>\n\n\n\n<li>ritiene che concentrarsi su queste 110 citt\u00e0 sia una strategia efficace; \u201cpossiede\u201d la visione<\/li>\n\n\n\n<li>Si impegna a implementare la preghiera a lungo termine verso i movimenti di fondazione di chiese.<\/li>\n<\/ul>\n\n\n\n<h3 class=\"wp-block-heading\">Un Campione:<\/h3>\n\n\n\n<ul class=\"wp-block-list\">\n<li>Iscriviti per uno spazio di preghiera di 15 minuti utilizzando il sito web.<\/li>\n\n\n\n<li>Comunica settimanalmente con il campione della citt\u00e0 sul campo e il team di preghiera o la connessione CPM. Vorremmo avere notizie sulla preghiera da coloro che in citt\u00e0 stanno pregando in modo che possano essere aggiunte al carburante per la preghiera sul sito web.<\/li>\n\n\n\n<li>Pubblica carburante per la preghiera almeno una volta alla settimana. Se sei in grado di postare in una lingua locale della citt\u00e0 e in inglese, questo sarebbe molto utile. Sii il pi\u00f9 creativo possibile con video, foto, grafica ecc. e preghiere basate sulla Bibbia.<\/li>\n\n\n\n<li>Invia messaggi sui social media e\/o ai collegamenti e alle reti ogni sei settimane con un invito a iscriversi e pregare per la citt\u00e0.<\/li>\n<\/ul>\n\n\n\n<h3 class=\"wp-block-heading\">Un Campione ricever\u00e0:<\/h3>\n\n\n\n<ul class=\"wp-block-list\">\n<li>Formazione su come pubblicare carburante per la preghiera sul sito Web ed essere invitato al canale di comunicazione interno su Slack per ricevere qualsiasi aiuto amministrativo dal team.<\/li>\n\n\n\n<li>Accesso a una libreria di preghiere che potrebbero essere utilizzate (taglia e incolla) nel tuo carburante per la preghiera per aiutarti con i contenuti.<\/li>\n\n\n\n<li>Un invito a far parte della squadra cittadina e, si spera, essere coinvolti nella crescita della squadra di preghiera cittadina che \u00e8 collegata per sostenere le squadre di fondazione di chiese.<strong><\/strong><\/li>\n<\/ul>\n\n\n\n<p><strong>Per favore fallo <a href=\"https:\/\/110cities.com\/it\/contact\/\">Contattaci<\/a> scoprire di pi\u00f9!<\/strong><\/p>","protected":false},"excerpt":{"rendered":"<p>Stiamo cercando persone che condividano la Vision delle 110 Citt\u00e0 e siano disposte...<\/p>","protected":false},"author":19,"featured_media":900,"parent":0,"menu_order":0,"comment_status":"closed","ping_status":"closed","template":"","meta":{"_acf_changed":false,"footnotes":""},"class_list":["post-895","page","type-page","status-publish","has-post-thumbnail","hentry"],"acf":[],"ams_acf":[],"_links":{"self":[{"href":"https:\/\/110cities.com\/it\/wp-json\/wp\/v2\/pages\/895","targetHints":{"allow":["GET"]}}],"collection":[{"href":"https:\/\/110cities.com\/it\/wp-json\/wp\/v2\/pages"}],"about":[{"href":"https:\/\/110cities.com\/it\/wp-json\/wp\/v2\/types\/page"}],"author":[{"embeddable":true,"href":"https:\/\/110cities.com\/it\/wp-json\/wp\/v2\/users\/19"}],"replies":[{"embeddable":true,"href":"https:\/\/110cities.com\/it\/wp-json\/wp\/v2\/comments?post=895"}],"version-history":[{"count":4,"href":"https:\/\/110cities.com\/it\/wp-json\/wp\/v2\/pages\/895\/revisions"}],"predecessor-version":[{"id":3823,"href":"https:\/\/110cities.com\/it\/wp-json\/wp\/v2\/pages\/895\/revisions\/3823"}],"wp:featuredmedia":[{"embeddable":true,"href":"https:\/\/110cities.com\/it\/wp-json\/wp\/v2\/media\/900"}],"wp:attachment":[{"href":"https:\/\/110cities.com\/it\/wp-json\/wp\/v2\/media?parent=895"}],"curies":[{"name":"wp","href":"https:\/\/api.w.org\/{rel}","templated":true}]}}