{"id":4342,"date":"2025-10-10T18:42:40","date_gmt":"2025-10-10T11:42:40","guid":{"rendered":"https:\/\/110cities.com\/?page_id=4342"},"modified":"2025-10-10T19:13:37","modified_gmt":"2025-10-10T12:13:37","slug":"discipleship-and-prayer","status":"publish","type":"page","link":"https:\/\/110cities.com\/it\/discipleship-and-prayer\/","title":{"rendered":"Discepolato e preghiera"},"content":{"rendered":"<div class=\"wp-block-buttons is-layout-flex wp-block-buttons-is-layout-flex\">\n<div class=\"wp-block-button\"><a class=\"wp-block-button__link wp-element-button\" href=\"https:\/\/110cities.com\/wp-content\/uploads\/2025\/10\/Discipleship-and-Prayer-Dr-Jason-Hubbard.pdf\" target=\"_blank\" rel=\"noreferrer noopener\">SCARICA QUESTO ARTICOLO (PDF IN INGLESE)<\/a><\/div>\n<\/div>\n\n\n\n<div style=\"height:20px\" aria-hidden=\"true\" class=\"wp-block-spacer\"><\/div>\n\n\n\n<p>Luned\u00ec 20<sup>th<\/sup> Ottobre 2025 segner\u00e0 il nostro 3\u00b0<sup>rd<\/sup> annuale <a href=\"https:\/\/110cities.com\/it\/hindu-day-of-prayer\/\"><strong>Giornata mondiale di preghiera per il mondo ind\u00f9<\/strong><\/a>.<\/p>\n\n\n\n<p>Le ricerche ci dicono che l&#039;80% di ind\u00f9, buddisti e musulmani non conosce un solo cristiano. Con circa 1,25 miliardi di ind\u00f9 in tutto il mondo, l&#039;induismo \u00e8 la terza religione pi\u00f9 diffusa a livello globale, con 1 miliardo di fedeli solo in India!&nbsp;<\/p>\n\n\n<div class=\"wp-block-image\">\n<figure class=\"alignright size-full is-resized\"><img loading=\"lazy\" decoding=\"async\" width=\"313\" height=\"313\" src=\"https:\/\/110cities.com\/wp-content\/uploads\/2025\/10\/image002.jpg\" alt=\"\" class=\"wp-image-4345\" style=\"width:372px;height:auto\" srcset=\"https:\/\/110cities.com\/wp-content\/uploads\/2025\/10\/image002.jpg 313w, https:\/\/110cities.com\/wp-content\/uploads\/2025\/10\/image002-150x150.jpg 150w, https:\/\/110cities.com\/wp-content\/uploads\/2025\/10\/image002-12x12.jpg 12w\" sizes=\"auto, (max-width: 313px) 100vw, 313px\" \/><\/figure>\n<\/div>\n\n\n<p>Poich\u00e9 Ges\u00f9 ci ha chiamati a fare discepoli di tutte le nazioni, il compito che ci attende \u00e8 immenso e deve iniziare con la preghiera! Se la definizione di preghiera \u00e8 intimit\u00e0 con Dio \u2013 la parte colloquiale della relazione d&#039;amore pi\u00f9 importante della nostra vita \u2013 allora la meta della preghiera \u00e8 il compimento dei Suoi propositi!&nbsp;<\/p>\n\n\n\n<p>Dio ha scelto di realizzare i Suoi propositi attraverso le preghiere del Suo popolo. Ha stabilito che la preghiera sia il canale attraverso cui realizzare la Sua volont\u00e0.<\/p>\n\n\n\n<p><strong>Una delle chiavi per una preghiera efficace \u00e8 pregare per l&#039;adempimento della Grande Missione! <\/strong>&nbsp;<\/p>\n\n\n\n<p>La Bibbia attribuisce grande importanza al ruolo della preghiera nella Grande Missione. Il termine &quot;Grande Missione&quot; si riferisce al comando finale di Ges\u00f9 ai suoi discepoli (e quindi alla chiesa nel suo insieme) mentre era fisicamente sulla terra. Vogliamo pregare affinch\u00e9 ogni persona e famiglia, ovunque, possa avere un incontro autentico con il Signore Ges\u00f9 Cristo mediante la potenza e la presenza dello Spirito Santo! E Ges\u00f9 ha detto chiaramente che il modo pi\u00f9 efficace per farlo, ovvero vedere il Vangelo del Regno proclamato a tutto il mondo, \u00e8 fare discepoli di ogni nazione!&nbsp;<\/p>\n\n\n\n<p>Ges\u00f9 comand\u00f2 ai suoi discepoli di andare e fare discepoli tutti i popoli partendo dal monte Arbel, il monte pi\u00f9 alto della Galilea. Il Vangelo di Matteo ci racconta che, dopo la resurrezione, Ges\u00f9 diede istruzioni ai suoi discepoli di recarsi sul monte in Galilea.<\/p>\n\n\n\n<p>In una giornata limpida, dalla cima di Arbel, si pu\u00f2 vedere per chilometri. Guardando a nord, si pu\u00f2 vedere la cima del Monte Hermon, la montagna pi\u00f9 alta di Israele, che svetta sui confini tra Libano, Siria e Israele. A est, si possono vedere le alture del Golan, la catena montuosa nera di basalto che separa Israele dalla Siria e dalla Giordania. Guardando a sud, si possono vedere i fertili terreni agricoli della valle di Jezreel che si estendono come una trapunta patchwork sul pavimento fino a raggiungere le dolci colline della Samaria. E guardando a ovest, si trova la pianura costiera accanto all&#039;antica citt\u00e0 di Cesarea Marittima, l&#039;antica citt\u00e0 portuale costruita da re Erode da dove l&#039;apostolo Paolo salp\u00f2 per Roma, portando con s\u00e9 il Vangelo in Occidente.<\/p>\n\n\n\n<p><strong>Ges\u00f9 stava dando una visione: <\/strong>una visione per un movimento globale di moltiplicazione.<strong>&nbsp;<\/strong><\/p>\n\n\n\n<p><strong>Chiam\u00f2 i suoi discepoli non solo a &quot;fare discepoli&quot;, ma a fare discepoli che si moltiplicassero!<\/strong><\/p>\n\n\n\n<p><a href=\"https:\/\/youtu.be\/aKK9eAyr2H0\" target=\"_blank\" rel=\"noopener\"><strong>Guarda questo video! \u2013 Il potere della moltiplicazione<\/strong><\/a><\/p>\n\n\n\n<figure class=\"wp-block-embed is-type-video is-provider-youtube wp-block-embed-youtube wp-embed-aspect-16-9 wp-has-aspect-ratio\"><div class=\"wp-block-embed__wrapper\">\n<iframe loading=\"lazy\" title=\"Il potere della moltiplicazione\" width=\"500\" height=\"281\" src=\"https:\/\/www.youtube.com\/embed\/aKK9eAyr2H0?feature=oembed\" frameborder=\"0\" allow=\"accelerometer; autoplay; clipboard-write; encrypted-media; gyroscope; picture-in-picture; web-share\" referrerpolicy=\"strict-origin-when-cross-origin\" allowfullscreen><\/iframe>\n<\/div><\/figure>\n\n\n\n<p><strong>Matteo 28:18-20<\/strong>, \u201cMi \u00e8 stato dato ogni potere in cielo e sulla terra. Andate dunque e fate discepoli tutti i popoli, battezzandoli nel nome del Padre e del Figlio e dello Spirito Santo, insegnando loro a osservare tutto ci\u00f2 che vi ho comandato. Ed ecco, io sono con voi tutti i giorni, fino alla fine del mondo\u201d<\/p>\n\n\n\n<p>In questo brano vediamo prima che l&#039;autorit\u00e0 viene data a Ges\u00f9 e la seconda parte alla fine: &quot;Io sono con voi tutti i giorni, fino alla fine del mondo&quot;.<\/p>\n\n\n<div class=\"wp-block-image\">\n<figure class=\"alignright size-full is-resized\"><img loading=\"lazy\" decoding=\"async\" width=\"331\" height=\"331\" src=\"https:\/\/110cities.com\/wp-content\/uploads\/2025\/10\/image004.jpg\" alt=\"\" class=\"wp-image-4349\" style=\"width:373px;height:auto\" srcset=\"https:\/\/110cities.com\/wp-content\/uploads\/2025\/10\/image004.jpg 331w, https:\/\/110cities.com\/wp-content\/uploads\/2025\/10\/image004-150x150.jpg 150w, https:\/\/110cities.com\/wp-content\/uploads\/2025\/10\/image004-12x12.jpg 12w\" sizes=\"auto, (max-width: 331px) 100vw, 331px\" \/><\/figure>\n<\/div>\n\n\n<p>Spesso ci concentriamo sull&#039;andare, sul fare discepoli, sul battezzare, sull&#039;insegnare o sui meccanismi della fondazione di chiese, ma le parole di Ges\u00f9 iniziano e finiscono con Lui stesso: la Sua autorit\u00e0 e la Sua presenza!<\/p>\n\n\n\n<p>Ges\u00f9 \u00e8 la persona centrale e il nucleo ardente del grande mandato, e noi ci colleghiamo a Lui, alla Sua autorit\u00e0 e alla Sua presenza, attraverso la preghiera!<\/p>\n\n\n\n<p>La preghiera \u00e8 il mezzo principale che Dio ci ha donato per mantenere la cosa principale al centro: Ges\u00f9 stesso! Ges\u00f9 ha ogni autorit\u00e0 ed \u00e8 con noi: questo \u00e8 l&#039;inizio e la fine del Grande Mandato!<\/p>\n\n\n\n<p><strong>Qual \u00e8 la definizione di Discepolo?<\/strong><br>La parola &quot;discepolo&quot; significa letteralmente &quot;seguace di un maestro&quot;. Al tempo di Cristo, un discepolo non era semplicemente un allievo di un grande maestro (rabbino), ma un apprendista o un imitatore. Ges\u00f9 chiam\u00f2 i suoi primi discepoli a seguirlo e a fare le cose che faceva e a dire le cose che diceva!<\/p>\n\n\n\n<p>Una semplice definizione di discepolo sarebbe quella di colui che \u00e8 venuto a Ges\u00f9 per la vita eterna, lo ha riconosciuto come Salvatore e Dio e ha intrapreso una vita seguendolo.<\/p>\n\n\n\n<p>Un discepolo \u00e8 colui che ama Dio, ama le persone e fa discepoli che si moltiplicano!&nbsp;<\/p>\n\n\n\n<h2 class=\"wp-block-heading\">I 3 segni di un Discepolo:<\/h2>\n\n\n\n<p>Vogliamo essere discepoli e fare discepoli degni di essere riprodotti e, secondo Ges\u00f9, i segni distintivi di un discepolo sono tre:<\/p>\n\n\n\n<h3 class=\"wp-block-heading\">1. Dimora nella Parola di Dio, Giovanni 8:31-32<\/h3>\n\n\n\n<p>\u201cSe rimanete nella mia parola, siete veramente miei discepoli, <sup>&nbsp;<\/sup>e conoscerete la verit\u00e0 e la verit\u00e0 vi far\u00e0 liberi\u201d.\u201d<\/p>\n\n\n\n<p>La preghiera \u00e8 la linfa vitale di un discepolo di Ges\u00f9! Ges\u00f9 era chiaro: ascoltarlo, dimorare nella sua parola, \u00e8 l&#039;aspetto pi\u00f9 importante della preghiera. La parola dimorare implica <strong><em>rimanente<\/em><\/strong> in costante comunione e relazione.&nbsp;<br><br>La preghiera \u00e8 la parte colloquiale della relazione d&#039;amore pi\u00f9 importante della nostra vita!&nbsp;<\/p>\n\n\n\n<h3 class=\"wp-block-heading\">2. Ama come ama Ges\u00f9, Giovanni 13:34-35<\/h3>\n\n\n\n<p>\u201cVi do un comandamento nuovo: che vi amiate gli uni gli altri; come io vi ho amato, cos\u00ec amatevi anche voi gli uni gli altri. Da questo tutti sapranno che siete miei discepoli, se avete amore gli uni per gli altri\u201d.\u201d<\/p>\n\n\n\n<p>Uno dei modi principali in cui amiamo come Ges\u00f9 ama \u00e8 pregare gli uni per gli altri! Chiediamo a Dio di fare per loro ci\u00f2 che non possono fare da soli!<\/p>\n\n\n\n<h3 class=\"wp-block-heading\">3. Porta frutto, Giovanni 15:7-8<\/h3>\n\n\n\n<p>\u201cSe rimanete in me e le mie parole rimangono in voi, chiedete quello che volete e vi sar\u00e0 fatto. In questo \u00e8 glorificato il Padre mio: che portiate molto frutto e diventiate miei discepoli\u201d<\/p>\n\n\n\n<p>Secondo Ges\u00f9, portiamo frutto rimanendo e chiedendo in preghiera. In questo modo, il Padre \u00e8 glorificato e noi dimostriamo di essere suoi discepoli. &nbsp;<\/p>\n\n\n\n<p>Una delle chiavi per l&#039;adempimento della Grande Missione \u00e8 pregare il Signore della Messe affinch\u00e9 mandi operai!<\/p>\n\n\n\n<p>Disse loro: \u201cLa messe \u00e8 veramente <em>\u00c8<\/em> ottimo, ma gli operai <em>Sono<\/em> pochi; pregate dunque il Signore della messe che mandi operai nella sua messe\u201d (Lc 10,2).<\/p>\n\n\n\n<p>La parola per preghiera usata in questo contesto \u00e8 <em>deomai<\/em>, che significa preghiera disperata! Ges\u00f9 disse che la messe \u00e8 abbondante ma gli operai sono pochi. Perci\u00f2 pregate, pregate con fervore, pregate con disperazione!<\/p>\n\n\n\n<p>Come operai, andate avanti a proclamare il Vangelo del Regno, ma spesso ci\u00f2 incontra resistenza. Il diavolo ha stabilito fortezze spirituali su popoli, citt\u00e0 e nazioni. Paolo ci dice che ci sono state date armi da guerra per demolire le fortezze e vedere la svolta. (2 Corinzi 10:4-5).<\/p>\n\n\n\n<h2 class=\"wp-block-heading\">Potere nella preghiera della Parola<\/h2>\n\n\n\n<p>Una delle armi pi\u00f9 potenti \u00e8 la Parola di Dio, la Spada dello Spirito. Paolo ci comanda in Efesini 6 di restare saldi, indossando l&#039;armatura della fede e poi brandendo la sua parola attraverso la preghiera, pregando in ogni momento, per tutti i popoli, con ogni sorta di preghiera (Ef 6:10-19).&nbsp;<\/p>\n\n\n\n<p>Per prima cosa preghiamo e dichiariamo la supremazia di Ges\u00f9 sui popoli e sulle regioni. &nbsp;<\/p>\n\n\n\n<p>Attraverso la preghiera, chiediamo al Padre di legare e trattenere il nemico, i principati e le potenze che hanno accecato le menti dei non credenti.<\/p>\n\n\n\n<p><strong>Preghiamo affinch\u00e9 porte aperte, cieli aperti, autostrade aperte e corridoi aperti affinch\u00e9 il Vangelo possa diffondersi!<\/strong><\/p>\n\n\n\n<p>Chiediamo al Signore di rimuovere la cecit\u00e0 che il dio di questa epoca ha posto sui non credenti affinch\u00e9 possano vedere la luce del Vangelo nel volto di Ges\u00f9!&nbsp;<\/p>\n\n\n\n<p>Chiediamo al Padre di liberarci dal maligno, cos\u00ec come Ges\u00f9 \u00e8 venuto per distruggere le opere del diavolo<strong>.<\/strong> Mentre offriamo la nostra adorazione e lode a Colui che siede sul trono e all&#039;Agnello, la Sua presenza e la Sua luce in mezzo a noi distruggono l&#039;oscurit\u00e0 spirituale e il potere di Dio libera le famiglie di ogni fede sulla terra affinch\u00e9 diventino seguaci con tutto il cuore di Ges\u00f9 Cristo!<\/p>\n\n\n\n<figure class=\"wp-block-image size-full\"><img loading=\"lazy\" decoding=\"async\" width=\"1080\" height=\"720\" src=\"https:\/\/110cities.com\/wp-content\/uploads\/2025\/10\/Discipleship-and-Prayer-2.jpg\" alt=\"\" class=\"wp-image-4355\" srcset=\"https:\/\/110cities.com\/wp-content\/uploads\/2025\/10\/Discipleship-and-Prayer-2.jpg 1080w, https:\/\/110cities.com\/wp-content\/uploads\/2025\/10\/Discipleship-and-Prayer-2-350x233.jpg 350w, https:\/\/110cities.com\/wp-content\/uploads\/2025\/10\/Discipleship-and-Prayer-2-768x512.jpg 768w, https:\/\/110cities.com\/wp-content\/uploads\/2025\/10\/Discipleship-and-Prayer-2-18x12.jpg 18w\" sizes=\"auto, (max-width: 1080px) 100vw, 1080px\" \/><\/figure>\n\n\n\n<p>Abbiamo assistito a una grande ondata di adorazione e preghiera di intercessione, iniziata negli anni &#039;90 e che continua fino ad oggi!<\/p>\n\n\n\n<p>Il movimento di preghiera globale ha visto una notevole accelerazione: i coreani si sono battuti per pregare al mattino presto per decenni, le marce per Ges\u00f9 si sono svolte nelle strade di tutto il mondo, la Giornata mondiale di preghiera ha riempito gli stadi, le persone hanno pregato camminando e pregando per una svolta nelle citt\u00e0 di accesso al mondo, il movimento delle torri di preghiera indonesiane, la passione e il fuoco degli incontri di preghiera latinoamericani e sudamericani, le veglie di preghiera notturne con digiuno in tutto il continente africano, il movimento di preghiera in travaglio in tutta la Cina e i momenti di preghiera collettivi guidati dallo Spirito in tutta l&#039;India, insieme alla nuova espressione di case di preghiera e di culto che stanno esplodendo nelle nazioni, e oggi oltre cento milioni di credenti pregano uniti in quattro giornate globali di preghiera ogni anno dal 2022!&nbsp;<\/p>\n\n\n\n<p>E durante questo periodo, ci sono stati risultati sorprendenti nei movimenti delle missioni in tutto il mondo:<\/p>\n\n\n\n<p>Secondo i principali ricercatori delle missioni, i discepoli e le chiese di questi movimenti sono cresciuti esponenzialmente a un tasso sorprendente del 23% annuo, molto pi\u00f9 velocemente della popolazione mondiale. Il numero totale di discepoli in questi movimenti \u00e8 raddoppiato ogni 3,5 anni, a testimonianza della potenza della moltiplicazione divina attraverso la preghiera.<\/p>\n\n\n<div class=\"wp-block-image\">\n<figure class=\"alignright size-full is-resized\"><img loading=\"lazy\" decoding=\"async\" width=\"231\" height=\"346\" src=\"https:\/\/110cities.com\/wp-content\/uploads\/2025\/10\/image007.jpg\" alt=\"\" class=\"wp-image-4353\" style=\"width:300px;height:auto\" srcset=\"https:\/\/110cities.com\/wp-content\/uploads\/2025\/10\/image007.jpg 231w, https:\/\/110cities.com\/wp-content\/uploads\/2025\/10\/image007-8x12.jpg 8w\" sizes=\"auto, (max-width: 231px) 100vw, 231px\" \/><\/figure>\n<\/div>\n\n\n<h3 class=\"wp-block-heading\">Questa crescita globale si \u00e8 verificata in quattro fasi distinte:<\/h3>\n\n\n\n<ul class=\"wp-block-list\">\n<li>Dal 1995 al 2000 - da 10.000 a oltre 100.000 discepoli<\/li>\n\n\n\n<li>Dal 2000 al 2005 - da 100.000 a oltre 1 milione di discepoli<\/li>\n\n\n\n<li>Dal 2005 al 2015 - da 1 milione a oltre 10 milioni<\/li>\n\n\n\n<li>Dal 2015 al 2024 il numero ha superato i 100 milioni<\/li>\n<\/ul>\n\n\n\n<p>Mentre la preghiera che esalta Cristo, basata sulla Bibbia, alimentata dall&#039;adorazione, guidata dallo Spirito e motivata dall&#039;amore sta aumentando nelle nazioni, si fanno pi\u00f9 discepoli, si fondano pi\u00f9 chiese, si traducono pi\u00f9 Bibbie, si manifestano pi\u00f9 segni, prodigi e miracoli e si rende pi\u00f9 giustizia ai poveri, agli emarginati, agli orfani e alle vedove!<\/p>\n\n\n\n<p>Quindi, sul <a href=\"https:\/\/110cities.com\/it\/hindu-day-of-prayer\/\"><strong>Giornata mondiale di preghiera per il mondo ind\u00f9<\/strong><\/a>, eleviamo le nostre preghiere come incenso davanti a Dio, che pu\u00f2 fare incommensurabilmente pi\u00f9 di quanto possiamo chiedere o anche solo immaginare per la Sua Gloria, per la nostra Gioia e affinch\u00e9 le moltitudini giungano alla conoscenza salvifica di Ges\u00f9 in tutto il mondo ind\u00f9!&nbsp;<\/p>\n\n\n\n<p><strong>Dott. Jason Hubbard \u2013 Direttore<br><\/strong><a href=\"https:\/\/www.linktr.ee\/ipcprayer\" target=\"_blank\" rel=\"noopener\"><strong>Collegamento di preghiera internazionale<\/strong><\/a><strong><\/strong><\/p>","protected":false},"excerpt":{"rendered":"<p>Luned\u00ec 20 ottobre 2025 si celebrer\u00e0 la nostra terza Giornata mondiale di preghiera per...<\/p>","protected":false},"author":3,"featured_media":0,"parent":0,"menu_order":0,"comment_status":"closed","ping_status":"closed","template":"","meta":{"_acf_changed":false,"footnotes":""},"class_list":["post-4342","page","type-page","status-publish","hentry"],"acf":[],"ams_acf":[],"_links":{"self":[{"href":"https:\/\/110cities.com\/it\/wp-json\/wp\/v2\/pages\/4342","targetHints":{"allow":["GET"]}}],"collection":[{"href":"https:\/\/110cities.com\/it\/wp-json\/wp\/v2\/pages"}],"about":[{"href":"https:\/\/110cities.com\/it\/wp-json\/wp\/v2\/types\/page"}],"author":[{"embeddable":true,"href":"https:\/\/110cities.com\/it\/wp-json\/wp\/v2\/users\/3"}],"replies":[{"embeddable":true,"href":"https:\/\/110cities.com\/it\/wp-json\/wp\/v2\/comments?post=4342"}],"version-history":[{"count":10,"href":"https:\/\/110cities.com\/it\/wp-json\/wp\/v2\/pages\/4342\/revisions"}],"predecessor-version":[{"id":4369,"href":"https:\/\/110cities.com\/it\/wp-json\/wp\/v2\/pages\/4342\/revisions\/4369"}],"wp:attachment":[{"href":"https:\/\/110cities.com\/it\/wp-json\/wp\/v2\/media?parent=4342"}],"curies":[{"name":"wp","href":"https:\/\/api.w.org\/{rel}","templated":true}]}}