{"id":2936,"date":"2024-01-08T14:32:33","date_gmt":"2024-01-08T07:32:33","guid":{"rendered":"https:\/\/new.110cities.net\/?page_id=2936"},"modified":"2026-01-23T16:46:10","modified_gmt":"2026-01-23T09:46:10","slug":"prayer-guide","status":"publish","type":"page","link":"https:\/\/110cities.com\/it\/prayer-guide\/","title":{"rendered":"Guida alla preghiera \u2013 24 ore di preghiera per il mondo buddista 2024"},"content":{"rendered":"<p>Preghiamo per i movimenti evangelici in queste citt\u00e0 e regioni buddiste, inclusa la Cina. Dio libera la sua potenza in risposta alle preghiere del suo popolo! Il Buddismo riguarda l\u2019illuminazione. In questa Giornata Mondiale di Preghiera, chiediamo al Signore di rimuovere il velo di cecit\u00e0 che ricopre gli occhi dei non credenti intrappolati nel Buddismo affinch\u00e9 possano vedere la luce del Vangelo nel volto di Ges\u00f9<br>Cristo!<\/p>\n\n\n\n<p>2 Corinzi 4:4, 6: \u201cNel loro caso il dio di questo mondo ha accecato le menti degli infedeli, per impedire loro di vedere la luce del vangelo della gloria di Cristo, che \u00e8 l&#039;immagine di Dio... 6 Poich\u00e9 Dio, che ha detto: \u201cRisplenda la luce dalle tenebre\u201d, ha brillato nei nostri cuori per dare la luce della conoscenza della gloria di Dio nel volto di Ges\u00f9 Cristo.<\/p>\n\n\n\n<p>Puoi trovare punti di preghiera specifici per ogni citt\u00e0 su 110Cities e anche guardare un breve video di preghiera per ogni citt\u00e0 per cui stai pregando. Ti incoraggiamo a fare ricerche su queste citt\u00e0 e a pregare per la &quot;svolta decisiva&quot; mentre il Signore ti guida! Ecco le citt\u00e0 e le regioni qui sotto con alcuni punti di preghiera!<\/p>\n\n\n\n<h2 class=\"wp-block-heading\">ENFASI DELLA PREGHIERA<\/h2>\n\n\n<div class=\"wp-block-image\">\n<figure class=\"alignright size-full is-resized\"><img loading=\"lazy\" decoding=\"async\" width=\"600\" height=\"600\" src=\"https:\/\/110cities.com\/wp-content\/uploads\/2024\/01\/SocialMedia-V2.jpg\" alt=\"\" class=\"wp-image-2956\" style=\"width:392px;height:auto\" srcset=\"https:\/\/110cities.com\/wp-content\/uploads\/2024\/01\/SocialMedia-V2.jpg 600w, https:\/\/110cities.com\/wp-content\/uploads\/2024\/01\/SocialMedia-V2-350x350.jpg 350w, https:\/\/110cities.com\/wp-content\/uploads\/2024\/01\/SocialMedia-V2-150x150.jpg 150w, https:\/\/110cities.com\/wp-content\/uploads\/2024\/01\/SocialMedia-V2-12x12.jpg 12w\" sizes=\"auto, (max-width: 600px) 100vw, 600px\" \/><\/figure>\n<\/div>\n\n\n<p>Pregate affinch\u00e9 Ges\u00f9 Cristo sia esaltato in questa citt\u00e0. Pregate affinch\u00e9 il suo nome sia rivelato, ricevuto e venerato tra ogni popolo, trib\u00f9 e lingua in questa citt\u00e0. Salmo 110, Aba 2:14<\/p>\n\n\n\n<p>Pregate affinch\u00e9 venga il Regno di Dio e sia fatta la Sua volont\u00e0 in questa citt\u00e0! Opaco. 6:9-10<\/p>\n\n\n\n<p>Pregate il Signore della messe affinch\u00e9 mandi operai a proclamare il vangelo del regno con dimostrazioni di potenza e amore! Pregate affinch\u00e9 venga fondata una chiesa domestica che esalti Cristo ogni 1000 persone in questa citt\u00e0! Luca 10:2, Matteo 16:18, Atti 4:29-31<\/p>\n\n\n\n<p>Pregate affinch\u00e9 la Bibbia sia tradotta nella lingua del cuore di ogni gruppo etnico in questa citt\u00e0. 2 Tess 3:1<\/p>\n\n\n\n<p>Nyaw - Tailandia<br>Lingua dei segni della Corea del Nord, Laopang - Laos<br>Lingua dei segni di Miyakubo - Giappone<\/p>\n\n\n\n<p>Pregate per l&#039;effusione dello Spirito Santo su ogni carne in questa citt\u00e0! Prega affinch\u00e9 lo Spirito Santo li convinca del peccato e mostri loro il bisogno di un Salvatore, che si trova solo in Ges\u00f9 Cristo. Pregate affinch\u00e9 Dio Padre attiri tutti gli uomini a Cristo attraverso il potere della croce. Pregate affinch\u00e9 la gentilezza di Dio conduca tutti al pentimento. Atto 2:17, Giovanni 16<\/p>\n\n\n\n<p>Prega affinch\u00e9 Dio leghi e freni i poteri delle tenebre su questa citt\u00e0 e rilasci il potere, la verit\u00e0 e l&#039;amore dello Spirito Santo sui popoli di questa citt\u00e0! 2 Cor. 4:4-6, Matteo 18:18-19<\/p>\n\n\n\n<p>Vi invitiamo a concentrarvi con noi soprattutto mentre preghiamo per la svolta del Regno a Pyongyang, nella Corea del Nord, quest&#039;anno.<\/p>\n\n\n\n<h2 class=\"wp-block-heading\">CITT\u00c0 DI PREGHIERA<\/h2>\n\n\n\n<div class=\"wp-block-columns is-layout-flex wp-container-core-columns-is-layout-9d6595d7 wp-block-columns-is-layout-flex\">\n<div class=\"wp-block-column is-layout-flow wp-block-column-is-layout-flow\">\n<p>Bangkok, Tailandia<br>Pechino, Cina<br>Bhutan<br>Chengdu, Cina<br>Chongquing, Cina<br>Canton, Cina<br>Hangzhou, Cina<br>Hanoi, Vietnam<\/p>\n<\/div>\n\n\n\n<div class=\"wp-block-column is-layout-flow wp-block-column-is-layout-flow\">\n<p>Ho Chi Minh, Vietnam<br>Hohhot, Cina<br>Kuming, Cina<br>Nanning, Cina<br>Phnom Pehn, Cambogia<br>Pyongyang, Corea del Nord<br>Shanghai, Cina<br>Shenyang, Cina<\/p>\n<\/div>\n\n\n\n<div class=\"wp-block-column is-layout-flow wp-block-column-is-layout-flow\">\n<p>Taiyuan, Cina<br>Tokyo, Giappone<br>Ulan Bator, Mongolia<br>Vientiane, Laos<br>Whan, Cina<br>Xian, Cina<br>Xining, Cina<br>Rangoon, Birmania<\/p>\n<\/div>\n<\/div>\n\n\n\n<div class=\"wp-block-buttons is-layout-flex wp-block-buttons-is-layout-flex\">\n<div class=\"wp-block-button\"><a class=\"wp-block-button__link wp-element-button\" href=\"https:\/\/110cities.com\/wp-content\/uploads\/2026\/01\/GODP-2026-Web.pdf\" target=\"_blank\" rel=\"noreferrer noopener\">Scarica la guida alla preghiera<\/a><\/div>\n<\/div>","protected":false},"excerpt":{"rendered":"<p>Stiamo pregando per i movimenti evangelici in queste citt\u00e0 e regioni buddiste, tra cui la Cina...<\/p>","protected":false},"author":19,"featured_media":2945,"parent":0,"menu_order":0,"comment_status":"closed","ping_status":"closed","template":"","meta":{"_acf_changed":false,"footnotes":""},"class_list":["post-2936","page","type-page","status-publish","has-post-thumbnail","hentry"],"acf":[],"ams_acf":[],"_links":{"self":[{"href":"https:\/\/110cities.com\/it\/wp-json\/wp\/v2\/pages\/2936","targetHints":{"allow":["GET"]}}],"collection":[{"href":"https:\/\/110cities.com\/it\/wp-json\/wp\/v2\/pages"}],"about":[{"href":"https:\/\/110cities.com\/it\/wp-json\/wp\/v2\/types\/page"}],"author":[{"embeddable":true,"href":"https:\/\/110cities.com\/it\/wp-json\/wp\/v2\/users\/19"}],"replies":[{"embeddable":true,"href":"https:\/\/110cities.com\/it\/wp-json\/wp\/v2\/comments?post=2936"}],"version-history":[{"count":13,"href":"https:\/\/110cities.com\/it\/wp-json\/wp\/v2\/pages\/2936\/revisions"}],"predecessor-version":[{"id":4540,"href":"https:\/\/110cities.com\/it\/wp-json\/wp\/v2\/pages\/2936\/revisions\/4540"}],"wp:featuredmedia":[{"embeddable":true,"href":"https:\/\/110cities.com\/it\/wp-json\/wp\/v2\/media\/2945"}],"wp:attachment":[{"href":"https:\/\/110cities.com\/it\/wp-json\/wp\/v2\/media?parent=2936"}],"curies":[{"name":"wp","href":"https:\/\/api.w.org\/{rel}","templated":true}]}}