{"id":895,"date":"2022-11-30T11:58:12","date_gmt":"2022-11-30T11:58:12","guid":{"rendered":"https:\/\/new.110cities.net\/?page_id=895"},"modified":"2022-11-30T12:01:58","modified_gmt":"2022-11-30T12:01:58","slug":"join-110","status":"publish","type":"page","link":"https:\/\/110cities.com\/fr\/join-110\/","title":{"rendered":"Rejoignez 110"},"content":{"rendered":"<p>Nous recherchons des personnes qui partagent la vision des 110 villes et sont pr\u00eates \u00e0 s&#039;impliquer aussi bien dans la pratique que dans la pri\u00e8re\u00a0!<\/p>\n\n\n\n<p>Si vous pensez que cela pourrait \u00eatre vous, veuillez lire la suite\u2026 et <a href=\"https:\/\/110cities.com\/fr\/contact\/\">entrer en contact<\/a> pour en savoir plus.<\/p>\n\n\n\n<p>UN <strong>Championne de la pri\u00e8re de 110 villes<\/strong> a une passion pour une ville sp\u00e9cifique mise en \u00e9vidence sur notre <a href=\"https:\/\/110cities.com\/fr\/cities\/\">Liste des 110 VILLES<\/a> - o\u00f9 se trouvent les 90%+ des Frontier People Groups (FPG).<\/p>\n\n\n\n<p>Dans chacune des 110 villes nous aimerions former 2 \u00e9quipes :<\/p>\n\n\n\n<p>a) Les \u00e9quipes du Mouvement d&#039;Implantation d&#039;Eglises avec leur chef g\u00e9n\u00e9ral et leur entra\u00eeneur qui fournissent une personne de liaison s\u00e9curis\u00e9e avec qui communiquer.<\/p>\n\n\n\n<p>b) \u00c9QUIPE DE PRI\u00c8RE DE LA VILLE - compos\u00e9e de r\u00e9seaux de pri\u00e8re \u00e0 l&#039;\u00e9chelle de la ville, de r\u00e9seaux d&#039;\u00e9glises, d&#039;\u00e9quipes de marche de pri\u00e8re, de maisons de pri\u00e8re, d&#039;\u00e9quipes de pri\u00e8re pour les enfants et les jeunes, avec un coordinateur pour l&#039;\u00e9quipe de pri\u00e8re de la ville et un <strong>champion de la pri\u00e8re pour les postes de carburant de pri\u00e8re en ligne<\/strong> qui communiquera et mobilisera la pri\u00e8re \u00e0 un public mondial sur les besoins et les c\u00e9l\u00e9brations dans chaque ville.<\/p>\n\n\n\n<h3 class=\"wp-block-heading\">Un champion:<\/h3>\n\n\n\n<ul class=\"wp-block-list\">\n<li>A un v\u00e9ritable fardeau et un appel de Dieu \u00e0 cette ville sp\u00e9cifique<\/li>\n\n\n\n<li>Est une voix reconnue et respect\u00e9e pour la ville, connue des autres personnes impliqu\u00e9es dans cette ville (ou a de bonnes relations gr\u00e2ce \u00e0 une \u00e9quipe)<\/li>\n\n\n\n<li>De pr\u00e9f\u00e9rence, a travaill\u00e9 ou vit dans cette ville ou a \u00e9tudi\u00e9 et pri\u00e9 pour cette ville pendant des ann\u00e9es<\/li>\n\n\n\n<li>Est une personne connaissant les besoins, la langue, la culture, les croyances et la vision du monde de la ville<\/li>\n\n\n\n<li>S&#039;engage \u00e0 interc\u00e9der et \u00e0 mobiliser les autres pour prier<\/li>\n\n\n\n<li>A une histoire d&#039;implication et de r\u00e9seautage<\/li>\n\n\n\n<li>estime que se concentrer sur ces 110 villes est une strat\u00e9gie efficace; &quot;poss\u00e8de&quot; la vision<\/li>\n\n\n\n<li>Est engag\u00e9 dans la mise en \u0153uvre \u00e0 long terme de la pri\u00e8re envers les mouvements d&#039;implantation d&#039;\u00e9glises.<\/li>\n<\/ul>\n\n\n\n<h3 class=\"wp-block-heading\">Un champion va\u00a0:<\/h3>\n\n\n\n<ul class=\"wp-block-list\">\n<li>Inscrivez-vous pour un cr\u00e9neau de pri\u00e8re de 15 minutes en utilisant le site Web.<\/li>\n\n\n\n<li>Communiquez chaque semaine avec le champion de la ville sur le terrain et l&#039;\u00e9quipe de marche de pri\u00e8re ou la connexion CPM. Nous aimerions avoir des nouvelles de la pri\u00e8re de ceux de la ville qui prient afin que cela puisse \u00eatre ajout\u00e9 au carburant de pri\u00e8re sur le site Web.<\/li>\n\n\n\n<li>Publiez du carburant de pri\u00e8re au moins une fois par semaine. Si vous \u00eates en mesure de publier dans une langue locale de la ville et en anglais, cela serait tr\u00e8s utile. Soyez aussi cr\u00e9atif que possible avec des vid\u00e9os, des photos, des graphiques, etc. et des pri\u00e8res bas\u00e9es sur la Bible.<\/li>\n\n\n\n<li>Envoyez des messages sur les r\u00e9seaux sociaux et\/ou aux connexions et r\u00e9seaux toutes les six semaines avec une invitation \u00e0 vous inscrire et \u00e0 prier pour la ville.<\/li>\n<\/ul>\n\n\n\n<h3 class=\"wp-block-heading\">Un Champion recevra :<\/h3>\n\n\n\n<ul class=\"wp-block-list\">\n<li>Formation sur la fa\u00e7on de publier du carburant de pri\u00e8re sur le site Web et d&#039;\u00eatre invit\u00e9 au canal de communication interne sur Slack pour recevoir toute aide administrative de l&#039;\u00e9quipe.<\/li>\n\n\n\n<li>Acc\u00e8s \u00e0 une biblioth\u00e8que de pri\u00e8res qui pourraient \u00eatre utilis\u00e9es (couper-coller) dans votre carburant de pri\u00e8re pour vous aider avec le contenu.<\/li>\n\n\n\n<li>Une invitation \u00e0 faire partie de l&#039;\u00e9quipe de toute la ville et, esp\u00e9rons-le, \u00e0 participer \u00e0 la croissance de l&#039;\u00e9quipe de pri\u00e8re de la ville qui est li\u00e9e pour soutenir les \u00e9quipes d&#039;implantation d&#039;\u00e9glises.<strong><\/strong><\/li>\n<\/ul>\n\n\n\n<p><strong>Je vous en prie <a href=\"https:\/\/110cities.com\/fr\/contact\/\">Nous contacter<\/a> pour en savoir plus !<\/strong><\/p>","protected":false},"excerpt":{"rendered":"<p>Nous recherchons des personnes qui partagent la vision des 110 villes et qui sont pr\u00eates...<\/p>","protected":false},"author":19,"featured_media":900,"parent":0,"menu_order":0,"comment_status":"closed","ping_status":"closed","template":"","meta":{"_acf_changed":false,"footnotes":""},"class_list":["post-895","page","type-page","status-publish","has-post-thumbnail","hentry"],"acf":[],"ams_acf":[],"_links":{"self":[{"href":"https:\/\/110cities.com\/fr\/wp-json\/wp\/v2\/pages\/895","targetHints":{"allow":["GET"]}}],"collection":[{"href":"https:\/\/110cities.com\/fr\/wp-json\/wp\/v2\/pages"}],"about":[{"href":"https:\/\/110cities.com\/fr\/wp-json\/wp\/v2\/types\/page"}],"author":[{"embeddable":true,"href":"https:\/\/110cities.com\/fr\/wp-json\/wp\/v2\/users\/19"}],"replies":[{"embeddable":true,"href":"https:\/\/110cities.com\/fr\/wp-json\/wp\/v2\/comments?post=895"}],"version-history":[{"count":4,"href":"https:\/\/110cities.com\/fr\/wp-json\/wp\/v2\/pages\/895\/revisions"}],"predecessor-version":[{"id":3823,"href":"https:\/\/110cities.com\/fr\/wp-json\/wp\/v2\/pages\/895\/revisions\/3823"}],"wp:featuredmedia":[{"embeddable":true,"href":"https:\/\/110cities.com\/fr\/wp-json\/wp\/v2\/media\/900"}],"wp:attachment":[{"href":"https:\/\/110cities.com\/fr\/wp-json\/wp\/v2\/media?parent=895"}],"curies":[{"name":"wp","href":"https:\/\/api.w.org\/{rel}","templated":true}]}}