{"id":5847,"date":"2026-04-16T13:22:39","date_gmt":"2026-04-16T06:22:39","guid":{"rendered":"https:\/\/110cities.com\/?page_id=5847"},"modified":"2026-04-16T14:01:23","modified_gmt":"2026-04-16T07:01:23","slug":"24hrs-prayer-guide","status":"publish","type":"page","link":"https:\/\/110cities.com\/fr\/24hrs-prayer-guide\/","title":{"rendered":"Guide de pri\u00e8re 24h\/24"},"content":{"rendered":"<p>Nous vous invitons \u00e0 vous joindre \u00e0 des millions de chr\u00e9tiens du monde entier pour 24 heures d&#039;adoration et de pri\u00e8res unies \u2013 pour un r\u00e9veil spirituel et pour que l&#039;\u00c9vangile atteigne les extr\u00e9mit\u00e9s de la terre !<\/p>\n\n\n\n<p>During these 24 hours, we will be joining our voices together with churches, houses of prayer and prayer ministries across the world for a fresh outpouring across the worldwide Church!<\/p>\n\n\n\n<p>God releases His power in response to the prayers of His people!<\/p>\n\n\n\n<p>Consultez ci-dessous les pistes de pri\u00e8re et les th\u00e8mes bibliques.<\/p>\n\n\n\n<p>Let\u2019s also use this time to Pray for 5 People we know who are not followers of Jesus, using the handy reminder on page 2.<\/p>\n\n\n\n<p>Priez o\u00f9 que vous soyez, en groupe, ou rejoignez la Salle de pri\u00e8re mondiale 24h\/24 et 7j\/7 de l&#039;IPC <a href=\"https:\/\/www.globalfamily24-7prayer.org\/\" target=\"_blank\" rel=\"noreferrer noopener\">EN LIGNE ICI<\/a>.<\/p>","protected":false},"excerpt":{"rendered":"<p>We invite you to join millions of Christians around the world in 24-hours of...<\/p>","protected":false},"author":3,"featured_media":5848,"parent":0,"menu_order":0,"comment_status":"closed","ping_status":"closed","template":"","meta":{"_acf_changed":false,"footnotes":""},"class_list":["post-5847","page","type-page","status-publish","has-post-thumbnail","hentry"],"acf":[],"ams_acf":[],"_links":{"self":[{"href":"https:\/\/110cities.com\/fr\/wp-json\/wp\/v2\/pages\/5847","targetHints":{"allow":["GET"]}}],"collection":[{"href":"https:\/\/110cities.com\/fr\/wp-json\/wp\/v2\/pages"}],"about":[{"href":"https:\/\/110cities.com\/fr\/wp-json\/wp\/v2\/types\/page"}],"author":[{"embeddable":true,"href":"https:\/\/110cities.com\/fr\/wp-json\/wp\/v2\/users\/3"}],"replies":[{"embeddable":true,"href":"https:\/\/110cities.com\/fr\/wp-json\/wp\/v2\/comments?post=5847"}],"version-history":[{"count":2,"href":"https:\/\/110cities.com\/fr\/wp-json\/wp\/v2\/pages\/5847\/revisions"}],"predecessor-version":[{"id":5852,"href":"https:\/\/110cities.com\/fr\/wp-json\/wp\/v2\/pages\/5847\/revisions\/5852"}],"wp:featuredmedia":[{"embeddable":true,"href":"https:\/\/110cities.com\/fr\/wp-json\/wp\/v2\/media\/5848"}],"wp:attachment":[{"href":"https:\/\/110cities.com\/fr\/wp-json\/wp\/v2\/media?parent=5847"}],"curies":[{"name":"wp","href":"https:\/\/api.w.org\/{rel}","templated":true}]}}