{"id":4756,"date":"2026-02-16T17:13:47","date_gmt":"2026-02-16T10:13:47","guid":{"rendered":"https:\/\/110cities.com\/?page_id=4756"},"modified":"2026-02-17T11:35:10","modified_gmt":"2026-02-17T04:35:10","slug":"tsunami-worship-anthem","status":"publish","type":"page","link":"https:\/\/110cities.com\/fr\/tsunami-worship-anthem\/","title":{"rendered":"Hymne de louange du tsunami"},"content":{"rendered":"<p>Regardez et chantez avec la vid\u00e9o de l&#039;hymne de louange \u2018 Tsunami \u2019 ici en anglais avec des traductions de sous-titres incluant l&#039;arabe, le bahasa, le fran\u00e7ais, l&#039;allemand, l&#039;hindi, le cor\u00e9en, le mandarin, le portugais, le russe et l&#039;espagnol.<\/p>\n\n\n\n<p>Il y a six mois, lors d&#039;un d\u00eener en Finlande, <a href=\"https:\/\/www.instagram.com\/reel\/DUrBN0vDsnj\/\" target=\"_blank\" rel=\"noreferrer noopener\"><strong>Jason Hubbard<\/strong><\/a> On m&#039;a demand\u00e9 d&#039;\u00e9crire et de produire cinq hymnes mondiaux pour les Journ\u00e9es mondiales de pri\u00e8re de 2026. Nous avions collabor\u00e9 ces derni\u00e8res ann\u00e9es \u00e0 l&#039;avancement mondial de l&#039;\u00c9vangile en vue de 2033.<\/p>\n\n\n\n<p>La \u2018 demande \u2019 de Jason est tomb\u00e9e justement le jour de notre 7e anniversaire apr\u00e8s la fondation.&nbsp;&nbsp;<a href=\"http:\/\/psalmistmission.org\/\" target=\"_blank\" rel=\"noopener\"><strong>Mission du psalmiste<\/strong><\/a>, ayant tout juste dipl\u00f4m\u00e9 121 responsables de louange\/musiciens en formation et en accompagnement en Californie - issus de nombreuses cultures diff\u00e9rentes du monde.<\/p>\n\n\n\n<p>Cinq jours auparavant, je venais de rencontrer la direction de&nbsp;<strong><a href=\"https:\/\/www.youversion.com\/\" target=\"_blank\" rel=\"noopener\">YouVersion<\/a><\/strong>&nbsp;l&#039;application biblique mondiale que nous avons pu inviter \u00e0 participer \u00e0 cette initiative \u00e9galement, juste au moment o\u00f9 elle atteignait le cap du milliard de t\u00e9l\u00e9chargements.&nbsp;&nbsp;<\/p>\n\n\n\n<p>Et maintenant<strong>&nbsp;le 17 f\u00e9vrier<\/strong>, Alors que les bouddhistes du monde entier recherchent l&#039;illumination \u00e0 l&#039;occasion du Nouvel An chinois, Habacuc 2:14 est devenu la source d&#039;inspiration biblique qui a nourri la composition de l&#039;hymne de louange que nous publions.&nbsp;<strong><a href=\"https:\/\/distrokid.com\/hyperfollow\/jonshabaglian11\/tsunami-feat-psalmist-mission\" target=\"_blank\" rel=\"noopener\">\u201c Tsunami \u201d<\/a>&nbsp;<\/strong>- que&nbsp;<em>\u201c La terre sera remplie de la connaissance de la gloire du Seigneur, comme les eaux recouvrent la mer. \u201d<\/em>&nbsp;<\/p>\n\n\n\n<p>Ainsi, le Seigneur a rassembl\u00e9 ses intercesseurs et psalmistes, avec un moteur scripturaire mondial, tous r\u00e9unis dans une \u0153uvre unifi\u00e9e au sein des principaux bureaux du Corps du Christ, croyant \u00e0 la r\u00e9v\u00e9lation du Fils de la Lumi\u00e8re (Christ J\u00e9sus !) \u00e0 des millions de bouddhistes en cette Journ\u00e9e mondiale de pri\u00e8re et d&#039;adoration !<\/p>\n\n\n\n<p>Alors, joignez-vous \u00e0 nous dans la pri\u00e8re et l&#039;accord, car ce moment historique se produira le 17 f\u00e9vrier\u2026 Car le Seigneur ne veut pas qu&#039;aucun ne p\u00e9risse !<a href=\"https:\/\/ref.ly\/2%20Pet%203.9;esv?t=biblia\" target=\"_blank\" rel=\"noopener\">2 Pierre 3:9<\/a>)<\/p>\n\n\n\n<p><strong>Jon Shabaglian&nbsp;<\/strong><\/p>\n\n\n\n<p><a href=\"https:\/\/www.psalmistmission.com\/\" target=\"_blank\" rel=\"noreferrer noopener\"><strong>Mission du psalmiste<\/strong><\/a><\/p>","protected":false},"excerpt":{"rendered":"<p>Regardez et chantez avec la vid\u00e9o de l&#039;hymne de louange \u2018 Tsunami \u2019 ici en anglais avec sous-titres...<\/p>","protected":false},"author":3,"featured_media":4836,"parent":0,"menu_order":0,"comment_status":"closed","ping_status":"closed","template":"","meta":{"_acf_changed":false,"footnotes":""},"class_list":["post-4756","page","type-page","status-publish","has-post-thumbnail","hentry"],"acf":[],"ams_acf":[],"_links":{"self":[{"href":"https:\/\/110cities.com\/fr\/wp-json\/wp\/v2\/pages\/4756","targetHints":{"allow":["GET"]}}],"collection":[{"href":"https:\/\/110cities.com\/fr\/wp-json\/wp\/v2\/pages"}],"about":[{"href":"https:\/\/110cities.com\/fr\/wp-json\/wp\/v2\/types\/page"}],"author":[{"embeddable":true,"href":"https:\/\/110cities.com\/fr\/wp-json\/wp\/v2\/users\/3"}],"replies":[{"embeddable":true,"href":"https:\/\/110cities.com\/fr\/wp-json\/wp\/v2\/comments?post=4756"}],"version-history":[{"count":2,"href":"https:\/\/110cities.com\/fr\/wp-json\/wp\/v2\/pages\/4756\/revisions"}],"predecessor-version":[{"id":4837,"href":"https:\/\/110cities.com\/fr\/wp-json\/wp\/v2\/pages\/4756\/revisions\/4837"}],"wp:featuredmedia":[{"embeddable":true,"href":"https:\/\/110cities.com\/fr\/wp-json\/wp\/v2\/media\/4836"}],"wp:attachment":[{"href":"https:\/\/110cities.com\/fr\/wp-json\/wp\/v2\/media?parent=4756"}],"curies":[{"name":"wp","href":"https:\/\/api.w.org\/{rel}","templated":true}]}}