{"id":4710,"date":"2026-02-05T12:41:37","date_gmt":"2026-02-05T05:41:37","guid":{"rendered":"https:\/\/110cities.com\/?page_id=4710"},"modified":"2026-02-05T12:41:40","modified_gmt":"2026-02-05T05:41:40","slug":"download-buddhist-childrens-prayer-guides-2026","status":"publish","type":"page","link":"https:\/\/110cities.com\/fr\/download-buddhist-childrens-prayer-guides-2026\/","title":{"rendered":"T\u00e9l\u00e9charger les guides de pri\u00e8re bouddhistes pour enfants 2026"},"content":{"rendered":"","protected":false},"excerpt":{"rendered":"","protected":false},"author":3,"featured_media":4659,"parent":0,"menu_order":0,"comment_status":"closed","ping_status":"closed","template":"","meta":{"_acf_changed":false,"footnotes":""},"class_list":["post-4710","page","type-page","status-publish","has-post-thumbnail","hentry"],"acf":[],"ams_acf":[],"_links":{"self":[{"href":"https:\/\/110cities.com\/fr\/wp-json\/wp\/v2\/pages\/4710","targetHints":{"allow":["GET"]}}],"collection":[{"href":"https:\/\/110cities.com\/fr\/wp-json\/wp\/v2\/pages"}],"about":[{"href":"https:\/\/110cities.com\/fr\/wp-json\/wp\/v2\/types\/page"}],"author":[{"embeddable":true,"href":"https:\/\/110cities.com\/fr\/wp-json\/wp\/v2\/users\/3"}],"replies":[{"embeddable":true,"href":"https:\/\/110cities.com\/fr\/wp-json\/wp\/v2\/comments?post=4710"}],"version-history":[{"count":1,"href":"https:\/\/110cities.com\/fr\/wp-json\/wp\/v2\/pages\/4710\/revisions"}],"predecessor-version":[{"id":4711,"href":"https:\/\/110cities.com\/fr\/wp-json\/wp\/v2\/pages\/4710\/revisions\/4711"}],"wp:featuredmedia":[{"embeddable":true,"href":"https:\/\/110cities.com\/fr\/wp-json\/wp\/v2\/media\/4659"}],"wp:attachment":[{"href":"https:\/\/110cities.com\/fr\/wp-json\/wp\/v2\/media?parent=4710"}],"curies":[{"name":"wp","href":"https:\/\/api.w.org\/{rel}","templated":true}]}}