{"id":444,"date":"2022-11-29T07:38:35","date_gmt":"2022-11-29T07:38:35","guid":{"rendered":"https:\/\/new.110cities.net\/?page_id=444"},"modified":"2025-05-16T04:26:33","modified_gmt":"2025-05-15T21:26:33","slug":"prayer-walking-overview","status":"publish","type":"page","link":"https:\/\/110cities.com\/fr\/prayer-walking-overview\/","title":{"rendered":"Pr\u00e9sentation de la marche de pri\u00e8re"},"content":{"rendered":"<p>La marche de pri\u00e8re consiste simplement \u00e0 prier sur place, avec discernement (observation) et inspiration (r\u00e9v\u00e9lation). C&#039;est une forme de pri\u00e8re visible, verbale et mobile.<\/p>\n\n\n\n<p>Son utilit\u00e9 est double : 1. Pour gagner une reconnaissance spirituelle et 2. Pour lib\u00e9rer la puissance de la parole et de l&#039;Esprit de Dieu dans des endroits sp\u00e9cifiques et pour des personnes particuli\u00e8res.<\/p>\n\n\n\n<p><strong><em>&quot;Assurez-vous que l&#039;on s&#039;adresse \u00e0 Dieu et que les gens sont b\u00e9nis&quot; (Steve Hawthorne)<\/em><\/strong><\/p>\n\n\n\n<h2 class=\"wp-block-heading\">I. LA MARCHE DE PRI\u00c8RE IMPLIQUE<\/h2>\n\n\n\n<ol class=\"wp-block-list\">\n<li>Marche - \u00e0 deux ou \u00e0 trois <\/li>\n\n\n\n<li>Adorer - exalter les noms et la nature de Dieu <\/li>\n\n\n\n<li>Regarder - indices ext\u00e9rieurs (donn\u00e9es des lieux et des visages) et indices int\u00e9rieurs (discernement du Seigneur)<\/li>\n<\/ol>\n\n\n\n<h2 class=\"wp-block-heading\">II. PR\u00c9PARATION<\/h2>\n\n\n\n<ol class=\"wp-block-list\">\n<li>Confiez votre marche au Seigneur, demandez \u00e0 l&#039;Esprit de vous guider<\/li>\n\n\n\n<li>Couvrez-vous de la protection divine (Ps. 91)<\/li>\n\n\n\n<li>Connectez-vous avec le Saint-Esprit (Ro. 8:26, 27)<\/li>\n<\/ol>\n\n\n\n<h2 class=\"wp-block-heading\">III. MARCHE DE PRI\u00c8RE<\/h2>\n\n\n\n<ol class=\"wp-block-list\">\n<li>M\u00e9langez et m\u00e9langez la conversation avec la louange et la pri\u00e8re<\/li>\n\n\n\n<li>Au d\u00e9but, exaltez et b\u00e9nissez le Seigneur<\/li>\n\n\n\n<li>Utilisez les \u00c9critures pour lib\u00e9rer la b\u00e9n\u00e9diction de Dieu<\/li>\n\n\n\n<li>Demandez \u00e0 l&#039;Esprit de diriger vos pas\n<ul class=\"wp-block-list\">\n<li>Entrez et traversez les b\u00e2timents<\/li>\n\n\n\n<li>S&#039;attarder dans un endroit particulier<\/li>\n\n\n\n<li>Arr\u00eatez-vous et priez pour les gens<\/li>\n<\/ul>\n<\/li>\n<\/ol>\n\n\n\n<h2 class=\"wp-block-heading\">IV. D\u00c9BRIEF<\/h2>\n\n\n\n<ol class=\"wp-block-list\">\n<li>Glaner : qu&#039;avons-nous observ\u00e9 ou v\u00e9cu ?<\/li>\n\n\n\n<li>Des &quot;rendez-vous divins&quot; surprises\u00a0?<\/li>\n\n\n\n<li>Distiller 2-3 points de pri\u00e8re, terminer par une pri\u00e8re collective<\/li>\n<\/ol>","protected":false},"excerpt":{"rendered":"<p>La marche de pri\u00e8re consiste simplement \u00e0 prier sur place, avec discernement (observation) et inspiration (r\u00e9v\u00e9lation). C&#039;est\u2026<\/p>","protected":false},"author":19,"featured_media":0,"parent":0,"menu_order":0,"comment_status":"closed","ping_status":"closed","template":"","meta":{"_acf_changed":false,"footnotes":""},"class_list":["post-444","page","type-page","status-publish","hentry"],"acf":[],"ams_acf":[],"_links":{"self":[{"href":"https:\/\/110cities.com\/fr\/wp-json\/wp\/v2\/pages\/444","targetHints":{"allow":["GET"]}}],"collection":[{"href":"https:\/\/110cities.com\/fr\/wp-json\/wp\/v2\/pages"}],"about":[{"href":"https:\/\/110cities.com\/fr\/wp-json\/wp\/v2\/types\/page"}],"author":[{"embeddable":true,"href":"https:\/\/110cities.com\/fr\/wp-json\/wp\/v2\/users\/19"}],"replies":[{"embeddable":true,"href":"https:\/\/110cities.com\/fr\/wp-json\/wp\/v2\/comments?post=444"}],"version-history":[{"count":3,"href":"https:\/\/110cities.com\/fr\/wp-json\/wp\/v2\/pages\/444\/revisions"}],"predecessor-version":[{"id":3822,"href":"https:\/\/110cities.com\/fr\/wp-json\/wp\/v2\/pages\/444\/revisions\/3822"}],"wp:attachment":[{"href":"https:\/\/110cities.com\/fr\/wp-json\/wp\/v2\/media?parent=444"}],"curies":[{"name":"wp","href":"https:\/\/api.w.org\/{rel}","templated":true}]}}