{"id":4342,"date":"2025-10-10T18:42:40","date_gmt":"2025-10-10T11:42:40","guid":{"rendered":"https:\/\/110cities.com\/?page_id=4342"},"modified":"2025-10-10T19:13:37","modified_gmt":"2025-10-10T12:13:37","slug":"discipleship-and-prayer","status":"publish","type":"page","link":"https:\/\/110cities.com\/fr\/discipleship-and-prayer\/","title":{"rendered":"Discipleship et Pri\u00e8re"},"content":{"rendered":"<div class=\"wp-block-buttons is-layout-flex wp-block-buttons-is-layout-flex\">\n<div class=\"wp-block-button\"><a class=\"wp-block-button__link wp-element-button\" href=\"https:\/\/110cities.com\/wp-content\/uploads\/2025\/10\/Discipleship-and-Prayer-Dr-Jason-Hubbard.pdf\" target=\"_blank\" rel=\"noreferrer noopener\">T\u00c9L\u00c9CHARGER CET ARTICLE (PDF EN ANGLAIS)<\/a><\/div>\n<\/div>\n\n\n\n<div style=\"height:20px\" aria-hidden=\"true\" class=\"wp-block-spacer\"><\/div>\n\n\n\n<p>Lundi 20<sup>e<\/sup> Octobre 2025 marquera notre 3e anniversaire<sup>rd<\/sup> annuel <a href=\"https:\/\/110cities.com\/fr\/hindu-day-of-prayer\/\"><strong>Journ\u00e9e mondiale de pri\u00e8re pour le monde hindou<\/strong><\/a>.<\/p>\n\n\n\n<p>Des \u00e9tudes montrent que 80 % des hindous, des bouddhistes et des musulmans ne connaissent aucun chr\u00e9tien. Avec environ 1,25 milliard de fid\u00e8les dans le monde, l&#039;hindouisme est la troisi\u00e8me religion mondiale, dont un milliard en Inde seulement\u00a0!&nbsp;<\/p>\n\n\n<div class=\"wp-block-image\">\n<figure class=\"alignright size-full is-resized\"><img loading=\"lazy\" decoding=\"async\" width=\"313\" height=\"313\" src=\"https:\/\/110cities.com\/wp-content\/uploads\/2025\/10\/image002.jpg\" alt=\"\" class=\"wp-image-4345\" style=\"width:372px;height:auto\" srcset=\"https:\/\/110cities.com\/wp-content\/uploads\/2025\/10\/image002.jpg 313w, https:\/\/110cities.com\/wp-content\/uploads\/2025\/10\/image002-150x150.jpg 150w, https:\/\/110cities.com\/wp-content\/uploads\/2025\/10\/image002-12x12.jpg 12w\" sizes=\"auto, (max-width: 313px) 100vw, 313px\" \/><\/figure>\n<\/div>\n\n\n<p>Puisque J\u00e9sus nous a appel\u00e9s \u00e0 faire des disciples de toutes les nations, la t\u00e2che qui nous reste \u00e0 accomplir est immense et elle doit commencer par la pri\u00e8re\u00a0! Si la pri\u00e8re se d\u00e9finit comme une intimit\u00e9 avec Dieu \u2013 le dialogue au c\u0153ur de la relation d\u2019amour la plus importante de notre vie \u2013 alors son but est l\u2019accomplissement de ses desseins\u00a0!&nbsp;<\/p>\n\n\n\n<p>Dieu a choisi d&#039;accomplir ses desseins par les pri\u00e8res de son peuple. Il a institu\u00e9 la pri\u00e8re comme le canal par lequel il r\u00e9alise sa volont\u00e9.<\/p>\n\n\n\n<p><strong>L&#039;une des cl\u00e9s d&#039;une pri\u00e8re efficace est de prier pour l&#039;accomplissement de la Grande Mission ! <\/strong>&nbsp;<\/p>\n\n\n\n<p>La Bible accorde une grande importance \u00e0 la pri\u00e8re dans le cadre du Grand Mandat. Le terme \" Grand Mandat \" d\u00e9signe le dernier commandement de J\u00e9sus \u00e0 ses disciples (et donc \u00e0 l&#039;\u00c9glise tout enti\u00e8re) lorsqu&#039;il \u00e9tait encore sur terre. Nous voulons prier pour que chaque personne et chaque famille, partout dans le monde, puisse vivre une rencontre authentique avec le Seigneur J\u00e9sus-Christ par la puissance et la pr\u00e9sence du Saint-Esprit\u00a0! J\u00e9sus a clairement affirm\u00e9 que le moyen le plus efficace d&#039;y parvenir \u2013 de voir l&#039;\u00c9vangile du Royaume proclam\u00e9 au monde entier \u2013 est de faire des disciples de toutes les nations.&nbsp;<\/p>\n\n\n\n<p>J\u00e9sus a ordonn\u00e9 \u00e0 ses disciples d&#039;aller faire des disciples de toutes les nations depuis le mont Arbel, le plus haut sommet de Galil\u00e9e. L&#039;\u00c9vangile selon Matthieu rapporte qu&#039;apr\u00e8s sa r\u00e9surrection, J\u00e9sus a donn\u00e9 pour instruction \u00e0 ses disciples de se rendre sur cette montagne de Galil\u00e9e.<\/p>\n\n\n\n<p>Par temps clair, du haut du mont Arbel, la vue s&#039;\u00e9tend \u00e0 perte de vue. Au nord, on aper\u00e7oit le sommet du mont Hermon, le plus haut sommet d&#039;Isra\u00ebl, qui domine la fronti\u00e8re entre le Liban, la Syrie et Isra\u00ebl. \u00c0 l&#039;est, se dressent les hauteurs du Golan, ce plateau de basalte noir qui s\u00e9pare Isra\u00ebl de la Syrie et de la Jordanie. Au sud, les terres fertiles de la vall\u00e9e de Jezr\u00e9el s&#039;\u00e9tendent comme une mosa\u00efque jusqu&#039;aux collines ondulantes de Samarie. Et \u00e0 l&#039;ouest, la plaine c\u00f4ti\u00e8re jouxte l&#039;ancienne C\u00e9sar\u00e9e Maritime, ce port antique construit par le roi H\u00e9rode d&#039;o\u00f9 l&#039;ap\u00f4tre Paul partit pour Rome, porteur de l&#039;\u00c9vangile en Occident.<\/p>\n\n\n\n<p><strong>J\u00e9sus avait une vision - <\/strong>une vision pour un mouvement mondial de multiplication.<strong>&nbsp;<\/strong><\/p>\n\n\n\n<p><strong>Il a appel\u00e9 ses disciples non seulement \u00e0 \u2018 faire des disciples \u2019, mais \u00e0 faire des disciples qui se multiplient !<\/strong><\/p>\n\n\n\n<p><a href=\"https:\/\/youtu.be\/aKK9eAyr2H0\" target=\"_blank\" rel=\"noopener\"><strong>Regardez cette vid\u00e9o ! \u2013 Le pouvoir de la multiplication<\/strong><\/a><\/p>\n\n\n\n<figure class=\"wp-block-embed is-type-video is-provider-youtube wp-block-embed-youtube wp-embed-aspect-16-9 wp-has-aspect-ratio\"><div class=\"wp-block-embed__wrapper\">\n<iframe loading=\"lazy\" title=\"Le pouvoir de la multiplication\" width=\"500\" height=\"281\" src=\"https:\/\/www.youtube.com\/embed\/aKK9eAyr2H0?feature=oembed\" frameborder=\"0\" allow=\"accelerometer; autoplay; clipboard-write; encrypted-media; gyroscope; picture-in-picture; web-share\" referrerpolicy=\"strict-origin-when-cross-origin\" allowfullscreen><\/iframe>\n<\/div><\/figure>\n\n\n\n<p><strong>Matthieu 28:18-20<\/strong>, \u201c Tout pouvoir m\u2019a \u00e9t\u00e9 donn\u00e9 au ciel et sur la terre. Allez donc, faites de toutes les nations des disciples, baptisez-les au nom du P\u00e8re, du Fils et du Saint-Esprit, et enseignez-leur \u00e0 observer tout ce que je vous ai prescrit. Et voici, je suis avec vous tous les jours, jusqu\u2019\u00e0 la fin du monde. \u201d<\/p>\n\n\n\n<p>Dans ce passage, nous voyons d&#039;abord que l&#039;autorit\u00e9 est donn\u00e9e \u00e0 J\u00e9sus, et la seconde partie \u00e0 la fin : \u2018 Je suis avec vous tous les jours jusqu&#039;\u00e0 la fin du monde \u2019.<\/p>\n\n\n<div class=\"wp-block-image\">\n<figure class=\"alignright size-full is-resized\"><img loading=\"lazy\" decoding=\"async\" width=\"331\" height=\"331\" src=\"https:\/\/110cities.com\/wp-content\/uploads\/2025\/10\/image004.jpg\" alt=\"\" class=\"wp-image-4349\" style=\"width:373px;height:auto\" srcset=\"https:\/\/110cities.com\/wp-content\/uploads\/2025\/10\/image004.jpg 331w, https:\/\/110cities.com\/wp-content\/uploads\/2025\/10\/image004-150x150.jpg 150w, https:\/\/110cities.com\/wp-content\/uploads\/2025\/10\/image004-12x12.jpg 12w\" sizes=\"auto, (max-width: 331px) 100vw, 331px\" \/><\/figure>\n<\/div>\n\n\n<p>Nous nous concentrons souvent sur le fait d&#039;aller en mission, de faire des disciples, de baptiser, d&#039;enseigner ou sur les aspects pratiques de l&#039;implantation d&#039;\u00e9glises, mais les paroles de J\u00e9sus commencent et se terminent par lui-m\u00eame\u00a0: son autorit\u00e9 et sa pr\u00e9sence\u00a0!<\/p>\n\n\n\n<p>J\u00e9sus est la personne centrale et le c\u0153ur m\u00eame de la grande mission \u2013 et nous nous connectons \u00e0 Lui \u2013 \u00e0 son autorit\u00e9 et \u00e0 sa pr\u00e9sence \u2013 par la pri\u00e8re !<\/p>\n\n\n\n<p>La pri\u00e8re est le principal don que Dieu nous a fait pour garder l&#039;essentiel au centre de tout\u00a0: J\u00e9sus lui-m\u00eame\u00a0! J\u00e9sus poss\u00e8de toute autorit\u00e9 et il est avec nous\u00a0; c&#039;est le d\u00e9but et la fin de la Grande Mission\u00a0!<\/p>\n\n\n\n<p><strong>Quelle est la d\u00e9finition d&#039;un disciple ?<\/strong><br>Le mot disciple signifie litt\u00e9ralement \u2018\u00a0suiveur d&#039;un ma\u00eetre\u00a0\u2019. \u00c0 l&#039;\u00e9poque du Christ, un disciple n&#039;\u00e9tait pas simplement un \u00e9l\u00e8ve d&#039;un grand ma\u00eetre (rabbin), mais un apprenti ou un imitateur. J\u00e9sus a appel\u00e9 ses premiers disciples \u00e0 le suivre, \u00e0 faire ce qu&#039;il faisait et \u00e0 dire ce qu&#039;il disait\u00a0!<\/p>\n\n\n\n<p>Une d\u00e9finition simple d&#039;un disciple serait celle de quelqu&#039;un qui est venu \u00e0 J\u00e9sus pour la vie \u00e9ternelle, qui l&#039;a reconnu comme Sauveur et Dieu, et qui s&#039;est engag\u00e9 dans une vie \u00e0 sa suite.<\/p>\n\n\n\n<p>Un disciple est celui qui aime Dieu, aime son prochain et fait des disciples qui se multiplient !&nbsp;<\/p>\n\n\n\n<h2 class=\"wp-block-heading\">Les 3 marques d&#039;un disciple :<\/h2>\n\n\n\n<p>Nous voulons \u00eatre des disciples et former des disciples dignes de se reproduire, et selon J\u00e9sus, les marques d&#039;un disciple sont triples\u00a0:<\/p>\n\n\n\n<h3 class=\"wp-block-heading\">1. Demeure dans la Parole de Dieu, Jean 8:31-32<\/h3>\n\n\n\n<p>\u201c Si vous demeurez dans ma parole, vous \u00eates vraiment mes disciples, <sup>&nbsp;<\/sup>et vous conna\u00eetrez la v\u00e9rit\u00e9, et la v\u00e9rit\u00e9 vous rendra libres.\u201d<\/p>\n\n\n\n<p>La pri\u00e8re est essentielle \u00e0 la vie d&#039;un disciple de J\u00e9sus ! J\u00e9sus a clairement indiqu\u00e9 que l&#039;\u00e9couter \u2013 demeurer dans sa parole \u2013 est l&#039;aspect le plus important de la pri\u00e8re. Le mot \u00ab demeurer \u00bb implique <strong><em>restant<\/em><\/strong> en une camaraderie et une relation constantes.&nbsp;<br><br>La pri\u00e8re est la partie conversationnelle de la relation d&#039;amour la plus importante de notre vie !&nbsp;<\/p>\n\n\n\n<h3 class=\"wp-block-heading\">2. Aime comme J\u00e9sus aime, Jean 13:34-35<\/h3>\n\n\n\n<p>\u201c Je vous donne un nouveau commandement\u00a0: Aimez-vous les uns les autres\u00a0; comme je vous ai aim\u00e9s, vous aussi, aimez-vous les uns les autres. \u00c0 ceci tous reconna\u00eetront que vous \u00eates mes disciples\u00a0: si vous avez de l\u2019amour les uns pour les autres. \u201d<\/p>\n\n\n\n<p>L&#039;une des premi\u00e8res et principales fa\u00e7ons de manifester notre amour \u00e0 l&#039;exemple de J\u00e9sus est de prier les uns pour les autres ! Nous demandons \u00e0 Dieu de faire pour eux ce qu&#039;ils ne peuvent faire par eux-m\u00eames !<\/p>\n\n\n\n<h3 class=\"wp-block-heading\">3. Il porte du fruit, Jean 15:7-8<\/h3>\n\n\n\n<p>\u201c Si vous demeurez en moi, et que mes paroles demeurent en vous, demandez ce que vous voudrez, et cela vous sera accord\u00e9. Ainsi mon P\u00e8re est glorifi\u00e9, que vous portiez beaucoup de fruit et que vous soyez mes disciples. \u201d<\/p>\n\n\n\n<p>Selon J\u00e9sus, nous portons du fruit en demeurant en lui et en priant. Par l\u00e0, le P\u00e8re est glorifi\u00e9 et nous prouvons que nous sommes ses disciples. &nbsp;<\/p>\n\n\n\n<p>L&#039;une des cl\u00e9s de l&#039;accomplissement de la Grande Mission est de prier le Seigneur de la Moisson pour que des ouvriers soient envoy\u00e9s !<\/p>\n\n\n\n<p>Il leur dit : \u201c La moisson est vraiment <em>est<\/em> super, mais les ouvriers <em>sont<\/em> Ils sont peu nombreux ; priez donc le Ma\u00eetre de la moisson d\u2019envoyer des ouvriers dans sa moisson \u201d (Luc 10,2).<\/p>\n\n\n\n<p>Le mot pour pri\u00e8re utilis\u00e9 dans ce contexte est <em>deomai<\/em>, Cela signifie une pri\u00e8re fervente ! J\u00e9sus a dit que la moisson est abondante mais que les ouvriers sont peu nombreux \u2013 alors priez \u2013 priez avec ferveur, priez avec d\u00e9sespoir !<\/p>\n\n\n\n<p>En tant qu&#039;ouvriers, allez proclamer l&#039;\u00c9vangile du Royaume\u00a0; vous rencontrerez souvent de la r\u00e9sistance. Le diable a \u00e9tabli des forteresses spirituelles sur les peuples, les villes et les nations. Paul nous dit que nous avons re\u00e7u des armes pour le combat spirituel afin de d\u00e9molir ces forteresses et d&#039;obtenir une perc\u00e9e. (2 Corinthiens 10:4-5).<\/p>\n\n\n\n<h2 class=\"wp-block-heading\">La puissance de la pri\u00e8re selon la Parole<\/h2>\n\n\n\n<p>L&#039;une des armes les plus puissantes est la Parole de Dieu, l&#039;\u00c9p\u00e9e de l&#039;Esprit. Dans \u00c9ph\u00e9siens 6, Paul nous exhorte \u00e0 tenir ferme, \u00e0 rev\u00eatir l&#039;armure de la foi et \u00e0 utiliser sa Parole par la pri\u00e8re, en priant en tout temps pour tous les peuples, avec toutes sortes de pri\u00e8res (\u00c9ph. 6:10-19).&nbsp;<\/p>\n\n\n\n<p>Nous commen\u00e7ons par prier et proclamer la supr\u00e9matie de J\u00e9sus sur les peuples et les r\u00e9gions. &nbsp;<\/p>\n\n\n\n<p>Par la pri\u00e8re, nous demandons au P\u00e8re de lier et de contenir l&#039;ennemi, les principaut\u00e9s et les puissances qui ont aveugl\u00e9 l&#039;esprit des incr\u00e9dules.<\/p>\n\n\n\n<p><strong>Nous prions pour que les portes, les cieux, les routes et les couloirs soient ouverts afin que l&#039;\u00c9vangile puisse se r\u00e9pandre !<\/strong><\/p>\n\n\n\n<p>Nous prions le Seigneur d&#039;enlever l&#039;aveuglement que le dieu de ce si\u00e8cle a plac\u00e9 sur les incr\u00e9dules afin qu&#039;ils puissent voir la lumi\u00e8re de l&#039;\u00c9vangile dans le visage de J\u00e9sus !&nbsp;<\/p>\n\n\n\n<p>Nous demandons au P\u00e8re de nous d\u00e9livrer du malin, tout comme J\u00e9sus est venu d\u00e9truire les \u0153uvres du diable<strong>.<\/strong> Lorsque nous offrons notre adoration et nos louanges \u00e0 celui qui si\u00e8ge sur le tr\u00f4ne et \u00e0 l&#039;Agneau, sa pr\u00e9sence et sa lumi\u00e8re parmi nous dissipent les t\u00e9n\u00e8bres spirituelles, et la puissance de Dieu d\u00e9livre des familles de toutes confessions sur terre pour qu&#039;elles deviennent des disciples de tout c\u0153ur de J\u00e9sus-Christ !<\/p>\n\n\n\n<figure class=\"wp-block-image size-full\"><img loading=\"lazy\" decoding=\"async\" width=\"1080\" height=\"720\" src=\"https:\/\/110cities.com\/wp-content\/uploads\/2025\/10\/Discipleship-and-Prayer-2.jpg\" alt=\"\" class=\"wp-image-4355\" srcset=\"https:\/\/110cities.com\/wp-content\/uploads\/2025\/10\/Discipleship-and-Prayer-2.jpg 1080w, https:\/\/110cities.com\/wp-content\/uploads\/2025\/10\/Discipleship-and-Prayer-2-350x233.jpg 350w, https:\/\/110cities.com\/wp-content\/uploads\/2025\/10\/Discipleship-and-Prayer-2-768x512.jpg 768w, https:\/\/110cities.com\/wp-content\/uploads\/2025\/10\/Discipleship-and-Prayer-2-18x12.jpg 18w\" sizes=\"auto, (max-width: 1080px) 100vw, 1080px\" \/><\/figure>\n\n\n\n<p>Nous avons constat\u00e9 une forte augmentation des actes de louange et de pri\u00e8re d&#039;intercession depuis les ann\u00e9es 90 jusqu&#039;\u00e0 aujourd&#039;hui !<\/p>\n\n\n\n<p>Le mouvement mondial de pri\u00e8re a connu une acc\u00e9l\u00e9ration remarquable : les Cor\u00e9ens participent \u00e0 des pri\u00e8res matinales depuis des d\u00e9cennies, des Marches pour J\u00e9sus ont eu lieu dans les rues du monde entier, la Journ\u00e9e mondiale de pri\u00e8re a rempli les stades, des gens ont pri\u00e9 en marchant et en priant pour une perc\u00e9e dans les villes importantes du monde, le mouvement des tours de pri\u00e8re indon\u00e9siennes, la passion et le feu des r\u00e9unions de pri\u00e8re en Am\u00e9rique latine et du Sud, les veill\u00e9es de pri\u00e8re nocturnes avec je\u00fbne \u00e0 travers le continent africain, le mouvement de pri\u00e8re intense \u00e0 travers la Chine, et les temps de pri\u00e8re collectifs guid\u00e9s par l&#039;Esprit \u00e0 travers l&#039;Inde, ainsi que la nouvelle expression des maisons de pri\u00e8re et de culte qui explosent dans les nations, et aujourd&#039;hui, plus de cent millions de croyants sont unis dans la pri\u00e8re lors de quatre journ\u00e9es mondiales de pri\u00e8re chaque ann\u00e9e depuis 2022 !&nbsp;<\/p>\n\n\n\n<p>Et durant cette p\u00e9riode, les mouvements de missions \u00e0 travers le monde ont obtenu des r\u00e9sultats stup\u00e9fiants.<\/p>\n\n\n\n<p>D&#039;apr\u00e8s les chercheurs des principales missions, le nombre de disciples et d&#039;\u00e9glises au sein de ces mouvements a connu une croissance exponentielle, \u00e0 un rythme stup\u00e9fiant de 23 % par an, bien plus rapide que la population mondiale. Le nombre total de disciples dans ces mouvements a doubl\u00e9 tous les 3,5 ans, t\u00e9moignant ainsi de la puissance de la multiplication divine par la pri\u00e8re.<\/p>\n\n\n<div class=\"wp-block-image\">\n<figure class=\"alignright size-full is-resized\"><img loading=\"lazy\" decoding=\"async\" width=\"231\" height=\"346\" src=\"https:\/\/110cities.com\/wp-content\/uploads\/2025\/10\/image007.jpg\" alt=\"\" class=\"wp-image-4353\" style=\"width:300px;height:auto\" srcset=\"https:\/\/110cities.com\/wp-content\/uploads\/2025\/10\/image007.jpg 231w, https:\/\/110cities.com\/wp-content\/uploads\/2025\/10\/image007-8x12.jpg 8w\" sizes=\"auto, (max-width: 231px) 100vw, 231px\" \/><\/figure>\n<\/div>\n\n\n<h3 class=\"wp-block-heading\">Cette croissance mondiale s&#039;est d\u00e9roul\u00e9e en quatre \u00e9tapes distinctes\u00a0:<\/h3>\n\n\n\n<ul class=\"wp-block-list\">\n<li>De 1995 \u00e0 2000, le nombre de disciples est pass\u00e9 de 10\u00a0000 \u00e0 plus de 100\u00a0000.<\/li>\n\n\n\n<li>De 2000 \u00e0 2005, le nombre de disciples est pass\u00e9 de 100\u00a0000 \u00e0 plus d\u2019un million.<\/li>\n\n\n\n<li>De 2005 \u00e0 2015 - de 1 million \u00e0 plus de 10 millions<\/li>\n\n\n\n<li>De 2015 \u00e0 2024, ce nombre a d\u00e9pass\u00e9 les 100 millions.<\/li>\n<\/ul>\n\n\n\n<p>\u00c0 mesure que la pri\u00e8re exaltant le Christ, fond\u00e9e sur la Bible, nourrie par l&#039;adoration, guid\u00e9e par l&#039;Esprit et motiv\u00e9e par l&#039;amour se r\u00e9pand dans les nations, de plus en plus de disciples sont form\u00e9s, de plus en plus d&#039;\u00e9glises sont implant\u00e9es, de plus en plus de bibles sont traduites, de plus en plus de signes, de prodiges et de miracles se manifestent et plus de justice est rendue aux pauvres, aux marginalis\u00e9s, aux orphelins et aux veuves !<\/p>\n\n\n\n<p>Donc, sur le <a href=\"https:\/\/110cities.com\/fr\/hindu-day-of-prayer\/\"><strong>Journ\u00e9e mondiale de pri\u00e8re pour le monde hindou<\/strong><\/a>, \u00c9levons nos pri\u00e8res comme de l&#039;encens devant Dieu qui peut faire infiniment plus que tout ce que nous demandons ou m\u00eame imaginons, pour sa gloire, pour notre joie et pour que des multitudes parviennent \u00e0 la connaissance salvatrice de J\u00e9sus dans tout le monde hindou !&nbsp;<\/p>\n\n\n\n<p><strong>Dr Jason Hubbard \u2013 Directeur<br><\/strong><a href=\"https:\/\/www.linktr.ee\/ipcprayer\" target=\"_blank\" rel=\"noopener\"><strong>Connexion de pri\u00e8re internationale<\/strong><\/a><strong><\/strong><\/p>","protected":false},"excerpt":{"rendered":"<p>Le lundi 20 octobre 2025 marquera notre 3e Journ\u00e9e mondiale annuelle de pri\u00e8re pour...<\/p>","protected":false},"author":3,"featured_media":0,"parent":0,"menu_order":0,"comment_status":"closed","ping_status":"closed","template":"","meta":{"_acf_changed":false,"footnotes":""},"class_list":["post-4342","page","type-page","status-publish","hentry"],"acf":[],"ams_acf":[],"_links":{"self":[{"href":"https:\/\/110cities.com\/fr\/wp-json\/wp\/v2\/pages\/4342","targetHints":{"allow":["GET"]}}],"collection":[{"href":"https:\/\/110cities.com\/fr\/wp-json\/wp\/v2\/pages"}],"about":[{"href":"https:\/\/110cities.com\/fr\/wp-json\/wp\/v2\/types\/page"}],"author":[{"embeddable":true,"href":"https:\/\/110cities.com\/fr\/wp-json\/wp\/v2\/users\/3"}],"replies":[{"embeddable":true,"href":"https:\/\/110cities.com\/fr\/wp-json\/wp\/v2\/comments?post=4342"}],"version-history":[{"count":10,"href":"https:\/\/110cities.com\/fr\/wp-json\/wp\/v2\/pages\/4342\/revisions"}],"predecessor-version":[{"id":4369,"href":"https:\/\/110cities.com\/fr\/wp-json\/wp\/v2\/pages\/4342\/revisions\/4369"}],"wp:attachment":[{"href":"https:\/\/110cities.com\/fr\/wp-json\/wp\/v2\/media?parent=4342"}],"curies":[{"name":"wp","href":"https:\/\/api.w.org\/{rel}","templated":true}]}}