{"id":2936,"date":"2024-01-08T14:32:33","date_gmt":"2024-01-08T07:32:33","guid":{"rendered":"https:\/\/new.110cities.net\/?page_id=2936"},"modified":"2026-01-23T16:46:10","modified_gmt":"2026-01-23T09:46:10","slug":"prayer-guide","status":"publish","type":"page","link":"https:\/\/110cities.com\/fr\/prayer-guide\/","title":{"rendered":"Guide de pri\u00e8re \u2013 24 heures de pri\u00e8re pour le monde bouddhiste 2024"},"content":{"rendered":"<p>Nous prions pour les mouvements \u00e9vang\u00e9liques dans ces villes et r\u00e9gions bouddhistes, y compris en Chine. Dieu lib\u00e8re sa puissance en r\u00e9ponse aux pri\u00e8res de son peuple ! Le bouddhisme concerne l\u2019illumination. En cette Journ\u00e9e mondiale de pri\u00e8re, demandons au Seigneur d&#039;enlever le voile d&#039;aveuglement qui recouvre les yeux des incroyants pi\u00e9g\u00e9s dans le bouddhisme afin qu&#039;ils puissent voir la lumi\u00e8re de l&#039;\u00c9vangile dans le visage de J\u00e9sus.<br>Christ!<\/p>\n\n\n\n<p>2 Corinthiens 4\u00a0:4, 6 : \u00ab Dans leur cas, le dieu de ce monde a aveugl\u00e9 l&#039;esprit des incroyants, pour les emp\u00eacher de voir la lumi\u00e8re de l&#039;\u00c9vangile de la gloire de Christ, qui est l&#039;image de Dieu\u2026 6 Car Dieu, qui a dit : \u00ab Que la lumi\u00e8re brille des t\u00e9n\u00e8bres \u00bb, a brill\u00e9 dans nos c\u0153urs pour donner la lumi\u00e8re de la connaissance de la gloire de Dieu sur le visage de J\u00e9sus-Christ.<\/p>\n\n\n\n<p>Vous pouvez trouver des points de pri\u00e8re sp\u00e9cifiques pour chaque ville sur 110Cities et \u00e9galement regarder une courte vid\u00e9o de pri\u00e8re pour chaque ville pour laquelle vous priez. Nous vous encourageons \u00e0 faire des recherches sur ces villes et \u00e0 prier pour une \u00ab perc\u00e9e \u00bb pendant que le Seigneur vous guide ! Voici les villes et r\u00e9gions ci-dessous avec quelques points de pri\u00e8re\u00a0!<\/p>\n\n\n\n<h2 class=\"wp-block-heading\">ACCENT SUR LA PRI\u00c8RE<\/h2>\n\n\n<div class=\"wp-block-image\">\n<figure class=\"alignright size-full is-resized\"><img loading=\"lazy\" decoding=\"async\" width=\"600\" height=\"600\" src=\"https:\/\/110cities.com\/wp-content\/uploads\/2024\/01\/SocialMedia-V2.jpg\" alt=\"\" class=\"wp-image-2956\" style=\"width:392px;height:auto\" srcset=\"https:\/\/110cities.com\/wp-content\/uploads\/2024\/01\/SocialMedia-V2.jpg 600w, https:\/\/110cities.com\/wp-content\/uploads\/2024\/01\/SocialMedia-V2-350x350.jpg 350w, https:\/\/110cities.com\/wp-content\/uploads\/2024\/01\/SocialMedia-V2-150x150.jpg 150w, https:\/\/110cities.com\/wp-content\/uploads\/2024\/01\/SocialMedia-V2-12x12.jpg 12w\" sizes=\"auto, (max-width: 600px) 100vw, 600px\" \/><\/figure>\n<\/div>\n\n\n<p>Priez pour que J\u00e9sus-Christ soit exalt\u00e9 dans cette ville. Priez pour que son nom soit r\u00e9v\u00e9l\u00e9, re\u00e7u et v\u00e9n\u00e9r\u00e9 parmi tous les peuples, tribus et langues de cette ville. Psaume 110, Hab 2:14<\/p>\n\n\n\n<p>Priez pour que le Royaume de Dieu vienne et que sa volont\u00e9 soit faite dans cette ville ! Mat. 6:9-10<\/p>\n\n\n\n<p>Priez le Seigneur de la r\u00e9colte pour qu&#039;il envoie des ouvriers proclamer l&#039;\u00e9vangile du royaume avec des d\u00e9monstrations de puissance et d&#039;amour ! Priez pour qu&#039;une \u00e9glise de maison exaltant le Christ soit implant\u00e9e pour 1 000 habitants dans cette ville ! Luc 10\u00a0:2, Matthieu 16\u00a0:18, Actes 4\u00a0:29-31<\/p>\n\n\n\n<p>Priez pour que la Bible soit traduite dans la langue du c\u0153ur de chaque groupe ethnique de cette ville. 2 Thess. 3:1<\/p>\n\n\n\n<p>Nyaw - Tha\u00eflande<br>Langue des signes de Cor\u00e9e du Nord, Laopang - Laos<br>Langue des signes Miyakubo - Japon<\/p>\n\n\n\n<p>Priez pour l&#039;effusion du Saint-Esprit sur toute chair dans cette ville ! Priez pour que le Saint-Esprit les convainque de p\u00e9ch\u00e9 et leur montre leur besoin d&#039;un Sauveur, trouv\u00e9 uniquement en J\u00e9sus-Christ. Priez pour que Dieu le P\u00e8re attire tous les hommes \u00e0 Christ par la puissance de la croix. Priez pour que la bont\u00e9 de Dieu conduise tous \u00e0 la repentance. Actes 2:17, Jean 16<\/p>\n\n\n\n<p>Priez pour que Dieu lie et retienne les puissances des t\u00e9n\u00e8bres sur cette ville et qu&#039;il lib\u00e8re la puissance, la v\u00e9rit\u00e9 et l&#039;amour du Saint-Esprit sur les habitants de cette ville ! 2 Cor. 4:4-6, Mathieu 18:18-19<\/p>\n\n\n\n<p>Nous vous invitons \u00e0 vous concentrer particuli\u00e8rement sur nous alors que nous prions pour la perc\u00e9e du Royaume \u00e0 Pyongyang en Cor\u00e9e du Nord cette ann\u00e9e.<\/p>\n\n\n\n<h2 class=\"wp-block-heading\">VILLES DE PRI\u00c8RE<\/h2>\n\n\n\n<div class=\"wp-block-columns is-layout-flex wp-container-core-columns-is-layout-9d6595d7 wp-block-columns-is-layout-flex\">\n<div class=\"wp-block-column is-layout-flow wp-block-column-is-layout-flow\">\n<p>Bangkok, Tha\u00eflande<br>P\u00e9kin, Chine<br>Bhoutan<br>Chengdu, Chine<br>Chongqing, Chine<br>Canton, Chine<br>Hangzhou, Chine<br>Hanoi, Vietnam<\/p>\n<\/div>\n\n\n\n<div class=\"wp-block-column is-layout-flow wp-block-column-is-layout-flow\">\n<p>H\u00f4 Chi Minh, Vietnam<br>Hohot, Chine<br>Kunming, Chine<br>Nanning, Chine<br>Phnom Pehn, Cambodge<br>P&#039;yong yang, Cor\u00e9e du Nord<br>Shangai, Chine<br>Shenyang, Chine<\/p>\n<\/div>\n\n\n\n<div class=\"wp-block-column is-layout-flow wp-block-column-is-layout-flow\">\n<p>Taiyuan, Chine<br>Tokyo, Japon<br>Oulan-Bator, Mongolie<br>Vientiane, Laos<br>Wuhan, Chine<br>Xian, Chine<br>Xining, Chine<br>Yangon, Birmanie<\/p>\n<\/div>\n<\/div>\n\n\n\n<div class=\"wp-block-buttons is-layout-flex wp-block-buttons-is-layout-flex\">\n<div class=\"wp-block-button\"><a class=\"wp-block-button__link wp-element-button\" href=\"https:\/\/110cities.com\/wp-content\/uploads\/2026\/01\/GODP-2026-Web.pdf\" target=\"_blank\" rel=\"noreferrer noopener\">T\u00e9l\u00e9charger le guide de pri\u00e8re<\/a><\/div>\n<\/div>","protected":false},"excerpt":{"rendered":"<p>Nous prions pour les mouvements \u00e9vang\u00e9liques dans ces villes et r\u00e9gions bouddhistes, y compris la Chine.<\/p>","protected":false},"author":19,"featured_media":2945,"parent":0,"menu_order":0,"comment_status":"closed","ping_status":"closed","template":"","meta":{"_acf_changed":false,"footnotes":""},"class_list":["post-2936","page","type-page","status-publish","has-post-thumbnail","hentry"],"acf":[],"ams_acf":[],"_links":{"self":[{"href":"https:\/\/110cities.com\/fr\/wp-json\/wp\/v2\/pages\/2936","targetHints":{"allow":["GET"]}}],"collection":[{"href":"https:\/\/110cities.com\/fr\/wp-json\/wp\/v2\/pages"}],"about":[{"href":"https:\/\/110cities.com\/fr\/wp-json\/wp\/v2\/types\/page"}],"author":[{"embeddable":true,"href":"https:\/\/110cities.com\/fr\/wp-json\/wp\/v2\/users\/19"}],"replies":[{"embeddable":true,"href":"https:\/\/110cities.com\/fr\/wp-json\/wp\/v2\/comments?post=2936"}],"version-history":[{"count":13,"href":"https:\/\/110cities.com\/fr\/wp-json\/wp\/v2\/pages\/2936\/revisions"}],"predecessor-version":[{"id":4540,"href":"https:\/\/110cities.com\/fr\/wp-json\/wp\/v2\/pages\/2936\/revisions\/4540"}],"wp:featuredmedia":[{"embeddable":true,"href":"https:\/\/110cities.com\/fr\/wp-json\/wp\/v2\/media\/2945"}],"wp:attachment":[{"href":"https:\/\/110cities.com\/fr\/wp-json\/wp\/v2\/media?parent=2936"}],"curies":[{"name":"wp","href":"https:\/\/api.w.org\/{rel}","templated":true}]}}