{"id":214,"date":"2022-11-16T11:30:16","date_gmt":"2022-11-16T11:30:16","guid":{"rendered":"https:\/\/new.110cities.net\/?page_id=214"},"modified":"2024-08-15T00:52:24","modified_gmt":"2024-08-14T17:52:24","slug":"scriptures","status":"publish","type":"page","link":"https:\/\/110cities.com\/fr\/scriptures\/","title":{"rendered":"\u00c9critures de marche de pri\u00e8re"},"content":{"rendered":"<h3 class=\"has-color-4-color has-text-color wp-block-heading\">PR\u00c9PARATION C\u0152UR<\/h3>\n\n\n\n<p>COMMETTEZ votre marche au Seigneur, demandez \u00e0 l&#039;Esprit de vous guider<br>COUVREZ-vous de la protection divine Psaume 91:1-16<br>CONNECTEZ-VOUS avec le Saint-Esprit Romains 8:26-27<\/p>\n\n\n\n<h3 class=\"has-color-4-color has-text-color wp-block-heading\">PRIEZ LA PRI\u00c8RE DU SEIGNEUR<\/h3>\n\n\n\n<p>Matthieu 6:9-10<\/p>\n\n\n\n<h3 class=\"has-color-4-color has-text-color wp-block-heading\">AUTORIT\u00c9:<\/h3>\n\n\n\n<p>Sur toute la &#039;puissance de l&#039;ennemi&#039; Luc 10:19<br>Agir sur la discipline de l&#039;\u00e9glise Matthieu 18:15-20<br>\u00catre des ambassadeurs de la r\u00e9conciliation dans l&#039;\u00e9vang\u00e9lisation et la formation de disciples Matthieu 28\u00a0:19, 2 Cor. 5:18-20<br>En enseignant la v\u00e9rit\u00e9 de l&#039;\u00e9vangile Tite 2:15<br>Exposez et chassez les d\u00e9mons 2 Cor. 4:4-6<br>&#039;Dispute, \u00f4 Seigneur\u2026&#039; Psaume 35:1 ESV<br>Il n&#039;y a personne comme toi. J\u00e9r\u00e9mie 10:6-7 LSG<\/p>\n\n\n\n<h3 class=\"has-color-4-color has-text-color wp-block-heading\">SUPR\u00c9MATIE DU CHRIST SUR CHAQUE VILLE !<\/h3>\n\n\n\n<p>Psaume 110:1-7 NKJV<br>Psaume 24:1 LSG<br>Habacuc 2:14 LSG<br>Malachie 1:11 NKJV<br>Psaume 22:27 LSG<br>Psaume 67:1-7 LSG<br>Matthieu 28:18 LSG<br>Daniel 7:13-14 LSG<br>Apocalypse 5:12 LSG<br>Colossiens 1:15-18 LSG<\/p>\n\n\n\n<h3 class=\"has-color-4-color has-text-color wp-block-heading\">LE ROYAUME DE DIEU DEVIENT DANS CHAQUE VILLE !<\/h3>\n\n\n\n<p>Matthieu 6: 9-10 LSG<br>Apocalypse 1:5 NKJV<br>J\u00e9r\u00e9mie 29:7 ESV<br>Esa\u00efe 9:2,6-7 LSG<\/p>\n\n\n\n<h3 class=\"has-color-4-color has-text-color wp-block-heading\">D\u00c9VERSEMENT ET CONVICTION<\/h3>\n\n\n\n<p>Actes 2:16-17 LSG<br>\u00c9sa\u00efe 64: 1\u20132 LSG<br>Psaume 144\u00a0:\u00a05-8<br>Jean 16: 8-11 LSG<\/p>\n\n\n\n<h3 class=\"has-color-4-color has-text-color wp-block-heading\">PERE POUR DONNER A SON FILS LES NATIONS\u2026<\/h3>\n\n\n\n<p>Psaume 2: 6-8 LSG<\/p>\n\n\n\n<h3 class=\"has-color-4-color has-text-color wp-block-heading\">ENVOYEZ DES OUVRIERS !<\/h3>\n\n\n\n<p>Matthieu 9: 35-38 LSG<\/p>\n\n\n\n<h3 class=\"has-color-4-color has-text-color wp-block-heading\">OUVREZ UNE PORTE POUR L&#039;\u00c9VANGILE DANS CHAQUE VILLE !<\/h3>\n\n\n\n<p>Colossiens 4: 2\u20134 ESV<\/p>\n\n\n\n<h3 class=\"has-color-4-color has-text-color wp-block-heading\">SUPPRIMER LA C\u00c9CIT\u00c9<\/h3>\n\n\n\n<p>2 Corinthiens 4:4 ESV<\/p>\n\n\n\n<h3 class=\"has-color-4-color has-text-color wp-block-heading\">LIE LES PRINCIPAUT\u00c9S ET LES POUVOIRS DES T\u00c9N\u00c8BRES<\/h3>\n\n\n\n<p>Matthieu 18:18-20 LSG<br>Matthieu 12:28-29 LSG<br>1 Jean 3:8 LSG<br>Colossiens 2:15 LSG<br>Luc 10:19-20 LSG<\/p>\n\n\n\n<h3 class=\"has-color-4-color has-text-color wp-block-heading\">SURMONTER L&#039;OBSCURIT\u00c9 DE HAUT NIVEAU<\/h3>\n\n\n\n<p>Eph\u00e9siens 3:10<br>Recevoir la r\u00e9v\u00e9lation Eph. 1:1-23<br>Recevoir l&#039;unit\u00e9 par la Croix Eph. 2:13-22<br>Vivre dans l&#039;amour, par l&#039;Esprit. \u00c9ph. 3:14-20<br>Embrasser l&#039;humilit\u00e9 Eph. 4:1-6<br>Marcher dans la puret\u00e9 Eph. 4:20-6:9<br>Debout contre les t\u00e9n\u00e8bres de haut niveau Eph. 6:10-20<\/p>\n\n\n\n<h3 class=\"has-color-4-color has-text-color wp-block-heading\">IMP\u00c9RATIFS POUR UNE CONGR\u00c9GATION, UNE ORGANISATION OU UN MOUVEMENT CITY GOSPEL<\/h3>\n\n\n\n<p>\u00c9ph. 5:8-14, 2 Cor. 10:3-5, \u00c9ph. 6:18, \u00c9ph 5:8-11, \u00c9ph 6:19-20<\/p>\n\n\n\n<h3 class=\"has-color-4-color has-text-color wp-block-heading\">IMPERATIFS POUR VIVRE DANS LA COMMUNAUTE DU ROYAUME AUTHENTIQUE<\/h3>\n\n\n\n<p>Eph 4:25, Eph 4:26-27, Eph 4:29, Eph 4:31-32,<br>Eph 5:3, Eph 5:11, Eph 5: 18-21, Eph 5: 22-33<\/p>\n\n\n\n<p>Liens versets de YouVersion Bible App<\/p>\n\n\n\n<div class=\"wp-block-buttons is-layout-flex wp-block-buttons-is-layout-flex\">\n<div class=\"wp-block-button\"><a class=\"wp-block-button__link wp-element-button\" href=\"https:\/\/110cities.com\/wp-content\/uploads\/2022\/11\/Prayer-Walking-Scriptures-110-Cities.pdf\" target=\"_blank\" rel=\"noreferrer noopener\">T\u00e9l\u00e9charger le PDF<\/a><\/div>\n<\/div>","protected":false},"excerpt":{"rendered":"<p>PR\u00c9PARATION DU COEUR ENGAGEZ votre marche vers le Seigneur, demandez \u00e0 l&#039;Esprit de vous guider COUVREZ-VOUS...<\/p>","protected":false},"author":19,"featured_media":0,"parent":0,"menu_order":0,"comment_status":"closed","ping_status":"closed","template":"","meta":{"_acf_changed":false,"footnotes":""},"class_list":["post-214","page","type-page","status-publish","hentry"],"acf":[],"ams_acf":[],"_links":{"self":[{"href":"https:\/\/110cities.com\/fr\/wp-json\/wp\/v2\/pages\/214","targetHints":{"allow":["GET"]}}],"collection":[{"href":"https:\/\/110cities.com\/fr\/wp-json\/wp\/v2\/pages"}],"about":[{"href":"https:\/\/110cities.com\/fr\/wp-json\/wp\/v2\/types\/page"}],"author":[{"embeddable":true,"href":"https:\/\/110cities.com\/fr\/wp-json\/wp\/v2\/users\/19"}],"replies":[{"embeddable":true,"href":"https:\/\/110cities.com\/fr\/wp-json\/wp\/v2\/comments?post=214"}],"version-history":[{"count":18,"href":"https:\/\/110cities.com\/fr\/wp-json\/wp\/v2\/pages\/214\/revisions"}],"predecessor-version":[{"id":3529,"href":"https:\/\/110cities.com\/fr\/wp-json\/wp\/v2\/pages\/214\/revisions\/3529"}],"wp:attachment":[{"href":"https:\/\/110cities.com\/fr\/wp-json\/wp\/v2\/media?parent=214"}],"curies":[{"name":"wp","href":"https:\/\/api.w.org\/{rel}","templated":true}]}}