{"id":918,"date":"2022-12-01T06:49:08","date_gmt":"2022-12-01T06:49:08","guid":{"rendered":"https:\/\/new.110cities.net\/?page_id=918"},"modified":"2024-08-09T22:49:59","modified_gmt":"2024-08-09T15:49:59","slug":"welcome","status":"publish","type":"page","link":"https:\/\/110cities.com\/fi\/welcome\/","title":{"rendered":"Tervetuloa"},"content":{"rendered":"<div style=\"height:40px\" aria-hidden=\"true\" class=\"wp-block-spacer\"><\/div>\n\n\n\n<h2 class=\"wp-block-heading has-text-align-center\">Tervetuloa 110 kaupunkiin!<\/h2>\n\n\n\n<p class=\"has-text-align-center\">Visiomme on n\u00e4hd\u00e4 maailman 110 saavuttamattominta kaupunkia saavuttavan evankeliumin, rukoillen, ett\u00e4 tuhansia Kristusta korottavia moninkertaistuvia seurakuntia istutettaisiin niiden joukkoon!<\/p>\n\n\n\n<p class=\"has-text-align-center\">Uskomme, ett\u00e4 rukous on avainasemassa! <br>T\u00e4t\u00e4 tarkoitusta varten ojennamme k\u00e4temme uskossa peitt\u00e4\u00e4ksemme t\u00e4m\u00e4n toiminnan 110 miljoonan uskovan voimakkailla rukouksilla - l\u00e4pimurron puolesta, rukoillen valtaistuimen ymp\u00e4rill\u00e4, ymp\u00e4ri vuorokauden ja ymp\u00e4ri maailmaa!<\/p>\n\n\n\n<figure class=\"wp-block-embed is-type-video is-provider-youtube wp-block-embed-youtube wp-embed-aspect-16-9 wp-has-aspect-ratio\"><div class=\"wp-block-embed__wrapper\">\n<iframe loading=\"lazy\" title=\"110 kaupungin kampanja - tohtori Jason Hubbard\" width=\"500\" height=\"281\" src=\"https:\/\/www.youtube.com\/embed\/0qIrUkUZ2GA?feature=oembed\" frameborder=\"0\" allow=\"accelerometer; autoplay; clipboard-write; encrypted-media; gyroscope; picture-in-picture; web-share\" referrerpolicy=\"strict-origin-when-cross-origin\" allowfullscreen><\/iframe>\n<\/div><figcaption class=\"wp-element-caption\"><strong>Tohtori Jason Hubbard<\/strong><br>International Prayer Connectin johtaja esittelee 110 kaupunkia<\/figcaption><\/figure>","protected":false},"excerpt":{"rendered":"<p>Tervetuloa 110 kaupunkiin! Visiomme on n\u00e4hd\u00e4 110 tavoittamattominta kaupunkia...<\/p>","protected":false},"author":19,"featured_media":0,"parent":0,"menu_order":0,"comment_status":"closed","ping_status":"closed","template":"","meta":{"_acf_changed":false,"footnotes":""},"class_list":["post-918","page","type-page","status-publish","hentry"],"acf":[],"ams_acf":[],"_links":{"self":[{"href":"https:\/\/110cities.com\/fi\/wp-json\/wp\/v2\/pages\/918","targetHints":{"allow":["GET"]}}],"collection":[{"href":"https:\/\/110cities.com\/fi\/wp-json\/wp\/v2\/pages"}],"about":[{"href":"https:\/\/110cities.com\/fi\/wp-json\/wp\/v2\/types\/page"}],"author":[{"embeddable":true,"href":"https:\/\/110cities.com\/fi\/wp-json\/wp\/v2\/users\/19"}],"replies":[{"embeddable":true,"href":"https:\/\/110cities.com\/fi\/wp-json\/wp\/v2\/comments?post=918"}],"version-history":[{"count":4,"href":"https:\/\/110cities.com\/fi\/wp-json\/wp\/v2\/pages\/918\/revisions"}],"predecessor-version":[{"id":3528,"href":"https:\/\/110cities.com\/fi\/wp-json\/wp\/v2\/pages\/918\/revisions\/3528"}],"wp:attachment":[{"href":"https:\/\/110cities.com\/fi\/wp-json\/wp\/v2\/media?parent=918"}],"curies":[{"name":"wp","href":"https:\/\/api.w.org\/{rel}","templated":true}]}}