{"id":895,"date":"2022-11-30T11:58:12","date_gmt":"2022-11-30T11:58:12","guid":{"rendered":"https:\/\/new.110cities.net\/?page_id=895"},"modified":"2022-11-30T12:01:58","modified_gmt":"2022-11-30T12:01:58","slug":"join-110","status":"publish","type":"page","link":"https:\/\/110cities.com\/fi\/join-110\/","title":{"rendered":"Liity joukkoon 110"},"content":{"rendered":"<p>Etsimme ihmisi\u00e4, jotka jakavat 110 kaupungin vision ja ovat valmiita osallistumaan niin k\u00e4yt\u00e4nn\u00f6llisesti kuin rukoilevastikin!<\/p>\n\n\n\n<p>Jos luulet, ett\u00e4 t\u00e4m\u00e4 saatat olla sin\u00e4, lue\u2026 ja <a href=\"https:\/\/110cities.com\/fi\/contact\/\">ota yhteytt\u00e4<\/a> saadaksesi lis\u00e4tietoja.<\/p>\n\n\n\n<p>A <strong>110 kaupungin rukousmestari<\/strong> on intohimo tietty\u00e4 kaupunkia kohtaan, joka on korostettuna <a href=\"https:\/\/110cities.com\/fi\/cities\/\">110 KAUPUNGIN lista<\/a> - miss\u00e4 Frontier People Groups (FPG) 90%+ sijaitsee.<\/p>\n\n\n\n<p>Kuhunkin 110 kaupungista haluaisimme muodostaa 2 joukkuetta:<\/p>\n\n\n\n<p>a) Kirkonistutusliike muodostaa tiimins\u00e4 yleisjohtajansa ja valmentajansa kanssa, jotka tarjoavat turvallisen siltahenkil\u00f6n kommunikoida.<\/p>\n\n\n\n<p>b) KAUPUNKIRUKOUSTIIMI - koostuu kaupunginlaajuisista rukousverkostoista, kirkkoverkostoista, rukousk\u00e4velyryhmist\u00e4, rukoustaloista, lasten ja nuorten rukousryhmist\u00e4, jossa on kaupungin rukousryhm\u00e4n koordinaattori ja <strong>rukouksen mestari online-rukouspolttoaineviestien puolesta<\/strong> joka v\u00e4litt\u00e4\u00e4 ja mobilisoi rukouksen maailmanlaajuiselle yleis\u00f6lle kunkin kaupungin tarpeista ja juhlista.<\/p>\n\n\n\n<h3 class=\"wp-block-heading\">Mestari:<\/h3>\n\n\n\n<ul class=\"wp-block-list\">\n<li>H\u00e4nell\u00e4 on todellinen taakka ja kutsu Jumalalta t\u00e4h\u00e4n nimenomaiseen kaupunkiin<\/li>\n\n\n\n<li>On kaupungin tunnustettu ja arvostettu \u00e4\u00e4ni, jonka muut t\u00e4h\u00e4n kaupunkiin osallistuvat tuntevat (tai h\u00e4nell\u00e4 on hyv\u00e4t yhteydet tiimin kautta)<\/li>\n\n\n\n<li>Mieluiten on ty\u00f6skennellyt tai asunut kyseisess\u00e4 kaupungissa tai on opiskellut ja rukoillut sen kaupungin puolesta vuosia<\/li>\n\n\n\n<li>Onko henkil\u00f6, jolla on tietoa kaupungin tarpeista, kielest\u00e4, kulttuurista, uskomuksista, maailmankuvasta<\/li>\n\n\n\n<li>On sitoutunut esirukoukseen ja saamaan muita rukoilemaan<\/li>\n\n\n\n<li>H\u00e4nell\u00e4 on historiaa osallistumisesta ja verkostoitumisesta<\/li>\n\n\n\n<li>uskoo, ett\u00e4 keskittyminen n\u00e4ihin 110 kaupunkiin on tehokas strategia; &quot;omistaa&quot; vision<\/li>\n\n\n\n<li>On sitoutunut pitk\u00e4j\u00e4nteiseen rukoukseen seurakuntien perustamisliikkeiden suuntaan.<\/li>\n<\/ul>\n\n\n\n<h3 class=\"wp-block-heading\">Mestari tulee:<\/h3>\n\n\n\n<ul class=\"wp-block-list\">\n<li>Ilmoittaudu 15 minuutin rukousaikaan verkkosivuston kautta.<\/li>\n\n\n\n<li>Kommunikoi viikoittain kent\u00e4ll\u00e4 kaupungin mestari- ja rukousk\u00e4velytiimin tai CPM-yhteyden kanssa. Haluaisimme rukousuutisia kaupungin rukoilevilta, jotta t\u00e4m\u00e4 voidaan lis\u00e4t\u00e4 rukouspolttoaineeseen verkkosivuilla.<\/li>\n\n\n\n<li>L\u00e4het\u00e4 rukouspolttoaine v\u00e4hint\u00e4\u00e4n kerran viikossa. Jos pystyt l\u00e4hett\u00e4m\u00e4\u00e4n viestej\u00e4 kaupungin paikallisella kielell\u00e4 ja englanniksi, t\u00e4m\u00e4 olisi eritt\u00e4in hy\u00f6dyllist\u00e4. Ole mahdollisimman luova videoiden, valokuvien, grafiikan jne. ja Raamattuun perustuvien rukousten kanssa.<\/li>\n\n\n\n<li>L\u00e4het\u00e4 viestej\u00e4 sosiaalisessa mediassa ja\/tai yhteyksille ja verkostoille kuuden viikon v\u00e4lein kutsun kanssa ilmoittautua ja rukoilla kaupungin puolesta.<\/li>\n<\/ul>\n\n\n\n<h3 class=\"wp-block-heading\">Mestari saa:<\/h3>\n\n\n\n<ul class=\"wp-block-list\">\n<li>Koulutus rukouspolttoaineen julkaisemisesta verkkosivustolla ja kutsumisesta Slackin sis\u00e4iseen viestint\u00e4kanavaan saadakseen j\u00e4rjestelm\u00e4nvalvojan apua tiimilt\u00e4.<\/li>\n\n\n\n<li>P\u00e4\u00e4sy rukouskirjastoon, jota voidaan k\u00e4ytt\u00e4\u00e4 (leikata ja liitt\u00e4\u00e4) rukouspolttoaineessasi sis\u00e4ll\u00f6n auttamiseksi.<\/li>\n\n\n\n<li>Kutsu olla osa kaupungin laajuista tiimi\u00e4 ja toivottavasti olla mukana kasvattamassa kaupungin rukoustiimi\u00e4, joka on sidoksissa kirkkojen perustamisryhmien tukemiseen.<strong><\/strong><\/li>\n<\/ul>\n\n\n\n<p><strong>Ole hyv\u00e4 ja tee <a href=\"https:\/\/110cities.com\/fi\/contact\/\">ota meihin yhteytt\u00e4<\/a> saadaksesi lis\u00e4tietoja!<\/strong><\/p>","protected":false},"excerpt":{"rendered":"<p>Etsimme ihmisi\u00e4, jotka jakavat 110 kaupungin vision ja ovat valmiita...<\/p>","protected":false},"author":19,"featured_media":900,"parent":0,"menu_order":0,"comment_status":"closed","ping_status":"closed","template":"","meta":{"_acf_changed":false,"footnotes":""},"class_list":["post-895","page","type-page","status-publish","has-post-thumbnail","hentry"],"acf":[],"ams_acf":[],"_links":{"self":[{"href":"https:\/\/110cities.com\/fi\/wp-json\/wp\/v2\/pages\/895","targetHints":{"allow":["GET"]}}],"collection":[{"href":"https:\/\/110cities.com\/fi\/wp-json\/wp\/v2\/pages"}],"about":[{"href":"https:\/\/110cities.com\/fi\/wp-json\/wp\/v2\/types\/page"}],"author":[{"embeddable":true,"href":"https:\/\/110cities.com\/fi\/wp-json\/wp\/v2\/users\/19"}],"replies":[{"embeddable":true,"href":"https:\/\/110cities.com\/fi\/wp-json\/wp\/v2\/comments?post=895"}],"version-history":[{"count":4,"href":"https:\/\/110cities.com\/fi\/wp-json\/wp\/v2\/pages\/895\/revisions"}],"predecessor-version":[{"id":3823,"href":"https:\/\/110cities.com\/fi\/wp-json\/wp\/v2\/pages\/895\/revisions\/3823"}],"wp:featuredmedia":[{"embeddable":true,"href":"https:\/\/110cities.com\/fi\/wp-json\/wp\/v2\/media\/900"}],"wp:attachment":[{"href":"https:\/\/110cities.com\/fi\/wp-json\/wp\/v2\/media?parent=895"}],"curies":[{"name":"wp","href":"https:\/\/api.w.org\/{rel}","templated":true}]}}