{"id":5847,"date":"2026-04-16T13:22:39","date_gmt":"2026-04-16T06:22:39","guid":{"rendered":"https:\/\/110cities.com\/?page_id=5847"},"modified":"2026-04-16T14:01:23","modified_gmt":"2026-04-16T07:01:23","slug":"24hrs-prayer-guide","status":"publish","type":"page","link":"https:\/\/110cities.com\/fi\/24hrs-prayer-guide\/","title":{"rendered":"24HRS-rukousopas"},"content":{"rendered":"<p>Kutsumme sinut liittym\u00e4\u00e4n miljoonien kristittyjen joukkoon ymp\u00e4ri maailmaa 24 tunnin yhteiseen ylistykseen ja rukouksiin - her\u00e4tyksen puolesta ja sen puolesta, ett\u00e4 evankeliumi saavuttaisi maailman \u00e4\u00e4ret!<\/p>\n\n\n\n<p>N\u00e4iden 24 tunnin aikana yhdist\u00e4mme \u00e4\u00e4nemme kirkkojen, rukouspaikkojen ja rukouspalveluiden kanssa ymp\u00e4ri maailmaa ja tuomme uutta voimaa maailmanlaajuiseen kirkkoon!<\/p>\n\n\n\n<p>Jumala vapauttaa voimansa vastauksena kansansa rukouksiin!<\/p>\n\n\n\n<p>Katso rukousvihjeit\u00e4 ja raamatunkohtien teemoja alta.<\/p>\n\n\n\n<p>K\u00e4ytet\u00e4\u00e4n t\u00e4m\u00e4 aika my\u00f6s rukoilemiseen viiden tuntemamme ihmisen puolesta, jotka eiv\u00e4t ole Jeesuksen seuraajia, k\u00e4ytt\u00e4en k\u00e4tev\u00e4\u00e4 muistutusta sivulla 2.<\/p>\n\n\n\n<p>Rukoile siell\u00e4 miss\u00e4 olet, ryhmiss\u00e4 tai liity IPC:n Global Family 247 -rukoushuoneeseen <a href=\"https:\/\/www.globalfamily24-7prayer.org\/\" target=\"_blank\" rel=\"noreferrer noopener\">ONLINE T\u00c4ST\u00c4<\/a>.<\/p>","protected":false},"excerpt":{"rendered":"<p>Kutsumme sinut liittym\u00e4\u00e4n miljoonien kristittyjen joukkoon ymp\u00e4ri maailmaa 24 tunnin aikana...<\/p>","protected":false},"author":3,"featured_media":5848,"parent":0,"menu_order":0,"comment_status":"closed","ping_status":"closed","template":"","meta":{"_acf_changed":false,"footnotes":""},"class_list":["post-5847","page","type-page","status-publish","has-post-thumbnail","hentry"],"acf":[],"ams_acf":[],"_links":{"self":[{"href":"https:\/\/110cities.com\/fi\/wp-json\/wp\/v2\/pages\/5847","targetHints":{"allow":["GET"]}}],"collection":[{"href":"https:\/\/110cities.com\/fi\/wp-json\/wp\/v2\/pages"}],"about":[{"href":"https:\/\/110cities.com\/fi\/wp-json\/wp\/v2\/types\/page"}],"author":[{"embeddable":true,"href":"https:\/\/110cities.com\/fi\/wp-json\/wp\/v2\/users\/3"}],"replies":[{"embeddable":true,"href":"https:\/\/110cities.com\/fi\/wp-json\/wp\/v2\/comments?post=5847"}],"version-history":[{"count":2,"href":"https:\/\/110cities.com\/fi\/wp-json\/wp\/v2\/pages\/5847\/revisions"}],"predecessor-version":[{"id":5852,"href":"https:\/\/110cities.com\/fi\/wp-json\/wp\/v2\/pages\/5847\/revisions\/5852"}],"wp:featuredmedia":[{"embeddable":true,"href":"https:\/\/110cities.com\/fi\/wp-json\/wp\/v2\/media\/5848"}],"wp:attachment":[{"href":"https:\/\/110cities.com\/fi\/wp-json\/wp\/v2\/media?parent=5847"}],"curies":[{"name":"wp","href":"https:\/\/api.w.org\/{rel}","templated":true}]}}