{"id":4756,"date":"2026-02-16T17:13:47","date_gmt":"2026-02-16T10:13:47","guid":{"rendered":"https:\/\/110cities.com\/?page_id=4756"},"modified":"2026-02-17T11:35:10","modified_gmt":"2026-02-17T04:35:10","slug":"tsunami-worship-anthem","status":"publish","type":"page","link":"https:\/\/110cities.com\/fi\/tsunami-worship-anthem\/","title":{"rendered":"Tsunamin palvontahymni"},"content":{"rendered":"<p>Katso ja laula &quot;Tsunami&quot;-ylhyyshymnin video t\u00e4\u00e4ll\u00e4 englanniksi tekstitysk\u00e4\u00e4nn\u00f6ksill\u00e4, mukaan lukien arabia, bahasa, ranska, saksa, hindi, korea, mandariinikiina, portugali, ven\u00e4j\u00e4 ja espanja.<\/p>\n\n\n\n<p>Kuusi kuukautta sitten illallisella Suomessa, <a href=\"https:\/\/www.instagram.com\/reel\/DUrBN0vDsnj\/\" target=\"_blank\" rel=\"noreferrer noopener\"><strong>Jason Hubbard<\/strong><\/a> pyysi minua kirjoittamaan ja tuottamaan viisi maailmanlaajuista hymni\u00e4 vuoden 2026 rukousp\u00e4iville. Olimme palvelleet yhdess\u00e4 viime vuosina maailmanlaajuisessa evankeliumin ty\u00f6ss\u00e4 kohti vuotta 2033.<\/p>\n\n\n\n<p>Jasonin &quot;kysymys&quot; sattui olemaan juuri seitsem\u00e4nten\u00e4 vuotenamme perustamisemme j\u00e4lkeen.&nbsp;&nbsp;<a href=\"http:\/\/psalmistmission.org\/\" target=\"_blank\" rel=\"noopener\"><strong>Psalmistin teht\u00e4v\u00e4<\/strong><\/a>, juuri valmistuttuaan 121 ylistysjohtajasta\/muusikosta koulutukseen ja opetuslapseuteen Kaliforniassa - monista eri kulttuureista ymp\u00e4ri maailmaa.<\/p>\n\n\n\n<p>Viisi p\u00e4iv\u00e4\u00e4 aiemmin olin juuri tavannut johdon&nbsp;<strong><a href=\"https:\/\/www.youversion.com\/\" target=\"_blank\" rel=\"noopener\">YouVersion<\/a><\/strong>&nbsp;maailmanlaajuinen raamattusovellus, jonka pystyimme my\u00f6s kutsumaan mukaan t\u00e4h\u00e4n aloitteeseen juuri kun he olivat saavuttamassa miljardin latauksen rajapyykin.&nbsp;&nbsp;<\/p>\n\n\n\n<p>Ja nyt<strong>&nbsp;helmikuun 17. p\u00e4iv\u00e4n\u00e4<\/strong>, Kun buddhalaiset ymp\u00e4ri maailmaa etsiv\u00e4t valaistumista kiinalaisen uudenvuoden aikaan, Habakukin 2:14:st\u00e4 on tullut raamatullinen polttoaine, joka antoi voimaa julkaisemamme ylistyslaulun lauluille.&nbsp;<strong><a href=\"https:\/\/distrokid.com\/hyperfollow\/jonshabaglian11\/tsunami-feat-psalmist-mission\" target=\"_blank\" rel=\"noopener\">\u201c&quot;Tsunami&quot;\u201d<\/a>&nbsp;<\/strong>- ett\u00e4&nbsp;<em>\u201c&quot;Maa on oleva t\u00e4ynn\u00e4 Herran kirkkauden tuntemusta, niin kuin vedet peitt\u00e4v\u00e4t meren.&quot;\u201d<\/em>&nbsp;<\/p>\n\n\n\n<p>Herra on siis koonnut esirukoilijansa ja psalminkirjoittajansa maailmanlaajuisen pyhien kirjoitusten koneiston avulla \u2013 kaikki yhdess\u00e4 ty\u00f6skentelem\u00e4\u00e4n yhdess\u00e4 Kristuksen ruumiin keskeisiss\u00e4 teht\u00e4viss\u00e4, uskoen Valistuksen Pojan (Kristuksen Jeesuksen!) ilmestykseen miljoonille buddhalaisille t\u00e4n\u00e4 maailmanlaajuisena rukous- ja palvontap\u00e4iv\u00e4n\u00e4!<\/p>\n\n\n\n<p>Liity siis rukoukseemme ja yhteisymm\u00e4rrykseen, kun t\u00e4m\u00e4 historian hetki koittaa 17. helmikuuta... Koska Herra ei halua kenenk\u00e4\u00e4n hukkuvan!<a href=\"https:\/\/ref.ly\/2%20Pet%203.9;esv?t=biblia\" target=\"_blank\" rel=\"noopener\">2. Piet. 3:9<\/a>)<\/p>\n\n\n\n<p><strong>Jon Shabaglian&nbsp;<\/strong><\/p>\n\n\n\n<p><a href=\"https:\/\/www.psalmistmission.com\/\" target=\"_blank\" rel=\"noreferrer noopener\"><strong>Psalmistin teht\u00e4v\u00e4<\/strong><\/a><\/p>","protected":false},"excerpt":{"rendered":"<p>Katso ja laula &quot;Tsunami&quot;-ylhyyslaulun videon mukana englanniksi ja tekstityksill\u00e4...<\/p>","protected":false},"author":3,"featured_media":4836,"parent":0,"menu_order":0,"comment_status":"closed","ping_status":"closed","template":"","meta":{"_acf_changed":false,"footnotes":""},"class_list":["post-4756","page","type-page","status-publish","has-post-thumbnail","hentry"],"acf":[],"ams_acf":[],"_links":{"self":[{"href":"https:\/\/110cities.com\/fi\/wp-json\/wp\/v2\/pages\/4756","targetHints":{"allow":["GET"]}}],"collection":[{"href":"https:\/\/110cities.com\/fi\/wp-json\/wp\/v2\/pages"}],"about":[{"href":"https:\/\/110cities.com\/fi\/wp-json\/wp\/v2\/types\/page"}],"author":[{"embeddable":true,"href":"https:\/\/110cities.com\/fi\/wp-json\/wp\/v2\/users\/3"}],"replies":[{"embeddable":true,"href":"https:\/\/110cities.com\/fi\/wp-json\/wp\/v2\/comments?post=4756"}],"version-history":[{"count":2,"href":"https:\/\/110cities.com\/fi\/wp-json\/wp\/v2\/pages\/4756\/revisions"}],"predecessor-version":[{"id":4837,"href":"https:\/\/110cities.com\/fi\/wp-json\/wp\/v2\/pages\/4756\/revisions\/4837"}],"wp:featuredmedia":[{"embeddable":true,"href":"https:\/\/110cities.com\/fi\/wp-json\/wp\/v2\/media\/4836"}],"wp:attachment":[{"href":"https:\/\/110cities.com\/fi\/wp-json\/wp\/v2\/media?parent=4756"}],"curies":[{"name":"wp","href":"https:\/\/api.w.org\/{rel}","templated":true}]}}