{"id":4342,"date":"2025-10-10T18:42:40","date_gmt":"2025-10-10T11:42:40","guid":{"rendered":"https:\/\/110cities.com\/?page_id=4342"},"modified":"2025-10-10T19:13:37","modified_gmt":"2025-10-10T12:13:37","slug":"discipleship-and-prayer","status":"publish","type":"page","link":"https:\/\/110cities.com\/fi\/discipleship-and-prayer\/","title":{"rendered":"Opetuslapseus ja rukous"},"content":{"rendered":"<div class=\"wp-block-buttons is-layout-flex wp-block-buttons-is-layout-flex\">\n<div class=\"wp-block-button\"><a class=\"wp-block-button__link wp-element-button\" href=\"https:\/\/110cities.com\/wp-content\/uploads\/2025\/10\/Discipleship-and-Prayer-Dr-Jason-Hubbard.pdf\" target=\"_blank\" rel=\"noreferrer noopener\">LATAA T\u00c4M\u00c4 ARTIKKELI (ENGLANNINKIELINEN PDF)<\/a><\/div>\n<\/div>\n\n\n\n<div style=\"height:20px\" aria-hidden=\"true\" class=\"wp-block-spacer\"><\/div>\n\n\n\n<p>Maanantai 20.<sup>th<\/sup> Lokakuu 2025 tulee olemaan kolmas vuosip\u00e4iv\u00e4mme<sup>rd<\/sup> vuosittainen <a href=\"https:\/\/110cities.com\/fi\/hindu-day-of-prayer\/\"><strong>Maailmanlaajuinen rukousp\u00e4iv\u00e4 hindumaailmalle<\/strong><\/a>.<\/p>\n\n\n\n<p>Tutkimukset kertovat, ett\u00e4 80 prosenttia hinduista, buddhalaisista ja muslimeista ei tunne yht\u00e4k\u00e4\u00e4n kristitty\u00e4. Maailmanlaajuisesti noin 1,25 miljardilla hindulla hindulaisuus on kolmanneksi suurin uskonto maailmanlaajuisesti \u2013 pelk\u00e4st\u00e4\u00e4n Intiassa heit\u00e4 on miljardi!&nbsp;<\/p>\n\n\n<div class=\"wp-block-image\">\n<figure class=\"alignright size-full is-resized\"><img loading=\"lazy\" decoding=\"async\" width=\"313\" height=\"313\" src=\"https:\/\/110cities.com\/wp-content\/uploads\/2025\/10\/image002.jpg\" alt=\"\" class=\"wp-image-4345\" style=\"width:372px;height:auto\" srcset=\"https:\/\/110cities.com\/wp-content\/uploads\/2025\/10\/image002.jpg 313w, https:\/\/110cities.com\/wp-content\/uploads\/2025\/10\/image002-150x150.jpg 150w, https:\/\/110cities.com\/wp-content\/uploads\/2025\/10\/image002-12x12.jpg 12w\" sizes=\"auto, (max-width: 313px) 100vw, 313px\" \/><\/figure>\n<\/div>\n\n\n<p>Niin kuin Jeesus kutsui meit\u00e4 tekem\u00e4\u00e4n opetuslapsia kaikista kansoista, edess\u00e4mme oleva teht\u00e4v\u00e4 on valtava, ja sen t\u00e4ytyy alkaa rukouksesta! Jos rukouksen m\u00e4\u00e4ritelm\u00e4 on l\u00e4heisyys Jumalan kanssa \u2013 el\u00e4m\u00e4mme t\u00e4rkeimm\u00e4n rakkaussuhteen keskustelullinen osa \u2013 niin rukouksen m\u00e4\u00e4r\u00e4np\u00e4\u00e4 on h\u00e4nen tarkoitustensa t\u00e4yttyminen!&nbsp;<\/p>\n\n\n\n<p>Jumala on p\u00e4\u00e4tt\u00e4nyt toteuttaa tarkoituksensa kansansa rukousten kautta. H\u00e4n on asettanut rukouksen kanavaksi, jonka kautta H\u00e4n toteuttaa tahtonsa.<\/p>\n\n\n\n<p><strong>Yksi tehokkaan rukouksen avaimista on rukoilla l\u00e4hetysk\u00e4skyn t\u00e4yttymyksen puolesta! <\/strong>&nbsp;<\/p>\n\n\n\n<p>Raamattu painottaa rukouksen roolia l\u00e4hetysk\u00e4skyss\u00e4 suuresti. Termi &quot;l\u00e4hetysk\u00e4sky&quot; viittaa Jeesuksen viimeiseen k\u00e4skyyn opetuslapsilleen (ja siten koko seurakunnalle) ollessaan fyysisesti maan p\u00e4\u00e4ll\u00e4. Haluamme rukoilla, ett\u00e4 jokainen ihminen ja perhe kaikkialla saisi aidon kohtaamisen Herran Jeesuksen Kristuksen kanssa Pyh\u00e4n Hengen voiman ja l\u00e4sn\u00e4olon kautta! Ja Jeesus sanoi selv\u00e4sti, ett\u00e4 tehokkain tapa tehd\u00e4 t\u00e4m\u00e4 - n\u00e4hd\u00e4 valtakunnan evankeliumin julistettavan koko maailmalle - on tehd\u00e4 opetuslapsia kaikista kansoista!&nbsp;<\/p>\n\n\n\n<p>Jeesus k\u00e4ski opetuslapsiaan menem\u00e4\u00e4n ja tekem\u00e4\u00e4n kaikki kansat minun opetuslapsikseni Arbelin vuorelta k\u00e4sin - Arbel on Galilean korkein vuori. Matteuksen evankeliumi kertoo, ett\u00e4 yl\u00f6snousemuksensa j\u00e4lkeen Jeesus antoi opetuslapsilleen ohjeet menn\u00e4 Galilean vuorelle.<\/p>\n\n\n\n<p>Kirkkaana p\u00e4iv\u00e4n\u00e4 Arbelin huipulla n\u00e4kee kilometrien p\u00e4\u00e4h\u00e4n. Pohjoiseen katsottuna voi n\u00e4hd\u00e4 Hermonin vuoren, Israelin suurimman vuoren, huipun, joka kohoaa Libanonin, Syyrian ja Israelin v\u00e4listen rajojen yll\u00e4. Id\u00e4ss\u00e4 voi n\u00e4hd\u00e4 Golanin kukkulat, mustan, basaltista tehdyn p\u00f6yt\u00e4vuoren, joka erottaa Israelin Syyrian ja Jordanian maista. Etel\u00e4\u00e4n katsottuna voi n\u00e4hd\u00e4 Jisreelin laakson hedelm\u00e4lliset viljelysmaat levitt\u00e4ytynein\u00e4 kuin tilkkut\u00e4kki lattialle, kunnes ne saavuttavat Samarian kumpuilevat kukkulat. Ja l\u00e4nteen katsottuna sijaitsee rannikkotasanko muinaisen Caesarea Maritiman kaupungin vieress\u00e4, kuningas Herodeksen rakentaman muinaisen satamakaupungin, josta apostoli Paavali purjehti Roomaan vieden evankeliumin mukanaan l\u00e4nteen.<\/p>\n\n\n\n<p><strong>Jeesus antoi n\u00e4yn - <\/strong>visio globaalista lis\u00e4\u00e4ntymisliikkeest\u00e4.<strong>&nbsp;<\/strong><\/p>\n\n\n\n<p><strong>H\u00e4n kutsui opetuslapsiaan, ei vain &quot;tehk\u00e4\u00e4 opetuslapsia&quot;, vaan tekem\u00e4\u00e4n opetuslapsia, jotka lis\u00e4\u00e4ntyv\u00e4t!<\/strong><\/p>\n\n\n\n<p><a href=\"https:\/\/youtu.be\/aKK9eAyr2H0\" target=\"_blank\" rel=\"noopener\"><strong>Katso t\u00e4m\u00e4 video! \u2013 Kertolaskun voima<\/strong><\/a><\/p>\n\n\n\n<figure class=\"wp-block-embed is-type-video is-provider-youtube wp-block-embed-youtube wp-embed-aspect-16-9 wp-has-aspect-ratio\"><div class=\"wp-block-embed__wrapper\">\n<iframe loading=\"lazy\" title=\"Kertolaskun voima\" width=\"500\" height=\"281\" src=\"https:\/\/www.youtube.com\/embed\/aKK9eAyr2H0?feature=oembed\" frameborder=\"0\" allow=\"accelerometer; autoplay; clipboard-write; encrypted-media; gyroscope; picture-in-picture; web-share\" referrerpolicy=\"strict-origin-when-cross-origin\" allowfullscreen><\/iframe>\n<\/div><\/figure>\n\n\n\n<p><strong>Matteus 28:18\u201320<\/strong>&quot;Minulle on annettu kaikki valta taivaassa ja maan p\u00e4\u00e4ll\u00e4. Menk\u00e4\u00e4 siis ja tehk\u00e4\u00e4 kaikki kansat minun opetuslapsikseni, kastamalla heit\u00e4 Is\u00e4n ja Pojan ja Pyh\u00e4n Hengen nimeen ja opettamalla heit\u00e4 pit\u00e4m\u00e4\u00e4n kaikki, mit\u00e4 min\u00e4 olen k\u00e4skenyt teid\u00e4n pit\u00e4\u00e4. Ja katso, min\u00e4 olen teid\u00e4n kanssanne joka p\u00e4iv\u00e4 maailman loppuun asti.&quot;<\/p>\n\n\n\n<p>T\u00e4ss\u00e4 kohdassa n\u00e4emme ensin, ett\u00e4 Jeesukselle annetaan valta, ja lopuksi toisen osan: &quot;Min\u00e4 olen teid\u00e4n kanssanne joka p\u00e4iv\u00e4 maailman loppuun asti&quot;.<\/p>\n\n\n<div class=\"wp-block-image\">\n<figure class=\"alignright size-full is-resized\"><img loading=\"lazy\" decoding=\"async\" width=\"331\" height=\"331\" src=\"https:\/\/110cities.com\/wp-content\/uploads\/2025\/10\/image004.jpg\" alt=\"\" class=\"wp-image-4349\" style=\"width:373px;height:auto\" srcset=\"https:\/\/110cities.com\/wp-content\/uploads\/2025\/10\/image004.jpg 331w, https:\/\/110cities.com\/wp-content\/uploads\/2025\/10\/image004-150x150.jpg 150w, https:\/\/110cities.com\/wp-content\/uploads\/2025\/10\/image004-12x12.jpg 12w\" sizes=\"auto, (max-width: 331px) 100vw, 331px\" \/><\/figure>\n<\/div>\n\n\n<p>Keskitymme usein itse tekemiseen, opetuslasten tekemiseen, kastamiseen, opettamiseen tai seurakuntien perustamiseen \u2013 mutta Jeesuksen sanat alkavat ja p\u00e4\u00e4ttyv\u00e4t h\u00e4neen itseens\u00e4 \u2013 h\u00e4nen auktoriteettiinsa ja l\u00e4sn\u00e4oloonsa!<\/p>\n\n\n\n<p>Jeesus on l\u00e4hetysk\u00e4skyn keskeinen persoona ja palava ydin \u2013 ja me olemme yhteydess\u00e4 H\u00e4neen \u2013 H\u00e4nen auktoriteettiinsa ja l\u00e4sn\u00e4oloonsa \u2013 rukouksen kautta!<\/p>\n\n\n\n<p>Rukous on t\u00e4rkein tapa, jolla Jumala on meille lahjoittanut pit\u00e4\u00e4 t\u00e4rkein asia \u2013 Jeesus itse keskipisteess\u00e4! Jeesuksella on kaikki valta ja H\u00e4n on kanssamme \u2013 se on l\u00e4hetysk\u00e4skyn alku ja loppu!<\/p>\n\n\n\n<p><strong>Mik\u00e4 on opetuslapsen m\u00e4\u00e4ritelm\u00e4?<\/strong><br>Sana opetuslapsi tarkoittaa kirjaimellisesti &#039;mestarin seuraajaa&#039;. Kristuksen aikaan opetuslapsi ei ollut pelk\u00e4st\u00e4\u00e4n suuren opettajan (rabbin) oppilas, vaan h\u00e4n oli oppipoika tai j\u00e4ljittelij\u00e4. Jeesus kutsui ensimm\u00e4iset opetuslapsensa seuraamaan h\u00e4nt\u00e4 ja tekem\u00e4\u00e4n asioita, joita h\u00e4n teki, ja sanomaan asioita, joita h\u00e4n sanoi!<\/p>\n\n\n\n<p>Yksinkertainen m\u00e4\u00e4ritelm\u00e4 opetuslapselle olisi sellainen, joka on tullut Jeesuksen luokse iankaikkisen el\u00e4m\u00e4n per\u00e4ss\u00e4, on ottanut h\u00e4net Vapahtajakseen ja Jumalakseen ja on alkanut el\u00e4\u00e4 h\u00e4nt\u00e4 seuraavaa el\u00e4m\u00e4\u00e4.<\/p>\n\n\n\n<p>Opetuslapsi on sellainen, joka rakastaa Jumalaa, rakastaa ihmisi\u00e4 ja tekee opetuslapsia, jotka lis\u00e4\u00e4ntyv\u00e4t!&nbsp;<\/p>\n\n\n\n<h2 class=\"wp-block-heading\">Opetuslapsen kolme merkki\u00e4:<\/h2>\n\n\n\n<p>Haluamme olla opetuslapsia ja tehd\u00e4 opetuslapsia, joista kannattaa tehd\u00e4 lis\u00e4\u00e4, ja Jeesuksen mukaan opetuslapsen tunnusmerkkej\u00e4 on kolme:<\/p>\n\n\n\n<h3 class=\"wp-block-heading\">1. Pysyv\u00e4 Jumalan sanassa, Joh. 8:31-32<\/h3>\n\n\n\n<p>&quot;Jos te pysytte minun sanassani, te olette todella minun opetuslapsiani, <sup>&nbsp;<\/sup>ja te tulette tuntemaan totuuden, ja totuus tekee teid\u00e4t vapaiksi.\u201d<\/p>\n\n\n\n<p>Rukous on Jeesuksen opetuslapsen el\u00e4m\u00e4nlanka! Jeesus teki selv\u00e4ksi, ett\u00e4 h\u00e4nen kuulemisensa \u2013 h\u00e4nen sanassaan pysyminen \u2013 on t\u00e4rkein osa rukousta. Sana pysyminen viittaa <strong><em>j\u00e4ljell\u00e4<\/em><\/strong> jatkuvassa yhteydess\u00e4 ja parisuhteessa.&nbsp;<br><br>Rukous on el\u00e4m\u00e4mme t\u00e4rkeimm\u00e4n rakkaussuhteen keskustelullinen osa!&nbsp;<\/p>\n\n\n\n<h3 class=\"wp-block-heading\">2. Rakastaa niin kuin Jeesus rakastaa, Joh. 13:34\u201335<\/h3>\n\n\n\n<p>&quot;Uuden k\u00e4skyn min\u00e4 annan teille, ett\u00e4 rakastatte toisianne. Niin kuin min\u00e4 olen rakastanut teit\u00e4, niin teid\u00e4nkin tulee rakastaa toisianne. Siit\u00e4 kaikki tuntevat teid\u00e4t minun opetuslapsikseni, jos teill\u00e4 on rakkautta toisianne kohtaan.&quot;<\/p>\n\n\n\n<p>Yksi ensimm\u00e4isist\u00e4 ja t\u00e4rkeimmist\u00e4 tavoista, joilla rakastamme niin kuin Jeesus rakastaa, on rukoilla toistemme puolesta! Pyyd\u00e4mme Jumalaa tekem\u00e4\u00e4n heid\u00e4n puolestaan sen, mit\u00e4 he eiv\u00e4t itse voi tehd\u00e4!<\/p>\n\n\n\n<h3 class=\"wp-block-heading\">3. Kantaa hedelm\u00e4\u00e4, Joh. 15:7-8<\/h3>\n\n\n\n<p>&quot;Jos te pysytte minussa ja minun sanani pysyv\u00e4t teiss\u00e4, niin pyyt\u00e4k\u00e4\u00e4, mit\u00e4 ikin\u00e4 tahdotte, ja se teille tapahtuu. Siin\u00e4 Is\u00e4ni kirkastetaan, ett\u00e4 te kannatte paljon hedelm\u00e4\u00e4 ja tulette minun opetuslapsikseni.&quot;<\/p>\n\n\n\n<p>Jeesuksen mukaan me kannamme hedelm\u00e4\u00e4 pysym\u00e4ll\u00e4 ja pyyt\u00e4m\u00e4ll\u00e4 rukouksessa. N\u00e4in Is\u00e4 kirkastetaan ja me osoitamme olevamme h\u00e4nen opetuslapsiaan. &nbsp;<\/p>\n\n\n\n<p>Yksi avaimista l\u00e4hetysk\u00e4skyn t\u00e4yttymiseen on rukoilla elonkorjuun Herraa, ett\u00e4 ty\u00f6miehi\u00e4 l\u00e4hetett\u00e4isiin matkaan!<\/p>\n\n\n\n<p>H\u00e4n sanoi heille: &quot;Sadonkorjuu todellakin <em>on<\/em> hienoa, mutta ty\u00f6l\u00e4iset <em>ovat<\/em> &quot;...niit\u00e4 on v\u00e4h\u00e4n; rukoilkaa siis elonkorjuun Herraa, ett\u00e4 h\u00e4n l\u00e4hett\u00e4isi ty\u00f6miehi\u00e4 elonkorjuuseensa&quot; (Luuk. 10:2).<\/p>\n\n\n\n<p>T\u00e4ss\u00e4 yhteydess\u00e4 rukousta tarkoittava sana on <em>deomai<\/em>, mik\u00e4 tarkoittaa ep\u00e4toivoista rukousta! Jeesus sanoi, ett\u00e4 sato on runsas, mutta ty\u00f6ntekij\u00f6it\u00e4 on v\u00e4h\u00e4n \u2013 Siksi rukoilkaa \u2013 rukoilkaa hartaasti, rukoilkaa ep\u00e4toivoisesti!<\/p>\n\n\n\n<p>Ty\u00f6ntekij\u00f6in\u00e4, menk\u00e4\u00e4 julistamaan valtakunnan evankeliumia, se kohtaa usein vastustusta. Paholainen on pystytt\u00e4nyt hengellisi\u00e4 linnoituksia kansojen, kaupunkien ja kansojen ylle. Paavali kertoo meille, ett\u00e4 meille on annettu sodank\u00e4ynnin aseita linnoitusten purkamiseksi ja l\u00e4pimurron n\u00e4kemiseksi. (2. Kor. 10:4-5)<\/p>\n\n\n\n<h2 class=\"wp-block-heading\">Voima rukouksessa Sanan puolesta<\/h2>\n\n\n\n<p>Yksi voimakkaimmista aseista on Jumalan sana, Hengen miekka. Paavali k\u00e4skee meit\u00e4 Efesolaiskirjeen luvussa 6 pysym\u00e4\u00e4n lujina, pukeutumaan uskon sota-asuun ja sitten k\u00e4ytt\u00e4m\u00e4\u00e4n h\u00e4nen sanaansa rukouksen kautta, rukoillen kaikkina aikoina kaikkien ihmisten puolesta kaikenlaisin rukouksin (Ef. 6:10\u201319).&nbsp;<\/p>\n\n\n\n<p>Ensin rukoilemme ja julistamme Jeesuksen ylivaltaa kansojen ja alueiden yli. &nbsp;<\/p>\n\n\n\n<p>Rukouksen kautta pyyd\u00e4mme Is\u00e4\u00e4 sitomaan ja hillitsem\u00e4\u00e4n vihollisen, ne ruhtinaskunnat ja vallat, jotka ovat sokaisseet uskottomien mielet.<\/p>\n\n\n\n<p><strong>Rukoilemme avointen ovien, avointen taivaiden, avointen teiden ja avointen k\u00e4yt\u00e4vien puolesta, jotta evankeliumi voi levit\u00e4!<\/strong><\/p>\n\n\n\n<p>Pyyd\u00e4mme Herraa poistamaan sokeuden, jonka t\u00e4m\u00e4n aikakauden jumala on asettanut uskottomien ylle, jotta he n\u00e4kisiv\u00e4t evankeliumin valon Jeesuksen kasvoilla!&nbsp;<\/p>\n\n\n\n<p>Me pyyd\u00e4mme Is\u00e4\u00e4 vapauttamaan meid\u00e4t pahasta, aivan kuten Jeesus tuli tekem\u00e4\u00e4n tyhj\u00e4ksi Paholaisen teot<strong>.<\/strong> Kun tarjoamme palvontamme ja ylistyksemme valtaistuimella istuvalle ja Karitsalle, H\u00e4nen l\u00e4sn\u00e4olonsa ja valonsa keskell\u00e4mme murskaa hengellisen pimeyden, ja Jumalan voima vapauttaa perheit\u00e4 kaikista uskonnoista maan p\u00e4\u00e4ll\u00e4 Jeesuksen Kristuksen kokosyd\u00e4misiksi seuraajiksi!<\/p>\n\n\n\n<figure class=\"wp-block-image size-full\"><img loading=\"lazy\" decoding=\"async\" width=\"1080\" height=\"720\" src=\"https:\/\/110cities.com\/wp-content\/uploads\/2025\/10\/Discipleship-and-Prayer-2.jpg\" alt=\"\" class=\"wp-image-4355\" srcset=\"https:\/\/110cities.com\/wp-content\/uploads\/2025\/10\/Discipleship-and-Prayer-2.jpg 1080w, https:\/\/110cities.com\/wp-content\/uploads\/2025\/10\/Discipleship-and-Prayer-2-350x233.jpg 350w, https:\/\/110cities.com\/wp-content\/uploads\/2025\/10\/Discipleship-and-Prayer-2-768x512.jpg 768w, https:\/\/110cities.com\/wp-content\/uploads\/2025\/10\/Discipleship-and-Prayer-2-18x12.jpg 18w\" sizes=\"auto, (max-width: 1080px) 100vw, 1080px\" \/><\/figure>\n\n\n\n<p>Olemme n\u00e4hneet suuren ylistyksen ja esirukousten aallon alkaneen 90-luvulta t\u00e4h\u00e4n p\u00e4iv\u00e4\u00e4n asti!<\/p>\n\n\n\n<p>Maailmanlaajuinen rukousliike on kokenut huomattavaa kiihtymist\u00e4 \u2013 korealaiset ovat kilpailleet aamurukouksissa vuosikymmeni\u00e4, Jeesuksen marsseja on j\u00e4rjestetty kaduilla ymp\u00e4ri maailmaa, maailmanlaajuinen rukousp\u00e4iv\u00e4 on t\u00e4ytt\u00e4nyt stadionit, ihmiset rukoilevat k\u00e4vellen ja rukoilevat l\u00e4pimurron puolesta maailman porttikaupungeissa, Indonesian rukoustorniliike, Latinalaisen Amerikan ja Etel\u00e4-Amerikan rukouskokousten intohimo ja tuli, y\u00f6lliset rukousvalvonnat paastoineen kaikkialla Afrikan mantereella, synnytyskipujen rukousliike kaikkialla Kiinassa ja Hengen johtamat yhteiset rukoushetket kaikkialla Intiassa yhdess\u00e4 rukous- ja palvontatalojen uusien ilmaisujen kanssa, jotka r\u00e4j\u00e4ht\u00e4v\u00e4t kansoissa. Nyky\u00e4\u00e4n yli sata miljoonaa uskovaa on osallistunut yhteiseen rukoukseen nelj\u00e4n\u00e4 maailmanlaajuisena rukousp\u00e4iv\u00e4n\u00e4 joka vuosi vuodesta 2022 l\u00e4htien!&nbsp;<\/p>\n\n\n\n<p>Ja t\u00e4n\u00e4 aikana l\u00e4hetyst\u00f6jen liikkeiss\u00e4 ymp\u00e4ri maailmaa on ollut h\u00e4mm\u00e4stytt\u00e4vi\u00e4 tuloksia -<\/p>\n\n\n\n<p>Huippul\u00e4hetysten tutkijoiden mukaan n\u00e4iden liikkeiden opetuslasten ja seurakuntien m\u00e4\u00e4r\u00e4 on kasvanut r\u00e4j\u00e4hdysm\u00e4isesti h\u00e4mm\u00e4stytt\u00e4v\u00e4ll\u00e4 23 prosentin vuosivauhdilla, paljon nopeammin kuin maailman v\u00e4est\u00f6. N\u00e4iden liikkeiden opetuslasten kokonaism\u00e4\u00e4r\u00e4 on kaksinkertaistunut 3,5 vuoden v\u00e4lein \u2013 todistus jumalallisen rukouksen moninkertaistamisen voimasta.<\/p>\n\n\n<div class=\"wp-block-image\">\n<figure class=\"alignright size-full is-resized\"><img loading=\"lazy\" decoding=\"async\" width=\"231\" height=\"346\" src=\"https:\/\/110cities.com\/wp-content\/uploads\/2025\/10\/image007.jpg\" alt=\"\" class=\"wp-image-4353\" style=\"width:300px;height:auto\" srcset=\"https:\/\/110cities.com\/wp-content\/uploads\/2025\/10\/image007.jpg 231w, https:\/\/110cities.com\/wp-content\/uploads\/2025\/10\/image007-8x12.jpg 8w\" sizes=\"auto, (max-width: 231px) 100vw, 231px\" \/><\/figure>\n<\/div>\n\n\n<h3 class=\"wp-block-heading\">T\u00e4m\u00e4 maailmanlaajuinen kasvu on tapahtunut nelj\u00e4ss\u00e4 eri vaiheessa:<\/h3>\n\n\n\n<ul class=\"wp-block-list\">\n<li>Vuosina 1995\u20132000 \u2013 10 000:sta yli 100 000 opetuslapseen<\/li>\n\n\n\n<li>Vuosina 2000\u20132005 \u2013 100 000:sta yli miljoonaan opetuslaaseen<\/li>\n\n\n\n<li>Vuosina 2005\u20132015 \u2013 miljoonasta yli 10 miljoonaan<\/li>\n\n\n\n<li>Vuosina 2015\u20132024 luku ylitti 100 miljoonaa<\/li>\n<\/ul>\n\n\n\n<p>Kun Kristusta ylist\u00e4v\u00e4, Raamattuun perustuva, palvontaan ruokittu, Hengen johtama, rakkauden motivoima rukous lis\u00e4\u00e4ntyy kansoissa, lis\u00e4\u00e4 opetuslapsia tehd\u00e4\u00e4n, lis\u00e4\u00e4 seurakuntia perustetaan, lis\u00e4\u00e4 Raamattuja k\u00e4\u00e4nnet\u00e4\u00e4n, lis\u00e4\u00e4 merkkej\u00e4, ihmeit\u00e4 ja tunnustekoja tehd\u00e4\u00e4n ja enemm\u00e4n oikeutta jaetaan k\u00f6yhille, syrj\u00e4ytyneille, orvoille ja leskille!<\/p>\n\n\n\n<p>Joten, p\u00e4\u00e4ll\u00e4 <a href=\"https:\/\/110cities.com\/fi\/hindu-day-of-prayer\/\"><strong>Maailmanlaajuinen rukousp\u00e4iv\u00e4 hindumaailman puolesta<\/strong><\/a>Kohottakaamme rukouksemme kuin suitsukkeet Jumalan eteen, joka voi tehd\u00e4 mittaamattomasti enemm\u00e4n kuin mik\u00e4\u00e4n, mit\u00e4 koskaan pyyd\u00e4mme tai edes kuvittelemme, H\u00e4nen kunniakseen, meid\u00e4n iloksemme ja jotta ihmisjoukot tulisivat pelastavaan Jeesuksen tuntemukseen kaikkialla hindumaailmassa!&nbsp;<\/p>\n\n\n\n<p><strong>Tohtori Jason Hubbard \u2013 johtaja<br><\/strong><a href=\"https:\/\/www.linktr.ee\/ipcprayer\" target=\"_blank\" rel=\"noopener\"><strong>International Prayer Connect<\/strong><\/a><strong><\/strong><\/p>","protected":false},"excerpt":{"rendered":"<p>Maanantai 20. lokakuuta 2025 on kolmas vuosittainen maailmanlaajuinen rukousp\u00e4iv\u00e4mme...<\/p>","protected":false},"author":3,"featured_media":0,"parent":0,"menu_order":0,"comment_status":"closed","ping_status":"closed","template":"","meta":{"_acf_changed":false,"footnotes":""},"class_list":["post-4342","page","type-page","status-publish","hentry"],"acf":[],"ams_acf":[],"_links":{"self":[{"href":"https:\/\/110cities.com\/fi\/wp-json\/wp\/v2\/pages\/4342","targetHints":{"allow":["GET"]}}],"collection":[{"href":"https:\/\/110cities.com\/fi\/wp-json\/wp\/v2\/pages"}],"about":[{"href":"https:\/\/110cities.com\/fi\/wp-json\/wp\/v2\/types\/page"}],"author":[{"embeddable":true,"href":"https:\/\/110cities.com\/fi\/wp-json\/wp\/v2\/users\/3"}],"replies":[{"embeddable":true,"href":"https:\/\/110cities.com\/fi\/wp-json\/wp\/v2\/comments?post=4342"}],"version-history":[{"count":10,"href":"https:\/\/110cities.com\/fi\/wp-json\/wp\/v2\/pages\/4342\/revisions"}],"predecessor-version":[{"id":4369,"href":"https:\/\/110cities.com\/fi\/wp-json\/wp\/v2\/pages\/4342\/revisions\/4369"}],"wp:attachment":[{"href":"https:\/\/110cities.com\/fi\/wp-json\/wp\/v2\/media?parent=4342"}],"curies":[{"name":"wp","href":"https:\/\/api.w.org\/{rel}","templated":true}]}}