{"id":2936,"date":"2024-01-08T14:32:33","date_gmt":"2024-01-08T07:32:33","guid":{"rendered":"https:\/\/new.110cities.net\/?page_id=2936"},"modified":"2026-01-23T16:46:10","modified_gmt":"2026-01-23T09:46:10","slug":"prayer-guide","status":"publish","type":"page","link":"https:\/\/110cities.com\/fi\/prayer-guide\/","title":{"rendered":"Rukousopas \u2013 24 tuntia rukousta buddhalaisen maailman puolesta 2024"},"content":{"rendered":"<p>Rukoilemme evankeliumiliikkeiden puolesta n\u00e4iss\u00e4 buddhalaisissa kaupungeissa ja alueilla, mukaan lukien Kiina. Jumala vapauttaa voimansa vastauksena kansansa rukouksiin! Buddhalaisuus on valaistumista. Pyyt\u00e4k\u00e4\u00e4mme t\u00e4n\u00e4 maailmanlaajuisena rukousp\u00e4iv\u00e4n\u00e4 Herraa poistamaan sokeuden verho, joka on buddhalaisuuden loukkuun j\u00e4\u00e4neiden ei-uskovien silmilt\u00e4, jotta he voisivat n\u00e4hd\u00e4 evankeliumin valon Jeesuksen kasvoissa<br>Kristus!<\/p>\n\n\n\n<p>2 Korinttolaisille 4:4, 6: &quot;Heid\u00e4n tapauksessaan t\u00e4m\u00e4n maailman jumala on sokaissut ep\u00e4uskoisten mielet est\u00e4\u00e4kseen heit\u00e4 n\u00e4kem\u00e4st\u00e4 Kristuksen kirkkauden evankeliumin valoa, joka on Jumalan kuva... 6 Sill\u00e4 Jumala, joka sanoi: &quot;Loistakoon valo pimeydest\u00e4&quot;, on loistanut syd\u00e4miss\u00e4mme antaakseen Kristuksen kasvojen kirkkauden valon.<\/p>\n\n\n\n<p>L\u00f6yd\u00e4t kullekin kaupungille erityisi\u00e4 rukouspisteit\u00e4 osoitteessa 110Cities, ja voit my\u00f6s katsoa lyhyen rukousvideon jokaisesta kaupungista, jonka puolesta rukoilet. Kannustamme sinua tutkimaan n\u00e4it\u00e4 kaupunkeja ja rukoilemaan &#039;l\u00e4pimurtoa&#039;, kun Herra johtaa sinua! T\u00e4ss\u00e4 alla olevat kaupungit ja alueet rukouspisteineen!<\/p>\n\n\n\n<h2 class=\"wp-block-heading\">RUKOUKSEN PAROITUS<\/h2>\n\n\n<div class=\"wp-block-image\">\n<figure class=\"alignright size-full is-resized\"><img loading=\"lazy\" decoding=\"async\" width=\"600\" height=\"600\" src=\"https:\/\/110cities.com\/wp-content\/uploads\/2024\/01\/SocialMedia-V2.jpg\" alt=\"\" class=\"wp-image-2956\" style=\"width:392px;height:auto\" srcset=\"https:\/\/110cities.com\/wp-content\/uploads\/2024\/01\/SocialMedia-V2.jpg 600w, https:\/\/110cities.com\/wp-content\/uploads\/2024\/01\/SocialMedia-V2-350x350.jpg 350w, https:\/\/110cities.com\/wp-content\/uploads\/2024\/01\/SocialMedia-V2-150x150.jpg 150w, https:\/\/110cities.com\/wp-content\/uploads\/2024\/01\/SocialMedia-V2-12x12.jpg 12w\" sizes=\"auto, (max-width: 600px) 100vw, 600px\" \/><\/figure>\n<\/div>\n\n\n<p>Rukoile, ett\u00e4 Jeesus Kristus korotettaisiin t\u00e4ss\u00e4 kaupungissa. Rukoile, ett\u00e4 h\u00e4nen nimens\u00e4 paljastettaisiin, otettaisiin vastaan ja kunnioitettaisiin jokaisen kansan, heimon ja kielen keskuudessa t\u00e4ss\u00e4 kaupungissa. Psalmi 110, Hab 2:14<\/p>\n\n\n\n<p>Rukoilkaa, ett\u00e4 Jumalan valtakunta tulisi ja h\u00e4nen tahtonsa tapahtuisi t\u00e4ss\u00e4 kaupungissa! Matta. 6:9-10<\/p>\n\n\n\n<p>Rukoile Elonkorjuun Herraa l\u00e4hett\u00e4m\u00e4\u00e4n ty\u00f6miehi\u00e4 julistamaan valtakunnan evankeliumia voiman ja rakkauden osoittimilla! Rukoilkaa, ett\u00e4 jokaista 1000 ihmist\u00e4 kohden t\u00e4ss\u00e4 kaupungissa perustettaisiin Kristusta korottava talokirkko! Luukas 10:2, Matteus 16:18, Apostolien teot 4:29-31<\/p>\n\n\n\n<p>Rukoile, ett\u00e4 Raamattu k\u00e4\u00e4nnet\u00e4\u00e4n jokaisen t\u00e4m\u00e4n kaupungin ihmisryhm\u00e4n syd\u00e4men kielelle. 2 Tess 3:1<\/p>\n\n\n\n<p>Nyaw - Thaimaa<br>Pohjois-Korean viittomakieli, Laopang - Laos<br>Miyakubo viittomakieli - Japani<\/p>\n\n\n\n<p>Rukoile Pyh\u00e4n Hengen vuodattamista kaiken lihan p\u00e4\u00e4lle t\u00e4ss\u00e4 kaupungissa! Rukoile, ett\u00e4 Pyh\u00e4 Henki tuomitsisi synnin ja osoittaisi heille, ett\u00e4 he tarvitsevat Vapahtajaa, joka l\u00f6ytyy vain Jeesuksesta Kristuksesta. Rukoile, ett\u00e4 Is\u00e4 Jumala vet\u00e4\u00e4 kaikki ihmiset Kristuksen luo ristin voimalla. Rukoile Jumalan armoa johdattamaan kaikki parannukseen. Apostolien kirja 2:17, Johannes 16<\/p>\n\n\n\n<p>Rukoile, ett\u00e4 Jumala sitoisi ja hillitsee pimeyden voimat t\u00e4h\u00e4n kaupunkiin ja p\u00e4\u00e4st\u00e4isi Pyh\u00e4n Hengen voiman, totuuden ja rakkauden t\u00e4m\u00e4n kaupungin kansoille! 2 Kor. 4:4-6, Matteus 18:18-19<\/p>\n\n\n\n<p>Kutsumme sinut keskittym\u00e4\u00e4n kanssamme erityisesti rukoillessamme Valtakunnan l\u00e4pimurtoa Pjongjangissa Pohjois-Koreassa t\u00e4n\u00e4 vuonna.<\/p>\n\n\n\n<h2 class=\"wp-block-heading\">RUKOUSKAUPUNKIET<\/h2>\n\n\n\n<div class=\"wp-block-columns is-layout-flex wp-container-core-columns-is-layout-9d6595d7 wp-block-columns-is-layout-flex\">\n<div class=\"wp-block-column is-layout-flow wp-block-column-is-layout-flow\">\n<p>Bangkok, Thaimaa<br>Peking, Kiina<br>Bhutan<br>Chengdu, Kiina<br>Chongquing, Kiina<br>Guangzhou, Kiina<br>Hangzhou, Kiina<br>Hanoi, Vietnam<\/p>\n<\/div>\n\n\n\n<div class=\"wp-block-column is-layout-flow wp-block-column-is-layout-flow\">\n<p>Ho Chi Minh, Vietnam<br>Hohhot, Kiina<br>Kunming, Kiina<br>Nanning, Kiina<br>Phnom Pehn, Kambod\u017ea<br>P&#039;yong yang, Pohjois-Korea<br>Shanghai, Kiina<br>Shenyang, Kiina<\/p>\n<\/div>\n\n\n\n<div class=\"wp-block-column is-layout-flow wp-block-column-is-layout-flow\">\n<p>Taiyuan, Kiina<br>Tokio, Japani<br>Ulaanbaatar, Mongolia<br>Vientiane, Laos<br>Wuhan, Kiina<br>Xian, Kiina<br>Xining, Kiina<br>Yangon, Myanmar<\/p>\n<\/div>\n<\/div>\n\n\n\n<div class=\"wp-block-buttons is-layout-flex wp-block-buttons-is-layout-flex\">\n<div class=\"wp-block-button\"><a class=\"wp-block-button__link wp-element-button\" href=\"https:\/\/110cities.com\/wp-content\/uploads\/2026\/01\/GODP-2026-Web.pdf\" target=\"_blank\" rel=\"noreferrer noopener\">Lataa rukousopas<\/a><\/div>\n<\/div>","protected":false},"excerpt":{"rendered":"<p>Rukoilemme evankeliumiliikkeiden puolesta n\u00e4iss\u00e4 buddhalaisissa kaupungeissa ja alueilla, mukaan lukien Kiina...<\/p>","protected":false},"author":19,"featured_media":2945,"parent":0,"menu_order":0,"comment_status":"closed","ping_status":"closed","template":"","meta":{"_acf_changed":false,"footnotes":""},"class_list":["post-2936","page","type-page","status-publish","has-post-thumbnail","hentry"],"acf":[],"ams_acf":[],"_links":{"self":[{"href":"https:\/\/110cities.com\/fi\/wp-json\/wp\/v2\/pages\/2936","targetHints":{"allow":["GET"]}}],"collection":[{"href":"https:\/\/110cities.com\/fi\/wp-json\/wp\/v2\/pages"}],"about":[{"href":"https:\/\/110cities.com\/fi\/wp-json\/wp\/v2\/types\/page"}],"author":[{"embeddable":true,"href":"https:\/\/110cities.com\/fi\/wp-json\/wp\/v2\/users\/19"}],"replies":[{"embeddable":true,"href":"https:\/\/110cities.com\/fi\/wp-json\/wp\/v2\/comments?post=2936"}],"version-history":[{"count":13,"href":"https:\/\/110cities.com\/fi\/wp-json\/wp\/v2\/pages\/2936\/revisions"}],"predecessor-version":[{"id":4540,"href":"https:\/\/110cities.com\/fi\/wp-json\/wp\/v2\/pages\/2936\/revisions\/4540"}],"wp:featuredmedia":[{"embeddable":true,"href":"https:\/\/110cities.com\/fi\/wp-json\/wp\/v2\/media\/2945"}],"wp:attachment":[{"href":"https:\/\/110cities.com\/fi\/wp-json\/wp\/v2\/media?parent=2936"}],"curies":[{"name":"wp","href":"https:\/\/api.w.org\/{rel}","templated":true}]}}