{"id":214,"date":"2022-11-16T11:30:16","date_gmt":"2022-11-16T11:30:16","guid":{"rendered":"https:\/\/new.110cities.net\/?page_id=214"},"modified":"2024-08-15T00:52:24","modified_gmt":"2024-08-14T17:52:24","slug":"scriptures","status":"publish","type":"page","link":"https:\/\/110cities.com\/fi\/scriptures\/","title":{"rendered":"Rukous K\u00e4velev\u00e4t kirjoitukset"},"content":{"rendered":"<h3 class=\"has-color-4-color has-text-color wp-block-heading\">SYD\u00c4MEN VALMISTELU<\/h3>\n\n\n\n<p>SITOI vaelluksesi Herralle, pyyd\u00e4 Henke\u00e4 opastamaan<br>PEITTYk\u00e4\u00e4 itsenne jumalallisella suojalla Psalmi 91:1-16<br>YHTEYTT\u00c4 Pyh\u00e4\u00e4n Henkeen Roomalaisille 8:26-27<\/p>\n\n\n\n<h3 class=\"has-color-4-color has-text-color wp-block-heading\">RUKOILE HERRAN RUKOUS<\/h3>\n\n\n\n<p>Matteus 6:9-10<\/p>\n\n\n\n<h3 class=\"has-color-4-color has-text-color wp-block-heading\">VIRANOMAINEN:<\/h3>\n\n\n\n<p>Kaikesta &quot;vihollisen voimasta&quot; Luukas 10:19<br>Toimia seurakunnan kurissa Matteus 18:15-20<br>Olla sovinnon l\u00e4hettil\u00e4it\u00e4 evankelioinnissa ja opetuslapsuudessa Matteus 28:19, 2 Kor. 5:18-20<br>Opettaessaan evankeliumin totuutta Titus 2:15<br>Paljasta ja aja ulos demonit 2 Kor. 4:4-6<br>&#039;Kistelu, Herra...&#039; Psalmi 35:1 ESV<br>Ei ole ket\u00e4\u00e4n sinun kaltaistasi. Jeremia 10:6-7 NKJV<\/p>\n\n\n\n<h3 class=\"has-color-4-color has-text-color wp-block-heading\">KRISTUKSEN YL\u00d6ST\u00d6 JOKAISTA KAUPUNGISTA!<\/h3>\n\n\n\n<p>Psalmi 110:1-7 NKJV<br>Psalmi 24:1 NKJV<br>Habakuk 2:14 NKJV<br>Malakia 1:11 NKJV<br>Psalmi 22:27 NKJV<br>Psalmi 67:1-7 NKJV<br>Matteus 28:18 NKJV<br>Daniel 7:13\u201314 NKJV<br>Ilmestyskirja 5:12 NKJV<br>Kolossalaiskirje 1:15\u201318 NKJV<\/p>\n\n\n\n<h3 class=\"has-color-4-color has-text-color wp-block-heading\">JUMALAN KUNTAUS JOKAISEEN KAUPUNKIIN!<\/h3>\n\n\n\n<p>Matteus 6:9\u201310 NKJV<br>Ilmestyskirja 1:5 NKJV<br>Jeremia 29:7 ESV<br>Jesaja 9:2,6-7 NKJV<\/p>\n\n\n\n<h3 class=\"has-color-4-color has-text-color wp-block-heading\">VUOTTAMINEN &amp; VAKUUTUS<\/h3>\n\n\n\n<p>Apostolien teot 2:16\u201317 NKJV<br>Jesaja 64:1\u20132 NKJV<br>Psalmi 144:5\u20138 ESV<br>Joh. 16:8\u201311 NKJV<\/p>\n\n\n\n<h3 class=\"has-color-4-color has-text-color wp-block-heading\">IS\u00c4 ANTAKKO POJANSSA KANSAT\u2026<\/h3>\n\n\n\n<p>Psalmi 2:6\u20138 NKJV<\/p>\n\n\n\n<h3 class=\"has-color-4-color has-text-color wp-block-heading\">L\u00c4HET\u00c4 TY\u00d6MAAJA!<\/h3>\n\n\n\n<p>Matteus 9:35\u201338 NKJV<\/p>\n\n\n\n<h3 class=\"has-color-4-color has-text-color wp-block-heading\">AVAA OVI EVANKELIUMILLE JOKAISSA KAUPUNGISSA!<\/h3>\n\n\n\n<p>Kolossalaiskirje 4:2\u20134 ESV<\/p>\n\n\n\n<h3 class=\"has-color-4-color has-text-color wp-block-heading\">POISTA SOKEUS<\/h3>\n\n\n\n<p>2 Korinttilaisille 4:4 ESV<\/p>\n\n\n\n<h3 class=\"has-color-4-color has-text-color wp-block-heading\">SITOA PIME\u00c4N PRISIAATTEET JA VOIMAT<\/h3>\n\n\n\n<p>Matteus 18:18\u201320 NKJV<br>Matteus 12:28\u201329 NKJV<br>1 Joh. 3:8 NKJV<br>Kolossalaiskirje 2:15 NKJV<br>Luukas 10:19\u201320 NKJV<\/p>\n\n\n\n<h3 class=\"has-color-4-color has-text-color wp-block-heading\">KORKEAN TASON PIME\u00c4N VOITTAMINEN<\/h3>\n\n\n\n<p>Efesolaiskirje 3:10<br>Ilmoituksen vastaanottaminen Ef. 1:1-23<br>Yhteyden saaminen ristin kautta Ef. 2:13-22<br>El\u00e4 rakkaudessa Hengen kautta. Eph. 3:14-20<br>N\u00f6yryyden omaksuminen Ef. 4:1-6<br>K\u00e4vely puhtaudessa Ef. 4:20-6:9<br>Seiso korkeatasoista pimeytt\u00e4 vastaan Ef. 6:10-20<\/p>\n\n\n\n<h3 class=\"has-color-4-color has-text-color wp-block-heading\">SEURAKUNNON, J\u00c4RJEST\u00d6N TAI KAUPUNGIN EVANKELILIIKKEEN EHDOTTOMASTI<\/h3>\n\n\n\n<p>Eph. 5:8-14, 2. Kor. 10:3-5, Ef. 6:18, Ef 5:8-11, Ef 6:19-20<\/p>\n\n\n\n<h3 class=\"has-color-4-color has-text-color wp-block-heading\">EHDOTTOMASTI AUTENTISESSA KUNINGASKUNTAN YHTEIS\u00d6SS\u00c4 EL\u00c4MISEEN<\/h3>\n\n\n\n<p>Ef 4:25, Ef 4:26-27, Ef 4:29, Ef 4:31-32,<br>Ef 5:3, Ef 5:11, Ef 5: 18-21, Ef 5: 22-33<\/p>\n\n\n\n<p>Jaelinkit YouVersion Bible App -sovelluksesta<\/p>\n\n\n\n<div class=\"wp-block-buttons is-layout-flex wp-block-buttons-is-layout-flex\">\n<div class=\"wp-block-button\"><a class=\"wp-block-button__link wp-element-button\" href=\"https:\/\/110cities.com\/wp-content\/uploads\/2022\/11\/Prayer-Walking-Scriptures-110-Cities.pdf\" target=\"_blank\" rel=\"noreferrer noopener\">Lataa PDF<\/a><\/div>\n<\/div>","protected":false},"excerpt":{"rendered":"<p>SYD\u00c4MEN VALMISTELU PYYD\u00c4 vaelluksesi Herralle, pyyd\u00e4 Henke\u00e4 ohjaamaan PEITT\u00c4M\u00c4\u00c4N...<\/p>","protected":false},"author":19,"featured_media":0,"parent":0,"menu_order":0,"comment_status":"closed","ping_status":"closed","template":"","meta":{"_acf_changed":false,"footnotes":""},"class_list":["post-214","page","type-page","status-publish","hentry"],"acf":[],"ams_acf":[],"_links":{"self":[{"href":"https:\/\/110cities.com\/fi\/wp-json\/wp\/v2\/pages\/214","targetHints":{"allow":["GET"]}}],"collection":[{"href":"https:\/\/110cities.com\/fi\/wp-json\/wp\/v2\/pages"}],"about":[{"href":"https:\/\/110cities.com\/fi\/wp-json\/wp\/v2\/types\/page"}],"author":[{"embeddable":true,"href":"https:\/\/110cities.com\/fi\/wp-json\/wp\/v2\/users\/19"}],"replies":[{"embeddable":true,"href":"https:\/\/110cities.com\/fi\/wp-json\/wp\/v2\/comments?post=214"}],"version-history":[{"count":18,"href":"https:\/\/110cities.com\/fi\/wp-json\/wp\/v2\/pages\/214\/revisions"}],"predecessor-version":[{"id":3529,"href":"https:\/\/110cities.com\/fi\/wp-json\/wp\/v2\/pages\/214\/revisions\/3529"}],"wp:attachment":[{"href":"https:\/\/110cities.com\/fi\/wp-json\/wp\/v2\/media?parent=214"}],"curies":[{"name":"wp","href":"https:\/\/api.w.org\/{rel}","templated":true}]}}