{"id":895,"date":"2022-11-30T11:58:12","date_gmt":"2022-11-30T11:58:12","guid":{"rendered":"https:\/\/new.110cities.net\/?page_id=895"},"modified":"2022-11-30T12:01:58","modified_gmt":"2022-11-30T12:01:58","slug":"join-110","status":"publish","type":"page","link":"https:\/\/110cities.com\/es\/join-110\/","title":{"rendered":"\u00danete a 110"},"content":{"rendered":"<p>\u00a1Estamos buscando personas que compartan la Visi\u00f3n de 110 Ciudades y est\u00e9n preparadas para involucrarse tanto en la pr\u00e1ctica como en la oraci\u00f3n!<\/p>\n\n\n\n<p>Si crees que podr\u00edas ser t\u00fa, sigue leyendo... y <a href=\"https:\/\/110cities.com\/es\/contact\/\">Ponerse en contacto<\/a> Para descubrir mas.<\/p>\n\n\n\n<p>A <strong>Campe\u00f3n de oraci\u00f3n de la ciudad 110<\/strong> tiene una pasi\u00f3n por una ciudad espec\u00edfica destacada en nuestro <a href=\"https:\/\/110cities.com\/es\/cities\/\">Lista 110 CIUDADES<\/a> - donde se encuentran 90%+ de Frontier People Groups (FPGs).<\/p>\n\n\n\n<p>En cada una de las 110 ciudades nos gustar\u00eda formar 2 equipos:<\/p>\n\n\n\n<p>a) Los equipos del Movimiento de Plantaci\u00f3n de Iglesias con su l\u00edder general y entrenador, quienes brindan un puente seguro con quien comunicarse.<\/p>\n\n\n\n<p>b) EQUIPO DE ORACI\u00d3N DE LA CIUDAD - formado por redes de oraci\u00f3n de la ciudad, redes de iglesias, equipos de caminatas de oraci\u00f3n, Casas de Oraci\u00f3n, equipos de oraci\u00f3n de Ni\u00f1os y J\u00f3venes, con un coordinador del equipo de oraci\u00f3n de la ciudad y un <strong>campe\u00f3n de oraci\u00f3n por las publicaciones de combustible de oraci\u00f3n en l\u00ednea<\/strong> que comunicar\u00e1 y movilizar\u00e1 la oraci\u00f3n a una audiencia global las necesidades y celebraciones en cada ciudad.<\/p>\n\n\n\n<h3 class=\"wp-block-heading\">Un campe\u00f3n:<\/h3>\n\n\n\n<ul class=\"wp-block-list\">\n<li>Tiene una carga genuina y un llamado de Dios a esta ciudad espec\u00edfica.<\/li>\n\n\n\n<li>Es una voz reconocida y respetada por la ciudad, conocida por otros involucrados con esta ciudad (o tiene buenas conexiones a trav\u00e9s de un equipo)<\/li>\n\n\n\n<li>Preferiblemente ha trabajado o vive en esa ciudad o ha estado estudiando y orando por esa ciudad durante a\u00f1os.<\/li>\n\n\n\n<li>Es una persona con conocimiento sobre las necesidades de la ciudad, idioma, cultura, creencias, cosmovisi\u00f3n<\/li>\n\n\n\n<li>Est\u00e1 comprometido con la intercesi\u00f3n y la movilizaci\u00f3n de otros para orar.<\/li>\n\n\n\n<li>Tiene un historial de participaci\u00f3n y creaci\u00f3n de redes.<\/li>\n\n\n\n<li>Considera que centrarse en estas 110 ciudades es una estrategia eficaz; \u201cposee\u201d la visi\u00f3n<\/li>\n\n\n\n<li>Est\u00e1 comprometido con la implementaci\u00f3n de la oraci\u00f3n a largo plazo hacia los movimientos de plantaci\u00f3n de iglesias.<\/li>\n<\/ul>\n\n\n\n<h3 class=\"wp-block-heading\">Un campe\u00f3n:<\/h3>\n\n\n\n<ul class=\"wp-block-list\">\n<li>Reg\u00edstrese para un espacio de oraci\u00f3n de 15 minutos usando el sitio web.<\/li>\n\n\n\n<li>Comun\u00edquese semanalmente con el campe\u00f3n de la ciudad en el terreno y el equipo de caminatas de oraci\u00f3n o la conexi\u00f3n CPM. Nos gustar\u00eda tener noticias de oraci\u00f3n de aquellos en la ciudad que est\u00e1n orando para que esto pueda agregarse al combustible de oraci\u00f3n en el sitio web.<\/li>\n\n\n\n<li>Publicar combustible de oraci\u00f3n al menos una vez a la semana. Si puede publicar en un idioma local de la ciudad y en ingl\u00e9s, ser\u00eda muy \u00fatil. Sea lo m\u00e1s creativo posible con videos, fotos, gr\u00e1ficos, etc. y oraciones basadas en la Biblia.<\/li>\n\n\n\n<li>Env\u00eda mensajes en las redes sociales y\/o conexiones y redes cada seis semanas con una invitaci\u00f3n a inscribirte y orar por la ciudad.<\/li>\n<\/ul>\n\n\n\n<h3 class=\"wp-block-heading\">Un campe\u00f3n recibir\u00e1:<\/h3>\n\n\n\n<ul class=\"wp-block-list\">\n<li>Capacitaci\u00f3n sobre c\u00f3mo publicar combustible de oraci\u00f3n en el sitio web y ser invitado al canal de comunicaciones internas en Slack para recibir ayuda administrativa del equipo.<\/li>\n\n\n\n<li>Acceda a una biblioteca de oraciones que podr\u00eda usar (cortar y pegar) en su fuente de oraci\u00f3n para ayudarlo con el contenido.<\/li>\n\n\n\n<li>Una invitaci\u00f3n para ser parte del equipo de toda la ciudad y, con suerte, participar en el crecimiento del equipo de oraci\u00f3n de la ciudad que est\u00e1 vinculado para apoyar a los equipos de plantaci\u00f3n de iglesias.<strong><\/strong><\/li>\n<\/ul>\n\n\n\n<p><strong>Por favor, hazlo <a href=\"https:\/\/110cities.com\/es\/contact\/\">Cont\u00e1ctenos<\/a> \u00a1Para descubrir mas!<\/strong><\/p>","protected":false},"excerpt":{"rendered":"<p>Buscamos personas que compartan la Visi\u00f3n de 110 Ciudades y est\u00e9n preparadas...<\/p>","protected":false},"author":19,"featured_media":900,"parent":0,"menu_order":0,"comment_status":"closed","ping_status":"closed","template":"","meta":{"_acf_changed":false,"footnotes":""},"class_list":["post-895","page","type-page","status-publish","has-post-thumbnail","hentry"],"acf":[],"ams_acf":[],"_links":{"self":[{"href":"https:\/\/110cities.com\/es\/wp-json\/wp\/v2\/pages\/895","targetHints":{"allow":["GET"]}}],"collection":[{"href":"https:\/\/110cities.com\/es\/wp-json\/wp\/v2\/pages"}],"about":[{"href":"https:\/\/110cities.com\/es\/wp-json\/wp\/v2\/types\/page"}],"author":[{"embeddable":true,"href":"https:\/\/110cities.com\/es\/wp-json\/wp\/v2\/users\/19"}],"replies":[{"embeddable":true,"href":"https:\/\/110cities.com\/es\/wp-json\/wp\/v2\/comments?post=895"}],"version-history":[{"count":4,"href":"https:\/\/110cities.com\/es\/wp-json\/wp\/v2\/pages\/895\/revisions"}],"predecessor-version":[{"id":3823,"href":"https:\/\/110cities.com\/es\/wp-json\/wp\/v2\/pages\/895\/revisions\/3823"}],"wp:featuredmedia":[{"embeddable":true,"href":"https:\/\/110cities.com\/es\/wp-json\/wp\/v2\/media\/900"}],"wp:attachment":[{"href":"https:\/\/110cities.com\/es\/wp-json\/wp\/v2\/media?parent=895"}],"curies":[{"name":"gracias","href":"https:\/\/api.w.org\/{rel}","templated":true}]}}