{"id":4756,"date":"2026-02-16T17:13:47","date_gmt":"2026-02-16T10:13:47","guid":{"rendered":"https:\/\/110cities.com\/?page_id=4756"},"modified":"2026-02-17T11:35:10","modified_gmt":"2026-02-17T04:35:10","slug":"tsunami-worship-anthem","status":"publish","type":"page","link":"https:\/\/110cities.com\/es\/tsunami-worship-anthem\/","title":{"rendered":"Himno de adoraci\u00f3n al tsunami"},"content":{"rendered":"<p>Mire y cante el video del himno de adoraci\u00f3n &#039;Tsunami&#039; aqu\u00ed en ingl\u00e9s con traducciones de subt\u00edtulos que incluyen \u00e1rabe, bahasa, franc\u00e9s, alem\u00e1n, hindi, coreano, mandar\u00edn, portugu\u00e9s, ruso y espa\u00f1ol.<\/p>\n\n\n\n<p>Hace seis meses, en una cena en Finlandia, <a href=\"https:\/\/www.instagram.com\/reel\/DUrBN0vDsnj\/\" target=\"_blank\" rel=\"noreferrer noopener\"><strong>Jason Hubbard<\/strong><\/a> Me pidieron que escribiera y produjera cinco himnos mundiales para las Jornadas Mundiales de Oraci\u00f3n de 2026. Llev\u00e1bamos varios a\u00f1os colaborando en el avance mundial del Evangelio de cara a 2033.<\/p>\n\n\n\n<p>La &quot;petici\u00f3n&quot; de Jason coincidi\u00f3 con nuestro s\u00e9ptimo a\u00f1o despu\u00e9s de la fundaci\u00f3n.&nbsp;&nbsp;<a href=\"http:\/\/psalmistmission.org\/\" target=\"_blank\" rel=\"noopener\"><strong>Misi\u00f3n del salmista<\/strong><\/a>, habiendo graduado recientemente a 121 l\u00edderes de adoraci\u00f3n\/m\u00fasicos en formaci\u00f3n y discipulado en California, de muchas culturas diferentes del mundo.<\/p>\n\n\n\n<p>Cinco d\u00edas antes, acababa de conocer a los l\u00edderes de&nbsp;<strong><a href=\"https:\/\/www.youversion.com\/\" target=\"_blank\" rel=\"noopener\">YouVersion<\/a><\/strong>&nbsp;la aplicaci\u00f3n mundial de la Biblia a la que pudimos invitar tambi\u00e9n a esta iniciativa, justo cuando estaban alcanzando el hito de los mil millones de descargas.&nbsp;&nbsp;<\/p>\n\n\n\n<p>Y ahora<strong>&nbsp;el 17 de febrero<\/strong>, Mientras los budistas de todo el mundo buscan la iluminaci\u00f3n en el A\u00f1o Nuevo chino, Habacuc 2:14 se ha convertido en el combustible b\u00edblico que impuls\u00f3 la composici\u00f3n del himno de adoraci\u00f3n que estamos lanzando llamado&nbsp;<strong><a href=\"https:\/\/distrokid.com\/hyperfollow\/jonshabaglian11\/tsunami-feat-psalmist-mission\" target=\"_blank\" rel=\"noopener\">\u201cTsunami\u201d<\/a>&nbsp;<\/strong>- eso&nbsp;<em>\u201cLa tierra ser\u00e1 llena del conocimiento de la gloria de Jehov\u00e1, como las aguas cubren el mar.\u201d<\/em>&nbsp;<\/p>\n\n\n\n<p>As\u00ed, el Se\u00f1or ha reunido a Sus intercesores y salmistas, con un motor de escrituras global, todos juntos en un trabajo unificado en los oficios claves del Cuerpo de Cristo, creyendo en la revelaci\u00f3n del Hijo de la Iluminaci\u00f3n (\u00a1Cristo Jes\u00fas!) a millones de budistas en este D\u00eda Global de Oraci\u00f3n y adoraci\u00f3n.<\/p>\n\n\n\n<p>As\u00ed que, por favor, \u00fananse a nosotros en oraci\u00f3n y acuerdo cuando este momento en la HISTORIA surja el 17 de febrero\u2026 \u00a1Porque el Se\u00f1or no quiere que nadie perezca!<a href=\"https:\/\/ref.ly\/2%20Pet%203.9;esv?t=biblia\" target=\"_blank\" rel=\"noopener\">2 Pedro 3:9<\/a>)<\/p>\n\n\n\n<p><strong>Jon Shabaglian&nbsp;<\/strong><\/p>\n\n\n\n<p><a href=\"https:\/\/www.psalmistmission.com\/\" target=\"_blank\" rel=\"noreferrer noopener\"><strong>Misi\u00f3n del salmista<\/strong><\/a><\/p>","protected":false},"excerpt":{"rendered":"<p>Mira y canta con el video del himno de adoraci\u00f3n &#039;Tsunami&#039; aqu\u00ed en ingl\u00e9s con subt\u00edtulos...<\/p>","protected":false},"author":3,"featured_media":4836,"parent":0,"menu_order":0,"comment_status":"closed","ping_status":"closed","template":"","meta":{"_acf_changed":false,"footnotes":""},"class_list":["post-4756","page","type-page","status-publish","has-post-thumbnail","hentry"],"acf":[],"ams_acf":[],"_links":{"self":[{"href":"https:\/\/110cities.com\/es\/wp-json\/wp\/v2\/pages\/4756","targetHints":{"allow":["GET"]}}],"collection":[{"href":"https:\/\/110cities.com\/es\/wp-json\/wp\/v2\/pages"}],"about":[{"href":"https:\/\/110cities.com\/es\/wp-json\/wp\/v2\/types\/page"}],"author":[{"embeddable":true,"href":"https:\/\/110cities.com\/es\/wp-json\/wp\/v2\/users\/3"}],"replies":[{"embeddable":true,"href":"https:\/\/110cities.com\/es\/wp-json\/wp\/v2\/comments?post=4756"}],"version-history":[{"count":2,"href":"https:\/\/110cities.com\/es\/wp-json\/wp\/v2\/pages\/4756\/revisions"}],"predecessor-version":[{"id":4837,"href":"https:\/\/110cities.com\/es\/wp-json\/wp\/v2\/pages\/4756\/revisions\/4837"}],"wp:featuredmedia":[{"embeddable":true,"href":"https:\/\/110cities.com\/es\/wp-json\/wp\/v2\/media\/4836"}],"wp:attachment":[{"href":"https:\/\/110cities.com\/es\/wp-json\/wp\/v2\/media?parent=4756"}],"curies":[{"name":"gracias","href":"https:\/\/api.w.org\/{rel}","templated":true}]}}