{"id":444,"date":"2022-11-29T07:38:35","date_gmt":"2022-11-29T07:38:35","guid":{"rendered":"https:\/\/new.110cities.net\/?page_id=444"},"modified":"2025-05-16T04:26:33","modified_gmt":"2025-05-15T21:26:33","slug":"prayer-walking-overview","status":"publish","type":"page","link":"https:\/\/110cities.com\/es\/prayer-walking-overview\/","title":{"rendered":"Descripci\u00f3n general de la caminata de oraci\u00f3n"},"content":{"rendered":"<p>La caminata de oraci\u00f3n consiste simplemente en orar en el lugar con introspecci\u00f3n (observaci\u00f3n) e inspiraci\u00f3n (revelaci\u00f3n). Es una forma de oraci\u00f3n visible, verbal y m\u00f3vil.<\/p>\n\n\n\n<p>Su utilidad es doble: 1. Para ganar reconocimiento espiritual y 2. Para liberar el poder de la palabra y el Esp\u00edritu de Dios en lugares espec\u00edficos y para personas particulares.<\/p>\n\n\n\n<p><strong><em>\u201cAseg\u00farense de que se dirijan a Dios y que la gente sea bendecida\u201d (Steve Hawthorne)<\/em><\/strong><\/p>\n\n\n\n<h2 class=\"wp-block-heading\">I. LA CAMINATA DE ORACI\u00d3N INVOLUCRA<\/h2>\n\n\n\n<ol class=\"wp-block-list\">\n<li>Caminar: en parejas o trillizos <\/li>\n\n\n\n<li>Adoraci\u00f3n: exaltaci\u00f3n de los nombres y la naturaleza de Dios <\/li>\n\n\n\n<li>Observar: pistas externas (datos de lugares y rostros) y pistas internas (discernimiento del Se\u00f1or)<\/li>\n<\/ol>\n\n\n\n<h2 class=\"wp-block-heading\">II. PREPARACI\u00d3N<\/h2>\n\n\n\n<ol class=\"wp-block-list\">\n<li>Encomienda tu caminar al Se\u00f1or, pide al Esp\u00edritu que te gu\u00ede<\/li>\n\n\n\n<li>C\u00fabranse de la protecci\u00f3n divina (Sal. 91)<\/li>\n\n\n\n<li>Conectarse con el Esp\u00edritu Santo (Ro. 8:26, 27)<\/li>\n<\/ol>\n\n\n\n<h2 class=\"wp-block-heading\">tercero CAMINATA DE ORACI\u00d3N<\/h2>\n\n\n\n<ol class=\"wp-block-list\">\n<li>Mezcle y mezcle la conversaci\u00f3n con la alabanza y la oraci\u00f3n.<\/li>\n\n\n\n<li>Al comenzar, exalte y bendiga al Se\u00f1or<\/li>\n\n\n\n<li>Usa las Escrituras para liberar la bendici\u00f3n de Dios<\/li>\n\n\n\n<li>P\u00eddele al Esp\u00edritu que dirija tus pasos\n<ul class=\"wp-block-list\">\n<li>Entrar y caminar a trav\u00e9s de edificios<\/li>\n\n\n\n<li>Permanecer en un lugar en particular<\/li>\n\n\n\n<li>Det\u00e9ngase y ore por las personas.<\/li>\n<\/ul>\n<\/li>\n<\/ol>\n\n\n\n<h2 class=\"wp-block-heading\">IV. INFORME<\/h2>\n\n\n\n<ol class=\"wp-block-list\">\n<li>Glean: \u00bfQu\u00e9 observamos o experimentamos?<\/li>\n\n\n\n<li>\u00bfAlguna &quot;cita divina&quot; sorpresa?<\/li>\n\n\n\n<li>Destilar 2-3 puntos de oraci\u00f3n, cerrar con oraci\u00f3n colectiva<\/li>\n<\/ol>","protected":false},"excerpt":{"rendered":"<p>La caminata de oraci\u00f3n consiste simplemente en orar en el lugar con perspicacia (observaci\u00f3n) e inspiraci\u00f3n (revelaci\u00f3n). Es...<\/p>","protected":false},"author":19,"featured_media":0,"parent":0,"menu_order":0,"comment_status":"closed","ping_status":"closed","template":"","meta":{"_acf_changed":false,"footnotes":""},"class_list":["post-444","page","type-page","status-publish","hentry"],"acf":[],"ams_acf":[],"_links":{"self":[{"href":"https:\/\/110cities.com\/es\/wp-json\/wp\/v2\/pages\/444","targetHints":{"allow":["GET"]}}],"collection":[{"href":"https:\/\/110cities.com\/es\/wp-json\/wp\/v2\/pages"}],"about":[{"href":"https:\/\/110cities.com\/es\/wp-json\/wp\/v2\/types\/page"}],"author":[{"embeddable":true,"href":"https:\/\/110cities.com\/es\/wp-json\/wp\/v2\/users\/19"}],"replies":[{"embeddable":true,"href":"https:\/\/110cities.com\/es\/wp-json\/wp\/v2\/comments?post=444"}],"version-history":[{"count":3,"href":"https:\/\/110cities.com\/es\/wp-json\/wp\/v2\/pages\/444\/revisions"}],"predecessor-version":[{"id":3822,"href":"https:\/\/110cities.com\/es\/wp-json\/wp\/v2\/pages\/444\/revisions\/3822"}],"wp:attachment":[{"href":"https:\/\/110cities.com\/es\/wp-json\/wp\/v2\/media?parent=444"}],"curies":[{"name":"gracias","href":"https:\/\/api.w.org\/{rel}","templated":true}]}}