{"id":4342,"date":"2025-10-10T18:42:40","date_gmt":"2025-10-10T11:42:40","guid":{"rendered":"https:\/\/110cities.com\/?page_id=4342"},"modified":"2025-10-10T19:13:37","modified_gmt":"2025-10-10T12:13:37","slug":"discipleship-and-prayer","status":"publish","type":"page","link":"https:\/\/110cities.com\/es\/discipleship-and-prayer\/","title":{"rendered":"Discipulado y oraci\u00f3n"},"content":{"rendered":"<div class=\"wp-block-buttons is-layout-flex wp-block-buttons-is-layout-flex\">\n<div class=\"wp-block-button\"><a class=\"wp-block-button__link wp-element-button\" href=\"https:\/\/110cities.com\/wp-content\/uploads\/2025\/10\/Discipleship-and-Prayer-Dr-Jason-Hubbard.pdf\" target=\"_blank\" rel=\"noreferrer noopener\">DESCARGAR ESTE ART\u00cdCULO (PDF EN INGL\u00c9S)<\/a><\/div>\n<\/div>\n\n\n\n<div style=\"height:20px\" aria-hidden=\"true\" class=\"wp-block-spacer\"><\/div>\n\n\n\n<p>Lunes 20<sup>el<\/sup> Octubre de 2025 marcar\u00e1 nuestro tercer<sup>rd<\/sup> anual <a href=\"https:\/\/110cities.com\/es\/hindu-day-of-prayer\/\"><strong>D\u00eda Mundial de Oraci\u00f3n por el Mundo Hind\u00fa<\/strong><\/a>.<\/p>\n\n\n\n<p>Las investigaciones indican que el 80 % de los hind\u00faes, budistas y musulmanes no conocen a ning\u00fan cristiano. Con aproximadamente 1250 millones de hind\u00faes en todo el mundo, el hinduismo es la tercera religi\u00f3n m\u00e1s grande del mundo, \u00a1con mil millones de ellos solo en la India!&nbsp;<\/p>\n\n\n<div class=\"wp-block-image\">\n<figure class=\"alignright size-full is-resized\"><img loading=\"lazy\" decoding=\"async\" width=\"313\" height=\"313\" src=\"https:\/\/110cities.com\/wp-content\/uploads\/2025\/10\/image002.jpg\" alt=\"\" class=\"wp-image-4345\" style=\"width:372px;height:auto\" srcset=\"https:\/\/110cities.com\/wp-content\/uploads\/2025\/10\/image002.jpg 313w, https:\/\/110cities.com\/wp-content\/uploads\/2025\/10\/image002-150x150.jpg 150w, https:\/\/110cities.com\/wp-content\/uploads\/2025\/10\/image002-12x12.jpg 12w\" sizes=\"auto, (max-width: 313px) 100vw, 313px\" \/><\/figure>\n<\/div>\n\n\n<p>Como Jes\u00fas nos llam\u00f3 a hacer disc\u00edpulos de todas las naciones, la tarea que nos queda por delante es enorme y debe comenzar con la oraci\u00f3n. Si la definici\u00f3n de oraci\u00f3n es intimidad con Dios \u2014la parte conversacional de la relaci\u00f3n de amor m\u00e1s importante de nuestras vidas\u2014, entonces el objetivo de la oraci\u00f3n es el cumplimiento de sus prop\u00f3sitos.&nbsp;<\/p>\n\n\n\n<p>Dios ha elegido cumplir sus prop\u00f3sitos mediante las oraciones de su pueblo. Ha establecido la oraci\u00f3n como el canal a trav\u00e9s del cual lleva a cabo su voluntad.<\/p>\n\n\n\n<p><strong>\u00a1Una de las claves para una oraci\u00f3n efectiva es orar por el cumplimiento de la Gran Comisi\u00f3n! <\/strong>&nbsp;<\/p>\n\n\n\n<p>La Biblia concede gran importancia al papel de la oraci\u00f3n en la Gran Comisi\u00f3n. El t\u00e9rmino &quot;la Gran Comisi\u00f3n&quot; se refiere al mandato final de Jes\u00fas a sus disc\u00edpulos (y, por ende, a la iglesia en su conjunto) mientras estuvo f\u00edsicamente en la tierra. Queremos orar para que cada persona y familia, en todas partes, tenga un encuentro aut\u00e9ntico con el Se\u00f1or Jesucristo por el poder y la presencia del Esp\u00edritu Santo. Y Jes\u00fas dijo claramente que la manera m\u00e1s efectiva de lograrlo \u2014ver el Evangelio del reino proclamado a todo el mundo\u2014 es haciendo disc\u00edpulos en todas las naciones.&nbsp;<\/p>\n\n\n\n<p>Jes\u00fas mand\u00f3 a sus disc\u00edpulos que fueran y hicieran disc\u00edpulos de todas las naciones desde el monte Arbel, el m\u00e1s alto de Galilea. El Evangelio de Mateo nos dice que, tras la resurrecci\u00f3n de Jes\u00fas, dio instrucciones a sus disc\u00edpulos para que fueran al monte de Galilea.<\/p>\n\n\n\n<p>En un d\u00eda despejado, desde la cima de Arbel, se puede ver kil\u00f3metros a la redonda. Mirando al norte, se puede ver la cima del Monte Herm\u00f3n, la monta\u00f1a m\u00e1s alta de Israel, que se alza sobre las fronteras entre L\u00edbano, Siria e Israel. Al este, se ven los Altos del Gol\u00e1n, la cordillera de basalto negro que separa Israel de Siria y Jordania. Mirando al sur, se pueden ver las f\u00e9rtiles tierras de cultivo del Valle de Jezreel extendi\u00e9ndose como una colcha de retazos hasta las ondulantes colinas de Samaria. Y mirando al oeste, se encuentra la llanura costera junto a la antigua ciudad de Cesarea Mar\u00edtima, la antigua ciudad portuaria construida por el rey Herodes desde donde el ap\u00f3stol Pablo zarp\u00f3 hacia Roma, llevando consigo el Evangelio a Occidente.<\/p>\n\n\n\n<p><strong>Jes\u00fas estaba lanzando una visi\u00f3n: <\/strong>Una visi\u00f3n para un movimiento global de multiplicaci\u00f3n.<strong>&nbsp;<\/strong><\/p>\n\n\n\n<p><strong>\u00a1\u00c9l llam\u00f3 a sus disc\u00edpulos no s\u00f3lo a \u201chacer disc\u00edpulos\u201d, sino a hacer disc\u00edpulos que se multiplicaran!<\/strong><\/p>\n\n\n\n<p><a href=\"https:\/\/youtu.be\/aKK9eAyr2H0\" target=\"_blank\" rel=\"noopener\"><strong>\u00a1Mira este video! \u2013 El poder de la multiplicaci\u00f3n<\/strong><\/a><\/p>\n\n\n\n<figure class=\"wp-block-embed is-type-video is-provider-youtube wp-block-embed-youtube wp-embed-aspect-16-9 wp-has-aspect-ratio\"><div class=\"wp-block-embed__wrapper\">\n<iframe loading=\"lazy\" title=\"El poder de la multiplicaci\u00f3n\" width=\"500\" height=\"281\" src=\"https:\/\/www.youtube.com\/embed\/aKK9eAyr2H0?feature=oembed\" frameborder=\"0\" allow=\"accelerometer; autoplay; clipboard-write; encrypted-media; gyroscope; picture-in-picture; web-share\" referrerpolicy=\"strict-origin-when-cross-origin\" allowfullscreen><\/iframe>\n<\/div><\/figure>\n\n\n\n<p><strong>Mateo 28:18-20<\/strong>Me ha sido dada toda autoridad en el cielo y en la tierra. Por tanto, id y haced disc\u00edpulos a todas las naciones, bautiz\u00e1ndolos en el nombre del Padre, del Hijo y del Esp\u00edritu Santo, ense\u00f1\u00e1ndoles a obedecer todo lo que os he mandado. Y he aqu\u00ed, yo estoy con vosotros siempre, hasta el fin del mundo.<\/p>\n\n\n\n<p>En este pasaje vemos primero que la autoridad es dada a Jes\u00fas, y la segunda parte al final: \u201cYo estoy con vosotros todos los d\u00edas hasta el fin del mundo\u201d.<\/p>\n\n\n<div class=\"wp-block-image\">\n<figure class=\"alignright size-full is-resized\"><img loading=\"lazy\" decoding=\"async\" width=\"331\" height=\"331\" src=\"https:\/\/110cities.com\/wp-content\/uploads\/2025\/10\/image004.jpg\" alt=\"\" class=\"wp-image-4349\" style=\"width:373px;height:auto\" srcset=\"https:\/\/110cities.com\/wp-content\/uploads\/2025\/10\/image004.jpg 331w, https:\/\/110cities.com\/wp-content\/uploads\/2025\/10\/image004-150x150.jpg 150w, https:\/\/110cities.com\/wp-content\/uploads\/2025\/10\/image004-12x12.jpg 12w\" sizes=\"auto, (max-width: 331px) 100vw, 331px\" \/><\/figure>\n<\/div>\n\n\n<p>A menudo nos centramos en el ir, en hacer disc\u00edpulos, en bautizar, en ense\u00f1ar o en la mec\u00e1nica de plantar iglesias, pero las palabras de Jes\u00fas comienzan y terminan con \u00e9l mismo: \u00a1Su autoridad y Su presencia!<\/p>\n\n\n\n<p>Jes\u00fas es la persona central y el n\u00facleo ardiente de la gran comisi\u00f3n, y nos conectamos con \u00c9l, con Su autoridad y Su presencia, \u00a1a trav\u00e9s de la oraci\u00f3n!<\/p>\n\n\n\n<p>La oraci\u00f3n es el medio principal que Dios nos ha dado para mantener lo m\u00e1s importante: \u00a1Jes\u00fas mismo en el centro! Jes\u00fas tiene toda la autoridad y est\u00e1 con nosotros: \u00a1ese es el principio y el fin de la Gran Comisi\u00f3n!<\/p>\n\n\n\n<p><strong>\u00bfCu\u00e1l es la definici\u00f3n de un Disc\u00edpulo?<\/strong><br>La palabra disc\u00edpulo significa literalmente &quot;seguidor de un maestro&quot;. En tiempos de Cristo, un disc\u00edpulo no era simplemente un aprendiz de un gran maestro (rabino), sino un aprendiz o imitador. Jes\u00fas llam\u00f3 a sus primeros disc\u00edpulos a seguirlo y a hacer lo que \u00e9l hac\u00eda y decir lo que \u00e9l dec\u00eda.<\/p>\n\n\n\n<p>Una definici\u00f3n simple de disc\u00edpulo ser\u00eda alguien que ha venido a Jes\u00fas para obtener vida eterna, lo ha reconocido como Salvador y Dios y se ha embarcado en una vida de seguimiento de \u00c9l.<\/p>\n\n\n\n<p>\u00a1Un disc\u00edpulo es aquel que ama a Dios, ama a las personas y hace disc\u00edpulos que se multiplican!&nbsp;<\/p>\n\n\n\n<h2 class=\"wp-block-heading\">Las 3 marcas de un disc\u00edpulo:<\/h2>\n\n\n\n<p>Queremos ser disc\u00edpulos y hacer disc\u00edpulos que valga la pena reproducir, y seg\u00fan Jes\u00fas, las caracter\u00edsticas de un disc\u00edpulo son triples:<\/p>\n\n\n\n<h3 class=\"wp-block-heading\">1. Permanece en la Palabra de Dios, Juan 8:31-32<\/h3>\n\n\n\n<p>\u201cSi permanec\u00e9is en mi palabra, ser\u00e9is verdaderamente mis disc\u00edpulos, <sup>&nbsp;<\/sup>y conocer\u00e9is la verdad, y la verdad os har\u00e1 libres.<\/p>\n\n\n\n<p>\u00a1La oraci\u00f3n es la esencia misma de un disc\u00edpulo de Jes\u00fas! Jes\u00fas dej\u00f3 claro que escucharlo, permanecer en su palabra, es el aspecto m\u00e1s importante de la oraci\u00f3n. La palabra permanecer implica... <strong><em>restante<\/em><\/strong> en constante comuni\u00f3n y relaci\u00f3n.&nbsp;<br><br>\u00a1La oraci\u00f3n es la parte conversacional de la relaci\u00f3n de amor m\u00e1s importante en nuestras vidas!&nbsp;<\/p>\n\n\n\n<h3 class=\"wp-block-heading\">2. Ama como Jes\u00fas ama, Juan 13:34-35<\/h3>\n\n\n\n<p>Un mandamiento nuevo les doy: que se amen unos a otros. Como yo los he amado, tambi\u00e9n ustedes deben amarse unos a otros. En esto todos sabr\u00e1n que son mis disc\u00edpulos: si se aman unos a otros.<\/p>\n\n\n\n<p>Una de las primeras y m\u00e1s importantes maneras de amar como Jes\u00fas ama es orando unos por otros. \u00a1Le pedimos a Dios que haga por ellos lo que ellos no pueden hacer por s\u00ed mismos!<\/p>\n\n\n\n<h3 class=\"wp-block-heading\">3. Da fruto, Juan 15:7-8<\/h3>\n\n\n\n<p>Si permanec\u00e9is en m\u00ed, y mis palabras permanecen en vosotros, pedid lo que quer\u00e1is, y os ser\u00e1 hecho. En esto es glorificado mi Padre: en que deis mucho fruto y se\u00e1is as\u00ed mis disc\u00edpulos.<\/p>\n\n\n\n<p>Seg\u00fan Jes\u00fas, damos fruto al perseverar y pedir en oraci\u00f3n. Con esto, el Padre es glorificado y demostramos ser sus disc\u00edpulos. &nbsp;<\/p>\n\n\n\n<p>\u00a1Una de las claves para el cumplimiento de la Gran Comisi\u00f3n es orar al Se\u00f1or de la Mies para que env\u00ede obreros!<\/p>\n\n\n\n<p>\u00c9l les dijo: \u00abLa siega verdaderamente <em>es<\/em> genial, pero los obreros <em>son<\/em> pocos; rogad, pues, al Se\u00f1or de la mies que env\u00ede obreros a su mies\u201d (Lucas 10:2).<\/p>\n\n\n\n<p>La palabra para oraci\u00f3n utilizada en este contexto es <em>deomai<\/em>\u00a1Que significa oraci\u00f3n desesperada! Jes\u00fas dijo que la mies es mucha, pero los obreros pocos. Por lo tanto, oren, oren con fervor, oren con desesperaci\u00f3n.<\/p>\n\n\n\n<p>Como obreros, salgan a proclamar el Evangelio del reino; a menudo, esto se topa con resistencia. El diablo ha establecido fortalezas espirituales sobre pueblos, ciudades y naciones. Pablo nos dice que se nos han dado armas de guerra para derribar fortalezas y ver progreso. (2 Corintios 10:4-5)<\/p>\n\n\n\n<h2 class=\"wp-block-heading\">Poder en la oraci\u00f3n de la Palabra<\/h2>\n\n\n\n<p>Una de las armas m\u00e1s poderosas es la Palabra de Dios, la Espada del Esp\u00edritu. Pablo nos manda en Efesios 6 a mantenernos firmes, poni\u00e9ndonos nuestra armadura por la fe, y luego ejercer su palabra mediante la oraci\u00f3n, orando en todo momento por todos los pueblos con toda clase de oraci\u00f3n (Efesios 6:10-19).&nbsp;<\/p>\n\n\n\n<p>Primero oramos y declaramos la supremac\u00eda de Jes\u00fas sobre los pueblos y las regiones. &nbsp;<\/p>\n\n\n\n<p>A trav\u00e9s de la oraci\u00f3n, pedimos al Padre que ate y restrinja al enemigo, los principados y potestades que han cegado las mentes de los incr\u00e9dulos.<\/p>\n\n\n\n<p><strong>\u00a1Oramos por puertas abiertas, cielos abiertos, carreteras abiertas y pasillos abiertos para que el Evangelio pueda salir adelante!<\/strong><\/p>\n\n\n\n<p>\u00a1Pedimos al Se\u00f1or que quite la ceguera que el dios de este siglo ha puesto sobre los incr\u00e9dulos para que puedan ver la luz del Evangelio en el rostro de Jes\u00fas!&nbsp;<\/p>\n\n\n\n<p>Pedimos al Padre que nos libre del maligno, as\u00ed como Jes\u00fas vino a destruir las obras del diablo.<strong>.<\/strong> Mientras ofrecemos nuestra adoraci\u00f3n y alabanza a aquel que est\u00e1 sentado en el trono y al Cordero, Su presencia y luz en medio de nosotros rompen la oscuridad espiritual, y el poder de Dios libera a familias de toda fe en la tierra para convertirse en seguidores de todo coraz\u00f3n de Jesucristo.<\/p>\n\n\n\n<figure class=\"wp-block-image size-full\"><img loading=\"lazy\" decoding=\"async\" width=\"1080\" height=\"720\" src=\"https:\/\/110cities.com\/wp-content\/uploads\/2025\/10\/Discipleship-and-Prayer-2.jpg\" alt=\"\" class=\"wp-image-4355\" srcset=\"https:\/\/110cities.com\/wp-content\/uploads\/2025\/10\/Discipleship-and-Prayer-2.jpg 1080w, https:\/\/110cities.com\/wp-content\/uploads\/2025\/10\/Discipleship-and-Prayer-2-350x233.jpg 350w, https:\/\/110cities.com\/wp-content\/uploads\/2025\/10\/Discipleship-and-Prayer-2-768x512.jpg 768w, https:\/\/110cities.com\/wp-content\/uploads\/2025\/10\/Discipleship-and-Prayer-2-18x12.jpg 18w\" sizes=\"auto, (max-width: 1080px) 100vw, 1080px\" \/><\/figure>\n\n\n\n<p>\u00a1Hemos visto un gran aumento de adoraci\u00f3n y oraci\u00f3n intercesora desde los a\u00f1os 90 hasta hoy!<\/p>\n\n\n\n<p>El Movimiento Mundial de Oraci\u00f3n ha experimentado una aceleraci\u00f3n notable: los coreanos han luchado en la oraci\u00f3n matutina durante d\u00e9cadas, las Marchas por Jes\u00fas tuvieron lugar en las calles de todo el mundo, el D\u00eda Mundial de Oraci\u00f3n llen\u00f3 estadios, la gente camin\u00f3 en oraci\u00f3n y or\u00f3 por avances en las ciudades de entrada del mundo, el movimiento de torres de oraci\u00f3n de Indonesia, la pasi\u00f3n y el fuego de las reuniones de oraci\u00f3n de Am\u00e9rica Latina y del Sur, las vigilias de oraci\u00f3n durante toda la noche con ayuno en todo el continente africano, el movimiento de oraci\u00f3n en toda China y los tiempos de oraci\u00f3n corporativos guiados por el Esp\u00edritu en toda la India junto con la expresi\u00f3n fresca de casas de oraci\u00f3n y adoraci\u00f3n que estallan en las naciones, y hoy m\u00e1s de cien millones de creyentes en oraci\u00f3n unida en cuatro d\u00edas mundiales de oraci\u00f3n cada a\u00f1o desde 2022.&nbsp;<\/p>\n\n\n\n<p>Y durante este tiempo, ha habido resultados asombrosos en los movimientos misioneros alrededor del mundo.<\/p>\n\n\n\n<p>Seg\u00fan los principales investigadores de misiones, los disc\u00edpulos y las iglesias en estos movimientos han crecido exponencialmente a un ritmo asombroso del 23 % anual, mucho m\u00e1s r\u00e1pido que la poblaci\u00f3n mundial. El n\u00famero total de disc\u00edpulos en estos movimientos se ha duplicado cada 3,5 a\u00f1os, lo que demuestra el poder de la multiplicaci\u00f3n divina mediante la oraci\u00f3n.<\/p>\n\n\n<div class=\"wp-block-image\">\n<figure class=\"alignright size-full is-resized\"><img loading=\"lazy\" decoding=\"async\" width=\"231\" height=\"346\" src=\"https:\/\/110cities.com\/wp-content\/uploads\/2025\/10\/image007.jpg\" alt=\"\" class=\"wp-image-4353\" style=\"width:300px;height:auto\" srcset=\"https:\/\/110cities.com\/wp-content\/uploads\/2025\/10\/image007.jpg 231w, https:\/\/110cities.com\/wp-content\/uploads\/2025\/10\/image007-8x12.jpg 8w\" sizes=\"auto, (max-width: 231px) 100vw, 231px\" \/><\/figure>\n<\/div>\n\n\n<h3 class=\"wp-block-heading\">Este crecimiento global se ha producido en cuatro etapas distintas:<\/h3>\n\n\n\n<ul class=\"wp-block-list\">\n<li>De 1995 a 2000: de 10.000 a m\u00e1s de 100.000 disc\u00edpulos.<\/li>\n\n\n\n<li>De 2000 a 2005: de 100.000 a m\u00e1s de 1 mill\u00f3n de disc\u00edpulos<\/li>\n\n\n\n<li>De 2005 a 2015: de 1 mill\u00f3n a m\u00e1s de 10 millones<\/li>\n\n\n\n<li>De 2015 a 2024, la cifra super\u00f3 los 100 millones.<\/li>\n<\/ul>\n\n\n\n<p>A medida que la oraci\u00f3n que exalta a Cristo, basada en la Biblia, alimentada por la adoraci\u00f3n, guiada por el Esp\u00edritu y motivada por el amor aumenta en las naciones, se hacen m\u00e1s disc\u00edpulos, se plantan m\u00e1s iglesias, se traducen m\u00e1s Biblias, se muestran m\u00e1s se\u00f1ales, maravillas y milagros y se libera m\u00e1s justicia para los pobres, los marginados, los hu\u00e9rfanos y las viudas.<\/p>\n\n\n\n<p>As\u00ed que, en el <a href=\"https:\/\/110cities.com\/es\/hindu-day-of-prayer\/\"><strong>D\u00eda Mundial de Oraci\u00f3n por el mundo hind\u00fa<\/strong><\/a>\u00a1Elevemos nuestras oraciones como incienso ante Dios, quien puede hacer much\u00edsimo m\u00e1s de lo que jam\u00e1s pedimos o imaginamos para Su Gloria, para nuestro Gozo y para que las multitudes lleguen al conocimiento salvador de Jes\u00fas en todo el mundo hind\u00fa!&nbsp;<\/p>\n\n\n\n<p><strong>Dr. Jason Hubbard \u2013 Director<br><\/strong><a href=\"https:\/\/www.linktr.ee\/ipcprayer\" target=\"_blank\" rel=\"noopener\"><strong>Conexi\u00f3n internacional de oraci\u00f3n<\/strong><\/a><strong><\/strong><\/p>","protected":false},"excerpt":{"rendered":"<p>El lunes 20 de octubre de 2025 se celebrar\u00e1 nuestro tercer D\u00eda Mundial de Oraci\u00f3n por...<\/p>","protected":false},"author":3,"featured_media":0,"parent":0,"menu_order":0,"comment_status":"closed","ping_status":"closed","template":"","meta":{"_acf_changed":false,"footnotes":""},"class_list":["post-4342","page","type-page","status-publish","hentry"],"acf":[],"ams_acf":[],"_links":{"self":[{"href":"https:\/\/110cities.com\/es\/wp-json\/wp\/v2\/pages\/4342","targetHints":{"allow":["GET"]}}],"collection":[{"href":"https:\/\/110cities.com\/es\/wp-json\/wp\/v2\/pages"}],"about":[{"href":"https:\/\/110cities.com\/es\/wp-json\/wp\/v2\/types\/page"}],"author":[{"embeddable":true,"href":"https:\/\/110cities.com\/es\/wp-json\/wp\/v2\/users\/3"}],"replies":[{"embeddable":true,"href":"https:\/\/110cities.com\/es\/wp-json\/wp\/v2\/comments?post=4342"}],"version-history":[{"count":10,"href":"https:\/\/110cities.com\/es\/wp-json\/wp\/v2\/pages\/4342\/revisions"}],"predecessor-version":[{"id":4369,"href":"https:\/\/110cities.com\/es\/wp-json\/wp\/v2\/pages\/4342\/revisions\/4369"}],"wp:attachment":[{"href":"https:\/\/110cities.com\/es\/wp-json\/wp\/v2\/media?parent=4342"}],"curies":[{"name":"gracias","href":"https:\/\/api.w.org\/{rel}","templated":true}]}}