{"id":2936,"date":"2024-01-08T14:32:33","date_gmt":"2024-01-08T07:32:33","guid":{"rendered":"https:\/\/new.110cities.net\/?page_id=2936"},"modified":"2026-01-23T16:46:10","modified_gmt":"2026-01-23T09:46:10","slug":"prayer-guide","status":"publish","type":"page","link":"https:\/\/110cities.com\/es\/prayer-guide\/","title":{"rendered":"Gu\u00eda de oraci\u00f3n \u2013 24 horas de oraci\u00f3n por el mundo budista 2024"},"content":{"rendered":"<p>Estamos orando por los movimientos evang\u00e9licos en estas ciudades y regiones budistas, incluida China. \u00a1Dios libera su poder en respuesta a las oraciones de su pueblo! El budismo se trata de la iluminaci\u00f3n. En este D\u00eda Mundial de Oraci\u00f3n, pidamos al Se\u00f1or que quite el velo de ceguera que cubre los ojos de los incr\u00e9dulos atrapados en el budismo para que puedan ver la luz del evangelio en el rostro de Jes\u00fas.<br>\u00a1Cristo!<\/p>\n\n\n\n<p>2 Corintios 4:4, 6, \u201cEn su caso, el dios de este siglo ceg\u00f3 el entendimiento de los incr\u00e9dulos, para impedirles ver la luz del evangelio de la gloria de Cristo, el cual es la imagen de Dios\u2026 6 Porque Dios, que dijo: \u201cDe las tinieblas resplandezca la luz\u201d, ha brillado en nuestros corazones para iluminar el conocimiento de la gloria de Dios en la faz de Jesucristo.<\/p>\n\n\n\n<p>Puede encontrar puntos de oraci\u00f3n espec\u00edficos para cada ciudad en 110Cities y tambi\u00e9n ver un breve video de oraci\u00f3n para cada ciudad por la que est\u00e9 orando. \u00a1Lo alentamos a investigar sobre estas ciudades y orar por un &#039;gran avance&#039; mientras el Se\u00f1or lo gu\u00eda! \u00a1Aqu\u00ed est\u00e1n las ciudades y regiones a continuaci\u00f3n con algunos puntos de oraci\u00f3n!<\/p>\n\n\n\n<h2 class=\"wp-block-heading\">\u00c9NFASIS DE LA ORACI\u00d3N<\/h2>\n\n\n<div class=\"wp-block-image\">\n<figure class=\"alignright size-full is-resized\"><img loading=\"lazy\" decoding=\"async\" width=\"600\" height=\"600\" src=\"https:\/\/110cities.com\/wp-content\/uploads\/2024\/01\/SocialMedia-V2.jpg\" alt=\"\" class=\"wp-image-2956\" style=\"width:392px;height:auto\" srcset=\"https:\/\/110cities.com\/wp-content\/uploads\/2024\/01\/SocialMedia-V2.jpg 600w, https:\/\/110cities.com\/wp-content\/uploads\/2024\/01\/SocialMedia-V2-350x350.jpg 350w, https:\/\/110cities.com\/wp-content\/uploads\/2024\/01\/SocialMedia-V2-150x150.jpg 150w, https:\/\/110cities.com\/wp-content\/uploads\/2024\/01\/SocialMedia-V2-12x12.jpg 12w\" sizes=\"auto, (max-width: 600px) 100vw, 600px\" \/><\/figure>\n<\/div>\n\n\n<p>Oren para que Jesucristo sea exaltado en esta ciudad. Oren para que su nombre sea revelado, recibido y venerado entre cada pueblo, tribu y lengua de esta ciudad. Salmo 110, Hab 2:14<\/p>\n\n\n\n<p>\u00a1Oremos para que venga el Reino de Dios y se haga su voluntad en esta ciudad! Mate. 6:9-10<\/p>\n\n\n\n<p>\u00a1Oremos al Se\u00f1or de la Cosecha para que env\u00ede obreros a proclamar el evangelio del reino con demostraciones de poder y amor! \u00a1Oremos para que se plante una iglesia en casa que exalte a Cristo por cada 1000 personas en esta ciudad! Lucas 10:2, Mateo 16:18, Hechos 4:29-31<\/p>\n\n\n\n<p>Ore para que la Biblia sea traducida al idioma central de cada grupo \u00e9tnico en esta ciudad. 2 Tes 3:1<\/p>\n\n\n\n<p>Nyaw - Tailandia<br>Lenguaje de se\u00f1as de Corea del Norte, Laopang - Laos<br>Lenguaje de se\u00f1as Miyakubo - Jap\u00f3n<\/p>\n\n\n\n<p>\u00a1Oremos por el derramamiento del Esp\u00edritu Santo sobre toda carne en esta ciudad! Ore para que el Esp\u00edritu Santo los convenza de pecado y les muestre la necesidad de un Salvador, que se encuentra s\u00f3lo en Jesucristo. Ore para que Dios Padre atraiga a todos los hombres a Cristo a trav\u00e9s del poder de la cruz. Ore para que la bondad de Dios lleve a todos al arrepentimiento. Hechos 2:17, Juan 16<\/p>\n\n\n\n<p>\u00a1Ora para que Dios ate y restrinja los poderes de las tinieblas sobre esta ciudad y desate el poder, la verdad y el amor del Esp\u00edritu Santo sobre los pueblos de esta ciudad! 2 Cor. 4:4-6, Mateo 18:18-19<\/p>\n\n\n\n<p>Le invitamos a concentrarse con nosotros, especialmente mientras oramos por el avance del Reino en Pyongyang, Corea del Norte, este a\u00f1o.<\/p>\n\n\n\n<h2 class=\"wp-block-heading\">CIUDADES DE ORACI\u00d3N<\/h2>\n\n\n\n<div class=\"wp-block-columns is-layout-flex wp-container-core-columns-is-layout-9d6595d7 wp-block-columns-is-layout-flex\">\n<div class=\"wp-block-column is-layout-flow wp-block-column-is-layout-flow\">\n<p>Bangkok, Tailandia<br>Beijing, China<br>But\u00e1n<br>Chengd\u00fa, China<br>Chongquing, China<br>Guangzhou, China<br>Hangzhou, China<br>Hanoi, Vietnam<\/p>\n<\/div>\n\n\n\n<div class=\"wp-block-column is-layout-flow wp-block-column-is-layout-flow\">\n<p>Ho Chi Minh, Vietnam<br>Hohhot, China<br>Kunming, China<br>Nanning, China<br>Phnom Pehn, Camboya<br>P&#039;yong yang, Corea del Norte<br>Shanghai, China<br>Shenyang, China<\/p>\n<\/div>\n\n\n\n<div class=\"wp-block-column is-layout-flow wp-block-column-is-layout-flow\">\n<p>Taiyu\u00e1n, China<br>Tokio, Jap\u00f3n<br>Ul\u00e1n Bator, Mongolia<br>Vienti\u00e1n, Laos<br>Wuhan, China<br>Xian, China<br>Xining, China<br>Rang\u00fan, Birmania<\/p>\n<\/div>\n<\/div>\n\n\n\n<div class=\"wp-block-buttons is-layout-flex wp-block-buttons-is-layout-flex\">\n<div class=\"wp-block-button\"><a class=\"wp-block-button__link wp-element-button\" href=\"https:\/\/110cities.com\/wp-content\/uploads\/2026\/01\/GODP-2026-Web.pdf\" target=\"_blank\" rel=\"noreferrer noopener\">Descargar Gu\u00eda de Oraci\u00f3n<\/a><\/div>\n<\/div>","protected":false},"excerpt":{"rendered":"<p>Estamos orando por movimientos evang\u00e9licos en estas ciudades y regiones budistas, incluida China....<\/p>","protected":false},"author":19,"featured_media":2945,"parent":0,"menu_order":0,"comment_status":"closed","ping_status":"closed","template":"","meta":{"_acf_changed":false,"footnotes":""},"class_list":["post-2936","page","type-page","status-publish","has-post-thumbnail","hentry"],"acf":[],"ams_acf":[],"_links":{"self":[{"href":"https:\/\/110cities.com\/es\/wp-json\/wp\/v2\/pages\/2936","targetHints":{"allow":["GET"]}}],"collection":[{"href":"https:\/\/110cities.com\/es\/wp-json\/wp\/v2\/pages"}],"about":[{"href":"https:\/\/110cities.com\/es\/wp-json\/wp\/v2\/types\/page"}],"author":[{"embeddable":true,"href":"https:\/\/110cities.com\/es\/wp-json\/wp\/v2\/users\/19"}],"replies":[{"embeddable":true,"href":"https:\/\/110cities.com\/es\/wp-json\/wp\/v2\/comments?post=2936"}],"version-history":[{"count":13,"href":"https:\/\/110cities.com\/es\/wp-json\/wp\/v2\/pages\/2936\/revisions"}],"predecessor-version":[{"id":4540,"href":"https:\/\/110cities.com\/es\/wp-json\/wp\/v2\/pages\/2936\/revisions\/4540"}],"wp:featuredmedia":[{"embeddable":true,"href":"https:\/\/110cities.com\/es\/wp-json\/wp\/v2\/media\/2945"}],"wp:attachment":[{"href":"https:\/\/110cities.com\/es\/wp-json\/wp\/v2\/media?parent=2936"}],"curies":[{"name":"gracias","href":"https:\/\/api.w.org\/{rel}","templated":true}]}}