{"id":918,"date":"2022-12-01T06:49:08","date_gmt":"2022-12-01T06:49:08","guid":{"rendered":"https:\/\/new.110cities.net\/?page_id=918"},"modified":"2024-08-09T22:49:59","modified_gmt":"2024-08-09T15:49:59","slug":"welcome","status":"publish","type":"page","link":"https:\/\/110cities.com\/de\/welcome\/","title":{"rendered":"Herzlich willkommen"},"content":{"rendered":"<div style=\"height:40px\" aria-hidden=\"true\" class=\"wp-block-spacer\"><\/div>\n\n\n\n<h2 class=\"wp-block-heading has-text-align-center\">Willkommen in 110 St\u00e4dten!<\/h2>\n\n\n\n<p class=\"has-text-align-center\">Unsere Vision ist es, die 110 am wenigsten erreichten St\u00e4dte der Welt mit dem Evangelium zu erreichen und daf\u00fcr zu beten, dass dort Tausende von Christus verherrlichenden und sich vermehrenden Kirchen gegr\u00fcndet werden!<\/p>\n\n\n\n<p class=\"has-text-align-center\">Wir glauben, dass Gebet der Schl\u00fcssel ist! <br>Zu diesem Zweck strecken wir im Glauben unsere Hand aus, um diese Mission mit den kraftvollen Gebeten von 110 Millionen Gl\u00e4ubigen zu unterst\u00fctzen \u2013 f\u00fcr den Durchbruch, indem wir rund um den Thron, rund um die Uhr und rund um den Globus beten!<\/p>\n\n\n\n<figure class=\"wp-block-embed is-type-video is-provider-youtube wp-block-embed-youtube wp-embed-aspect-16-9 wp-has-aspect-ratio\"><div class=\"wp-block-embed__wrapper\">\n<iframe loading=\"lazy\" title=\"110-St\u00e4dte-Promo - Dr. Jason Hubbard\" width=\"500\" height=\"281\" src=\"https:\/\/www.youtube.com\/embed\/0qIrUkUZ2GA?feature=oembed\" frameborder=\"0\" allow=\"accelerometer; autoplay; clipboard-write; encrypted-media; gyroscope; picture-in-picture; web-share\" referrerpolicy=\"strict-origin-when-cross-origin\" allowfullscreen><\/iframe>\n<\/div><figcaption class=\"wp-element-caption\"><strong>Dr. Jason Hubbard<\/strong><br>Direktor von International Prayer Connect stellt 110 St\u00e4dte vor<\/figcaption><\/figure>","protected":false},"excerpt":{"rendered":"<p>Willkommen bei 110 Cities! Unsere Vision ist es, die 110 am wenigsten erreichten St\u00e4dte zu sehen...<\/p>","protected":false},"author":19,"featured_media":0,"parent":0,"menu_order":0,"comment_status":"closed","ping_status":"closed","template":"","meta":{"_acf_changed":false,"footnotes":""},"class_list":["post-918","page","type-page","status-publish","hentry"],"acf":[],"ams_acf":[],"_links":{"self":[{"href":"https:\/\/110cities.com\/de\/wp-json\/wp\/v2\/pages\/918","targetHints":{"allow":["GET"]}}],"collection":[{"href":"https:\/\/110cities.com\/de\/wp-json\/wp\/v2\/pages"}],"about":[{"href":"https:\/\/110cities.com\/de\/wp-json\/wp\/v2\/types\/page"}],"author":[{"embeddable":true,"href":"https:\/\/110cities.com\/de\/wp-json\/wp\/v2\/users\/19"}],"replies":[{"embeddable":true,"href":"https:\/\/110cities.com\/de\/wp-json\/wp\/v2\/comments?post=918"}],"version-history":[{"count":4,"href":"https:\/\/110cities.com\/de\/wp-json\/wp\/v2\/pages\/918\/revisions"}],"predecessor-version":[{"id":3528,"href":"https:\/\/110cities.com\/de\/wp-json\/wp\/v2\/pages\/918\/revisions\/3528"}],"wp:attachment":[{"href":"https:\/\/110cities.com\/de\/wp-json\/wp\/v2\/media?parent=918"}],"curies":[{"name":"wp","href":"https:\/\/api.w.org\/{rel}","templated":true}]}}