{"id":895,"date":"2022-11-30T11:58:12","date_gmt":"2022-11-30T11:58:12","guid":{"rendered":"https:\/\/new.110cities.net\/?page_id=895"},"modified":"2022-11-30T12:01:58","modified_gmt":"2022-11-30T12:01:58","slug":"join-110","status":"publish","type":"page","link":"https:\/\/110cities.com\/de\/join-110\/","title":{"rendered":"Mach mit bei 110"},"content":{"rendered":"<p>Wir suchen Menschen, die die 110-St\u00e4dte-Vision teilen und bereit sind, sich sowohl praktisch als auch betend zu engagieren!<\/p>\n\n\n\n<p>Wenn Sie denken, dass Sie das sein k\u00f6nnten, lesen Sie bitte weiter \u2026 und <a href=\"https:\/\/110cities.com\/de\/contact\/\">in Kontakt kommen<\/a> um mehr herauszufinden.<\/p>\n\n\n\n<p>EIN <strong>110 City Prayer Champion<\/strong> hat eine Leidenschaft f\u00fcr eine bestimmte Stadt, die auf unserer hervorgehoben wird <a href=\"https:\/\/110cities.com\/de\/cities\/\">110 ST\u00c4DTE Liste<\/a> - wo sich 90%+ von Frontier People Groups (FPGs) befinden.<\/p>\n\n\n\n<p>In jeder der 110 St\u00e4dte m\u00f6chten wir 2 Teams bilden:<\/p>\n\n\n\n<p>a) Die Gemeindegr\u00fcndungsbewegung arbeitet mit ihrem Gesamtleiter und Coach zusammen, die eine sichere Br\u00fccke zur Kommunikation bilden.<\/p>\n\n\n\n<p>b) CITY PRAYER TEAM \u2013 bestehend aus stadtweiten Gebetsnetzwerken, Kirchennetzwerken, Gebetswanderteams, Gebetsh\u00e4usern, Kinder- und Jugendgebetsteams, mit einem Koordinator f\u00fcr das Gebetsteam in der Stadt und a <strong>Verfechter des Gebets f\u00fcr die Online-Gebetsbrennstoffposten<\/strong> die einem globalen Publikum die Bed\u00fcrfnisse und Feierlichkeiten in jeder Stadt mitteilen und zum Gebet mobilisieren wird.<\/p>\n\n\n\n<h3 class=\"wp-block-heading\">Ein Champion:<\/h3>\n\n\n\n<ul class=\"wp-block-list\">\n<li>Hat eine echte Last und einen Ruf von Gott in diese bestimmte Stadt<\/li>\n\n\n\n<li>Ist eine anerkannte und respektierte Stimme f\u00fcr die Stadt, ist anderen bekannt, die mit dieser Stadt zu tun haben (oder hat gute Verbindungen durch ein Team)<\/li>\n\n\n\n<li>Vorzugsweise hat er in dieser Stadt gearbeitet oder gelebt oder jahrelang f\u00fcr diese Stadt studiert und gebetet<\/li>\n\n\n\n<li>Ist eine Person mit Kenntnissen \u00fcber die Bed\u00fcrfnisse, die Sprache, die Kultur, den Glauben und die Weltanschauung der Stadt<\/li>\n\n\n\n<li>Ist der F\u00fcrbitte verpflichtet und mobilisiert andere zum Gebet<\/li>\n\n\n\n<li>Hat eine Geschichte des Engagements und der Vernetzung<\/li>\n\n\n\n<li>ist der Ansicht, dass die Konzentration auf diese 110 St\u00e4dte eine wirksame Strategie ist; \u201ebesitzt\u201c die Vision<\/li>\n\n\n\n<li>Engagiert sich f\u00fcr die langfristige Umsetzung von Gebeten f\u00fcr Gemeindegr\u00fcndungsbewegungen.<\/li>\n<\/ul>\n\n\n\n<h3 class=\"wp-block-heading\">Ein Champion wird:<\/h3>\n\n\n\n<ul class=\"wp-block-list\">\n<li>Melden Sie sich \u00fcber die Website f\u00fcr einen 15-min\u00fctigen Gebetsplatz an.<\/li>\n\n\n\n<li>Kommunizieren Sie w\u00f6chentlich mit dem Stadtmeister vor Ort und dem Gebetswanderteam oder der CPM-Verbindung. Wir h\u00e4tten gerne Gebetsnachrichten von denjenigen in der Stadt, die beten, damit diese dem Gebetsstoff auf der Website hinzugef\u00fcgt werden k\u00f6nnen.<\/li>\n\n\n\n<li>Verteilen Sie mindestens einmal pro Woche Gebetstreibstoff. Wenn Sie in der Lage sind, in einer lokalen Sprache der Stadt und auf Englisch zu posten, w\u00e4re dies sehr hilfreich. Seien Sie so kreativ wie m\u00f6glich mit Videos, Fotos, Grafiken usw. und biblischen Gebeten.<\/li>\n\n\n\n<li>Senden Sie alle sechs Wochen Nachrichten in sozialen Medien und\/oder an Verbindungen und Netzwerke mit der Einladung, sich anzumelden und f\u00fcr die Stadt zu beten.<\/li>\n<\/ul>\n\n\n\n<h3 class=\"wp-block-heading\">Ein Champion erh\u00e4lt:<\/h3>\n\n\n\n<ul class=\"wp-block-list\">\n<li>Schulung zum Posten von Gebetsstoff auf der Website und Einladung zum internen Kommunikationskanal auf Slack, um administrative Hilfe vom Team zu erhalten.<\/li>\n\n\n\n<li>Zugriff auf eine Bibliothek mit Gebeten, die in Ihrem Gebetsstoff verwendet werden k\u00f6nnten (Ausschneiden und Einf\u00fcgen), um Ihnen mit Inhalten zu helfen.<\/li>\n\n\n\n<li>Eine Einladung, Teil des stadtweiten Teams zu werden und hoffentlich am Ausbau des st\u00e4dtischen Gebetsteams beteiligt zu sein, das mit der Unterst\u00fctzung der Gemeindegr\u00fcndungsteams verbunden ist.<strong><\/strong><\/li>\n<\/ul>\n\n\n\n<p><strong>Bitte <a href=\"https:\/\/110cities.com\/de\/contact\/\">kontaktiere uns<\/a> um mehr herauszufinden!<\/strong><\/p>","protected":false},"excerpt":{"rendered":"<p>Wir suchen Menschen, die die Vision von 110 Cities teilen und bereit sind \u2026<\/p>","protected":false},"author":19,"featured_media":900,"parent":0,"menu_order":0,"comment_status":"closed","ping_status":"closed","template":"","meta":{"_acf_changed":false,"footnotes":""},"class_list":["post-895","page","type-page","status-publish","has-post-thumbnail","hentry"],"acf":[],"ams_acf":[],"_links":{"self":[{"href":"https:\/\/110cities.com\/de\/wp-json\/wp\/v2\/pages\/895","targetHints":{"allow":["GET"]}}],"collection":[{"href":"https:\/\/110cities.com\/de\/wp-json\/wp\/v2\/pages"}],"about":[{"href":"https:\/\/110cities.com\/de\/wp-json\/wp\/v2\/types\/page"}],"author":[{"embeddable":true,"href":"https:\/\/110cities.com\/de\/wp-json\/wp\/v2\/users\/19"}],"replies":[{"embeddable":true,"href":"https:\/\/110cities.com\/de\/wp-json\/wp\/v2\/comments?post=895"}],"version-history":[{"count":4,"href":"https:\/\/110cities.com\/de\/wp-json\/wp\/v2\/pages\/895\/revisions"}],"predecessor-version":[{"id":3823,"href":"https:\/\/110cities.com\/de\/wp-json\/wp\/v2\/pages\/895\/revisions\/3823"}],"wp:featuredmedia":[{"embeddable":true,"href":"https:\/\/110cities.com\/de\/wp-json\/wp\/v2\/media\/900"}],"wp:attachment":[{"href":"https:\/\/110cities.com\/de\/wp-json\/wp\/v2\/media?parent=895"}],"curies":[{"name":"wp","href":"https:\/\/api.w.org\/{rel}","templated":true}]}}