{"id":444,"date":"2022-11-29T07:38:35","date_gmt":"2022-11-29T07:38:35","guid":{"rendered":"https:\/\/new.110cities.net\/?page_id=444"},"modified":"2025-05-16T04:26:33","modified_gmt":"2025-05-15T21:26:33","slug":"prayer-walking-overview","status":"publish","type":"page","link":"https:\/\/110cities.com\/de\/prayer-walking-overview\/","title":{"rendered":"\u00dcberblick \u00fcber Gebetswanderungen"},"content":{"rendered":"<p>Gebetsspazierg\u00e4nge sind einfache Gebete vor Ort mit Einsicht (Beobachtung) und Inspiration (Offenbarung). Es ist eine Form des Gebets, die sichtbar, verbal und mobil ist.<\/p>\n\n\n\n<p>Seine N\u00fctzlichkeit ist zweifach: 1. um geistliche Aufkl\u00e4rung zu erlangen und 2. um die Kraft von Gottes Wort und Geist an bestimmten Orten und f\u00fcr bestimmte Menschen freizusetzen.<\/p>\n\n\n\n<p><strong><em>\u201eSeien Sie sicher, dass Gott angesprochen wird und die Menschen gesegnet sind\u201c (Steve Hawthorne)<\/em><\/strong><\/p>\n\n\n\n<h2 class=\"wp-block-heading\">I. GEBETSWANDERUNGEN BEINHALTEN<\/h2>\n\n\n\n<ol class=\"wp-block-list\">\n<li>Gehen \u2013 zu zweit oder zu Drillingen <\/li>\n\n\n\n<li>Anbeten \u2013 Gottes Namen und Natur preisen <\/li>\n\n\n\n<li>Beobachten \u2013 \u00e4u\u00dfere Hinweise (Daten von Orten und Gesichtern) und innere Hinweise (Unterscheidung vom Herrn)<\/li>\n<\/ol>\n\n\n\n<h2 class=\"wp-block-heading\">II. VORBEREITUNG<\/h2>\n\n\n\n<ol class=\"wp-block-list\">\n<li>\u00dcbergeben Sie Ihren Weg dem Herrn, bitten Sie den Geist, Sie zu f\u00fchren<\/li>\n\n\n\n<li>Bedecke dich mit g\u00f6ttlichem Schutz (Ps. 91)<\/li>\n\n\n\n<li>Verbinde dich mit dem Heiligen Geist (R\u00f6m. 8:26, 27)<\/li>\n<\/ol>\n\n\n\n<h2 class=\"wp-block-heading\">III. GEBETSWANDERUNG<\/h2>\n\n\n\n<ol class=\"wp-block-list\">\n<li>Mischen und vermischen Sie Konversation mit Lob und Gebet<\/li>\n\n\n\n<li>Lobe und segne den Herrn, wenn du anf\u00e4ngst<\/li>\n\n\n\n<li>Verwenden Sie die Schrift, um Gottes Segen freizusetzen<\/li>\n\n\n\n<li>Bitten Sie den Geist, Ihre Schritte zu lenken\n<ul class=\"wp-block-list\">\n<li>Geb\u00e4ude betreten und durchgehen<\/li>\n\n\n\n<li>Verweile an einem bestimmten Ort<\/li>\n\n\n\n<li>Halte inne und bete f\u00fcr die Menschen<\/li>\n<\/ul>\n<\/li>\n<\/ol>\n\n\n\n<h2 class=\"wp-block-heading\">IV. NACHBESPRECHUNG<\/h2>\n\n\n\n<ol class=\"wp-block-list\">\n<li>Glean: Was haben wir beobachtet oder erlebt?<\/li>\n\n\n\n<li>Irgendwelche \u00fcberraschenden \u201eg\u00f6ttlichen Verabredungen\u201c?<\/li>\n\n\n\n<li>Destilliere 2-3 Gebetspunkte, schlie\u00dfe mit gemeinsamem Gebet<\/li>\n<\/ol>","protected":false},"excerpt":{"rendered":"<p>Gebetsspazierg\u00e4nge sind einfach das Beten vor Ort mit Einsicht (Beobachtung) und Inspiration (Offenbarung). Es ist...<\/p>","protected":false},"author":19,"featured_media":0,"parent":0,"menu_order":0,"comment_status":"closed","ping_status":"closed","template":"","meta":{"_acf_changed":false,"footnotes":""},"class_list":["post-444","page","type-page","status-publish","hentry"],"acf":[],"ams_acf":[],"_links":{"self":[{"href":"https:\/\/110cities.com\/de\/wp-json\/wp\/v2\/pages\/444","targetHints":{"allow":["GET"]}}],"collection":[{"href":"https:\/\/110cities.com\/de\/wp-json\/wp\/v2\/pages"}],"about":[{"href":"https:\/\/110cities.com\/de\/wp-json\/wp\/v2\/types\/page"}],"author":[{"embeddable":true,"href":"https:\/\/110cities.com\/de\/wp-json\/wp\/v2\/users\/19"}],"replies":[{"embeddable":true,"href":"https:\/\/110cities.com\/de\/wp-json\/wp\/v2\/comments?post=444"}],"version-history":[{"count":3,"href":"https:\/\/110cities.com\/de\/wp-json\/wp\/v2\/pages\/444\/revisions"}],"predecessor-version":[{"id":3822,"href":"https:\/\/110cities.com\/de\/wp-json\/wp\/v2\/pages\/444\/revisions\/3822"}],"wp:attachment":[{"href":"https:\/\/110cities.com\/de\/wp-json\/wp\/v2\/media?parent=444"}],"curies":[{"name":"wp","href":"https:\/\/api.w.org\/{rel}","templated":true}]}}